{"id":5212,"date":"2024-05-21T18:37:35","date_gmt":"2024-05-21T18:37:35","guid":{"rendered":"https:\/\/23b13e8ab3.nxcli.io\/switzerland-german\/?post_type=product&#038;p=5212"},"modified":"2024-08-23T09:41:30","modified_gmt":"2024-08-23T09:41:30","slug":"energizer-led-pocket-torch","status":"publish","type":"product","link":"https:\/\/energizer.com\/eu\/switzerland_de\/product\/energizer-led-pocket-torch\/","title":{"rendered":"Energizer LED Pocket Torch"},"content":{"rendered":"<ul>\n<li>Kompakte und leichte LED-Taschenlampe wird mit 2 Energizer MAX AAA-Batterien betrieben (im Lieferumfang enthalten)<\/li>\n<li>Taschenlampe mit bis zu 19 Stunden Laufzeit und bis zu 45 Lumen, 10x heller als herk\u00f6mmliche LED-Technologie<\/li>\n<li>Leuchtet bis zu 44 Meter weit und ist damit ideal f\u00fcr Heimwerkerprojekte zu Hause oder Outdoor-Aktivit\u00e4ten wie n\u00e4chtliche Hundespazierg\u00e4nge<\/li>\n<li>Diese Mini-LED-Taschenlampe ist sto\u00dffest gegen St\u00fcrze aus bis zu 1 Meter H\u00f6he und eignet sich f\u00fcr Taschen, Handtaschen und Rucks\u00e4cke<\/li>\n<li>Die kleine Taschenlampe verf\u00fcgt \u00fcber einen leicht zu findenden, strukturierten Schalter und eine Schlaufe f\u00fcr Schl\u00fcsselb\u00e4nder oder-ringe<\/li>\n<\/ul>\n","protected":false},"excerpt":{"rendered":"<p>Kompakt, leicht, zuverl\u00e4ssig. Das beschreibt die Energizer LED-Taschenlampe perfekt. Mit dieser kleinen Taschenlampe k\u00f6nnen Sie bis zu 45 Lumen mit 10-mal hellerem Licht im Vergleich zur Standard-LED-Technologie erzeugen. Sie hat eine Laufzeit von bis zu 19 Stunden, so dass Sie sie nicht sparsam verwenden m\u00fcssen. Sie ist eine zuverl\u00e4ssige Taschenlampe mit Sto\u00dffestigkeit gegen St\u00fcrze aus bis zu 1 Meter H\u00f6he. Diese Mini-LED hat nat\u00fcrlich einen Schalter, der so strukturiert ist, dass Sie ihn mit dem Finger finden und bedienen k\u00f6nnen. Haben Sie eine f\u00fcr Heimwerkerprojekte dabei &#8211; mit ihrem flachen Sockel eignet sie sich gut als Arbeitslicht. Stecken Sie eine in Ihre Handtasche f\u00fcr Notsituationen. Sie passt in die Rucks\u00e4cke der Kinder (sie lieben Taschenlampen).<\/p>\n","protected":false},"featured_media":0,"comment_status":"open","ping_status":"closed","template":"","meta":{"_acf_changed":false},"product_brand":[],"product_cat":[97],"product_tag":[],"class_list":{"0":"post-5212","1":"product","2":"type-product","3":"status-publish","5":"product_cat-handheld","6":"pa_uses-everyday","8":"first","9":"instock","10":"shipping-taxable","11":"product-type-simple"},"acf":[],"yoast_head":"<!-- This site is optimized with the Yoast SEO plugin v27.4 - https:\/\/yoast.com\/product\/yoast-seo-wordpress\/ -->\n<title>Energizer LED Pocket Torch - Switzerland German<\/title>\n<meta name=\"robots\" content=\"index, follow, max-snippet:-1, max-image-preview:large, max-video-preview:-1\" \/>\n<link rel=\"canonical\" href=\"https:\/\/energizer.com\/eu\/switzerland_de\/product\/energizer-led-pocket-torch\/\" \/>\n<meta property=\"og:locale\" content=\"en_US\" \/>\n<meta property=\"og:type\" content=\"article\" \/>\n<meta property=\"og:title\" content=\"Energizer LED Pocket Torch - Switzerland German\" \/>\n<meta property=\"og:description\" content=\"Kompakt, leicht, zuverl\u00e4ssig. Das beschreibt die Energizer LED-Taschenlampe perfekt. Mit dieser kleinen Taschenlampe k\u00f6nnen Sie bis zu 45 Lumen mit 10-mal hellerem Licht im Vergleich zur Standard-LED-Technologie erzeugen. Sie hat eine Laufzeit von bis zu 19 Stunden, so dass Sie sie nicht sparsam verwenden m\u00fcssen. Sie ist eine zuverl\u00e4ssige Taschenlampe mit Sto\u00dffestigkeit gegen St\u00fcrze aus bis zu 1 Meter H\u00f6he. Diese Mini-LED hat nat\u00fcrlich einen Schalter, der so strukturiert ist, dass Sie ihn mit dem Finger finden und bedienen k\u00f6nnen. Haben Sie eine f\u00fcr Heimwerkerprojekte dabei - mit ihrem flachen Sockel eignet sie sich gut als Arbeitslicht. Stecken Sie eine in Ihre Handtasche f\u00fcr Notsituationen. Sie passt in die Rucks\u00e4cke der Kinder (sie lieben Taschenlampen).\" \/>\n<meta property=\"og:url\" content=\"https:\/\/energizer.com\/eu\/switzerland_de\/product\/energizer-led-pocket-torch\/\" \/>\n<meta property=\"og:site_name\" content=\"Switzerland German\" \/>\n<meta property=\"article:modified_time\" content=\"2024-08-23T09:41:30+00:00\" \/>\n<meta name=\"twitter:card\" content=\"summary_large_image\" \/>\n<script type=\"application\/ld+json\" class=\"yoast-schema-graph\">{\"@context\":\"https:\\\/\\\/schema.org\",\"@graph\":[{\"@type\":\"WebPage\",\"@id\":\"https:\\\/\\\/energizer.com\\\/eu\\\/switzerland_de\\\/product\\\/energizer-led-pocket-torch\\\/\",\"url\":\"https:\\\/\\\/energizer.com\\\/eu\\\/switzerland_de\\\/product\\\/energizer-led-pocket-torch\\\/\",\"name\":\"Energizer LED Pocket Torch - Switzerland German\",\"isPartOf\":{\"@id\":\"https:\\\/\\\/energizer.com\\\/eu\\\/switzerland_de\\\/#website\"},\"datePublished\":\"2024-05-21T18:37:35+00:00\",\"dateModified\":\"2024-08-23T09:41:30+00:00\",\"breadcrumb\":{\"@id\":\"https:\\\/\\\/energizer.com\\\/eu\\\/switzerland_de\\\/product\\\/energizer-led-pocket-torch\\\/#breadcrumb\"},\"inLanguage\":\"en-US\",\"potentialAction\":[{\"@type\":\"ReadAction\",\"target\":[\"https:\\\/\\\/energizer.com\\\/eu\\\/switzerland_de\\\/product\\\/energizer-led-pocket-torch\\\/\"]}]},{\"@type\":\"BreadcrumbList\",\"@id\":\"https:\\\/\\\/energizer.com\\\/eu\\\/switzerland_de\\\/product\\\/energizer-led-pocket-torch\\\/#breadcrumb\",\"itemListElement\":[{\"@type\":\"ListItem\",\"position\":1,\"name\":\"Home\",\"item\":\"https:\\\/\\\/energizer.com\\\/eu\\\/switzerland_de\\\/\"},{\"@type\":\"ListItem\",\"position\":2,\"name\":\"Energizer LED Pocket Torch\"}]},{\"@type\":\"WebSite\",\"@id\":\"https:\\\/\\\/energizer.com\\\/eu\\\/switzerland_de\\\/#website\",\"url\":\"https:\\\/\\\/energizer.com\\\/eu\\\/switzerland_de\\\/\",\"name\":\"Energizer Switzerland (DE)\",\"description\":\"\",\"publisher\":{\"@id\":\"https:\\\/\\\/energizer.com\\\/eu\\\/switzerland_de\\\/#organization\"},\"potentialAction\":[{\"@type\":\"SearchAction\",\"target\":{\"@type\":\"EntryPoint\",\"urlTemplate\":\"https:\\\/\\\/energizer.com\\\/eu\\\/switzerland_de\\\/?s={search_term_string}\"},\"query-input\":{\"@type\":\"PropertyValueSpecification\",\"valueRequired\":true,\"valueName\":\"search_term_string\"}}],\"inLanguage\":\"en-US\"},{\"@type\":\"Organization\",\"@id\":\"https:\\\/\\\/energizer.com\\\/eu\\\/switzerland_de\\\/#organization\",\"name\":\"Energizer Switzerland (DE)\",\"url\":\"https:\\\/\\\/energizer.com\\\/eu\\\/switzerland_de\\\/\",\"logo\":{\"@type\":\"ImageObject\",\"inLanguage\":\"en-US\",\"@id\":\"https:\\\/\\\/energizer.com\\\/eu\\\/switzerland_de\\\/#\\\/schema\\\/logo\\\/image\\\/\",\"url\":\"https:\\\/\\\/energizer.com\\\/eu\\\/switzerland_de\\\/wp-content\\\/uploads\\\/sites\\\/55\\\/2024\\\/04\\\/Energizer_brand.png\",\"contentUrl\":\"https:\\\/\\\/energizer.com\\\/eu\\\/switzerland_de\\\/wp-content\\\/uploads\\\/sites\\\/55\\\/2024\\\/04\\\/Energizer_brand.png\",\"width\":267,\"height\":100,\"caption\":\"Energizer Switzerland (DE)\"},\"image\":{\"@id\":\"https:\\\/\\\/energizer.com\\\/eu\\\/switzerland_de\\\/#\\\/schema\\\/logo\\\/image\\\/\"}}]}<\/script>\n<!-- \/ Yoast SEO plugin. -->","yoast_head_json":{"title":"Energizer LED Pocket Torch - Switzerland German","robots":{"index":"index","follow":"follow","max-snippet":"max-snippet:-1","max-image-preview":"max-image-preview:large","max-video-preview":"max-video-preview:-1"},"canonical":"https:\/\/energizer.com\/eu\/switzerland_de\/product\/energizer-led-pocket-torch\/","og_locale":"en_US","og_type":"article","og_title":"Energizer LED Pocket Torch - Switzerland German","og_description":"Kompakt, leicht, zuverl\u00e4ssig. Das beschreibt die Energizer LED-Taschenlampe perfekt. Mit dieser kleinen Taschenlampe k\u00f6nnen Sie bis zu 45 Lumen mit 10-mal hellerem Licht im Vergleich zur Standard-LED-Technologie erzeugen. Sie hat eine Laufzeit von bis zu 19 Stunden, so dass Sie sie nicht sparsam verwenden m\u00fcssen. Sie ist eine zuverl\u00e4ssige Taschenlampe mit Sto\u00dffestigkeit gegen St\u00fcrze aus bis zu 1 Meter H\u00f6he. Diese Mini-LED hat nat\u00fcrlich einen Schalter, der so strukturiert ist, dass Sie ihn mit dem Finger finden und bedienen k\u00f6nnen. Haben Sie eine f\u00fcr Heimwerkerprojekte dabei - mit ihrem flachen Sockel eignet sie sich gut als Arbeitslicht. Stecken Sie eine in Ihre Handtasche f\u00fcr Notsituationen. Sie passt in die Rucks\u00e4cke der Kinder (sie lieben Taschenlampen).","og_url":"https:\/\/energizer.com\/eu\/switzerland_de\/product\/energizer-led-pocket-torch\/","og_site_name":"Switzerland German","article_modified_time":"2024-08-23T09:41:30+00:00","twitter_card":"summary_large_image","schema":{"@context":"https:\/\/schema.org","@graph":[{"@type":"WebPage","@id":"https:\/\/energizer.com\/eu\/switzerland_de\/product\/energizer-led-pocket-torch\/","url":"https:\/\/energizer.com\/eu\/switzerland_de\/product\/energizer-led-pocket-torch\/","name":"Energizer LED Pocket Torch - Switzerland German","isPartOf":{"@id":"https:\/\/energizer.com\/eu\/switzerland_de\/#website"},"datePublished":"2024-05-21T18:37:35+00:00","dateModified":"2024-08-23T09:41:30+00:00","breadcrumb":{"@id":"https:\/\/energizer.com\/eu\/switzerland_de\/product\/energizer-led-pocket-torch\/#breadcrumb"},"inLanguage":"en-US","potentialAction":[{"@type":"ReadAction","target":["https:\/\/energizer.com\/eu\/switzerland_de\/product\/energizer-led-pocket-torch\/"]}]},{"@type":"BreadcrumbList","@id":"https:\/\/energizer.com\/eu\/switzerland_de\/product\/energizer-led-pocket-torch\/#breadcrumb","itemListElement":[{"@type":"ListItem","position":1,"name":"Home","item":"https:\/\/energizer.com\/eu\/switzerland_de\/"},{"@type":"ListItem","position":2,"name":"Energizer LED Pocket Torch"}]},{"@type":"WebSite","@id":"https:\/\/energizer.com\/eu\/switzerland_de\/#website","url":"https:\/\/energizer.com\/eu\/switzerland_de\/","name":"Energizer Switzerland (DE)","description":"","publisher":{"@id":"https:\/\/energizer.com\/eu\/switzerland_de\/#organization"},"potentialAction":[{"@type":"SearchAction","target":{"@type":"EntryPoint","urlTemplate":"https:\/\/energizer.com\/eu\/switzerland_de\/?s={search_term_string}"},"query-input":{"@type":"PropertyValueSpecification","valueRequired":true,"valueName":"search_term_string"}}],"inLanguage":"en-US"},{"@type":"Organization","@id":"https:\/\/energizer.com\/eu\/switzerland_de\/#organization","name":"Energizer Switzerland (DE)","url":"https:\/\/energizer.com\/eu\/switzerland_de\/","logo":{"@type":"ImageObject","inLanguage":"en-US","@id":"https:\/\/energizer.com\/eu\/switzerland_de\/#\/schema\/logo\/image\/","url":"https:\/\/energizer.com\/eu\/switzerland_de\/wp-content\/uploads\/sites\/55\/2024\/04\/Energizer_brand.png","contentUrl":"https:\/\/energizer.com\/eu\/switzerland_de\/wp-content\/uploads\/sites\/55\/2024\/04\/Energizer_brand.png","width":267,"height":100,"caption":"Energizer Switzerland (DE)"},"image":{"@id":"https:\/\/energizer.com\/eu\/switzerland_de\/#\/schema\/logo\/image\/"}}]}},"_links":{"self":[{"href":"https:\/\/energizer.com\/eu\/switzerland_de\/wp-json\/wp\/v2\/product\/5212","targetHints":{"allow":["GET"]}}],"collection":[{"href":"https:\/\/energizer.com\/eu\/switzerland_de\/wp-json\/wp\/v2\/product"}],"about":[{"href":"https:\/\/energizer.com\/eu\/switzerland_de\/wp-json\/wp\/v2\/types\/product"}],"replies":[{"embeddable":true,"href":"https:\/\/energizer.com\/eu\/switzerland_de\/wp-json\/wp\/v2\/comments?post=5212"}],"version-history":[{"count":4,"href":"https:\/\/energizer.com\/eu\/switzerland_de\/wp-json\/wp\/v2\/product\/5212\/revisions"}],"predecessor-version":[{"id":9071,"href":"https:\/\/energizer.com\/eu\/switzerland_de\/wp-json\/wp\/v2\/product\/5212\/revisions\/9071"}],"wp:attachment":[{"href":"https:\/\/energizer.com\/eu\/switzerland_de\/wp-json\/wp\/v2\/media?parent=5212"}],"wp:term":[{"taxonomy":"product_brand","embeddable":true,"href":"https:\/\/energizer.com\/eu\/switzerland_de\/wp-json\/wp\/v2\/product_brand?post=5212"},{"taxonomy":"product_cat","embeddable":true,"href":"https:\/\/energizer.com\/eu\/switzerland_de\/wp-json\/wp\/v2\/product_cat?post=5212"},{"taxonomy":"product_tag","embeddable":true,"href":"https:\/\/energizer.com\/eu\/switzerland_de\/wp-json\/wp\/v2\/product_tag?post=5212"}],"curies":[{"name":"wp","href":"https:\/\/api.w.org\/{rel}","templated":true}]}}