{"id":5220,"date":"2024-05-21T18:45:18","date_gmt":"2024-05-21T18:45:18","guid":{"rendered":"https:\/\/23b13e8ab3.nxcli.io\/switzerland-german\/?post_type=product&#038;p=5220"},"modified":"2024-08-23T12:36:50","modified_gmt":"2024-08-23T12:36:50","slug":"energizer-booklight","status":"publish","type":"product","link":"https:\/\/energizer.com\/eu\/switzerland_de\/product\/energizer-booklight\/","title":{"rendered":"Energizer Booklight"},"content":{"rendered":"<ul>\n<li>Schlankes Design, zusammenklappbar und verschlie\u00dfbar f\u00fcr einfache Aufbewahrung<\/li>\n<li>Vielseitiger Clip kann an Oberfl\u00e4chen mit einer Dicke von bis zu 13 mm (0.5 Zoll) befestigt werden<\/li>\n<li>Flexibler Gummihals erm\u00f6glicht die stufenlose Positionierung der Leuchte<\/li>\n<li>Bequemer Schiebeschalter<\/li>\n<li>Warmwei\u00dfe LED sorgt f\u00fcr hervorragenden Kontrast und nat\u00fcrliche Lesebedingungen<\/li>\n<li>25 Stunden Betriebszeit<\/li>\n<li>Kann Objekte bis zu 4 Meter weit beleuchten, perfekt zum Lesen, f\u00fcr den Haushalt oder im Auto<\/li>\n<\/ul>\n","protected":false},"excerpt":{"rendered":"<p>Das Energizer Book Light bietet ein helles Licht f\u00fcr eine bessere Sicht. Die warmwei\u00dfe LED sorgt f\u00fcr einen hervorragenden Kontrast und ein nat\u00fcrlicheres Lesegef\u00fchl. Mit seiner warmen Farbtemperatur ist das Buchlicht auch ein perfekter Begleiter f\u00fcr n\u00e4chtliches Lesen oder Arbeiten. Der wissenschaftlich entwickelte Lichtstrahl sorgt f\u00fcr eine breite Ausleuchtung von B\u00fcchern und Zeitschriften, ist aber schmal genug, um andere in der N\u00e4he nicht zu st\u00f6ren. Der praktische Clip l\u00e4sst sich an Oberfl\u00e4chen mit einer Dicke von bis zu 13 mm (0,5 Zoll) befestigen, und der flexible Hals erm\u00f6glicht es dem Benutzer, das Licht pr\u00e4zise auszurichten.<\/p>\n","protected":false},"featured_media":0,"comment_status":"open","ping_status":"closed","template":"","meta":{"_acf_changed":false},"product_brand":[],"product_cat":[43],"product_tag":[],"class_list":{"0":"post-5220","1":"product","2":"type-product","3":"status-publish","5":"product_cat-hands-free","6":"pa_uses-everyday","8":"first","9":"instock","10":"shipping-taxable","11":"product-type-simple"},"acf":[],"yoast_head":"<!-- This site is optimized with the Yoast SEO plugin v27.4 - https:\/\/yoast.com\/product\/yoast-seo-wordpress\/ -->\n<title>Energizer Booklight - Switzerland German<\/title>\n<meta name=\"robots\" content=\"index, follow, max-snippet:-1, max-image-preview:large, max-video-preview:-1\" \/>\n<link rel=\"canonical\" href=\"https:\/\/energizer.com\/eu\/switzerland_de\/product\/energizer-booklight\/\" \/>\n<meta property=\"og:locale\" content=\"en_US\" \/>\n<meta property=\"og:type\" content=\"article\" \/>\n<meta property=\"og:title\" content=\"Energizer Booklight - Switzerland German\" \/>\n<meta property=\"og:description\" content=\"Das Energizer Book Light bietet ein helles Licht f\u00fcr eine bessere Sicht. Die warmwei\u00dfe LED sorgt f\u00fcr einen hervorragenden Kontrast und ein nat\u00fcrlicheres Lesegef\u00fchl. Mit seiner warmen Farbtemperatur ist das Buchlicht auch ein perfekter Begleiter f\u00fcr n\u00e4chtliches Lesen oder Arbeiten. Der wissenschaftlich entwickelte Lichtstrahl sorgt f\u00fcr eine breite Ausleuchtung von B\u00fcchern und Zeitschriften, ist aber schmal genug, um andere in der N\u00e4he nicht zu st\u00f6ren. Der praktische Clip l\u00e4sst sich an Oberfl\u00e4chen mit einer Dicke von bis zu 13 mm (0,5 Zoll) befestigen, und der flexible Hals erm\u00f6glicht es dem Benutzer, das Licht pr\u00e4zise auszurichten.\" \/>\n<meta property=\"og:url\" content=\"https:\/\/energizer.com\/eu\/switzerland_de\/product\/energizer-booklight\/\" \/>\n<meta property=\"og:site_name\" content=\"Switzerland German\" \/>\n<meta property=\"article:modified_time\" content=\"2024-08-23T12:36:50+00:00\" \/>\n<meta name=\"twitter:card\" content=\"summary_large_image\" \/>\n<script type=\"application\/ld+json\" class=\"yoast-schema-graph\">{\"@context\":\"https:\\\/\\\/schema.org\",\"@graph\":[{\"@type\":\"WebPage\",\"@id\":\"https:\\\/\\\/energizer.com\\\/eu\\\/switzerland_de\\\/product\\\/energizer-booklight\\\/\",\"url\":\"https:\\\/\\\/energizer.com\\\/eu\\\/switzerland_de\\\/product\\\/energizer-booklight\\\/\",\"name\":\"Energizer Booklight - Switzerland German\",\"isPartOf\":{\"@id\":\"https:\\\/\\\/energizer.com\\\/eu\\\/switzerland_de\\\/#website\"},\"datePublished\":\"2024-05-21T18:45:18+00:00\",\"dateModified\":\"2024-08-23T12:36:50+00:00\",\"breadcrumb\":{\"@id\":\"https:\\\/\\\/energizer.com\\\/eu\\\/switzerland_de\\\/product\\\/energizer-booklight\\\/#breadcrumb\"},\"inLanguage\":\"en-US\",\"potentialAction\":[{\"@type\":\"ReadAction\",\"target\":[\"https:\\\/\\\/energizer.com\\\/eu\\\/switzerland_de\\\/product\\\/energizer-booklight\\\/\"]}]},{\"@type\":\"BreadcrumbList\",\"@id\":\"https:\\\/\\\/energizer.com\\\/eu\\\/switzerland_de\\\/product\\\/energizer-booklight\\\/#breadcrumb\",\"itemListElement\":[{\"@type\":\"ListItem\",\"position\":1,\"name\":\"Home\",\"item\":\"https:\\\/\\\/energizer.com\\\/eu\\\/switzerland_de\\\/\"},{\"@type\":\"ListItem\",\"position\":2,\"name\":\"Energizer Booklight\"}]},{\"@type\":\"WebSite\",\"@id\":\"https:\\\/\\\/energizer.com\\\/eu\\\/switzerland_de\\\/#website\",\"url\":\"https:\\\/\\\/energizer.com\\\/eu\\\/switzerland_de\\\/\",\"name\":\"Energizer Switzerland (DE)\",\"description\":\"\",\"publisher\":{\"@id\":\"https:\\\/\\\/energizer.com\\\/eu\\\/switzerland_de\\\/#organization\"},\"potentialAction\":[{\"@type\":\"SearchAction\",\"target\":{\"@type\":\"EntryPoint\",\"urlTemplate\":\"https:\\\/\\\/energizer.com\\\/eu\\\/switzerland_de\\\/?s={search_term_string}\"},\"query-input\":{\"@type\":\"PropertyValueSpecification\",\"valueRequired\":true,\"valueName\":\"search_term_string\"}}],\"inLanguage\":\"en-US\"},{\"@type\":\"Organization\",\"@id\":\"https:\\\/\\\/energizer.com\\\/eu\\\/switzerland_de\\\/#organization\",\"name\":\"Energizer Switzerland (DE)\",\"url\":\"https:\\\/\\\/energizer.com\\\/eu\\\/switzerland_de\\\/\",\"logo\":{\"@type\":\"ImageObject\",\"inLanguage\":\"en-US\",\"@id\":\"https:\\\/\\\/energizer.com\\\/eu\\\/switzerland_de\\\/#\\\/schema\\\/logo\\\/image\\\/\",\"url\":\"https:\\\/\\\/energizer.com\\\/eu\\\/switzerland_de\\\/wp-content\\\/uploads\\\/sites\\\/55\\\/2024\\\/04\\\/Energizer_brand.png\",\"contentUrl\":\"https:\\\/\\\/energizer.com\\\/eu\\\/switzerland_de\\\/wp-content\\\/uploads\\\/sites\\\/55\\\/2024\\\/04\\\/Energizer_brand.png\",\"width\":267,\"height\":100,\"caption\":\"Energizer Switzerland (DE)\"},\"image\":{\"@id\":\"https:\\\/\\\/energizer.com\\\/eu\\\/switzerland_de\\\/#\\\/schema\\\/logo\\\/image\\\/\"}}]}<\/script>\n<!-- \/ Yoast SEO plugin. -->","yoast_head_json":{"title":"Energizer Booklight - Switzerland German","robots":{"index":"index","follow":"follow","max-snippet":"max-snippet:-1","max-image-preview":"max-image-preview:large","max-video-preview":"max-video-preview:-1"},"canonical":"https:\/\/energizer.com\/eu\/switzerland_de\/product\/energizer-booklight\/","og_locale":"en_US","og_type":"article","og_title":"Energizer Booklight - Switzerland German","og_description":"Das Energizer Book Light bietet ein helles Licht f\u00fcr eine bessere Sicht. Die warmwei\u00dfe LED sorgt f\u00fcr einen hervorragenden Kontrast und ein nat\u00fcrlicheres Lesegef\u00fchl. Mit seiner warmen Farbtemperatur ist das Buchlicht auch ein perfekter Begleiter f\u00fcr n\u00e4chtliches Lesen oder Arbeiten. Der wissenschaftlich entwickelte Lichtstrahl sorgt f\u00fcr eine breite Ausleuchtung von B\u00fcchern und Zeitschriften, ist aber schmal genug, um andere in der N\u00e4he nicht zu st\u00f6ren. Der praktische Clip l\u00e4sst sich an Oberfl\u00e4chen mit einer Dicke von bis zu 13 mm (0,5 Zoll) befestigen, und der flexible Hals erm\u00f6glicht es dem Benutzer, das Licht pr\u00e4zise auszurichten.","og_url":"https:\/\/energizer.com\/eu\/switzerland_de\/product\/energizer-booklight\/","og_site_name":"Switzerland German","article_modified_time":"2024-08-23T12:36:50+00:00","twitter_card":"summary_large_image","schema":{"@context":"https:\/\/schema.org","@graph":[{"@type":"WebPage","@id":"https:\/\/energizer.com\/eu\/switzerland_de\/product\/energizer-booklight\/","url":"https:\/\/energizer.com\/eu\/switzerland_de\/product\/energizer-booklight\/","name":"Energizer Booklight - Switzerland German","isPartOf":{"@id":"https:\/\/energizer.com\/eu\/switzerland_de\/#website"},"datePublished":"2024-05-21T18:45:18+00:00","dateModified":"2024-08-23T12:36:50+00:00","breadcrumb":{"@id":"https:\/\/energizer.com\/eu\/switzerland_de\/product\/energizer-booklight\/#breadcrumb"},"inLanguage":"en-US","potentialAction":[{"@type":"ReadAction","target":["https:\/\/energizer.com\/eu\/switzerland_de\/product\/energizer-booklight\/"]}]},{"@type":"BreadcrumbList","@id":"https:\/\/energizer.com\/eu\/switzerland_de\/product\/energizer-booklight\/#breadcrumb","itemListElement":[{"@type":"ListItem","position":1,"name":"Home","item":"https:\/\/energizer.com\/eu\/switzerland_de\/"},{"@type":"ListItem","position":2,"name":"Energizer Booklight"}]},{"@type":"WebSite","@id":"https:\/\/energizer.com\/eu\/switzerland_de\/#website","url":"https:\/\/energizer.com\/eu\/switzerland_de\/","name":"Energizer Switzerland (DE)","description":"","publisher":{"@id":"https:\/\/energizer.com\/eu\/switzerland_de\/#organization"},"potentialAction":[{"@type":"SearchAction","target":{"@type":"EntryPoint","urlTemplate":"https:\/\/energizer.com\/eu\/switzerland_de\/?s={search_term_string}"},"query-input":{"@type":"PropertyValueSpecification","valueRequired":true,"valueName":"search_term_string"}}],"inLanguage":"en-US"},{"@type":"Organization","@id":"https:\/\/energizer.com\/eu\/switzerland_de\/#organization","name":"Energizer Switzerland (DE)","url":"https:\/\/energizer.com\/eu\/switzerland_de\/","logo":{"@type":"ImageObject","inLanguage":"en-US","@id":"https:\/\/energizer.com\/eu\/switzerland_de\/#\/schema\/logo\/image\/","url":"https:\/\/energizer.com\/eu\/switzerland_de\/wp-content\/uploads\/sites\/55\/2024\/04\/Energizer_brand.png","contentUrl":"https:\/\/energizer.com\/eu\/switzerland_de\/wp-content\/uploads\/sites\/55\/2024\/04\/Energizer_brand.png","width":267,"height":100,"caption":"Energizer Switzerland (DE)"},"image":{"@id":"https:\/\/energizer.com\/eu\/switzerland_de\/#\/schema\/logo\/image\/"}}]}},"_links":{"self":[{"href":"https:\/\/energizer.com\/eu\/switzerland_de\/wp-json\/wp\/v2\/product\/5220","targetHints":{"allow":["GET"]}}],"collection":[{"href":"https:\/\/energizer.com\/eu\/switzerland_de\/wp-json\/wp\/v2\/product"}],"about":[{"href":"https:\/\/energizer.com\/eu\/switzerland_de\/wp-json\/wp\/v2\/types\/product"}],"replies":[{"embeddable":true,"href":"https:\/\/energizer.com\/eu\/switzerland_de\/wp-json\/wp\/v2\/comments?post=5220"}],"version-history":[{"count":4,"href":"https:\/\/energizer.com\/eu\/switzerland_de\/wp-json\/wp\/v2\/product\/5220\/revisions"}],"predecessor-version":[{"id":9632,"href":"https:\/\/energizer.com\/eu\/switzerland_de\/wp-json\/wp\/v2\/product\/5220\/revisions\/9632"}],"wp:attachment":[{"href":"https:\/\/energizer.com\/eu\/switzerland_de\/wp-json\/wp\/v2\/media?parent=5220"}],"wp:term":[{"taxonomy":"product_brand","embeddable":true,"href":"https:\/\/energizer.com\/eu\/switzerland_de\/wp-json\/wp\/v2\/product_brand?post=5220"},{"taxonomy":"product_cat","embeddable":true,"href":"https:\/\/energizer.com\/eu\/switzerland_de\/wp-json\/wp\/v2\/product_cat?post=5220"},{"taxonomy":"product_tag","embeddable":true,"href":"https:\/\/energizer.com\/eu\/switzerland_de\/wp-json\/wp\/v2\/product_tag?post=5220"}],"curies":[{"name":"wp","href":"https:\/\/api.w.org\/{rel}","templated":true}]}}