{"id":5224,"date":"2024-05-21T18:55:51","date_gmt":"2024-05-21T18:55:51","guid":{"rendered":"https:\/\/23b13e8ab3.nxcli.io\/switzerland-german\/?post_type=product&#038;p=5224"},"modified":"2024-08-23T12:21:27","modified_gmt":"2024-08-23T12:21:27","slug":"energizer-general-purpose-led-torch","status":"publish","type":"product","link":"https:\/\/energizer.com\/eu\/switzerland_de\/product\/energizer-general-purpose-led-torch\/","title":{"rendered":"Energizer General Purpose LED Torch"},"content":{"rendered":"<ul>\n<li>Kompakte Mehrzweck-LED-Taschenlampe f\u00fcr den Betrieb mit 2 Energizer MAX AA-Batterien (im Lieferumfang enthalten)<\/li>\n<li>Diese Taschenlampe liefert 30 Stunden Licht bei 25 Lumen, 5X heller als herk\u00f6mmliche LED-Technologie<\/li>\n<li>Mit einer Leuchtweite von bis zu 35 Metern eignet sie sich ideal f\u00fcr Heimwerkerprojekte zu Hause oder Outdoor-Aktivit\u00e4ten wie einen Grillabend<\/li>\n<li>Ergonomischer Druckknopfschalter und rutschfester Griff, der in das Taschenlampengeh\u00e4use integriert ist<\/li>\n<li>Aufgrund ihrer geringen Gr\u00f6\u00dfe und einfachen Bedienung eignet sie sich hervorragend als Notfalltaschenlampe<\/li>\n<\/ul>\n","protected":false},"excerpt":{"rendered":"<p>Sie wollen einfach eine qualitativ hochwertige, zuverl\u00e4ssige Taschenlampe, die funktioniert, wann und wie Sie sie brauchen. Dann holen Sie sich die Energizer Allzweck-LED-Taschenlampe. Sie leuchtet mit 25 Lumen 5-mal heller als herk\u00f6mmliche LED-Technologie und hat eine Betriebsdauer von 30 Stunden. Diese LED-Taschenlampe l\u00e4sst sich ganz einfach mit einem gut durchdachten Druckknopf aktivieren. Sie hat einen geformten, rutschfesten Griff und wird mit einer Handschlaufe f\u00fcr Ihr Handgelenk geliefert. Au\u00dferdem ist die Taschenlampe recht kompakt und passt problemlos in Handtaschen, gro\u00dfe Taschen und Kinderrucks\u00e4cke &#8211; kaufen Sie mehrere und legen Sie \u00fcberall eine hin. Bewahren Sie eine bei den Kerzen f\u00fcr Stromausf\u00e4lle, im Pannenset Ihres Autos und \u00fcberall dort auf, wo eine Notfalltaschenlampe gebraucht wird.<\/p>\n","protected":false},"featured_media":0,"comment_status":"open","ping_status":"closed","template":"","meta":{"_acf_changed":false},"product_brand":[],"product_cat":[97],"product_tag":[],"class_list":{"0":"post-5224","1":"product","2":"type-product","3":"status-publish","5":"product_cat-handheld","6":"pa_uses-everyday","8":"first","9":"instock","10":"shipping-taxable","11":"product-type-simple"},"acf":[],"yoast_head":"<!-- This site is optimized with the Yoast SEO plugin v27.4 - https:\/\/yoast.com\/product\/yoast-seo-wordpress\/ -->\n<title>Energizer General Purpose LED Torch - Switzerland German<\/title>\n<meta name=\"robots\" content=\"index, follow, max-snippet:-1, max-image-preview:large, max-video-preview:-1\" \/>\n<link rel=\"canonical\" href=\"https:\/\/energizer.com\/eu\/switzerland_de\/product\/energizer-general-purpose-led-torch\/\" \/>\n<meta property=\"og:locale\" content=\"en_US\" \/>\n<meta property=\"og:type\" content=\"article\" \/>\n<meta property=\"og:title\" content=\"Energizer General Purpose LED Torch - Switzerland German\" \/>\n<meta property=\"og:description\" content=\"Sie wollen einfach eine qualitativ hochwertige, zuverl\u00e4ssige Taschenlampe, die funktioniert, wann und wie Sie sie brauchen. Dann holen Sie sich die Energizer Allzweck-LED-Taschenlampe. Sie leuchtet mit 25 Lumen 5-mal heller als herk\u00f6mmliche LED-Technologie und hat eine Betriebsdauer von 30 Stunden. Diese LED-Taschenlampe l\u00e4sst sich ganz einfach mit einem gut durchdachten Druckknopf aktivieren. Sie hat einen geformten, rutschfesten Griff und wird mit einer Handschlaufe f\u00fcr Ihr Handgelenk geliefert. Au\u00dferdem ist die Taschenlampe recht kompakt und passt problemlos in Handtaschen, gro\u00dfe Taschen und Kinderrucks\u00e4cke - kaufen Sie mehrere und legen Sie \u00fcberall eine hin. Bewahren Sie eine bei den Kerzen f\u00fcr Stromausf\u00e4lle, im Pannenset Ihres Autos und \u00fcberall dort auf, wo eine Notfalltaschenlampe gebraucht wird.\" \/>\n<meta property=\"og:url\" content=\"https:\/\/energizer.com\/eu\/switzerland_de\/product\/energizer-general-purpose-led-torch\/\" \/>\n<meta property=\"og:site_name\" content=\"Switzerland German\" \/>\n<meta property=\"article:modified_time\" content=\"2024-08-23T12:21:27+00:00\" \/>\n<meta name=\"twitter:card\" content=\"summary_large_image\" \/>\n<script type=\"application\/ld+json\" class=\"yoast-schema-graph\">{\"@context\":\"https:\\\/\\\/schema.org\",\"@graph\":[{\"@type\":\"WebPage\",\"@id\":\"https:\\\/\\\/energizer.com\\\/eu\\\/switzerland_de\\\/product\\\/energizer-general-purpose-led-torch\\\/\",\"url\":\"https:\\\/\\\/energizer.com\\\/eu\\\/switzerland_de\\\/product\\\/energizer-general-purpose-led-torch\\\/\",\"name\":\"Energizer General Purpose LED Torch - Switzerland German\",\"isPartOf\":{\"@id\":\"https:\\\/\\\/energizer.com\\\/eu\\\/switzerland_de\\\/#website\"},\"datePublished\":\"2024-05-21T18:55:51+00:00\",\"dateModified\":\"2024-08-23T12:21:27+00:00\",\"breadcrumb\":{\"@id\":\"https:\\\/\\\/energizer.com\\\/eu\\\/switzerland_de\\\/product\\\/energizer-general-purpose-led-torch\\\/#breadcrumb\"},\"inLanguage\":\"en-US\",\"potentialAction\":[{\"@type\":\"ReadAction\",\"target\":[\"https:\\\/\\\/energizer.com\\\/eu\\\/switzerland_de\\\/product\\\/energizer-general-purpose-led-torch\\\/\"]}]},{\"@type\":\"BreadcrumbList\",\"@id\":\"https:\\\/\\\/energizer.com\\\/eu\\\/switzerland_de\\\/product\\\/energizer-general-purpose-led-torch\\\/#breadcrumb\",\"itemListElement\":[{\"@type\":\"ListItem\",\"position\":1,\"name\":\"Home\",\"item\":\"https:\\\/\\\/energizer.com\\\/eu\\\/switzerland_de\\\/\"},{\"@type\":\"ListItem\",\"position\":2,\"name\":\"Energizer General Purpose LED Torch\"}]},{\"@type\":\"WebSite\",\"@id\":\"https:\\\/\\\/energizer.com\\\/eu\\\/switzerland_de\\\/#website\",\"url\":\"https:\\\/\\\/energizer.com\\\/eu\\\/switzerland_de\\\/\",\"name\":\"Energizer Switzerland (DE)\",\"description\":\"\",\"publisher\":{\"@id\":\"https:\\\/\\\/energizer.com\\\/eu\\\/switzerland_de\\\/#organization\"},\"potentialAction\":[{\"@type\":\"SearchAction\",\"target\":{\"@type\":\"EntryPoint\",\"urlTemplate\":\"https:\\\/\\\/energizer.com\\\/eu\\\/switzerland_de\\\/?s={search_term_string}\"},\"query-input\":{\"@type\":\"PropertyValueSpecification\",\"valueRequired\":true,\"valueName\":\"search_term_string\"}}],\"inLanguage\":\"en-US\"},{\"@type\":\"Organization\",\"@id\":\"https:\\\/\\\/energizer.com\\\/eu\\\/switzerland_de\\\/#organization\",\"name\":\"Energizer Switzerland (DE)\",\"url\":\"https:\\\/\\\/energizer.com\\\/eu\\\/switzerland_de\\\/\",\"logo\":{\"@type\":\"ImageObject\",\"inLanguage\":\"en-US\",\"@id\":\"https:\\\/\\\/energizer.com\\\/eu\\\/switzerland_de\\\/#\\\/schema\\\/logo\\\/image\\\/\",\"url\":\"https:\\\/\\\/energizer.com\\\/eu\\\/switzerland_de\\\/wp-content\\\/uploads\\\/sites\\\/55\\\/2024\\\/04\\\/Energizer_brand.png\",\"contentUrl\":\"https:\\\/\\\/energizer.com\\\/eu\\\/switzerland_de\\\/wp-content\\\/uploads\\\/sites\\\/55\\\/2024\\\/04\\\/Energizer_brand.png\",\"width\":267,\"height\":100,\"caption\":\"Energizer Switzerland (DE)\"},\"image\":{\"@id\":\"https:\\\/\\\/energizer.com\\\/eu\\\/switzerland_de\\\/#\\\/schema\\\/logo\\\/image\\\/\"}}]}<\/script>\n<!-- \/ Yoast SEO plugin. -->","yoast_head_json":{"title":"Energizer General Purpose LED Torch - Switzerland German","robots":{"index":"index","follow":"follow","max-snippet":"max-snippet:-1","max-image-preview":"max-image-preview:large","max-video-preview":"max-video-preview:-1"},"canonical":"https:\/\/energizer.com\/eu\/switzerland_de\/product\/energizer-general-purpose-led-torch\/","og_locale":"en_US","og_type":"article","og_title":"Energizer General Purpose LED Torch - Switzerland German","og_description":"Sie wollen einfach eine qualitativ hochwertige, zuverl\u00e4ssige Taschenlampe, die funktioniert, wann und wie Sie sie brauchen. Dann holen Sie sich die Energizer Allzweck-LED-Taschenlampe. Sie leuchtet mit 25 Lumen 5-mal heller als herk\u00f6mmliche LED-Technologie und hat eine Betriebsdauer von 30 Stunden. Diese LED-Taschenlampe l\u00e4sst sich ganz einfach mit einem gut durchdachten Druckknopf aktivieren. Sie hat einen geformten, rutschfesten Griff und wird mit einer Handschlaufe f\u00fcr Ihr Handgelenk geliefert. Au\u00dferdem ist die Taschenlampe recht kompakt und passt problemlos in Handtaschen, gro\u00dfe Taschen und Kinderrucks\u00e4cke - kaufen Sie mehrere und legen Sie \u00fcberall eine hin. Bewahren Sie eine bei den Kerzen f\u00fcr Stromausf\u00e4lle, im Pannenset Ihres Autos und \u00fcberall dort auf, wo eine Notfalltaschenlampe gebraucht wird.","og_url":"https:\/\/energizer.com\/eu\/switzerland_de\/product\/energizer-general-purpose-led-torch\/","og_site_name":"Switzerland German","article_modified_time":"2024-08-23T12:21:27+00:00","twitter_card":"summary_large_image","schema":{"@context":"https:\/\/schema.org","@graph":[{"@type":"WebPage","@id":"https:\/\/energizer.com\/eu\/switzerland_de\/product\/energizer-general-purpose-led-torch\/","url":"https:\/\/energizer.com\/eu\/switzerland_de\/product\/energizer-general-purpose-led-torch\/","name":"Energizer General Purpose LED Torch - Switzerland German","isPartOf":{"@id":"https:\/\/energizer.com\/eu\/switzerland_de\/#website"},"datePublished":"2024-05-21T18:55:51+00:00","dateModified":"2024-08-23T12:21:27+00:00","breadcrumb":{"@id":"https:\/\/energizer.com\/eu\/switzerland_de\/product\/energizer-general-purpose-led-torch\/#breadcrumb"},"inLanguage":"en-US","potentialAction":[{"@type":"ReadAction","target":["https:\/\/energizer.com\/eu\/switzerland_de\/product\/energizer-general-purpose-led-torch\/"]}]},{"@type":"BreadcrumbList","@id":"https:\/\/energizer.com\/eu\/switzerland_de\/product\/energizer-general-purpose-led-torch\/#breadcrumb","itemListElement":[{"@type":"ListItem","position":1,"name":"Home","item":"https:\/\/energizer.com\/eu\/switzerland_de\/"},{"@type":"ListItem","position":2,"name":"Energizer General Purpose LED Torch"}]},{"@type":"WebSite","@id":"https:\/\/energizer.com\/eu\/switzerland_de\/#website","url":"https:\/\/energizer.com\/eu\/switzerland_de\/","name":"Energizer Switzerland (DE)","description":"","publisher":{"@id":"https:\/\/energizer.com\/eu\/switzerland_de\/#organization"},"potentialAction":[{"@type":"SearchAction","target":{"@type":"EntryPoint","urlTemplate":"https:\/\/energizer.com\/eu\/switzerland_de\/?s={search_term_string}"},"query-input":{"@type":"PropertyValueSpecification","valueRequired":true,"valueName":"search_term_string"}}],"inLanguage":"en-US"},{"@type":"Organization","@id":"https:\/\/energizer.com\/eu\/switzerland_de\/#organization","name":"Energizer Switzerland (DE)","url":"https:\/\/energizer.com\/eu\/switzerland_de\/","logo":{"@type":"ImageObject","inLanguage":"en-US","@id":"https:\/\/energizer.com\/eu\/switzerland_de\/#\/schema\/logo\/image\/","url":"https:\/\/energizer.com\/eu\/switzerland_de\/wp-content\/uploads\/sites\/55\/2024\/04\/Energizer_brand.png","contentUrl":"https:\/\/energizer.com\/eu\/switzerland_de\/wp-content\/uploads\/sites\/55\/2024\/04\/Energizer_brand.png","width":267,"height":100,"caption":"Energizer Switzerland (DE)"},"image":{"@id":"https:\/\/energizer.com\/eu\/switzerland_de\/#\/schema\/logo\/image\/"}}]}},"_links":{"self":[{"href":"https:\/\/energizer.com\/eu\/switzerland_de\/wp-json\/wp\/v2\/product\/5224","targetHints":{"allow":["GET"]}}],"collection":[{"href":"https:\/\/energizer.com\/eu\/switzerland_de\/wp-json\/wp\/v2\/product"}],"about":[{"href":"https:\/\/energizer.com\/eu\/switzerland_de\/wp-json\/wp\/v2\/types\/product"}],"replies":[{"embeddable":true,"href":"https:\/\/energizer.com\/eu\/switzerland_de\/wp-json\/wp\/v2\/comments?post=5224"}],"version-history":[{"count":4,"href":"https:\/\/energizer.com\/eu\/switzerland_de\/wp-json\/wp\/v2\/product\/5224\/revisions"}],"predecessor-version":[{"id":9626,"href":"https:\/\/energizer.com\/eu\/switzerland_de\/wp-json\/wp\/v2\/product\/5224\/revisions\/9626"}],"wp:attachment":[{"href":"https:\/\/energizer.com\/eu\/switzerland_de\/wp-json\/wp\/v2\/media?parent=5224"}],"wp:term":[{"taxonomy":"product_brand","embeddable":true,"href":"https:\/\/energizer.com\/eu\/switzerland_de\/wp-json\/wp\/v2\/product_brand?post=5224"},{"taxonomy":"product_cat","embeddable":true,"href":"https:\/\/energizer.com\/eu\/switzerland_de\/wp-json\/wp\/v2\/product_cat?post=5224"},{"taxonomy":"product_tag","embeddable":true,"href":"https:\/\/energizer.com\/eu\/switzerland_de\/wp-json\/wp\/v2\/product_tag?post=5224"}],"curies":[{"name":"wp","href":"https:\/\/api.w.org\/{rel}","templated":true}]}}