{"id":5231,"date":"2024-05-21T19:11:41","date_gmt":"2024-05-21T19:11:41","guid":{"rendered":"https:\/\/23b13e8ab3.nxcli.io\/switzerland-german\/?post_type=product&#038;p=5231"},"modified":"2024-08-23T09:41:10","modified_gmt":"2024-08-23T09:41:10","slug":"energizer-touch-tech-handheld","status":"publish","type":"product","link":"https:\/\/energizer.com\/eu\/switzerland_de\/product\/energizer-touch-tech-handheld\/","title":{"rendered":"Energizer Touch Tech handheld"},"content":{"rendered":"<ul>\n<li>Schalterloses Ein- und Ausschalten durch Ber\u00fchrung<\/li>\n<li>F\u00fcr maximale Bequemlichkeit entwickelt: Greifen Sie die Leuchte, um sie sofort zu beleuchten, und lassen Sie sie los, um sie sanft auszuschalten<\/li>\n<li>Bis zu 10-mal heller als Standard-LED-Technologie<\/li>\n<li>Leichtes, robustes Geh\u00e4use<\/li>\n<li>\u00dcbersteht einen Fall aus 1 m H\u00f6he<\/li>\n<li>Integrierte Schlaufe f\u00fcr Schl\u00fcsselband<\/li>\n<li>2 x AA-Alkalibatterien enthalten<\/li>\n<\/ul>\n","protected":false},"excerpt":{"rendered":"<p>Die Energizer Handleuchte mit Touch Tech Technologie kombiniert die neueste patentierte Technologie f\u00fcr eine einfache, intuitive Bedienung. Mit der schalterlosen Innovation von Touch Tech erhalten Benutzer sofortige Beleuchtung und einen hellen, gleichm\u00e4\u00dfigen Lichtstrahl, indem sie die Leuchte einfach anfassen. Lassen Sie einfach den Griff los, wenn Sie fertig sind, und Touch Tech schaltet die Leuchte sanft aus. Touch Tech sorgt daf\u00fcr, dass die Leuchte nicht versehentlich eingeschaltet bleibt und verl\u00e4ngert die Lebensdauer der Batterie. Dank der sto\u00dffesten Konstruktion ist die Leuchte langlebig und f\u00fcr eine Vielzahl von Aufgaben geeignet. Mit der ultimativen, einfach zu bedienenden Taschenlampe von Energizer k\u00f6nnen Sie einfach loslegen.<\/p>\n","protected":false},"featured_media":0,"comment_status":"open","ping_status":"closed","template":"","meta":{"_acf_changed":false},"product_brand":[],"product_cat":[97],"product_tag":[],"class_list":{"0":"post-5231","1":"product","2":"type-product","3":"status-publish","5":"product_cat-handheld","6":"pa_uses-everyday","8":"first","9":"instock","10":"shipping-taxable","11":"product-type-simple"},"acf":[],"yoast_head":"<!-- This site is optimized with the Yoast SEO plugin v27.4 - https:\/\/yoast.com\/product\/yoast-seo-wordpress\/ -->\n<title>Energizer Touch Tech handheld - Switzerland German<\/title>\n<meta name=\"robots\" content=\"index, follow, max-snippet:-1, max-image-preview:large, max-video-preview:-1\" \/>\n<link rel=\"canonical\" href=\"https:\/\/energizer.com\/eu\/switzerland_de\/product\/energizer-touch-tech-handheld\/\" \/>\n<meta property=\"og:locale\" content=\"en_US\" \/>\n<meta property=\"og:type\" content=\"article\" \/>\n<meta property=\"og:title\" content=\"Energizer Touch Tech handheld - Switzerland German\" \/>\n<meta property=\"og:description\" content=\"Die Energizer Handleuchte mit Touch Tech Technologie kombiniert die neueste patentierte Technologie f\u00fcr eine einfache, intuitive Bedienung. Mit der schalterlosen Innovation von Touch Tech erhalten Benutzer sofortige Beleuchtung und einen hellen, gleichm\u00e4\u00dfigen Lichtstrahl, indem sie die Leuchte einfach anfassen. Lassen Sie einfach den Griff los, wenn Sie fertig sind, und Touch Tech schaltet die Leuchte sanft aus. Touch Tech sorgt daf\u00fcr, dass die Leuchte nicht versehentlich eingeschaltet bleibt und verl\u00e4ngert die Lebensdauer der Batterie. Dank der sto\u00dffesten Konstruktion ist die Leuchte langlebig und f\u00fcr eine Vielzahl von Aufgaben geeignet. Mit der ultimativen, einfach zu bedienenden Taschenlampe von Energizer k\u00f6nnen Sie einfach loslegen.\" \/>\n<meta property=\"og:url\" content=\"https:\/\/energizer.com\/eu\/switzerland_de\/product\/energizer-touch-tech-handheld\/\" \/>\n<meta property=\"og:site_name\" content=\"Switzerland German\" \/>\n<meta property=\"article:modified_time\" content=\"2024-08-23T09:41:10+00:00\" \/>\n<meta name=\"twitter:card\" content=\"summary_large_image\" \/>\n<script type=\"application\/ld+json\" class=\"yoast-schema-graph\">{\"@context\":\"https:\\\/\\\/schema.org\",\"@graph\":[{\"@type\":\"WebPage\",\"@id\":\"https:\\\/\\\/energizer.com\\\/eu\\\/switzerland_de\\\/product\\\/energizer-touch-tech-handheld\\\/\",\"url\":\"https:\\\/\\\/energizer.com\\\/eu\\\/switzerland_de\\\/product\\\/energizer-touch-tech-handheld\\\/\",\"name\":\"Energizer Touch Tech handheld - Switzerland German\",\"isPartOf\":{\"@id\":\"https:\\\/\\\/energizer.com\\\/eu\\\/switzerland_de\\\/#website\"},\"datePublished\":\"2024-05-21T19:11:41+00:00\",\"dateModified\":\"2024-08-23T09:41:10+00:00\",\"breadcrumb\":{\"@id\":\"https:\\\/\\\/energizer.com\\\/eu\\\/switzerland_de\\\/product\\\/energizer-touch-tech-handheld\\\/#breadcrumb\"},\"inLanguage\":\"en-US\",\"potentialAction\":[{\"@type\":\"ReadAction\",\"target\":[\"https:\\\/\\\/energizer.com\\\/eu\\\/switzerland_de\\\/product\\\/energizer-touch-tech-handheld\\\/\"]}]},{\"@type\":\"BreadcrumbList\",\"@id\":\"https:\\\/\\\/energizer.com\\\/eu\\\/switzerland_de\\\/product\\\/energizer-touch-tech-handheld\\\/#breadcrumb\",\"itemListElement\":[{\"@type\":\"ListItem\",\"position\":1,\"name\":\"Home\",\"item\":\"https:\\\/\\\/energizer.com\\\/eu\\\/switzerland_de\\\/\"},{\"@type\":\"ListItem\",\"position\":2,\"name\":\"Energizer Touch Tech handheld\"}]},{\"@type\":\"WebSite\",\"@id\":\"https:\\\/\\\/energizer.com\\\/eu\\\/switzerland_de\\\/#website\",\"url\":\"https:\\\/\\\/energizer.com\\\/eu\\\/switzerland_de\\\/\",\"name\":\"Energizer Switzerland (DE)\",\"description\":\"\",\"publisher\":{\"@id\":\"https:\\\/\\\/energizer.com\\\/eu\\\/switzerland_de\\\/#organization\"},\"potentialAction\":[{\"@type\":\"SearchAction\",\"target\":{\"@type\":\"EntryPoint\",\"urlTemplate\":\"https:\\\/\\\/energizer.com\\\/eu\\\/switzerland_de\\\/?s={search_term_string}\"},\"query-input\":{\"@type\":\"PropertyValueSpecification\",\"valueRequired\":true,\"valueName\":\"search_term_string\"}}],\"inLanguage\":\"en-US\"},{\"@type\":\"Organization\",\"@id\":\"https:\\\/\\\/energizer.com\\\/eu\\\/switzerland_de\\\/#organization\",\"name\":\"Energizer Switzerland (DE)\",\"url\":\"https:\\\/\\\/energizer.com\\\/eu\\\/switzerland_de\\\/\",\"logo\":{\"@type\":\"ImageObject\",\"inLanguage\":\"en-US\",\"@id\":\"https:\\\/\\\/energizer.com\\\/eu\\\/switzerland_de\\\/#\\\/schema\\\/logo\\\/image\\\/\",\"url\":\"https:\\\/\\\/energizer.com\\\/eu\\\/switzerland_de\\\/wp-content\\\/uploads\\\/sites\\\/55\\\/2024\\\/04\\\/Energizer_brand.png\",\"contentUrl\":\"https:\\\/\\\/energizer.com\\\/eu\\\/switzerland_de\\\/wp-content\\\/uploads\\\/sites\\\/55\\\/2024\\\/04\\\/Energizer_brand.png\",\"width\":267,\"height\":100,\"caption\":\"Energizer Switzerland (DE)\"},\"image\":{\"@id\":\"https:\\\/\\\/energizer.com\\\/eu\\\/switzerland_de\\\/#\\\/schema\\\/logo\\\/image\\\/\"}}]}<\/script>\n<!-- \/ Yoast SEO plugin. -->","yoast_head_json":{"title":"Energizer Touch Tech handheld - Switzerland German","robots":{"index":"index","follow":"follow","max-snippet":"max-snippet:-1","max-image-preview":"max-image-preview:large","max-video-preview":"max-video-preview:-1"},"canonical":"https:\/\/energizer.com\/eu\/switzerland_de\/product\/energizer-touch-tech-handheld\/","og_locale":"en_US","og_type":"article","og_title":"Energizer Touch Tech handheld - Switzerland German","og_description":"Die Energizer Handleuchte mit Touch Tech Technologie kombiniert die neueste patentierte Technologie f\u00fcr eine einfache, intuitive Bedienung. Mit der schalterlosen Innovation von Touch Tech erhalten Benutzer sofortige Beleuchtung und einen hellen, gleichm\u00e4\u00dfigen Lichtstrahl, indem sie die Leuchte einfach anfassen. Lassen Sie einfach den Griff los, wenn Sie fertig sind, und Touch Tech schaltet die Leuchte sanft aus. Touch Tech sorgt daf\u00fcr, dass die Leuchte nicht versehentlich eingeschaltet bleibt und verl\u00e4ngert die Lebensdauer der Batterie. Dank der sto\u00dffesten Konstruktion ist die Leuchte langlebig und f\u00fcr eine Vielzahl von Aufgaben geeignet. Mit der ultimativen, einfach zu bedienenden Taschenlampe von Energizer k\u00f6nnen Sie einfach loslegen.","og_url":"https:\/\/energizer.com\/eu\/switzerland_de\/product\/energizer-touch-tech-handheld\/","og_site_name":"Switzerland German","article_modified_time":"2024-08-23T09:41:10+00:00","twitter_card":"summary_large_image","schema":{"@context":"https:\/\/schema.org","@graph":[{"@type":"WebPage","@id":"https:\/\/energizer.com\/eu\/switzerland_de\/product\/energizer-touch-tech-handheld\/","url":"https:\/\/energizer.com\/eu\/switzerland_de\/product\/energizer-touch-tech-handheld\/","name":"Energizer Touch Tech handheld - Switzerland German","isPartOf":{"@id":"https:\/\/energizer.com\/eu\/switzerland_de\/#website"},"datePublished":"2024-05-21T19:11:41+00:00","dateModified":"2024-08-23T09:41:10+00:00","breadcrumb":{"@id":"https:\/\/energizer.com\/eu\/switzerland_de\/product\/energizer-touch-tech-handheld\/#breadcrumb"},"inLanguage":"en-US","potentialAction":[{"@type":"ReadAction","target":["https:\/\/energizer.com\/eu\/switzerland_de\/product\/energizer-touch-tech-handheld\/"]}]},{"@type":"BreadcrumbList","@id":"https:\/\/energizer.com\/eu\/switzerland_de\/product\/energizer-touch-tech-handheld\/#breadcrumb","itemListElement":[{"@type":"ListItem","position":1,"name":"Home","item":"https:\/\/energizer.com\/eu\/switzerland_de\/"},{"@type":"ListItem","position":2,"name":"Energizer Touch Tech handheld"}]},{"@type":"WebSite","@id":"https:\/\/energizer.com\/eu\/switzerland_de\/#website","url":"https:\/\/energizer.com\/eu\/switzerland_de\/","name":"Energizer Switzerland (DE)","description":"","publisher":{"@id":"https:\/\/energizer.com\/eu\/switzerland_de\/#organization"},"potentialAction":[{"@type":"SearchAction","target":{"@type":"EntryPoint","urlTemplate":"https:\/\/energizer.com\/eu\/switzerland_de\/?s={search_term_string}"},"query-input":{"@type":"PropertyValueSpecification","valueRequired":true,"valueName":"search_term_string"}}],"inLanguage":"en-US"},{"@type":"Organization","@id":"https:\/\/energizer.com\/eu\/switzerland_de\/#organization","name":"Energizer Switzerland (DE)","url":"https:\/\/energizer.com\/eu\/switzerland_de\/","logo":{"@type":"ImageObject","inLanguage":"en-US","@id":"https:\/\/energizer.com\/eu\/switzerland_de\/#\/schema\/logo\/image\/","url":"https:\/\/energizer.com\/eu\/switzerland_de\/wp-content\/uploads\/sites\/55\/2024\/04\/Energizer_brand.png","contentUrl":"https:\/\/energizer.com\/eu\/switzerland_de\/wp-content\/uploads\/sites\/55\/2024\/04\/Energizer_brand.png","width":267,"height":100,"caption":"Energizer Switzerland (DE)"},"image":{"@id":"https:\/\/energizer.com\/eu\/switzerland_de\/#\/schema\/logo\/image\/"}}]}},"_links":{"self":[{"href":"https:\/\/energizer.com\/eu\/switzerland_de\/wp-json\/wp\/v2\/product\/5231","targetHints":{"allow":["GET"]}}],"collection":[{"href":"https:\/\/energizer.com\/eu\/switzerland_de\/wp-json\/wp\/v2\/product"}],"about":[{"href":"https:\/\/energizer.com\/eu\/switzerland_de\/wp-json\/wp\/v2\/types\/product"}],"replies":[{"embeddable":true,"href":"https:\/\/energizer.com\/eu\/switzerland_de\/wp-json\/wp\/v2\/comments?post=5231"}],"version-history":[{"count":4,"href":"https:\/\/energizer.com\/eu\/switzerland_de\/wp-json\/wp\/v2\/product\/5231\/revisions"}],"predecessor-version":[{"id":9082,"href":"https:\/\/energizer.com\/eu\/switzerland_de\/wp-json\/wp\/v2\/product\/5231\/revisions\/9082"}],"wp:attachment":[{"href":"https:\/\/energizer.com\/eu\/switzerland_de\/wp-json\/wp\/v2\/media?parent=5231"}],"wp:term":[{"taxonomy":"product_brand","embeddable":true,"href":"https:\/\/energizer.com\/eu\/switzerland_de\/wp-json\/wp\/v2\/product_brand?post=5231"},{"taxonomy":"product_cat","embeddable":true,"href":"https:\/\/energizer.com\/eu\/switzerland_de\/wp-json\/wp\/v2\/product_cat?post=5231"},{"taxonomy":"product_tag","embeddable":true,"href":"https:\/\/energizer.com\/eu\/switzerland_de\/wp-json\/wp\/v2\/product_tag?post=5231"}],"curies":[{"name":"wp","href":"https:\/\/api.w.org\/{rel}","templated":true}]}}