{"id":5233,"date":"2024-05-21T19:13:55","date_gmt":"2024-05-21T19:13:55","guid":{"rendered":"https:\/\/23b13e8ab3.nxcli.io\/switzerland-german\/?post_type=product&#038;p=5233"},"modified":"2024-08-23T09:41:07","modified_gmt":"2024-08-23T09:41:07","slug":"energizer-led-torch-vision-hd-metal","status":"publish","type":"product","link":"https:\/\/energizer.com\/eu\/switzerland_de\/product\/energizer-led-torch-vision-hd-metal\/","title":{"rendered":"Energizer LED Torch, Vision HD Metal"},"content":{"rendered":"<ul>\n<li>Energizer Vision HD Metall-Taschenlampe, Energizer Vision HD Metall-Taschenlampe mit 3 AAA-Alkalibatterien im Lieferumfang<\/li>\n<li>Superhelle Taschenlampe: Diese 270-Lumen-LED-Taschenlampe bietet eine au\u00dfergew\u00f6hnliche Helligkeit und hohe Leistung, mit der Sie im hohen Modus bis zu 84 Meter weit sehen k\u00f6nnen<\/li>\n<li>3 Leuchtmodi: Diese Metalltaschenlampe verf\u00fcgt \u00fcber 3 Leuchtmodi: Hoch, Energiesparen und Notfallblitz<\/li>\n<li>Langlebige Legierungskonstruktion: Das robuste Metallgeh\u00e4use und die IPX4-Konstruktion bieten Schutz vor Sch\u00e4den und Spritzwasser<\/li>\n<li>Stundenlange Laufzeit:\u202fDie Energizer LED-Taschenlampe leuchtet bis zu 12,5 Stunden lang im niedrigen Modus<\/li>\n<li>Praktische Gr\u00f6\u00dfe: Diese vielseitige, leistungsstarke Taschenlampe kann in der Schublade, im Auto, in der Hausapotheke oder in der Tasche mitgef\u00fchrt werden<\/li>\n<li>Vertrauensw\u00fcrdige MAX-VIZ Technologie: Die leistungsstarke Technologie von Energizer ahmt das Tageslicht nach und sorgt so f\u00fcr eine hochaufl\u00f6sende Sicht, auf die Sie sich verlassen k\u00f6nnen<\/li>\n<\/ul>\n","protected":false},"excerpt":{"rendered":"<p>Beleuchten Sie Ihre Umgebung m\u00fchelos mit dieser leistungsstarken, superhellen Taschenlampe. Die Energizer Metal Vision HD Compact bietet au\u00dfergew\u00f6hnliche Helligkeit f\u00fcr bis zu 12,5 Stunden im Energiesparmodus &#8211; egal, ob Sie sich auf ein Abenteuer begeben oder sich auf Notf\u00e4lle zu Hause vorbereiten. Ob beim Camping, beim Heimwerken oder bei Stromausf\u00e4llen zu Hause &#8211; Ihre Energizer-Taschenlampe hilft Ihnen, sich im Dunkeln zurechtzufinden. Diese LED-Taschenlampe mit 270 Lumen erhellt selbst die dunkelsten R\u00e4ume und leuchtet im Modus \u201eHigh\u201c bis zu 84 Meter weit. Dank der MAX-VIZ-Technologie, die der nat\u00fcrlichen Sehkraft entspricht, kann die Taschenlampe sogar Tageslicht nachahmen und bietet eine au\u00dfergew\u00f6hnliche, hochaufl\u00f6sende Sicht.<\/p>\n","protected":false},"featured_media":0,"comment_status":"open","ping_status":"closed","template":"","meta":{"_acf_changed":false},"product_brand":[],"product_cat":[97],"product_tag":[],"class_list":{"0":"post-5233","1":"product","2":"type-product","3":"status-publish","5":"product_cat-handheld","6":"pa_uses-everyday","8":"first","9":"instock","10":"shipping-taxable","11":"product-type-simple"},"acf":[],"yoast_head":"<!-- This site is optimized with the Yoast SEO plugin v27.4 - https:\/\/yoast.com\/product\/yoast-seo-wordpress\/ -->\n<title>Energizer LED Torch, Vision HD Metal - Switzerland German<\/title>\n<meta name=\"robots\" content=\"index, follow, max-snippet:-1, max-image-preview:large, max-video-preview:-1\" \/>\n<link rel=\"canonical\" href=\"https:\/\/energizer.com\/eu\/switzerland_de\/product\/energizer-led-torch-vision-hd-metal\/\" \/>\n<meta property=\"og:locale\" content=\"en_US\" \/>\n<meta property=\"og:type\" content=\"article\" \/>\n<meta property=\"og:title\" content=\"Energizer LED Torch, Vision HD Metal - Switzerland German\" \/>\n<meta property=\"og:description\" content=\"Beleuchten Sie Ihre Umgebung m\u00fchelos mit dieser leistungsstarken, superhellen Taschenlampe. Die Energizer Metal Vision HD Compact bietet au\u00dfergew\u00f6hnliche Helligkeit f\u00fcr bis zu 12,5 Stunden im Energiesparmodus - egal, ob Sie sich auf ein Abenteuer begeben oder sich auf Notf\u00e4lle zu Hause vorbereiten. Ob beim Camping, beim Heimwerken oder bei Stromausf\u00e4llen zu Hause - Ihre Energizer-Taschenlampe hilft Ihnen, sich im Dunkeln zurechtzufinden. Diese LED-Taschenlampe mit 270 Lumen erhellt selbst die dunkelsten R\u00e4ume und leuchtet im Modus \u201eHigh\u201c bis zu 84 Meter weit. Dank der MAX-VIZ-Technologie, die der nat\u00fcrlichen Sehkraft entspricht, kann die Taschenlampe sogar Tageslicht nachahmen und bietet eine au\u00dfergew\u00f6hnliche, hochaufl\u00f6sende Sicht.\" \/>\n<meta property=\"og:url\" content=\"https:\/\/energizer.com\/eu\/switzerland_de\/product\/energizer-led-torch-vision-hd-metal\/\" \/>\n<meta property=\"og:site_name\" content=\"Switzerland German\" \/>\n<meta property=\"article:modified_time\" content=\"2024-08-23T09:41:07+00:00\" \/>\n<meta name=\"twitter:card\" content=\"summary_large_image\" \/>\n<script type=\"application\/ld+json\" class=\"yoast-schema-graph\">{\"@context\":\"https:\\\/\\\/schema.org\",\"@graph\":[{\"@type\":\"WebPage\",\"@id\":\"https:\\\/\\\/energizer.com\\\/eu\\\/switzerland_de\\\/product\\\/energizer-led-torch-vision-hd-metal\\\/\",\"url\":\"https:\\\/\\\/energizer.com\\\/eu\\\/switzerland_de\\\/product\\\/energizer-led-torch-vision-hd-metal\\\/\",\"name\":\"Energizer LED Torch, Vision HD Metal - Switzerland German\",\"isPartOf\":{\"@id\":\"https:\\\/\\\/energizer.com\\\/eu\\\/switzerland_de\\\/#website\"},\"datePublished\":\"2024-05-21T19:13:55+00:00\",\"dateModified\":\"2024-08-23T09:41:07+00:00\",\"breadcrumb\":{\"@id\":\"https:\\\/\\\/energizer.com\\\/eu\\\/switzerland_de\\\/product\\\/energizer-led-torch-vision-hd-metal\\\/#breadcrumb\"},\"inLanguage\":\"en-US\",\"potentialAction\":[{\"@type\":\"ReadAction\",\"target\":[\"https:\\\/\\\/energizer.com\\\/eu\\\/switzerland_de\\\/product\\\/energizer-led-torch-vision-hd-metal\\\/\"]}]},{\"@type\":\"BreadcrumbList\",\"@id\":\"https:\\\/\\\/energizer.com\\\/eu\\\/switzerland_de\\\/product\\\/energizer-led-torch-vision-hd-metal\\\/#breadcrumb\",\"itemListElement\":[{\"@type\":\"ListItem\",\"position\":1,\"name\":\"Home\",\"item\":\"https:\\\/\\\/energizer.com\\\/eu\\\/switzerland_de\\\/\"},{\"@type\":\"ListItem\",\"position\":2,\"name\":\"Energizer LED Torch, Vision HD Metal\"}]},{\"@type\":\"WebSite\",\"@id\":\"https:\\\/\\\/energizer.com\\\/eu\\\/switzerland_de\\\/#website\",\"url\":\"https:\\\/\\\/energizer.com\\\/eu\\\/switzerland_de\\\/\",\"name\":\"Energizer Switzerland (DE)\",\"description\":\"\",\"publisher\":{\"@id\":\"https:\\\/\\\/energizer.com\\\/eu\\\/switzerland_de\\\/#organization\"},\"potentialAction\":[{\"@type\":\"SearchAction\",\"target\":{\"@type\":\"EntryPoint\",\"urlTemplate\":\"https:\\\/\\\/energizer.com\\\/eu\\\/switzerland_de\\\/?s={search_term_string}\"},\"query-input\":{\"@type\":\"PropertyValueSpecification\",\"valueRequired\":true,\"valueName\":\"search_term_string\"}}],\"inLanguage\":\"en-US\"},{\"@type\":\"Organization\",\"@id\":\"https:\\\/\\\/energizer.com\\\/eu\\\/switzerland_de\\\/#organization\",\"name\":\"Energizer Switzerland (DE)\",\"url\":\"https:\\\/\\\/energizer.com\\\/eu\\\/switzerland_de\\\/\",\"logo\":{\"@type\":\"ImageObject\",\"inLanguage\":\"en-US\",\"@id\":\"https:\\\/\\\/energizer.com\\\/eu\\\/switzerland_de\\\/#\\\/schema\\\/logo\\\/image\\\/\",\"url\":\"https:\\\/\\\/energizer.com\\\/eu\\\/switzerland_de\\\/wp-content\\\/uploads\\\/sites\\\/55\\\/2024\\\/04\\\/Energizer_brand.png\",\"contentUrl\":\"https:\\\/\\\/energizer.com\\\/eu\\\/switzerland_de\\\/wp-content\\\/uploads\\\/sites\\\/55\\\/2024\\\/04\\\/Energizer_brand.png\",\"width\":267,\"height\":100,\"caption\":\"Energizer Switzerland (DE)\"},\"image\":{\"@id\":\"https:\\\/\\\/energizer.com\\\/eu\\\/switzerland_de\\\/#\\\/schema\\\/logo\\\/image\\\/\"}}]}<\/script>\n<!-- \/ Yoast SEO plugin. -->","yoast_head_json":{"title":"Energizer LED Torch, Vision HD Metal - Switzerland German","robots":{"index":"index","follow":"follow","max-snippet":"max-snippet:-1","max-image-preview":"max-image-preview:large","max-video-preview":"max-video-preview:-1"},"canonical":"https:\/\/energizer.com\/eu\/switzerland_de\/product\/energizer-led-torch-vision-hd-metal\/","og_locale":"en_US","og_type":"article","og_title":"Energizer LED Torch, Vision HD Metal - Switzerland German","og_description":"Beleuchten Sie Ihre Umgebung m\u00fchelos mit dieser leistungsstarken, superhellen Taschenlampe. Die Energizer Metal Vision HD Compact bietet au\u00dfergew\u00f6hnliche Helligkeit f\u00fcr bis zu 12,5 Stunden im Energiesparmodus - egal, ob Sie sich auf ein Abenteuer begeben oder sich auf Notf\u00e4lle zu Hause vorbereiten. Ob beim Camping, beim Heimwerken oder bei Stromausf\u00e4llen zu Hause - Ihre Energizer-Taschenlampe hilft Ihnen, sich im Dunkeln zurechtzufinden. Diese LED-Taschenlampe mit 270 Lumen erhellt selbst die dunkelsten R\u00e4ume und leuchtet im Modus \u201eHigh\u201c bis zu 84 Meter weit. Dank der MAX-VIZ-Technologie, die der nat\u00fcrlichen Sehkraft entspricht, kann die Taschenlampe sogar Tageslicht nachahmen und bietet eine au\u00dfergew\u00f6hnliche, hochaufl\u00f6sende Sicht.","og_url":"https:\/\/energizer.com\/eu\/switzerland_de\/product\/energizer-led-torch-vision-hd-metal\/","og_site_name":"Switzerland German","article_modified_time":"2024-08-23T09:41:07+00:00","twitter_card":"summary_large_image","schema":{"@context":"https:\/\/schema.org","@graph":[{"@type":"WebPage","@id":"https:\/\/energizer.com\/eu\/switzerland_de\/product\/energizer-led-torch-vision-hd-metal\/","url":"https:\/\/energizer.com\/eu\/switzerland_de\/product\/energizer-led-torch-vision-hd-metal\/","name":"Energizer LED Torch, Vision HD Metal - Switzerland German","isPartOf":{"@id":"https:\/\/energizer.com\/eu\/switzerland_de\/#website"},"datePublished":"2024-05-21T19:13:55+00:00","dateModified":"2024-08-23T09:41:07+00:00","breadcrumb":{"@id":"https:\/\/energizer.com\/eu\/switzerland_de\/product\/energizer-led-torch-vision-hd-metal\/#breadcrumb"},"inLanguage":"en-US","potentialAction":[{"@type":"ReadAction","target":["https:\/\/energizer.com\/eu\/switzerland_de\/product\/energizer-led-torch-vision-hd-metal\/"]}]},{"@type":"BreadcrumbList","@id":"https:\/\/energizer.com\/eu\/switzerland_de\/product\/energizer-led-torch-vision-hd-metal\/#breadcrumb","itemListElement":[{"@type":"ListItem","position":1,"name":"Home","item":"https:\/\/energizer.com\/eu\/switzerland_de\/"},{"@type":"ListItem","position":2,"name":"Energizer LED Torch, Vision HD Metal"}]},{"@type":"WebSite","@id":"https:\/\/energizer.com\/eu\/switzerland_de\/#website","url":"https:\/\/energizer.com\/eu\/switzerland_de\/","name":"Energizer Switzerland (DE)","description":"","publisher":{"@id":"https:\/\/energizer.com\/eu\/switzerland_de\/#organization"},"potentialAction":[{"@type":"SearchAction","target":{"@type":"EntryPoint","urlTemplate":"https:\/\/energizer.com\/eu\/switzerland_de\/?s={search_term_string}"},"query-input":{"@type":"PropertyValueSpecification","valueRequired":true,"valueName":"search_term_string"}}],"inLanguage":"en-US"},{"@type":"Organization","@id":"https:\/\/energizer.com\/eu\/switzerland_de\/#organization","name":"Energizer Switzerland (DE)","url":"https:\/\/energizer.com\/eu\/switzerland_de\/","logo":{"@type":"ImageObject","inLanguage":"en-US","@id":"https:\/\/energizer.com\/eu\/switzerland_de\/#\/schema\/logo\/image\/","url":"https:\/\/energizer.com\/eu\/switzerland_de\/wp-content\/uploads\/sites\/55\/2024\/04\/Energizer_brand.png","contentUrl":"https:\/\/energizer.com\/eu\/switzerland_de\/wp-content\/uploads\/sites\/55\/2024\/04\/Energizer_brand.png","width":267,"height":100,"caption":"Energizer Switzerland (DE)"},"image":{"@id":"https:\/\/energizer.com\/eu\/switzerland_de\/#\/schema\/logo\/image\/"}}]}},"_links":{"self":[{"href":"https:\/\/energizer.com\/eu\/switzerland_de\/wp-json\/wp\/v2\/product\/5233","targetHints":{"allow":["GET"]}}],"collection":[{"href":"https:\/\/energizer.com\/eu\/switzerland_de\/wp-json\/wp\/v2\/product"}],"about":[{"href":"https:\/\/energizer.com\/eu\/switzerland_de\/wp-json\/wp\/v2\/types\/product"}],"replies":[{"embeddable":true,"href":"https:\/\/energizer.com\/eu\/switzerland_de\/wp-json\/wp\/v2\/comments?post=5233"}],"version-history":[{"count":4,"href":"https:\/\/energizer.com\/eu\/switzerland_de\/wp-json\/wp\/v2\/product\/5233\/revisions"}],"predecessor-version":[{"id":9074,"href":"https:\/\/energizer.com\/eu\/switzerland_de\/wp-json\/wp\/v2\/product\/5233\/revisions\/9074"}],"wp:attachment":[{"href":"https:\/\/energizer.com\/eu\/switzerland_de\/wp-json\/wp\/v2\/media?parent=5233"}],"wp:term":[{"taxonomy":"product_brand","embeddable":true,"href":"https:\/\/energizer.com\/eu\/switzerland_de\/wp-json\/wp\/v2\/product_brand?post=5233"},{"taxonomy":"product_cat","embeddable":true,"href":"https:\/\/energizer.com\/eu\/switzerland_de\/wp-json\/wp\/v2\/product_cat?post=5233"},{"taxonomy":"product_tag","embeddable":true,"href":"https:\/\/energizer.com\/eu\/switzerland_de\/wp-json\/wp\/v2\/product_tag?post=5233"}],"curies":[{"name":"wp","href":"https:\/\/api.w.org\/{rel}","templated":true}]}}