{"id":5237,"date":"2024-05-21T19:18:06","date_gmt":"2024-05-21T19:18:06","guid":{"rendered":"https:\/\/23b13e8ab3.nxcli.io\/switzerland-german\/?post_type=product&#038;p=5237"},"modified":"2024-08-23T12:21:47","modified_gmt":"2024-08-23T12:21:47","slug":"energizer-handheld-led-torch-with-magnet","status":"publish","type":"product","link":"https:\/\/energizer.com\/eu\/switzerland_de\/product\/energizer-handheld-led-torch-with-magnet\/","title":{"rendered":"Energizer Handheld LED Torch with Magnet"},"content":{"rendered":"<ul>\n<li>Energizer Hand-Taschenlampe mit Magnet und 2 AA-Alkalibatterien im Lieferumfang<\/li>\n<li>Superhelle Taschenlampe: Diese LED-Lampe mit 50 Lumen bietet eine hohe Leistung, mit der Sie bis zu 50 Meter weit sehen k\u00f6nnen<\/li>\n<li>Vielseitig einsetzbar: Diese einfach zu bedienende magnetische Taschenlampe ist ideal f\u00fcr Aktivit\u00e4ten, die beide H\u00e4nde erfordern<\/li>\n<li>Langlebige Konstruktion: Das langlebige LED-Licht dieser Taschenlampe ist ideal f\u00fcr den dauerhaften Einsatz und muss nie ausgetauscht werden<\/li>\n<li>Stundenlange Laufzeit:\u202fDie Energizer LED-Inspektionslampe kann bis zu 40 Stunden lang leuchten<\/li>\n<li>Griffiges Design: Das praktische Design mit Handschlaufe und Knopfschalter erm\u00f6glicht eine einfache Handhabung und Verwendung<\/li>\n<li>Leichtes Gewicht: Mit der angebrachten Handschlaufe k\u00f6nnen Sie diese leichte Taschenlampe \u00fcberallhin mitnehmen<\/li>\n<\/ul>\n","protected":false},"excerpt":{"rendered":"<p>Beleuchten Sie Ihre Umgebung m\u00fchelos mit dieser leistungsstarken, superhellen Taschenlampe. Die Energizer 2AA Handheld-Taschenlampe bietet eine au\u00dfergew\u00f6hnliche Helligkeit f\u00fcr bis zu 40 Stunden &#8211; egal, ob Sie sich auf ein Abenteuer begeben oder sich auf Notf\u00e4lle zu Hause vorbereiten. Ob beim Camping, beim Heimwerken oder bei Stromausf\u00e4llen zu Hause &#8211; Ihre Energizer-Taschenlampe hilft Ihnen, sich im Dunkeln zurechtzufinden. Diese 50-Lumen-LED-Taschenlampe kann die dunkelsten R\u00e4ume erhellen, leuchtet bis zu 50 Meter weit und verf\u00fcgt \u00fcber eine langlebige LED, die nie ausgetauscht werden muss. Befestigen Sie sie mit dem eingebauten Magneten an Metalloberfl\u00e4chen, damit Sie bei allen Aktivit\u00e4ten, f\u00fcr die Sie beide H\u00e4nde ben\u00f6tigen, freih\u00e4ndig arbeiten k\u00f6nnen.<\/p>\n","protected":false},"featured_media":0,"comment_status":"open","ping_status":"closed","template":"","meta":{"_acf_changed":false},"product_brand":[],"product_cat":[97],"product_tag":[],"class_list":{"0":"post-5237","1":"product","2":"type-product","3":"status-publish","5":"product_cat-handheld","6":"pa_uses-everyday","8":"first","9":"instock","10":"shipping-taxable","11":"product-type-simple"},"acf":[],"yoast_head":"<!-- This site is optimized with the Yoast SEO plugin v27.4 - https:\/\/yoast.com\/product\/yoast-seo-wordpress\/ -->\n<title>Energizer Handheld LED Torch with Magnet - Switzerland German<\/title>\n<meta name=\"robots\" content=\"index, follow, max-snippet:-1, max-image-preview:large, max-video-preview:-1\" \/>\n<link rel=\"canonical\" href=\"https:\/\/energizer.com\/eu\/switzerland_de\/product\/energizer-handheld-led-torch-with-magnet\/\" \/>\n<meta property=\"og:locale\" content=\"en_US\" \/>\n<meta property=\"og:type\" content=\"article\" \/>\n<meta property=\"og:title\" content=\"Energizer Handheld LED Torch with Magnet - Switzerland German\" \/>\n<meta property=\"og:description\" content=\"Beleuchten Sie Ihre Umgebung m\u00fchelos mit dieser leistungsstarken, superhellen Taschenlampe. Die Energizer 2AA Handheld-Taschenlampe bietet eine au\u00dfergew\u00f6hnliche Helligkeit f\u00fcr bis zu 40 Stunden - egal, ob Sie sich auf ein Abenteuer begeben oder sich auf Notf\u00e4lle zu Hause vorbereiten. Ob beim Camping, beim Heimwerken oder bei Stromausf\u00e4llen zu Hause - Ihre Energizer-Taschenlampe hilft Ihnen, sich im Dunkeln zurechtzufinden. Diese 50-Lumen-LED-Taschenlampe kann die dunkelsten R\u00e4ume erhellen, leuchtet bis zu 50 Meter weit und verf\u00fcgt \u00fcber eine langlebige LED, die nie ausgetauscht werden muss. Befestigen Sie sie mit dem eingebauten Magneten an Metalloberfl\u00e4chen, damit Sie bei allen Aktivit\u00e4ten, f\u00fcr die Sie beide H\u00e4nde ben\u00f6tigen, freih\u00e4ndig arbeiten k\u00f6nnen.\" \/>\n<meta property=\"og:url\" content=\"https:\/\/energizer.com\/eu\/switzerland_de\/product\/energizer-handheld-led-torch-with-magnet\/\" \/>\n<meta property=\"og:site_name\" content=\"Switzerland German\" \/>\n<meta property=\"article:modified_time\" content=\"2024-08-23T12:21:47+00:00\" \/>\n<meta name=\"twitter:card\" content=\"summary_large_image\" \/>\n<script type=\"application\/ld+json\" class=\"yoast-schema-graph\">{\"@context\":\"https:\\\/\\\/schema.org\",\"@graph\":[{\"@type\":\"WebPage\",\"@id\":\"https:\\\/\\\/energizer.com\\\/eu\\\/switzerland_de\\\/product\\\/energizer-handheld-led-torch-with-magnet\\\/\",\"url\":\"https:\\\/\\\/energizer.com\\\/eu\\\/switzerland_de\\\/product\\\/energizer-handheld-led-torch-with-magnet\\\/\",\"name\":\"Energizer Handheld LED Torch with Magnet - Switzerland German\",\"isPartOf\":{\"@id\":\"https:\\\/\\\/energizer.com\\\/eu\\\/switzerland_de\\\/#website\"},\"datePublished\":\"2024-05-21T19:18:06+00:00\",\"dateModified\":\"2024-08-23T12:21:47+00:00\",\"breadcrumb\":{\"@id\":\"https:\\\/\\\/energizer.com\\\/eu\\\/switzerland_de\\\/product\\\/energizer-handheld-led-torch-with-magnet\\\/#breadcrumb\"},\"inLanguage\":\"en-US\",\"potentialAction\":[{\"@type\":\"ReadAction\",\"target\":[\"https:\\\/\\\/energizer.com\\\/eu\\\/switzerland_de\\\/product\\\/energizer-handheld-led-torch-with-magnet\\\/\"]}]},{\"@type\":\"BreadcrumbList\",\"@id\":\"https:\\\/\\\/energizer.com\\\/eu\\\/switzerland_de\\\/product\\\/energizer-handheld-led-torch-with-magnet\\\/#breadcrumb\",\"itemListElement\":[{\"@type\":\"ListItem\",\"position\":1,\"name\":\"Home\",\"item\":\"https:\\\/\\\/energizer.com\\\/eu\\\/switzerland_de\\\/\"},{\"@type\":\"ListItem\",\"position\":2,\"name\":\"Energizer Handheld LED Torch with Magnet\"}]},{\"@type\":\"WebSite\",\"@id\":\"https:\\\/\\\/energizer.com\\\/eu\\\/switzerland_de\\\/#website\",\"url\":\"https:\\\/\\\/energizer.com\\\/eu\\\/switzerland_de\\\/\",\"name\":\"Energizer Switzerland (DE)\",\"description\":\"\",\"publisher\":{\"@id\":\"https:\\\/\\\/energizer.com\\\/eu\\\/switzerland_de\\\/#organization\"},\"potentialAction\":[{\"@type\":\"SearchAction\",\"target\":{\"@type\":\"EntryPoint\",\"urlTemplate\":\"https:\\\/\\\/energizer.com\\\/eu\\\/switzerland_de\\\/?s={search_term_string}\"},\"query-input\":{\"@type\":\"PropertyValueSpecification\",\"valueRequired\":true,\"valueName\":\"search_term_string\"}}],\"inLanguage\":\"en-US\"},{\"@type\":\"Organization\",\"@id\":\"https:\\\/\\\/energizer.com\\\/eu\\\/switzerland_de\\\/#organization\",\"name\":\"Energizer Switzerland (DE)\",\"url\":\"https:\\\/\\\/energizer.com\\\/eu\\\/switzerland_de\\\/\",\"logo\":{\"@type\":\"ImageObject\",\"inLanguage\":\"en-US\",\"@id\":\"https:\\\/\\\/energizer.com\\\/eu\\\/switzerland_de\\\/#\\\/schema\\\/logo\\\/image\\\/\",\"url\":\"https:\\\/\\\/energizer.com\\\/eu\\\/switzerland_de\\\/wp-content\\\/uploads\\\/sites\\\/55\\\/2024\\\/04\\\/Energizer_brand.png\",\"contentUrl\":\"https:\\\/\\\/energizer.com\\\/eu\\\/switzerland_de\\\/wp-content\\\/uploads\\\/sites\\\/55\\\/2024\\\/04\\\/Energizer_brand.png\",\"width\":267,\"height\":100,\"caption\":\"Energizer Switzerland (DE)\"},\"image\":{\"@id\":\"https:\\\/\\\/energizer.com\\\/eu\\\/switzerland_de\\\/#\\\/schema\\\/logo\\\/image\\\/\"}}]}<\/script>\n<!-- \/ Yoast SEO plugin. -->","yoast_head_json":{"title":"Energizer Handheld LED Torch with Magnet - Switzerland German","robots":{"index":"index","follow":"follow","max-snippet":"max-snippet:-1","max-image-preview":"max-image-preview:large","max-video-preview":"max-video-preview:-1"},"canonical":"https:\/\/energizer.com\/eu\/switzerland_de\/product\/energizer-handheld-led-torch-with-magnet\/","og_locale":"en_US","og_type":"article","og_title":"Energizer Handheld LED Torch with Magnet - Switzerland German","og_description":"Beleuchten Sie Ihre Umgebung m\u00fchelos mit dieser leistungsstarken, superhellen Taschenlampe. Die Energizer 2AA Handheld-Taschenlampe bietet eine au\u00dfergew\u00f6hnliche Helligkeit f\u00fcr bis zu 40 Stunden - egal, ob Sie sich auf ein Abenteuer begeben oder sich auf Notf\u00e4lle zu Hause vorbereiten. Ob beim Camping, beim Heimwerken oder bei Stromausf\u00e4llen zu Hause - Ihre Energizer-Taschenlampe hilft Ihnen, sich im Dunkeln zurechtzufinden. Diese 50-Lumen-LED-Taschenlampe kann die dunkelsten R\u00e4ume erhellen, leuchtet bis zu 50 Meter weit und verf\u00fcgt \u00fcber eine langlebige LED, die nie ausgetauscht werden muss. Befestigen Sie sie mit dem eingebauten Magneten an Metalloberfl\u00e4chen, damit Sie bei allen Aktivit\u00e4ten, f\u00fcr die Sie beide H\u00e4nde ben\u00f6tigen, freih\u00e4ndig arbeiten k\u00f6nnen.","og_url":"https:\/\/energizer.com\/eu\/switzerland_de\/product\/energizer-handheld-led-torch-with-magnet\/","og_site_name":"Switzerland German","article_modified_time":"2024-08-23T12:21:47+00:00","twitter_card":"summary_large_image","schema":{"@context":"https:\/\/schema.org","@graph":[{"@type":"WebPage","@id":"https:\/\/energizer.com\/eu\/switzerland_de\/product\/energizer-handheld-led-torch-with-magnet\/","url":"https:\/\/energizer.com\/eu\/switzerland_de\/product\/energizer-handheld-led-torch-with-magnet\/","name":"Energizer Handheld LED Torch with Magnet - Switzerland German","isPartOf":{"@id":"https:\/\/energizer.com\/eu\/switzerland_de\/#website"},"datePublished":"2024-05-21T19:18:06+00:00","dateModified":"2024-08-23T12:21:47+00:00","breadcrumb":{"@id":"https:\/\/energizer.com\/eu\/switzerland_de\/product\/energizer-handheld-led-torch-with-magnet\/#breadcrumb"},"inLanguage":"en-US","potentialAction":[{"@type":"ReadAction","target":["https:\/\/energizer.com\/eu\/switzerland_de\/product\/energizer-handheld-led-torch-with-magnet\/"]}]},{"@type":"BreadcrumbList","@id":"https:\/\/energizer.com\/eu\/switzerland_de\/product\/energizer-handheld-led-torch-with-magnet\/#breadcrumb","itemListElement":[{"@type":"ListItem","position":1,"name":"Home","item":"https:\/\/energizer.com\/eu\/switzerland_de\/"},{"@type":"ListItem","position":2,"name":"Energizer Handheld LED Torch with Magnet"}]},{"@type":"WebSite","@id":"https:\/\/energizer.com\/eu\/switzerland_de\/#website","url":"https:\/\/energizer.com\/eu\/switzerland_de\/","name":"Energizer Switzerland (DE)","description":"","publisher":{"@id":"https:\/\/energizer.com\/eu\/switzerland_de\/#organization"},"potentialAction":[{"@type":"SearchAction","target":{"@type":"EntryPoint","urlTemplate":"https:\/\/energizer.com\/eu\/switzerland_de\/?s={search_term_string}"},"query-input":{"@type":"PropertyValueSpecification","valueRequired":true,"valueName":"search_term_string"}}],"inLanguage":"en-US"},{"@type":"Organization","@id":"https:\/\/energizer.com\/eu\/switzerland_de\/#organization","name":"Energizer Switzerland (DE)","url":"https:\/\/energizer.com\/eu\/switzerland_de\/","logo":{"@type":"ImageObject","inLanguage":"en-US","@id":"https:\/\/energizer.com\/eu\/switzerland_de\/#\/schema\/logo\/image\/","url":"https:\/\/energizer.com\/eu\/switzerland_de\/wp-content\/uploads\/sites\/55\/2024\/04\/Energizer_brand.png","contentUrl":"https:\/\/energizer.com\/eu\/switzerland_de\/wp-content\/uploads\/sites\/55\/2024\/04\/Energizer_brand.png","width":267,"height":100,"caption":"Energizer Switzerland (DE)"},"image":{"@id":"https:\/\/energizer.com\/eu\/switzerland_de\/#\/schema\/logo\/image\/"}}]}},"_links":{"self":[{"href":"https:\/\/energizer.com\/eu\/switzerland_de\/wp-json\/wp\/v2\/product\/5237","targetHints":{"allow":["GET"]}}],"collection":[{"href":"https:\/\/energizer.com\/eu\/switzerland_de\/wp-json\/wp\/v2\/product"}],"about":[{"href":"https:\/\/energizer.com\/eu\/switzerland_de\/wp-json\/wp\/v2\/types\/product"}],"replies":[{"embeddable":true,"href":"https:\/\/energizer.com\/eu\/switzerland_de\/wp-json\/wp\/v2\/comments?post=5237"}],"version-history":[{"count":3,"href":"https:\/\/energizer.com\/eu\/switzerland_de\/wp-json\/wp\/v2\/product\/5237\/revisions"}],"predecessor-version":[{"id":9627,"href":"https:\/\/energizer.com\/eu\/switzerland_de\/wp-json\/wp\/v2\/product\/5237\/revisions\/9627"}],"wp:attachment":[{"href":"https:\/\/energizer.com\/eu\/switzerland_de\/wp-json\/wp\/v2\/media?parent=5237"}],"wp:term":[{"taxonomy":"product_brand","embeddable":true,"href":"https:\/\/energizer.com\/eu\/switzerland_de\/wp-json\/wp\/v2\/product_brand?post=5237"},{"taxonomy":"product_cat","embeddable":true,"href":"https:\/\/energizer.com\/eu\/switzerland_de\/wp-json\/wp\/v2\/product_cat?post=5237"},{"taxonomy":"product_tag","embeddable":true,"href":"https:\/\/energizer.com\/eu\/switzerland_de\/wp-json\/wp\/v2\/product_tag?post=5237"}],"curies":[{"name":"wp","href":"https:\/\/api.w.org\/{rel}","templated":true}]}}