{"id":5239,"date":"2024-05-21T19:19:53","date_gmt":"2024-05-21T19:19:53","guid":{"rendered":"https:\/\/23b13e8ab3.nxcli.io\/switzerland-german\/?post_type=product&#038;p=5239"},"modified":"2024-08-23T09:41:03","modified_gmt":"2024-08-23T09:41:03","slug":"energizer-touch-tech-keychain","status":"publish","type":"product","link":"https:\/\/energizer.com\/eu\/switzerland_de\/product\/energizer-touch-tech-keychain\/","title":{"rendered":"Energizer Touch Tech Keychain"},"content":{"rendered":"<ul>\n<li>Schalterloses Ein- und Ausschalten durch Ber\u00fchrung<\/li>\n<li>Konzipiert f\u00fcr maximalen Komfort &#8211; greifen Sie die Leuchte f\u00fcr sofortige Beleuchtung und lassen Sie sie los, um sie sanft auszuschalten<\/li>\n<li>Die kompakte Gr\u00f6\u00dfe macht sie zu einer praktischen Leuchte, die man immer dabei haben kann<\/li>\n<\/ul>\n","protected":false},"excerpt":{"rendered":"<p>Das Energizer Keychain Light mit Touch Tech Technologie kombiniert die neueste patentierte Technologie f\u00fcr eine einfache, intuitive Nutzung. Mit der schalterlosen Innovation von Touch Tech erhalten Benutzer sofortige Beleuchtung, indem sie die Leuchte einfach anfassen. Lassen Sie einfach den Griff los, wenn Sie fertig sind, und Touch Tech schaltet die Leuchte sanft aus. Touch Tech sorgt daf\u00fcr, dass die Leuchte nicht versehentlich eingeschaltet bleibt und verl\u00e4ngert die Lebensdauer der Batterie. Dank dieser Technologie ist diese Schl\u00fcsselbundleuchte sehr praktisch und einfach zu bedienen.<\/p>\n","protected":false},"featured_media":0,"comment_status":"open","ping_status":"closed","template":"","meta":{"_acf_changed":false},"product_brand":[],"product_cat":[97],"product_tag":[],"class_list":{"0":"post-5239","1":"product","2":"type-product","3":"status-publish","5":"product_cat-handheld","6":"pa_uses-everyday","8":"first","9":"instock","10":"shipping-taxable","11":"product-type-simple"},"acf":[],"yoast_head":"<!-- This site is optimized with the Yoast SEO plugin v27.4 - https:\/\/yoast.com\/product\/yoast-seo-wordpress\/ -->\n<title>Energizer Touch Tech Keychain - Switzerland German<\/title>\n<meta name=\"robots\" content=\"index, follow, max-snippet:-1, max-image-preview:large, max-video-preview:-1\" \/>\n<link rel=\"canonical\" href=\"https:\/\/energizer.com\/eu\/switzerland_de\/product\/energizer-touch-tech-keychain\/\" \/>\n<meta property=\"og:locale\" content=\"en_US\" \/>\n<meta property=\"og:type\" content=\"article\" \/>\n<meta property=\"og:title\" content=\"Energizer Touch Tech Keychain - Switzerland German\" \/>\n<meta property=\"og:description\" content=\"Das Energizer Keychain Light mit Touch Tech Technologie kombiniert die neueste patentierte Technologie f\u00fcr eine einfache, intuitive Nutzung. Mit der schalterlosen Innovation von Touch Tech erhalten Benutzer sofortige Beleuchtung, indem sie die Leuchte einfach anfassen. Lassen Sie einfach den Griff los, wenn Sie fertig sind, und Touch Tech schaltet die Leuchte sanft aus. Touch Tech sorgt daf\u00fcr, dass die Leuchte nicht versehentlich eingeschaltet bleibt und verl\u00e4ngert die Lebensdauer der Batterie. Dank dieser Technologie ist diese Schl\u00fcsselbundleuchte sehr praktisch und einfach zu bedienen.\" \/>\n<meta property=\"og:url\" content=\"https:\/\/energizer.com\/eu\/switzerland_de\/product\/energizer-touch-tech-keychain\/\" \/>\n<meta property=\"og:site_name\" content=\"Switzerland German\" \/>\n<meta property=\"article:modified_time\" content=\"2024-08-23T09:41:03+00:00\" \/>\n<meta name=\"twitter:card\" content=\"summary_large_image\" \/>\n<script type=\"application\/ld+json\" class=\"yoast-schema-graph\">{\"@context\":\"https:\\\/\\\/schema.org\",\"@graph\":[{\"@type\":\"WebPage\",\"@id\":\"https:\\\/\\\/energizer.com\\\/eu\\\/switzerland_de\\\/product\\\/energizer-touch-tech-keychain\\\/\",\"url\":\"https:\\\/\\\/energizer.com\\\/eu\\\/switzerland_de\\\/product\\\/energizer-touch-tech-keychain\\\/\",\"name\":\"Energizer Touch Tech Keychain - Switzerland German\",\"isPartOf\":{\"@id\":\"https:\\\/\\\/energizer.com\\\/eu\\\/switzerland_de\\\/#website\"},\"datePublished\":\"2024-05-21T19:19:53+00:00\",\"dateModified\":\"2024-08-23T09:41:03+00:00\",\"breadcrumb\":{\"@id\":\"https:\\\/\\\/energizer.com\\\/eu\\\/switzerland_de\\\/product\\\/energizer-touch-tech-keychain\\\/#breadcrumb\"},\"inLanguage\":\"en-US\",\"potentialAction\":[{\"@type\":\"ReadAction\",\"target\":[\"https:\\\/\\\/energizer.com\\\/eu\\\/switzerland_de\\\/product\\\/energizer-touch-tech-keychain\\\/\"]}]},{\"@type\":\"BreadcrumbList\",\"@id\":\"https:\\\/\\\/energizer.com\\\/eu\\\/switzerland_de\\\/product\\\/energizer-touch-tech-keychain\\\/#breadcrumb\",\"itemListElement\":[{\"@type\":\"ListItem\",\"position\":1,\"name\":\"Home\",\"item\":\"https:\\\/\\\/energizer.com\\\/eu\\\/switzerland_de\\\/\"},{\"@type\":\"ListItem\",\"position\":2,\"name\":\"Energizer Touch Tech Keychain\"}]},{\"@type\":\"WebSite\",\"@id\":\"https:\\\/\\\/energizer.com\\\/eu\\\/switzerland_de\\\/#website\",\"url\":\"https:\\\/\\\/energizer.com\\\/eu\\\/switzerland_de\\\/\",\"name\":\"Energizer Switzerland (DE)\",\"description\":\"\",\"publisher\":{\"@id\":\"https:\\\/\\\/energizer.com\\\/eu\\\/switzerland_de\\\/#organization\"},\"potentialAction\":[{\"@type\":\"SearchAction\",\"target\":{\"@type\":\"EntryPoint\",\"urlTemplate\":\"https:\\\/\\\/energizer.com\\\/eu\\\/switzerland_de\\\/?s={search_term_string}\"},\"query-input\":{\"@type\":\"PropertyValueSpecification\",\"valueRequired\":true,\"valueName\":\"search_term_string\"}}],\"inLanguage\":\"en-US\"},{\"@type\":\"Organization\",\"@id\":\"https:\\\/\\\/energizer.com\\\/eu\\\/switzerland_de\\\/#organization\",\"name\":\"Energizer Switzerland (DE)\",\"url\":\"https:\\\/\\\/energizer.com\\\/eu\\\/switzerland_de\\\/\",\"logo\":{\"@type\":\"ImageObject\",\"inLanguage\":\"en-US\",\"@id\":\"https:\\\/\\\/energizer.com\\\/eu\\\/switzerland_de\\\/#\\\/schema\\\/logo\\\/image\\\/\",\"url\":\"https:\\\/\\\/energizer.com\\\/eu\\\/switzerland_de\\\/wp-content\\\/uploads\\\/sites\\\/55\\\/2024\\\/04\\\/Energizer_brand.png\",\"contentUrl\":\"https:\\\/\\\/energizer.com\\\/eu\\\/switzerland_de\\\/wp-content\\\/uploads\\\/sites\\\/55\\\/2024\\\/04\\\/Energizer_brand.png\",\"width\":267,\"height\":100,\"caption\":\"Energizer Switzerland (DE)\"},\"image\":{\"@id\":\"https:\\\/\\\/energizer.com\\\/eu\\\/switzerland_de\\\/#\\\/schema\\\/logo\\\/image\\\/\"}}]}<\/script>\n<!-- \/ Yoast SEO plugin. -->","yoast_head_json":{"title":"Energizer Touch Tech Keychain - Switzerland German","robots":{"index":"index","follow":"follow","max-snippet":"max-snippet:-1","max-image-preview":"max-image-preview:large","max-video-preview":"max-video-preview:-1"},"canonical":"https:\/\/energizer.com\/eu\/switzerland_de\/product\/energizer-touch-tech-keychain\/","og_locale":"en_US","og_type":"article","og_title":"Energizer Touch Tech Keychain - Switzerland German","og_description":"Das Energizer Keychain Light mit Touch Tech Technologie kombiniert die neueste patentierte Technologie f\u00fcr eine einfache, intuitive Nutzung. Mit der schalterlosen Innovation von Touch Tech erhalten Benutzer sofortige Beleuchtung, indem sie die Leuchte einfach anfassen. Lassen Sie einfach den Griff los, wenn Sie fertig sind, und Touch Tech schaltet die Leuchte sanft aus. Touch Tech sorgt daf\u00fcr, dass die Leuchte nicht versehentlich eingeschaltet bleibt und verl\u00e4ngert die Lebensdauer der Batterie. Dank dieser Technologie ist diese Schl\u00fcsselbundleuchte sehr praktisch und einfach zu bedienen.","og_url":"https:\/\/energizer.com\/eu\/switzerland_de\/product\/energizer-touch-tech-keychain\/","og_site_name":"Switzerland German","article_modified_time":"2024-08-23T09:41:03+00:00","twitter_card":"summary_large_image","schema":{"@context":"https:\/\/schema.org","@graph":[{"@type":"WebPage","@id":"https:\/\/energizer.com\/eu\/switzerland_de\/product\/energizer-touch-tech-keychain\/","url":"https:\/\/energizer.com\/eu\/switzerland_de\/product\/energizer-touch-tech-keychain\/","name":"Energizer Touch Tech Keychain - Switzerland German","isPartOf":{"@id":"https:\/\/energizer.com\/eu\/switzerland_de\/#website"},"datePublished":"2024-05-21T19:19:53+00:00","dateModified":"2024-08-23T09:41:03+00:00","breadcrumb":{"@id":"https:\/\/energizer.com\/eu\/switzerland_de\/product\/energizer-touch-tech-keychain\/#breadcrumb"},"inLanguage":"en-US","potentialAction":[{"@type":"ReadAction","target":["https:\/\/energizer.com\/eu\/switzerland_de\/product\/energizer-touch-tech-keychain\/"]}]},{"@type":"BreadcrumbList","@id":"https:\/\/energizer.com\/eu\/switzerland_de\/product\/energizer-touch-tech-keychain\/#breadcrumb","itemListElement":[{"@type":"ListItem","position":1,"name":"Home","item":"https:\/\/energizer.com\/eu\/switzerland_de\/"},{"@type":"ListItem","position":2,"name":"Energizer Touch Tech Keychain"}]},{"@type":"WebSite","@id":"https:\/\/energizer.com\/eu\/switzerland_de\/#website","url":"https:\/\/energizer.com\/eu\/switzerland_de\/","name":"Energizer Switzerland (DE)","description":"","publisher":{"@id":"https:\/\/energizer.com\/eu\/switzerland_de\/#organization"},"potentialAction":[{"@type":"SearchAction","target":{"@type":"EntryPoint","urlTemplate":"https:\/\/energizer.com\/eu\/switzerland_de\/?s={search_term_string}"},"query-input":{"@type":"PropertyValueSpecification","valueRequired":true,"valueName":"search_term_string"}}],"inLanguage":"en-US"},{"@type":"Organization","@id":"https:\/\/energizer.com\/eu\/switzerland_de\/#organization","name":"Energizer Switzerland (DE)","url":"https:\/\/energizer.com\/eu\/switzerland_de\/","logo":{"@type":"ImageObject","inLanguage":"en-US","@id":"https:\/\/energizer.com\/eu\/switzerland_de\/#\/schema\/logo\/image\/","url":"https:\/\/energizer.com\/eu\/switzerland_de\/wp-content\/uploads\/sites\/55\/2024\/04\/Energizer_brand.png","contentUrl":"https:\/\/energizer.com\/eu\/switzerland_de\/wp-content\/uploads\/sites\/55\/2024\/04\/Energizer_brand.png","width":267,"height":100,"caption":"Energizer Switzerland (DE)"},"image":{"@id":"https:\/\/energizer.com\/eu\/switzerland_de\/#\/schema\/logo\/image\/"}}]}},"_links":{"self":[{"href":"https:\/\/energizer.com\/eu\/switzerland_de\/wp-json\/wp\/v2\/product\/5239","targetHints":{"allow":["GET"]}}],"collection":[{"href":"https:\/\/energizer.com\/eu\/switzerland_de\/wp-json\/wp\/v2\/product"}],"about":[{"href":"https:\/\/energizer.com\/eu\/switzerland_de\/wp-json\/wp\/v2\/types\/product"}],"replies":[{"embeddable":true,"href":"https:\/\/energizer.com\/eu\/switzerland_de\/wp-json\/wp\/v2\/comments?post=5239"}],"version-history":[{"count":2,"href":"https:\/\/energizer.com\/eu\/switzerland_de\/wp-json\/wp\/v2\/product\/5239\/revisions"}],"predecessor-version":[{"id":7881,"href":"https:\/\/energizer.com\/eu\/switzerland_de\/wp-json\/wp\/v2\/product\/5239\/revisions\/7881"}],"wp:attachment":[{"href":"https:\/\/energizer.com\/eu\/switzerland_de\/wp-json\/wp\/v2\/media?parent=5239"}],"wp:term":[{"taxonomy":"product_brand","embeddable":true,"href":"https:\/\/energizer.com\/eu\/switzerland_de\/wp-json\/wp\/v2\/product_brand?post=5239"},{"taxonomy":"product_cat","embeddable":true,"href":"https:\/\/energizer.com\/eu\/switzerland_de\/wp-json\/wp\/v2\/product_cat?post=5239"},{"taxonomy":"product_tag","embeddable":true,"href":"https:\/\/energizer.com\/eu\/switzerland_de\/wp-json\/wp\/v2\/product_tag?post=5239"}],"curies":[{"name":"wp","href":"https:\/\/api.w.org\/{rel}","templated":true}]}}