{"id":5241,"date":"2024-05-21T19:22:49","date_gmt":"2024-05-21T19:22:49","guid":{"rendered":"https:\/\/23b13e8ab3.nxcli.io\/switzerland-german\/?post_type=product&#038;p=5241"},"modified":"2024-08-23T09:40:57","modified_gmt":"2024-08-23T09:40:57","slug":"energizer-atex-2d","status":"publish","type":"product","link":"https:\/\/energizer.com\/eu\/switzerland_de\/product\/energizer-atex-2d\/","title":{"rendered":"Energizer ATEX 2D"},"content":{"rendered":"<ul>\n<li>Eigensicheres (ATEX) Handger\u00e4t<\/li>\n<li>Betriebsbereich -20\u00b0C bis 40\u00b0C Umgebungstemperatur<\/li>\n<li>Division I, Klasse I, II und III<\/li>\n<li>IECEx ist eigensicher<\/li>\n<li>EN60529 Schutzart IP67<\/li>\n<li>Geripptes Geh\u00e4use f\u00fcr einen sicheren Griff<\/li>\n<li>Getestet nach dem ANSI FL 1 Standard mit Energizer MAX Batterie<\/li>\n<\/ul>\n","protected":false},"excerpt":{"rendered":"<p>Die Energizer Intrinsically Safe Atex LED-Taschenlampe ist von weltweiten Sicherheitsbeh\u00f6rden zugelassen und kann unter den h\u00e4rtesten Bedingungen eingesetzt werden. Diese Hochleistungslampe wurde speziell f\u00fcr die Industrie entwickelt und ist nach IP67 wasserdicht. Sie \u00fcbersteht St\u00fcrze aus bis zu 1 Meter H\u00f6he. Die Lanyard-Schlaufe sorgt f\u00fcr die Sicherheit des Benutzers und erm\u00f6glicht einen einfachen Zugriff bei der Arbeit, w\u00e4hrend die orangefarbene Sicherheitsfarbe f\u00fcr eine sofortige Erkennung sorgt. Die LED-Technologie liefert eine gleichm\u00e4\u00dfige Beleuchtung von bis zu 150 Lumen f\u00fcr eine lange Betriebsdauer von 40 Stunden, damit Sie l\u00e4nger aktiv bleiben.<\/p>\n","protected":false},"featured_media":0,"comment_status":"open","ping_status":"closed","template":"","meta":{"_acf_changed":false},"product_brand":[],"product_cat":[97],"product_tag":[],"class_list":{"0":"post-5241","1":"product","2":"type-product","3":"status-publish","5":"product_cat-handheld","6":"pa_uses-everyday","8":"first","9":"instock","10":"shipping-taxable","11":"product-type-simple"},"acf":[],"yoast_head":"<!-- This site is optimized with the Yoast SEO plugin v27.4 - https:\/\/yoast.com\/product\/yoast-seo-wordpress\/ -->\n<title>Energizer ATEX 2D - Switzerland German<\/title>\n<meta name=\"robots\" content=\"index, follow, max-snippet:-1, max-image-preview:large, max-video-preview:-1\" \/>\n<link rel=\"canonical\" href=\"https:\/\/energizer.com\/eu\/switzerland_de\/product\/energizer-atex-2d\/\" \/>\n<meta property=\"og:locale\" content=\"en_US\" \/>\n<meta property=\"og:type\" content=\"article\" \/>\n<meta property=\"og:title\" content=\"Energizer ATEX 2D - Switzerland German\" \/>\n<meta property=\"og:description\" content=\"Die Energizer Intrinsically Safe Atex LED-Taschenlampe ist von weltweiten Sicherheitsbeh\u00f6rden zugelassen und kann unter den h\u00e4rtesten Bedingungen eingesetzt werden. Diese Hochleistungslampe wurde speziell f\u00fcr die Industrie entwickelt und ist nach IP67 wasserdicht. Sie \u00fcbersteht St\u00fcrze aus bis zu 1 Meter H\u00f6he. Die Lanyard-Schlaufe sorgt f\u00fcr die Sicherheit des Benutzers und erm\u00f6glicht einen einfachen Zugriff bei der Arbeit, w\u00e4hrend die orangefarbene Sicherheitsfarbe f\u00fcr eine sofortige Erkennung sorgt. Die LED-Technologie liefert eine gleichm\u00e4\u00dfige Beleuchtung von bis zu 150 Lumen f\u00fcr eine lange Betriebsdauer von 40 Stunden, damit Sie l\u00e4nger aktiv bleiben.\" \/>\n<meta property=\"og:url\" content=\"https:\/\/energizer.com\/eu\/switzerland_de\/product\/energizer-atex-2d\/\" \/>\n<meta property=\"og:site_name\" content=\"Switzerland German\" \/>\n<meta property=\"article:modified_time\" content=\"2024-08-23T09:40:57+00:00\" \/>\n<meta name=\"twitter:card\" content=\"summary_large_image\" \/>\n<script type=\"application\/ld+json\" class=\"yoast-schema-graph\">{\"@context\":\"https:\\\/\\\/schema.org\",\"@graph\":[{\"@type\":\"WebPage\",\"@id\":\"https:\\\/\\\/energizer.com\\\/eu\\\/switzerland_de\\\/product\\\/energizer-atex-2d\\\/\",\"url\":\"https:\\\/\\\/energizer.com\\\/eu\\\/switzerland_de\\\/product\\\/energizer-atex-2d\\\/\",\"name\":\"Energizer ATEX 2D - Switzerland German\",\"isPartOf\":{\"@id\":\"https:\\\/\\\/energizer.com\\\/eu\\\/switzerland_de\\\/#website\"},\"datePublished\":\"2024-05-21T19:22:49+00:00\",\"dateModified\":\"2024-08-23T09:40:57+00:00\",\"breadcrumb\":{\"@id\":\"https:\\\/\\\/energizer.com\\\/eu\\\/switzerland_de\\\/product\\\/energizer-atex-2d\\\/#breadcrumb\"},\"inLanguage\":\"en-US\",\"potentialAction\":[{\"@type\":\"ReadAction\",\"target\":[\"https:\\\/\\\/energizer.com\\\/eu\\\/switzerland_de\\\/product\\\/energizer-atex-2d\\\/\"]}]},{\"@type\":\"BreadcrumbList\",\"@id\":\"https:\\\/\\\/energizer.com\\\/eu\\\/switzerland_de\\\/product\\\/energizer-atex-2d\\\/#breadcrumb\",\"itemListElement\":[{\"@type\":\"ListItem\",\"position\":1,\"name\":\"Home\",\"item\":\"https:\\\/\\\/energizer.com\\\/eu\\\/switzerland_de\\\/\"},{\"@type\":\"ListItem\",\"position\":2,\"name\":\"Energizer ATEX 2D\"}]},{\"@type\":\"WebSite\",\"@id\":\"https:\\\/\\\/energizer.com\\\/eu\\\/switzerland_de\\\/#website\",\"url\":\"https:\\\/\\\/energizer.com\\\/eu\\\/switzerland_de\\\/\",\"name\":\"Energizer Switzerland (DE)\",\"description\":\"\",\"publisher\":{\"@id\":\"https:\\\/\\\/energizer.com\\\/eu\\\/switzerland_de\\\/#organization\"},\"potentialAction\":[{\"@type\":\"SearchAction\",\"target\":{\"@type\":\"EntryPoint\",\"urlTemplate\":\"https:\\\/\\\/energizer.com\\\/eu\\\/switzerland_de\\\/?s={search_term_string}\"},\"query-input\":{\"@type\":\"PropertyValueSpecification\",\"valueRequired\":true,\"valueName\":\"search_term_string\"}}],\"inLanguage\":\"en-US\"},{\"@type\":\"Organization\",\"@id\":\"https:\\\/\\\/energizer.com\\\/eu\\\/switzerland_de\\\/#organization\",\"name\":\"Energizer Switzerland (DE)\",\"url\":\"https:\\\/\\\/energizer.com\\\/eu\\\/switzerland_de\\\/\",\"logo\":{\"@type\":\"ImageObject\",\"inLanguage\":\"en-US\",\"@id\":\"https:\\\/\\\/energizer.com\\\/eu\\\/switzerland_de\\\/#\\\/schema\\\/logo\\\/image\\\/\",\"url\":\"https:\\\/\\\/energizer.com\\\/eu\\\/switzerland_de\\\/wp-content\\\/uploads\\\/sites\\\/55\\\/2024\\\/04\\\/Energizer_brand.png\",\"contentUrl\":\"https:\\\/\\\/energizer.com\\\/eu\\\/switzerland_de\\\/wp-content\\\/uploads\\\/sites\\\/55\\\/2024\\\/04\\\/Energizer_brand.png\",\"width\":267,\"height\":100,\"caption\":\"Energizer Switzerland (DE)\"},\"image\":{\"@id\":\"https:\\\/\\\/energizer.com\\\/eu\\\/switzerland_de\\\/#\\\/schema\\\/logo\\\/image\\\/\"}}]}<\/script>\n<!-- \/ Yoast SEO plugin. -->","yoast_head_json":{"title":"Energizer ATEX 2D - Switzerland German","robots":{"index":"index","follow":"follow","max-snippet":"max-snippet:-1","max-image-preview":"max-image-preview:large","max-video-preview":"max-video-preview:-1"},"canonical":"https:\/\/energizer.com\/eu\/switzerland_de\/product\/energizer-atex-2d\/","og_locale":"en_US","og_type":"article","og_title":"Energizer ATEX 2D - Switzerland German","og_description":"Die Energizer Intrinsically Safe Atex LED-Taschenlampe ist von weltweiten Sicherheitsbeh\u00f6rden zugelassen und kann unter den h\u00e4rtesten Bedingungen eingesetzt werden. Diese Hochleistungslampe wurde speziell f\u00fcr die Industrie entwickelt und ist nach IP67 wasserdicht. Sie \u00fcbersteht St\u00fcrze aus bis zu 1 Meter H\u00f6he. Die Lanyard-Schlaufe sorgt f\u00fcr die Sicherheit des Benutzers und erm\u00f6glicht einen einfachen Zugriff bei der Arbeit, w\u00e4hrend die orangefarbene Sicherheitsfarbe f\u00fcr eine sofortige Erkennung sorgt. Die LED-Technologie liefert eine gleichm\u00e4\u00dfige Beleuchtung von bis zu 150 Lumen f\u00fcr eine lange Betriebsdauer von 40 Stunden, damit Sie l\u00e4nger aktiv bleiben.","og_url":"https:\/\/energizer.com\/eu\/switzerland_de\/product\/energizer-atex-2d\/","og_site_name":"Switzerland German","article_modified_time":"2024-08-23T09:40:57+00:00","twitter_card":"summary_large_image","schema":{"@context":"https:\/\/schema.org","@graph":[{"@type":"WebPage","@id":"https:\/\/energizer.com\/eu\/switzerland_de\/product\/energizer-atex-2d\/","url":"https:\/\/energizer.com\/eu\/switzerland_de\/product\/energizer-atex-2d\/","name":"Energizer ATEX 2D - Switzerland German","isPartOf":{"@id":"https:\/\/energizer.com\/eu\/switzerland_de\/#website"},"datePublished":"2024-05-21T19:22:49+00:00","dateModified":"2024-08-23T09:40:57+00:00","breadcrumb":{"@id":"https:\/\/energizer.com\/eu\/switzerland_de\/product\/energizer-atex-2d\/#breadcrumb"},"inLanguage":"en-US","potentialAction":[{"@type":"ReadAction","target":["https:\/\/energizer.com\/eu\/switzerland_de\/product\/energizer-atex-2d\/"]}]},{"@type":"BreadcrumbList","@id":"https:\/\/energizer.com\/eu\/switzerland_de\/product\/energizer-atex-2d\/#breadcrumb","itemListElement":[{"@type":"ListItem","position":1,"name":"Home","item":"https:\/\/energizer.com\/eu\/switzerland_de\/"},{"@type":"ListItem","position":2,"name":"Energizer ATEX 2D"}]},{"@type":"WebSite","@id":"https:\/\/energizer.com\/eu\/switzerland_de\/#website","url":"https:\/\/energizer.com\/eu\/switzerland_de\/","name":"Energizer Switzerland (DE)","description":"","publisher":{"@id":"https:\/\/energizer.com\/eu\/switzerland_de\/#organization"},"potentialAction":[{"@type":"SearchAction","target":{"@type":"EntryPoint","urlTemplate":"https:\/\/energizer.com\/eu\/switzerland_de\/?s={search_term_string}"},"query-input":{"@type":"PropertyValueSpecification","valueRequired":true,"valueName":"search_term_string"}}],"inLanguage":"en-US"},{"@type":"Organization","@id":"https:\/\/energizer.com\/eu\/switzerland_de\/#organization","name":"Energizer Switzerland (DE)","url":"https:\/\/energizer.com\/eu\/switzerland_de\/","logo":{"@type":"ImageObject","inLanguage":"en-US","@id":"https:\/\/energizer.com\/eu\/switzerland_de\/#\/schema\/logo\/image\/","url":"https:\/\/energizer.com\/eu\/switzerland_de\/wp-content\/uploads\/sites\/55\/2024\/04\/Energizer_brand.png","contentUrl":"https:\/\/energizer.com\/eu\/switzerland_de\/wp-content\/uploads\/sites\/55\/2024\/04\/Energizer_brand.png","width":267,"height":100,"caption":"Energizer Switzerland (DE)"},"image":{"@id":"https:\/\/energizer.com\/eu\/switzerland_de\/#\/schema\/logo\/image\/"}}]}},"_links":{"self":[{"href":"https:\/\/energizer.com\/eu\/switzerland_de\/wp-json\/wp\/v2\/product\/5241","targetHints":{"allow":["GET"]}}],"collection":[{"href":"https:\/\/energizer.com\/eu\/switzerland_de\/wp-json\/wp\/v2\/product"}],"about":[{"href":"https:\/\/energizer.com\/eu\/switzerland_de\/wp-json\/wp\/v2\/types\/product"}],"replies":[{"embeddable":true,"href":"https:\/\/energizer.com\/eu\/switzerland_de\/wp-json\/wp\/v2\/comments?post=5241"}],"version-history":[{"count":4,"href":"https:\/\/energizer.com\/eu\/switzerland_de\/wp-json\/wp\/v2\/product\/5241\/revisions"}],"predecessor-version":[{"id":9069,"href":"https:\/\/energizer.com\/eu\/switzerland_de\/wp-json\/wp\/v2\/product\/5241\/revisions\/9069"}],"wp:attachment":[{"href":"https:\/\/energizer.com\/eu\/switzerland_de\/wp-json\/wp\/v2\/media?parent=5241"}],"wp:term":[{"taxonomy":"product_brand","embeddable":true,"href":"https:\/\/energizer.com\/eu\/switzerland_de\/wp-json\/wp\/v2\/product_brand?post=5241"},{"taxonomy":"product_cat","embeddable":true,"href":"https:\/\/energizer.com\/eu\/switzerland_de\/wp-json\/wp\/v2\/product_cat?post=5241"},{"taxonomy":"product_tag","embeddable":true,"href":"https:\/\/energizer.com\/eu\/switzerland_de\/wp-json\/wp\/v2\/product_tag?post=5241"}],"curies":[{"name":"wp","href":"https:\/\/api.w.org\/{rel}","templated":true}]}}