{"id":5245,"date":"2024-05-21T19:26:15","date_gmt":"2024-05-21T19:26:15","guid":{"rendered":"https:\/\/23b13e8ab3.nxcli.io\/switzerland-german\/?post_type=product&#038;p=5245"},"modified":"2024-08-23T09:39:47","modified_gmt":"2024-08-23T09:39:47","slug":"energizer-compact-sport-led-headlamp","status":"publish","type":"product","link":"https:\/\/energizer.com\/eu\/switzerland_de\/product\/energizer-compact-sport-led-headlamp\/","title":{"rendered":"Energizer Compact Sport LED Headlamp"},"content":{"rendered":"<ul>\n<li>Energizer Compact Sport LED-Stirnlampe wird mit 2 AAA-Batterien geliefert<\/li>\n<li>Beleuchten Sie Ihren Lauf mit bis zu 125 Lumen Helligkeit (im hohen Modus)<\/li>\n<li>Speziell angefertigtes Sport-Stirnband bietet au\u00dfergew\u00f6hnlichen Komfort&#8230; und ist waschbar f\u00fcr einfache Wiederverwendung<\/li>\n<li>Schaltet zwischen 2 Lichtmodi f\u00fcr den optimalen Einsatz im Freien um: hoch und niedrig<\/li>\n<li>Joggen oder wandern Sie so lange Sie wollen mit einer Laufzeit von 7 Stunden (im hohen Modus)<\/li>\n<li>Mit ihrem breiten Lichtkegel ideal zum Laufen<\/li>\n<\/ul>\n","protected":false},"excerpt":{"rendered":"<p>F\u00fchlen Sie sich beim Joggen und Wandern in der Dunkelheit sicher: Die Energizer Compact Sport LED-Stirnlampe zeigt Ihnen den Weg mit einem einfach zu bedienenden Licht. Setzen Sie die Stirnlampe einfach auf und laufen Sie los. Bis zu 100 Lumen Helligkeit (im High-Modus) leuchten Ihnen den Weg. Ihr Komfort ist dank des einzigartigen Sportstirnbands garantiert, das auch bei l\u00e4ngeren Trainingseinheiten nicht verrutscht. Diese Stirnlampe ist auch ideal, wenn Sie auf einen Stromausfall warten oder sogar f\u00fcr Aktivit\u00e4ten im Nahbereich wie Heimwerkerprojekte. Bleiben Sie sportlich und sicher mit der Energizer Compact Sport LED-Stirnlampe.<\/p>\n","protected":false},"featured_media":0,"comment_status":"open","ping_status":"closed","template":"","meta":{"_acf_changed":false},"product_brand":[],"product_cat":[43],"product_tag":[],"class_list":{"0":"post-5245","1":"product","2":"type-product","3":"status-publish","5":"product_cat-hands-free","6":"pa_uses-everyday","8":"first","9":"instock","10":"shipping-taxable","11":"product-type-simple"},"acf":[],"yoast_head":"<!-- This site is optimized with the Yoast SEO plugin v27.4 - https:\/\/yoast.com\/product\/yoast-seo-wordpress\/ -->\n<title>Energizer Compact Sport LED Headlamp - Switzerland German<\/title>\n<meta name=\"robots\" content=\"index, follow, max-snippet:-1, max-image-preview:large, max-video-preview:-1\" \/>\n<link rel=\"canonical\" href=\"https:\/\/energizer.com\/eu\/switzerland_de\/product\/energizer-compact-sport-led-headlamp\/\" \/>\n<meta property=\"og:locale\" content=\"en_US\" \/>\n<meta property=\"og:type\" content=\"article\" \/>\n<meta property=\"og:title\" content=\"Energizer Compact Sport LED Headlamp - Switzerland German\" \/>\n<meta property=\"og:description\" content=\"F\u00fchlen Sie sich beim Joggen und Wandern in der Dunkelheit sicher: Die Energizer Compact Sport LED-Stirnlampe zeigt Ihnen den Weg mit einem einfach zu bedienenden Licht. Setzen Sie die Stirnlampe einfach auf und laufen Sie los. Bis zu 100 Lumen Helligkeit (im High-Modus) leuchten Ihnen den Weg. Ihr Komfort ist dank des einzigartigen Sportstirnbands garantiert, das auch bei l\u00e4ngeren Trainingseinheiten nicht verrutscht. Diese Stirnlampe ist auch ideal, wenn Sie auf einen Stromausfall warten oder sogar f\u00fcr Aktivit\u00e4ten im Nahbereich wie Heimwerkerprojekte. Bleiben Sie sportlich und sicher mit der Energizer Compact Sport LED-Stirnlampe.\" \/>\n<meta property=\"og:url\" content=\"https:\/\/energizer.com\/eu\/switzerland_de\/product\/energizer-compact-sport-led-headlamp\/\" \/>\n<meta property=\"og:site_name\" content=\"Switzerland German\" \/>\n<meta property=\"article:modified_time\" content=\"2024-08-23T09:39:47+00:00\" \/>\n<meta name=\"twitter:card\" content=\"summary_large_image\" \/>\n<script type=\"application\/ld+json\" class=\"yoast-schema-graph\">{\"@context\":\"https:\\\/\\\/schema.org\",\"@graph\":[{\"@type\":\"WebPage\",\"@id\":\"https:\\\/\\\/energizer.com\\\/eu\\\/switzerland_de\\\/product\\\/energizer-compact-sport-led-headlamp\\\/\",\"url\":\"https:\\\/\\\/energizer.com\\\/eu\\\/switzerland_de\\\/product\\\/energizer-compact-sport-led-headlamp\\\/\",\"name\":\"Energizer Compact Sport LED Headlamp - Switzerland German\",\"isPartOf\":{\"@id\":\"https:\\\/\\\/energizer.com\\\/eu\\\/switzerland_de\\\/#website\"},\"datePublished\":\"2024-05-21T19:26:15+00:00\",\"dateModified\":\"2024-08-23T09:39:47+00:00\",\"breadcrumb\":{\"@id\":\"https:\\\/\\\/energizer.com\\\/eu\\\/switzerland_de\\\/product\\\/energizer-compact-sport-led-headlamp\\\/#breadcrumb\"},\"inLanguage\":\"en-US\",\"potentialAction\":[{\"@type\":\"ReadAction\",\"target\":[\"https:\\\/\\\/energizer.com\\\/eu\\\/switzerland_de\\\/product\\\/energizer-compact-sport-led-headlamp\\\/\"]}]},{\"@type\":\"BreadcrumbList\",\"@id\":\"https:\\\/\\\/energizer.com\\\/eu\\\/switzerland_de\\\/product\\\/energizer-compact-sport-led-headlamp\\\/#breadcrumb\",\"itemListElement\":[{\"@type\":\"ListItem\",\"position\":1,\"name\":\"Home\",\"item\":\"https:\\\/\\\/energizer.com\\\/eu\\\/switzerland_de\\\/\"},{\"@type\":\"ListItem\",\"position\":2,\"name\":\"Energizer Compact Sport LED Headlamp\"}]},{\"@type\":\"WebSite\",\"@id\":\"https:\\\/\\\/energizer.com\\\/eu\\\/switzerland_de\\\/#website\",\"url\":\"https:\\\/\\\/energizer.com\\\/eu\\\/switzerland_de\\\/\",\"name\":\"Energizer Switzerland (DE)\",\"description\":\"\",\"publisher\":{\"@id\":\"https:\\\/\\\/energizer.com\\\/eu\\\/switzerland_de\\\/#organization\"},\"potentialAction\":[{\"@type\":\"SearchAction\",\"target\":{\"@type\":\"EntryPoint\",\"urlTemplate\":\"https:\\\/\\\/energizer.com\\\/eu\\\/switzerland_de\\\/?s={search_term_string}\"},\"query-input\":{\"@type\":\"PropertyValueSpecification\",\"valueRequired\":true,\"valueName\":\"search_term_string\"}}],\"inLanguage\":\"en-US\"},{\"@type\":\"Organization\",\"@id\":\"https:\\\/\\\/energizer.com\\\/eu\\\/switzerland_de\\\/#organization\",\"name\":\"Energizer Switzerland (DE)\",\"url\":\"https:\\\/\\\/energizer.com\\\/eu\\\/switzerland_de\\\/\",\"logo\":{\"@type\":\"ImageObject\",\"inLanguage\":\"en-US\",\"@id\":\"https:\\\/\\\/energizer.com\\\/eu\\\/switzerland_de\\\/#\\\/schema\\\/logo\\\/image\\\/\",\"url\":\"https:\\\/\\\/energizer.com\\\/eu\\\/switzerland_de\\\/wp-content\\\/uploads\\\/sites\\\/55\\\/2024\\\/04\\\/Energizer_brand.png\",\"contentUrl\":\"https:\\\/\\\/energizer.com\\\/eu\\\/switzerland_de\\\/wp-content\\\/uploads\\\/sites\\\/55\\\/2024\\\/04\\\/Energizer_brand.png\",\"width\":267,\"height\":100,\"caption\":\"Energizer Switzerland (DE)\"},\"image\":{\"@id\":\"https:\\\/\\\/energizer.com\\\/eu\\\/switzerland_de\\\/#\\\/schema\\\/logo\\\/image\\\/\"}}]}<\/script>\n<!-- \/ Yoast SEO plugin. -->","yoast_head_json":{"title":"Energizer Compact Sport LED Headlamp - Switzerland German","robots":{"index":"index","follow":"follow","max-snippet":"max-snippet:-1","max-image-preview":"max-image-preview:large","max-video-preview":"max-video-preview:-1"},"canonical":"https:\/\/energizer.com\/eu\/switzerland_de\/product\/energizer-compact-sport-led-headlamp\/","og_locale":"en_US","og_type":"article","og_title":"Energizer Compact Sport LED Headlamp - Switzerland German","og_description":"F\u00fchlen Sie sich beim Joggen und Wandern in der Dunkelheit sicher: Die Energizer Compact Sport LED-Stirnlampe zeigt Ihnen den Weg mit einem einfach zu bedienenden Licht. Setzen Sie die Stirnlampe einfach auf und laufen Sie los. Bis zu 100 Lumen Helligkeit (im High-Modus) leuchten Ihnen den Weg. Ihr Komfort ist dank des einzigartigen Sportstirnbands garantiert, das auch bei l\u00e4ngeren Trainingseinheiten nicht verrutscht. Diese Stirnlampe ist auch ideal, wenn Sie auf einen Stromausfall warten oder sogar f\u00fcr Aktivit\u00e4ten im Nahbereich wie Heimwerkerprojekte. Bleiben Sie sportlich und sicher mit der Energizer Compact Sport LED-Stirnlampe.","og_url":"https:\/\/energizer.com\/eu\/switzerland_de\/product\/energizer-compact-sport-led-headlamp\/","og_site_name":"Switzerland German","article_modified_time":"2024-08-23T09:39:47+00:00","twitter_card":"summary_large_image","schema":{"@context":"https:\/\/schema.org","@graph":[{"@type":"WebPage","@id":"https:\/\/energizer.com\/eu\/switzerland_de\/product\/energizer-compact-sport-led-headlamp\/","url":"https:\/\/energizer.com\/eu\/switzerland_de\/product\/energizer-compact-sport-led-headlamp\/","name":"Energizer Compact Sport LED Headlamp - Switzerland German","isPartOf":{"@id":"https:\/\/energizer.com\/eu\/switzerland_de\/#website"},"datePublished":"2024-05-21T19:26:15+00:00","dateModified":"2024-08-23T09:39:47+00:00","breadcrumb":{"@id":"https:\/\/energizer.com\/eu\/switzerland_de\/product\/energizer-compact-sport-led-headlamp\/#breadcrumb"},"inLanguage":"en-US","potentialAction":[{"@type":"ReadAction","target":["https:\/\/energizer.com\/eu\/switzerland_de\/product\/energizer-compact-sport-led-headlamp\/"]}]},{"@type":"BreadcrumbList","@id":"https:\/\/energizer.com\/eu\/switzerland_de\/product\/energizer-compact-sport-led-headlamp\/#breadcrumb","itemListElement":[{"@type":"ListItem","position":1,"name":"Home","item":"https:\/\/energizer.com\/eu\/switzerland_de\/"},{"@type":"ListItem","position":2,"name":"Energizer Compact Sport LED Headlamp"}]},{"@type":"WebSite","@id":"https:\/\/energizer.com\/eu\/switzerland_de\/#website","url":"https:\/\/energizer.com\/eu\/switzerland_de\/","name":"Energizer Switzerland (DE)","description":"","publisher":{"@id":"https:\/\/energizer.com\/eu\/switzerland_de\/#organization"},"potentialAction":[{"@type":"SearchAction","target":{"@type":"EntryPoint","urlTemplate":"https:\/\/energizer.com\/eu\/switzerland_de\/?s={search_term_string}"},"query-input":{"@type":"PropertyValueSpecification","valueRequired":true,"valueName":"search_term_string"}}],"inLanguage":"en-US"},{"@type":"Organization","@id":"https:\/\/energizer.com\/eu\/switzerland_de\/#organization","name":"Energizer Switzerland (DE)","url":"https:\/\/energizer.com\/eu\/switzerland_de\/","logo":{"@type":"ImageObject","inLanguage":"en-US","@id":"https:\/\/energizer.com\/eu\/switzerland_de\/#\/schema\/logo\/image\/","url":"https:\/\/energizer.com\/eu\/switzerland_de\/wp-content\/uploads\/sites\/55\/2024\/04\/Energizer_brand.png","contentUrl":"https:\/\/energizer.com\/eu\/switzerland_de\/wp-content\/uploads\/sites\/55\/2024\/04\/Energizer_brand.png","width":267,"height":100,"caption":"Energizer Switzerland (DE)"},"image":{"@id":"https:\/\/energizer.com\/eu\/switzerland_de\/#\/schema\/logo\/image\/"}}]}},"_links":{"self":[{"href":"https:\/\/energizer.com\/eu\/switzerland_de\/wp-json\/wp\/v2\/product\/5245","targetHints":{"allow":["GET"]}}],"collection":[{"href":"https:\/\/energizer.com\/eu\/switzerland_de\/wp-json\/wp\/v2\/product"}],"about":[{"href":"https:\/\/energizer.com\/eu\/switzerland_de\/wp-json\/wp\/v2\/types\/product"}],"replies":[{"embeddable":true,"href":"https:\/\/energizer.com\/eu\/switzerland_de\/wp-json\/wp\/v2\/comments?post=5245"}],"version-history":[{"count":2,"href":"https:\/\/energizer.com\/eu\/switzerland_de\/wp-json\/wp\/v2\/product\/5245\/revisions"}],"predecessor-version":[{"id":7969,"href":"https:\/\/energizer.com\/eu\/switzerland_de\/wp-json\/wp\/v2\/product\/5245\/revisions\/7969"}],"wp:attachment":[{"href":"https:\/\/energizer.com\/eu\/switzerland_de\/wp-json\/wp\/v2\/media?parent=5245"}],"wp:term":[{"taxonomy":"product_brand","embeddable":true,"href":"https:\/\/energizer.com\/eu\/switzerland_de\/wp-json\/wp\/v2\/product_brand?post=5245"},{"taxonomy":"product_cat","embeddable":true,"href":"https:\/\/energizer.com\/eu\/switzerland_de\/wp-json\/wp\/v2\/product_cat?post=5245"},{"taxonomy":"product_tag","embeddable":true,"href":"https:\/\/energizer.com\/eu\/switzerland_de\/wp-json\/wp\/v2\/product_tag?post=5245"}],"curies":[{"name":"wp","href":"https:\/\/api.w.org\/{rel}","templated":true}]}}