{"id":5247,"date":"2024-05-21T19:28:16","date_gmt":"2024-05-21T19:28:16","guid":{"rendered":"https:\/\/23b13e8ab3.nxcli.io\/switzerland-german\/?post_type=product&#038;p=5247"},"modified":"2024-08-23T09:39:46","modified_gmt":"2024-08-23T09:39:46","slug":"energizer-led-clip-light","status":"publish","type":"product","link":"https:\/\/energizer.com\/eu\/switzerland_de\/product\/energizer-led-clip-light\/","title":{"rendered":"Energizer LED Clip Light"},"content":{"rendered":"<ul>\n<li>Energizer Wearable Light mit integriertem Clip und CR2032-Lithiumbatterien im Lieferumfang enthalten<\/li>\n<li>Leistungsstarkes Licht: Diese LED-Leuchte bietet au\u00dfergew\u00f6hnliche Helligkeit und hohe Leistung<\/li>\n<li>Freih\u00e4ndiges Licht: Diese einfach zu bedienende, kompakte Leuchte ist f\u00fcr Sie da, egal ob Sie beim Laufen, Wandern oder Lesen Licht brauchen<\/li>\n<li>Leichtes Gewicht: Das kompakte Design der Energizer LED-Clip-Lampe mit integriertem Clip erm\u00f6glicht es Ihnen, sie einfach mitzunehmen<\/li>\n<li>Vielseitig einsetzbar: Perfekt zum Anklipsen an die Kleidung, die Tasche, den Rucksack oder eine beliebige andere Oberfl\u00e4che<\/li>\n<li>Langlebige Konstruktion: Die robuste Kunststoffkonstruktion bietet Schutz vor Besch\u00e4digungen<\/li>\n<li>Nachtsicht: W\u00e4hlen Sie den roten Modus f\u00fcr Nachtsicht oder den rot blinkenden Modus f\u00fcr Sichtbarkeit in Notf\u00e4llen<\/li>\n<\/ul>\n","protected":false},"excerpt":{"rendered":"<p><span data-sheets-root=\"1\" data-sheets-value=\"{&quot;1&quot;:2,&quot;2&quot;:&quot;Illuminate your surroundings effortlessly with this high-performance wearable light. The Energizer LED Clip Light offers exceptional brightness for various indoor and outdoor activities, as well as being handy in an emergency. Whether you\u2019re running, reading, or working on a DIY project, your Energizer LED Clip Light is on hand to help you find your way. This versatile and reliable light features a built-in clip, enabling you to keep your hands free and enjoy every activity to the fullest. You can easily carry it anywhere with you, attaching it to your clothes, bag or backpack, or clipping it to any number of surfaces, such as the pages of your book for easy reading.&quot;}\" data-sheets-userformat=\"{&quot;2&quot;:14337,&quot;3&quot;:{&quot;1&quot;:0,&quot;3&quot;:1},&quot;14&quot;:{&quot;1&quot;:3,&quot;3&quot;:1},&quot;15&quot;:&quot;Calibri&quot;,&quot;16&quot;:12}\">Beleuchten Sie Ihre Umgebung m\u00fchelos mit diesem leistungsstarken, tragbaren Licht. Das Energizer LED Clip Light bietet au\u00dfergew\u00f6hnliche Helligkeit f\u00fcr verschiedene Aktivit\u00e4ten im Innen- und Au\u00dfenbereich und ist auch in Notf\u00e4llen sehr praktisch. Ob Sie laufen, lesen oder an einem Heimwerkerprojekt arbeiten, Ihr Energizer LED Clip Light hilft Ihnen, Ihren Weg zu finden. Dieses vielseitige und zuverl\u00e4ssige Licht verf\u00fcgt \u00fcber einen integrierten Clip, so dass Sie die H\u00e4nde frei haben und jede Aktivit\u00e4t in vollen Z\u00fcgen genie\u00dfen k\u00f6nnen. Sie k\u00f6nnen es \u00fcberallhin mitnehmen und an Ihrer Kleidung, Tasche oder Ihrem Rucksack befestigen oder es an eine beliebige Oberfl\u00e4che klemmen, z. B. an die Seiten Ihres Buches, um es zu lesen.<\/span><\/p>\n","protected":false},"featured_media":0,"comment_status":"open","ping_status":"closed","template":"","meta":{"_acf_changed":false},"product_brand":[],"product_cat":[43],"product_tag":[],"class_list":{"0":"post-5247","1":"product","2":"type-product","3":"status-publish","5":"product_cat-hands-free","6":"pa_uses-everyday","8":"first","9":"instock","10":"shipping-taxable","11":"product-type-simple"},"acf":[],"yoast_head":"<!-- This site is optimized with the Yoast SEO plugin v27.4 - https:\/\/yoast.com\/product\/yoast-seo-wordpress\/ -->\n<title>Energizer LED Clip Light - Switzerland German<\/title>\n<meta name=\"robots\" content=\"index, follow, max-snippet:-1, max-image-preview:large, max-video-preview:-1\" \/>\n<link rel=\"canonical\" href=\"https:\/\/energizer.com\/eu\/switzerland_de\/product\/energizer-led-clip-light\/\" \/>\n<meta property=\"og:locale\" content=\"en_US\" \/>\n<meta property=\"og:type\" content=\"article\" \/>\n<meta property=\"og:title\" content=\"Energizer LED Clip Light - Switzerland German\" \/>\n<meta property=\"og:description\" content=\"Beleuchten Sie Ihre Umgebung m\u00fchelos mit diesem leistungsstarken, tragbaren Licht. Das Energizer LED Clip Light bietet au\u00dfergew\u00f6hnliche Helligkeit f\u00fcr verschiedene Aktivit\u00e4ten im Innen- und Au\u00dfenbereich und ist auch in Notf\u00e4llen sehr praktisch. Ob Sie laufen, lesen oder an einem Heimwerkerprojekt arbeiten, Ihr Energizer LED Clip Light hilft Ihnen, Ihren Weg zu finden. Dieses vielseitige und zuverl\u00e4ssige Licht verf\u00fcgt \u00fcber einen integrierten Clip, so dass Sie die H\u00e4nde frei haben und jede Aktivit\u00e4t in vollen Z\u00fcgen genie\u00dfen k\u00f6nnen. Sie k\u00f6nnen es \u00fcberallhin mitnehmen und an Ihrer Kleidung, Tasche oder Ihrem Rucksack befestigen oder es an eine beliebige Oberfl\u00e4che klemmen, z. B. an die Seiten Ihres Buches, um es zu lesen.\" \/>\n<meta property=\"og:url\" content=\"https:\/\/energizer.com\/eu\/switzerland_de\/product\/energizer-led-clip-light\/\" \/>\n<meta property=\"og:site_name\" content=\"Switzerland German\" \/>\n<meta property=\"article:modified_time\" content=\"2024-08-23T09:39:46+00:00\" \/>\n<meta name=\"twitter:card\" content=\"summary_large_image\" \/>\n<script type=\"application\/ld+json\" class=\"yoast-schema-graph\">{\"@context\":\"https:\\\/\\\/schema.org\",\"@graph\":[{\"@type\":\"WebPage\",\"@id\":\"https:\\\/\\\/energizer.com\\\/eu\\\/switzerland_de\\\/product\\\/energizer-led-clip-light\\\/\",\"url\":\"https:\\\/\\\/energizer.com\\\/eu\\\/switzerland_de\\\/product\\\/energizer-led-clip-light\\\/\",\"name\":\"Energizer LED Clip Light - Switzerland German\",\"isPartOf\":{\"@id\":\"https:\\\/\\\/energizer.com\\\/eu\\\/switzerland_de\\\/#website\"},\"datePublished\":\"2024-05-21T19:28:16+00:00\",\"dateModified\":\"2024-08-23T09:39:46+00:00\",\"breadcrumb\":{\"@id\":\"https:\\\/\\\/energizer.com\\\/eu\\\/switzerland_de\\\/product\\\/energizer-led-clip-light\\\/#breadcrumb\"},\"inLanguage\":\"en-US\",\"potentialAction\":[{\"@type\":\"ReadAction\",\"target\":[\"https:\\\/\\\/energizer.com\\\/eu\\\/switzerland_de\\\/product\\\/energizer-led-clip-light\\\/\"]}]},{\"@type\":\"BreadcrumbList\",\"@id\":\"https:\\\/\\\/energizer.com\\\/eu\\\/switzerland_de\\\/product\\\/energizer-led-clip-light\\\/#breadcrumb\",\"itemListElement\":[{\"@type\":\"ListItem\",\"position\":1,\"name\":\"Home\",\"item\":\"https:\\\/\\\/energizer.com\\\/eu\\\/switzerland_de\\\/\"},{\"@type\":\"ListItem\",\"position\":2,\"name\":\"Energizer LED Clip Light\"}]},{\"@type\":\"WebSite\",\"@id\":\"https:\\\/\\\/energizer.com\\\/eu\\\/switzerland_de\\\/#website\",\"url\":\"https:\\\/\\\/energizer.com\\\/eu\\\/switzerland_de\\\/\",\"name\":\"Energizer Switzerland (DE)\",\"description\":\"\",\"publisher\":{\"@id\":\"https:\\\/\\\/energizer.com\\\/eu\\\/switzerland_de\\\/#organization\"},\"potentialAction\":[{\"@type\":\"SearchAction\",\"target\":{\"@type\":\"EntryPoint\",\"urlTemplate\":\"https:\\\/\\\/energizer.com\\\/eu\\\/switzerland_de\\\/?s={search_term_string}\"},\"query-input\":{\"@type\":\"PropertyValueSpecification\",\"valueRequired\":true,\"valueName\":\"search_term_string\"}}],\"inLanguage\":\"en-US\"},{\"@type\":\"Organization\",\"@id\":\"https:\\\/\\\/energizer.com\\\/eu\\\/switzerland_de\\\/#organization\",\"name\":\"Energizer Switzerland (DE)\",\"url\":\"https:\\\/\\\/energizer.com\\\/eu\\\/switzerland_de\\\/\",\"logo\":{\"@type\":\"ImageObject\",\"inLanguage\":\"en-US\",\"@id\":\"https:\\\/\\\/energizer.com\\\/eu\\\/switzerland_de\\\/#\\\/schema\\\/logo\\\/image\\\/\",\"url\":\"https:\\\/\\\/energizer.com\\\/eu\\\/switzerland_de\\\/wp-content\\\/uploads\\\/sites\\\/55\\\/2024\\\/04\\\/Energizer_brand.png\",\"contentUrl\":\"https:\\\/\\\/energizer.com\\\/eu\\\/switzerland_de\\\/wp-content\\\/uploads\\\/sites\\\/55\\\/2024\\\/04\\\/Energizer_brand.png\",\"width\":267,\"height\":100,\"caption\":\"Energizer Switzerland (DE)\"},\"image\":{\"@id\":\"https:\\\/\\\/energizer.com\\\/eu\\\/switzerland_de\\\/#\\\/schema\\\/logo\\\/image\\\/\"}}]}<\/script>\n<!-- \/ Yoast SEO plugin. -->","yoast_head_json":{"title":"Energizer LED Clip Light - Switzerland German","robots":{"index":"index","follow":"follow","max-snippet":"max-snippet:-1","max-image-preview":"max-image-preview:large","max-video-preview":"max-video-preview:-1"},"canonical":"https:\/\/energizer.com\/eu\/switzerland_de\/product\/energizer-led-clip-light\/","og_locale":"en_US","og_type":"article","og_title":"Energizer LED Clip Light - Switzerland German","og_description":"Beleuchten Sie Ihre Umgebung m\u00fchelos mit diesem leistungsstarken, tragbaren Licht. Das Energizer LED Clip Light bietet au\u00dfergew\u00f6hnliche Helligkeit f\u00fcr verschiedene Aktivit\u00e4ten im Innen- und Au\u00dfenbereich und ist auch in Notf\u00e4llen sehr praktisch. Ob Sie laufen, lesen oder an einem Heimwerkerprojekt arbeiten, Ihr Energizer LED Clip Light hilft Ihnen, Ihren Weg zu finden. Dieses vielseitige und zuverl\u00e4ssige Licht verf\u00fcgt \u00fcber einen integrierten Clip, so dass Sie die H\u00e4nde frei haben und jede Aktivit\u00e4t in vollen Z\u00fcgen genie\u00dfen k\u00f6nnen. Sie k\u00f6nnen es \u00fcberallhin mitnehmen und an Ihrer Kleidung, Tasche oder Ihrem Rucksack befestigen oder es an eine beliebige Oberfl\u00e4che klemmen, z. B. an die Seiten Ihres Buches, um es zu lesen.","og_url":"https:\/\/energizer.com\/eu\/switzerland_de\/product\/energizer-led-clip-light\/","og_site_name":"Switzerland German","article_modified_time":"2024-08-23T09:39:46+00:00","twitter_card":"summary_large_image","schema":{"@context":"https:\/\/schema.org","@graph":[{"@type":"WebPage","@id":"https:\/\/energizer.com\/eu\/switzerland_de\/product\/energizer-led-clip-light\/","url":"https:\/\/energizer.com\/eu\/switzerland_de\/product\/energizer-led-clip-light\/","name":"Energizer LED Clip Light - Switzerland German","isPartOf":{"@id":"https:\/\/energizer.com\/eu\/switzerland_de\/#website"},"datePublished":"2024-05-21T19:28:16+00:00","dateModified":"2024-08-23T09:39:46+00:00","breadcrumb":{"@id":"https:\/\/energizer.com\/eu\/switzerland_de\/product\/energizer-led-clip-light\/#breadcrumb"},"inLanguage":"en-US","potentialAction":[{"@type":"ReadAction","target":["https:\/\/energizer.com\/eu\/switzerland_de\/product\/energizer-led-clip-light\/"]}]},{"@type":"BreadcrumbList","@id":"https:\/\/energizer.com\/eu\/switzerland_de\/product\/energizer-led-clip-light\/#breadcrumb","itemListElement":[{"@type":"ListItem","position":1,"name":"Home","item":"https:\/\/energizer.com\/eu\/switzerland_de\/"},{"@type":"ListItem","position":2,"name":"Energizer LED Clip Light"}]},{"@type":"WebSite","@id":"https:\/\/energizer.com\/eu\/switzerland_de\/#website","url":"https:\/\/energizer.com\/eu\/switzerland_de\/","name":"Energizer Switzerland (DE)","description":"","publisher":{"@id":"https:\/\/energizer.com\/eu\/switzerland_de\/#organization"},"potentialAction":[{"@type":"SearchAction","target":{"@type":"EntryPoint","urlTemplate":"https:\/\/energizer.com\/eu\/switzerland_de\/?s={search_term_string}"},"query-input":{"@type":"PropertyValueSpecification","valueRequired":true,"valueName":"search_term_string"}}],"inLanguage":"en-US"},{"@type":"Organization","@id":"https:\/\/energizer.com\/eu\/switzerland_de\/#organization","name":"Energizer Switzerland (DE)","url":"https:\/\/energizer.com\/eu\/switzerland_de\/","logo":{"@type":"ImageObject","inLanguage":"en-US","@id":"https:\/\/energizer.com\/eu\/switzerland_de\/#\/schema\/logo\/image\/","url":"https:\/\/energizer.com\/eu\/switzerland_de\/wp-content\/uploads\/sites\/55\/2024\/04\/Energizer_brand.png","contentUrl":"https:\/\/energizer.com\/eu\/switzerland_de\/wp-content\/uploads\/sites\/55\/2024\/04\/Energizer_brand.png","width":267,"height":100,"caption":"Energizer Switzerland (DE)"},"image":{"@id":"https:\/\/energizer.com\/eu\/switzerland_de\/#\/schema\/logo\/image\/"}}]}},"_links":{"self":[{"href":"https:\/\/energizer.com\/eu\/switzerland_de\/wp-json\/wp\/v2\/product\/5247","targetHints":{"allow":["GET"]}}],"collection":[{"href":"https:\/\/energizer.com\/eu\/switzerland_de\/wp-json\/wp\/v2\/product"}],"about":[{"href":"https:\/\/energizer.com\/eu\/switzerland_de\/wp-json\/wp\/v2\/types\/product"}],"replies":[{"embeddable":true,"href":"https:\/\/energizer.com\/eu\/switzerland_de\/wp-json\/wp\/v2\/comments?post=5247"}],"version-history":[{"count":3,"href":"https:\/\/energizer.com\/eu\/switzerland_de\/wp-json\/wp\/v2\/product\/5247\/revisions"}],"predecessor-version":[{"id":7968,"href":"https:\/\/energizer.com\/eu\/switzerland_de\/wp-json\/wp\/v2\/product\/5247\/revisions\/7968"}],"wp:attachment":[{"href":"https:\/\/energizer.com\/eu\/switzerland_de\/wp-json\/wp\/v2\/media?parent=5247"}],"wp:term":[{"taxonomy":"product_brand","embeddable":true,"href":"https:\/\/energizer.com\/eu\/switzerland_de\/wp-json\/wp\/v2\/product_brand?post=5247"},{"taxonomy":"product_cat","embeddable":true,"href":"https:\/\/energizer.com\/eu\/switzerland_de\/wp-json\/wp\/v2\/product_cat?post=5247"},{"taxonomy":"product_tag","embeddable":true,"href":"https:\/\/energizer.com\/eu\/switzerland_de\/wp-json\/wp\/v2\/product_tag?post=5247"}],"curies":[{"name":"wp","href":"https:\/\/api.w.org\/{rel}","templated":true}]}}