{"id":5249,"date":"2024-05-21T19:30:10","date_gmt":"2024-05-21T19:30:10","guid":{"rendered":"https:\/\/23b13e8ab3.nxcli.io\/switzerland-german\/?post_type=product&#038;p=5249"},"modified":"2024-08-23T09:39:44","modified_gmt":"2024-08-23T09:39:44","slug":"energizer-small-sporting-rech-headlamp","status":"publish","type":"product","link":"https:\/\/energizer.com\/eu\/switzerland_de\/product\/energizer-small-sporting-rech-headlamp\/","title":{"rendered":"Energizer Small Sporting Rech. Headlamp"},"content":{"rendered":"<ul>\n<li>Wiederaufladbar (Kabel im Lieferumfang enthalten)<\/li>\n<li>Kleines, kompaktes und leichtes Design<\/li>\n<li>D\u00fcnnes, verstellbares und besonders bequemes Band &#8211; stabil auf dem Kopf bei sportlichen Aktivit\u00e4ten<\/li>\n<li>Reflektierende Paneele f\u00fcr Sicherheit (&#8220;Be seen&#8221;)<\/li>\n<\/ul>\n","protected":false},"excerpt":{"rendered":"<p>Die Energizer Mini Sporting Headlamp ist die perfekte Lampe f\u00fcr jede Outdoor- oder Sportaktivit\u00e4t. Ihr kompaktes und leichtes Design in Verbindung mit dem d\u00fcnnen, verstellbaren Kopfband sorgt f\u00fcr ein \u201eKaum-da-Gef\u00fchl\u201c, das diese Lampe sehr angenehm zu tragen macht, w\u00e4hrend sie bei allen sportlichen Aktivit\u00e4ten stabil auf dem Kopf bleibt. Der Lichtkegel ist auf den aktiven L\u00e4ufer abgestimmt. Das Lichtmuster deckt nicht nur den Bereich vor Ihnen ab, sondern auch den Boden vor Ihren F\u00fc\u00dfen, um die Sicherheit zu maximieren. Die Mini Sporting Headlamp kann \u00fcber einen Standard-Micro-USB-Anschluss aufgeladen werden, was sie f\u00fcr den t\u00e4glichen Gebrauch sehr praktisch macht.<\/p>\n","protected":false},"featured_media":0,"comment_status":"open","ping_status":"closed","template":"","meta":{"_acf_changed":false},"product_brand":[],"product_cat":[43],"product_tag":[],"class_list":{"0":"post-5249","1":"product","2":"type-product","3":"status-publish","5":"product_cat-hands-free","6":"pa_uses-everyday","8":"first","9":"instock","10":"shipping-taxable","11":"product-type-simple"},"acf":[],"yoast_head":"<!-- This site is optimized with the Yoast SEO plugin v27.4 - https:\/\/yoast.com\/product\/yoast-seo-wordpress\/ -->\n<title>Energizer Small Sporting Rech. Headlamp - Switzerland German<\/title>\n<meta name=\"robots\" content=\"index, follow, max-snippet:-1, max-image-preview:large, max-video-preview:-1\" \/>\n<link rel=\"canonical\" href=\"https:\/\/energizer.com\/eu\/switzerland_de\/product\/energizer-small-sporting-rech-headlamp\/\" \/>\n<meta property=\"og:locale\" content=\"en_US\" \/>\n<meta property=\"og:type\" content=\"article\" \/>\n<meta property=\"og:title\" content=\"Energizer Small Sporting Rech. Headlamp - Switzerland German\" \/>\n<meta property=\"og:description\" content=\"Die Energizer Mini Sporting Headlamp ist die perfekte Lampe f\u00fcr jede Outdoor- oder Sportaktivit\u00e4t. Ihr kompaktes und leichtes Design in Verbindung mit dem d\u00fcnnen, verstellbaren Kopfband sorgt f\u00fcr ein \u201eKaum-da-Gef\u00fchl\u201c, das diese Lampe sehr angenehm zu tragen macht, w\u00e4hrend sie bei allen sportlichen Aktivit\u00e4ten stabil auf dem Kopf bleibt. Der Lichtkegel ist auf den aktiven L\u00e4ufer abgestimmt. Das Lichtmuster deckt nicht nur den Bereich vor Ihnen ab, sondern auch den Boden vor Ihren F\u00fc\u00dfen, um die Sicherheit zu maximieren. Die Mini Sporting Headlamp kann \u00fcber einen Standard-Micro-USB-Anschluss aufgeladen werden, was sie f\u00fcr den t\u00e4glichen Gebrauch sehr praktisch macht.\" \/>\n<meta property=\"og:url\" content=\"https:\/\/energizer.com\/eu\/switzerland_de\/product\/energizer-small-sporting-rech-headlamp\/\" \/>\n<meta property=\"og:site_name\" content=\"Switzerland German\" \/>\n<meta property=\"article:modified_time\" content=\"2024-08-23T09:39:44+00:00\" \/>\n<meta name=\"twitter:card\" content=\"summary_large_image\" \/>\n<script type=\"application\/ld+json\" class=\"yoast-schema-graph\">{\"@context\":\"https:\\\/\\\/schema.org\",\"@graph\":[{\"@type\":\"WebPage\",\"@id\":\"https:\\\/\\\/energizer.com\\\/eu\\\/switzerland_de\\\/product\\\/energizer-small-sporting-rech-headlamp\\\/\",\"url\":\"https:\\\/\\\/energizer.com\\\/eu\\\/switzerland_de\\\/product\\\/energizer-small-sporting-rech-headlamp\\\/\",\"name\":\"Energizer Small Sporting Rech. Headlamp - Switzerland German\",\"isPartOf\":{\"@id\":\"https:\\\/\\\/energizer.com\\\/eu\\\/switzerland_de\\\/#website\"},\"datePublished\":\"2024-05-21T19:30:10+00:00\",\"dateModified\":\"2024-08-23T09:39:44+00:00\",\"breadcrumb\":{\"@id\":\"https:\\\/\\\/energizer.com\\\/eu\\\/switzerland_de\\\/product\\\/energizer-small-sporting-rech-headlamp\\\/#breadcrumb\"},\"inLanguage\":\"en-US\",\"potentialAction\":[{\"@type\":\"ReadAction\",\"target\":[\"https:\\\/\\\/energizer.com\\\/eu\\\/switzerland_de\\\/product\\\/energizer-small-sporting-rech-headlamp\\\/\"]}]},{\"@type\":\"BreadcrumbList\",\"@id\":\"https:\\\/\\\/energizer.com\\\/eu\\\/switzerland_de\\\/product\\\/energizer-small-sporting-rech-headlamp\\\/#breadcrumb\",\"itemListElement\":[{\"@type\":\"ListItem\",\"position\":1,\"name\":\"Home\",\"item\":\"https:\\\/\\\/energizer.com\\\/eu\\\/switzerland_de\\\/\"},{\"@type\":\"ListItem\",\"position\":2,\"name\":\"Energizer Small Sporting Rech. Headlamp\"}]},{\"@type\":\"WebSite\",\"@id\":\"https:\\\/\\\/energizer.com\\\/eu\\\/switzerland_de\\\/#website\",\"url\":\"https:\\\/\\\/energizer.com\\\/eu\\\/switzerland_de\\\/\",\"name\":\"Energizer Switzerland (DE)\",\"description\":\"\",\"publisher\":{\"@id\":\"https:\\\/\\\/energizer.com\\\/eu\\\/switzerland_de\\\/#organization\"},\"potentialAction\":[{\"@type\":\"SearchAction\",\"target\":{\"@type\":\"EntryPoint\",\"urlTemplate\":\"https:\\\/\\\/energizer.com\\\/eu\\\/switzerland_de\\\/?s={search_term_string}\"},\"query-input\":{\"@type\":\"PropertyValueSpecification\",\"valueRequired\":true,\"valueName\":\"search_term_string\"}}],\"inLanguage\":\"en-US\"},{\"@type\":\"Organization\",\"@id\":\"https:\\\/\\\/energizer.com\\\/eu\\\/switzerland_de\\\/#organization\",\"name\":\"Energizer Switzerland (DE)\",\"url\":\"https:\\\/\\\/energizer.com\\\/eu\\\/switzerland_de\\\/\",\"logo\":{\"@type\":\"ImageObject\",\"inLanguage\":\"en-US\",\"@id\":\"https:\\\/\\\/energizer.com\\\/eu\\\/switzerland_de\\\/#\\\/schema\\\/logo\\\/image\\\/\",\"url\":\"https:\\\/\\\/energizer.com\\\/eu\\\/switzerland_de\\\/wp-content\\\/uploads\\\/sites\\\/55\\\/2024\\\/04\\\/Energizer_brand.png\",\"contentUrl\":\"https:\\\/\\\/energizer.com\\\/eu\\\/switzerland_de\\\/wp-content\\\/uploads\\\/sites\\\/55\\\/2024\\\/04\\\/Energizer_brand.png\",\"width\":267,\"height\":100,\"caption\":\"Energizer Switzerland (DE)\"},\"image\":{\"@id\":\"https:\\\/\\\/energizer.com\\\/eu\\\/switzerland_de\\\/#\\\/schema\\\/logo\\\/image\\\/\"}}]}<\/script>\n<!-- \/ Yoast SEO plugin. -->","yoast_head_json":{"title":"Energizer Small Sporting Rech. Headlamp - Switzerland German","robots":{"index":"index","follow":"follow","max-snippet":"max-snippet:-1","max-image-preview":"max-image-preview:large","max-video-preview":"max-video-preview:-1"},"canonical":"https:\/\/energizer.com\/eu\/switzerland_de\/product\/energizer-small-sporting-rech-headlamp\/","og_locale":"en_US","og_type":"article","og_title":"Energizer Small Sporting Rech. Headlamp - Switzerland German","og_description":"Die Energizer Mini Sporting Headlamp ist die perfekte Lampe f\u00fcr jede Outdoor- oder Sportaktivit\u00e4t. Ihr kompaktes und leichtes Design in Verbindung mit dem d\u00fcnnen, verstellbaren Kopfband sorgt f\u00fcr ein \u201eKaum-da-Gef\u00fchl\u201c, das diese Lampe sehr angenehm zu tragen macht, w\u00e4hrend sie bei allen sportlichen Aktivit\u00e4ten stabil auf dem Kopf bleibt. Der Lichtkegel ist auf den aktiven L\u00e4ufer abgestimmt. Das Lichtmuster deckt nicht nur den Bereich vor Ihnen ab, sondern auch den Boden vor Ihren F\u00fc\u00dfen, um die Sicherheit zu maximieren. Die Mini Sporting Headlamp kann \u00fcber einen Standard-Micro-USB-Anschluss aufgeladen werden, was sie f\u00fcr den t\u00e4glichen Gebrauch sehr praktisch macht.","og_url":"https:\/\/energizer.com\/eu\/switzerland_de\/product\/energizer-small-sporting-rech-headlamp\/","og_site_name":"Switzerland German","article_modified_time":"2024-08-23T09:39:44+00:00","twitter_card":"summary_large_image","schema":{"@context":"https:\/\/schema.org","@graph":[{"@type":"WebPage","@id":"https:\/\/energizer.com\/eu\/switzerland_de\/product\/energizer-small-sporting-rech-headlamp\/","url":"https:\/\/energizer.com\/eu\/switzerland_de\/product\/energizer-small-sporting-rech-headlamp\/","name":"Energizer Small Sporting Rech. Headlamp - Switzerland German","isPartOf":{"@id":"https:\/\/energizer.com\/eu\/switzerland_de\/#website"},"datePublished":"2024-05-21T19:30:10+00:00","dateModified":"2024-08-23T09:39:44+00:00","breadcrumb":{"@id":"https:\/\/energizer.com\/eu\/switzerland_de\/product\/energizer-small-sporting-rech-headlamp\/#breadcrumb"},"inLanguage":"en-US","potentialAction":[{"@type":"ReadAction","target":["https:\/\/energizer.com\/eu\/switzerland_de\/product\/energizer-small-sporting-rech-headlamp\/"]}]},{"@type":"BreadcrumbList","@id":"https:\/\/energizer.com\/eu\/switzerland_de\/product\/energizer-small-sporting-rech-headlamp\/#breadcrumb","itemListElement":[{"@type":"ListItem","position":1,"name":"Home","item":"https:\/\/energizer.com\/eu\/switzerland_de\/"},{"@type":"ListItem","position":2,"name":"Energizer Small Sporting Rech. Headlamp"}]},{"@type":"WebSite","@id":"https:\/\/energizer.com\/eu\/switzerland_de\/#website","url":"https:\/\/energizer.com\/eu\/switzerland_de\/","name":"Energizer Switzerland (DE)","description":"","publisher":{"@id":"https:\/\/energizer.com\/eu\/switzerland_de\/#organization"},"potentialAction":[{"@type":"SearchAction","target":{"@type":"EntryPoint","urlTemplate":"https:\/\/energizer.com\/eu\/switzerland_de\/?s={search_term_string}"},"query-input":{"@type":"PropertyValueSpecification","valueRequired":true,"valueName":"search_term_string"}}],"inLanguage":"en-US"},{"@type":"Organization","@id":"https:\/\/energizer.com\/eu\/switzerland_de\/#organization","name":"Energizer Switzerland (DE)","url":"https:\/\/energizer.com\/eu\/switzerland_de\/","logo":{"@type":"ImageObject","inLanguage":"en-US","@id":"https:\/\/energizer.com\/eu\/switzerland_de\/#\/schema\/logo\/image\/","url":"https:\/\/energizer.com\/eu\/switzerland_de\/wp-content\/uploads\/sites\/55\/2024\/04\/Energizer_brand.png","contentUrl":"https:\/\/energizer.com\/eu\/switzerland_de\/wp-content\/uploads\/sites\/55\/2024\/04\/Energizer_brand.png","width":267,"height":100,"caption":"Energizer Switzerland (DE)"},"image":{"@id":"https:\/\/energizer.com\/eu\/switzerland_de\/#\/schema\/logo\/image\/"}}]}},"_links":{"self":[{"href":"https:\/\/energizer.com\/eu\/switzerland_de\/wp-json\/wp\/v2\/product\/5249","targetHints":{"allow":["GET"]}}],"collection":[{"href":"https:\/\/energizer.com\/eu\/switzerland_de\/wp-json\/wp\/v2\/product"}],"about":[{"href":"https:\/\/energizer.com\/eu\/switzerland_de\/wp-json\/wp\/v2\/types\/product"}],"replies":[{"embeddable":true,"href":"https:\/\/energizer.com\/eu\/switzerland_de\/wp-json\/wp\/v2\/comments?post=5249"}],"version-history":[{"count":3,"href":"https:\/\/energizer.com\/eu\/switzerland_de\/wp-json\/wp\/v2\/product\/5249\/revisions"}],"predecessor-version":[{"id":9109,"href":"https:\/\/energizer.com\/eu\/switzerland_de\/wp-json\/wp\/v2\/product\/5249\/revisions\/9109"}],"wp:attachment":[{"href":"https:\/\/energizer.com\/eu\/switzerland_de\/wp-json\/wp\/v2\/media?parent=5249"}],"wp:term":[{"taxonomy":"product_brand","embeddable":true,"href":"https:\/\/energizer.com\/eu\/switzerland_de\/wp-json\/wp\/v2\/product_brand?post=5249"},{"taxonomy":"product_cat","embeddable":true,"href":"https:\/\/energizer.com\/eu\/switzerland_de\/wp-json\/wp\/v2\/product_cat?post=5249"},{"taxonomy":"product_tag","embeddable":true,"href":"https:\/\/energizer.com\/eu\/switzerland_de\/wp-json\/wp\/v2\/product_tag?post=5249"}],"curies":[{"name":"wp","href":"https:\/\/api.w.org\/{rel}","templated":true}]}}