{"id":5281,"date":"2024-05-22T05:49:11","date_gmt":"2024-05-22T05:49:11","guid":{"rendered":"https:\/\/23b13e8ab3.nxcli.io\/switzerland-german\/?post_type=product&#038;p=5281"},"modified":"2024-08-23T12:25:03","modified_gmt":"2024-08-23T12:25:03","slug":"energizer-metal-rechargeable-light","status":"publish","type":"product","link":"https:\/\/energizer.com\/eu\/switzerland_de\/product\/energizer-metal-rechargeable-light\/","title":{"rendered":"Energizer Metal Rechargeable Light"},"content":{"rendered":"<ul>\n<li>Langlebige Metallkonstruktion<\/li>\n<li>Kompaktes und leichtes Design<\/li>\n<li>Leicht zu bedienender Druckknopf<\/li>\n<li>Lanyard zur einfachen Befestigung am Handgelenk<\/li>\n<li>Bis zu 5x heller als Standard-LED-Technologie<\/li>\n<li>3 Modi: hoch, niedrig, Stroboskop<\/li>\n<li>Wiederaufladbar: Lithium-Ionen-Akku (18650) &#8211; Nicht herausnehmbarer Akku<\/li>\n<li>Aufladung in 4.5 Stunden<\/li>\n<\/ul>\n","protected":false},"excerpt":{"rendered":"<p>Unsere wiederaufladbare Metall-Taschenlampe ist eine intelligente, tragbare Taschenlampe, die man immer dabei haben kann. Diese Taschenlampe hat ein robustes Aluminiumgeh\u00e4use und wird mit einem wiederaufladbaren 18650-Akku und einem Micro-USB-Ladekabel geliefert. Sie kann direkt \u00fcber eine Powerbank, ein Autoladeger\u00e4t oder eine andere USB-Stromquelle aufgeladen werden, sobald sie leer ist &#8211; Sie m\u00fcssen keine zus\u00e4tzlichen Batterien kaufen. Mit 3 Betriebsmodi (hoch, niedrig, Stroboskop) ist diese Lampe perfekt f\u00fcr Camping, Wandern, Angeln, Hundespazierg\u00e4nge, Stromausf\u00e4lle und Notf\u00e4lle. Inklusive Lanyard f\u00fcr einfaches Tragen.<\/p>\n","protected":false},"featured_media":0,"comment_status":"open","ping_status":"closed","template":"","meta":{"_acf_changed":false},"product_brand":[],"product_cat":[97],"product_tag":[],"class_list":{"0":"post-5281","1":"product","2":"type-product","3":"status-publish","5":"product_cat-handheld","6":"pa_uses-everyday","8":"first","9":"instock","10":"shipping-taxable","11":"product-type-simple"},"acf":[],"yoast_head":"<!-- This site is optimized with the Yoast SEO plugin v27.4 - https:\/\/yoast.com\/product\/yoast-seo-wordpress\/ -->\n<title>Energizer Metal Rechargeable Light - Switzerland German<\/title>\n<meta name=\"robots\" content=\"index, follow, max-snippet:-1, max-image-preview:large, max-video-preview:-1\" \/>\n<link rel=\"canonical\" href=\"https:\/\/energizer.com\/eu\/switzerland_de\/product\/energizer-metal-rechargeable-light\/\" \/>\n<meta property=\"og:locale\" content=\"en_US\" \/>\n<meta property=\"og:type\" content=\"article\" \/>\n<meta property=\"og:title\" content=\"Energizer Metal Rechargeable Light - Switzerland German\" \/>\n<meta property=\"og:description\" content=\"Unsere wiederaufladbare Metall-Taschenlampe ist eine intelligente, tragbare Taschenlampe, die man immer dabei haben kann. Diese Taschenlampe hat ein robustes Aluminiumgeh\u00e4use und wird mit einem wiederaufladbaren 18650-Akku und einem Micro-USB-Ladekabel geliefert. Sie kann direkt \u00fcber eine Powerbank, ein Autoladeger\u00e4t oder eine andere USB-Stromquelle aufgeladen werden, sobald sie leer ist - Sie m\u00fcssen keine zus\u00e4tzlichen Batterien kaufen. Mit 3 Betriebsmodi (hoch, niedrig, Stroboskop) ist diese Lampe perfekt f\u00fcr Camping, Wandern, Angeln, Hundespazierg\u00e4nge, Stromausf\u00e4lle und Notf\u00e4lle. Inklusive Lanyard f\u00fcr einfaches Tragen.\" \/>\n<meta property=\"og:url\" content=\"https:\/\/energizer.com\/eu\/switzerland_de\/product\/energizer-metal-rechargeable-light\/\" \/>\n<meta property=\"og:site_name\" content=\"Switzerland German\" \/>\n<meta property=\"article:modified_time\" content=\"2024-08-23T12:25:03+00:00\" \/>\n<meta name=\"twitter:card\" content=\"summary_large_image\" \/>\n<script type=\"application\/ld+json\" class=\"yoast-schema-graph\">{\"@context\":\"https:\\\/\\\/schema.org\",\"@graph\":[{\"@type\":\"WebPage\",\"@id\":\"https:\\\/\\\/energizer.com\\\/eu\\\/switzerland_de\\\/product\\\/energizer-metal-rechargeable-light\\\/\",\"url\":\"https:\\\/\\\/energizer.com\\\/eu\\\/switzerland_de\\\/product\\\/energizer-metal-rechargeable-light\\\/\",\"name\":\"Energizer Metal Rechargeable Light - Switzerland German\",\"isPartOf\":{\"@id\":\"https:\\\/\\\/energizer.com\\\/eu\\\/switzerland_de\\\/#website\"},\"datePublished\":\"2024-05-22T05:49:11+00:00\",\"dateModified\":\"2024-08-23T12:25:03+00:00\",\"breadcrumb\":{\"@id\":\"https:\\\/\\\/energizer.com\\\/eu\\\/switzerland_de\\\/product\\\/energizer-metal-rechargeable-light\\\/#breadcrumb\"},\"inLanguage\":\"en-US\",\"potentialAction\":[{\"@type\":\"ReadAction\",\"target\":[\"https:\\\/\\\/energizer.com\\\/eu\\\/switzerland_de\\\/product\\\/energizer-metal-rechargeable-light\\\/\"]}]},{\"@type\":\"BreadcrumbList\",\"@id\":\"https:\\\/\\\/energizer.com\\\/eu\\\/switzerland_de\\\/product\\\/energizer-metal-rechargeable-light\\\/#breadcrumb\",\"itemListElement\":[{\"@type\":\"ListItem\",\"position\":1,\"name\":\"Home\",\"item\":\"https:\\\/\\\/energizer.com\\\/eu\\\/switzerland_de\\\/\"},{\"@type\":\"ListItem\",\"position\":2,\"name\":\"Energizer Metal Rechargeable Light\"}]},{\"@type\":\"WebSite\",\"@id\":\"https:\\\/\\\/energizer.com\\\/eu\\\/switzerland_de\\\/#website\",\"url\":\"https:\\\/\\\/energizer.com\\\/eu\\\/switzerland_de\\\/\",\"name\":\"Energizer Switzerland (DE)\",\"description\":\"\",\"publisher\":{\"@id\":\"https:\\\/\\\/energizer.com\\\/eu\\\/switzerland_de\\\/#organization\"},\"potentialAction\":[{\"@type\":\"SearchAction\",\"target\":{\"@type\":\"EntryPoint\",\"urlTemplate\":\"https:\\\/\\\/energizer.com\\\/eu\\\/switzerland_de\\\/?s={search_term_string}\"},\"query-input\":{\"@type\":\"PropertyValueSpecification\",\"valueRequired\":true,\"valueName\":\"search_term_string\"}}],\"inLanguage\":\"en-US\"},{\"@type\":\"Organization\",\"@id\":\"https:\\\/\\\/energizer.com\\\/eu\\\/switzerland_de\\\/#organization\",\"name\":\"Energizer Switzerland (DE)\",\"url\":\"https:\\\/\\\/energizer.com\\\/eu\\\/switzerland_de\\\/\",\"logo\":{\"@type\":\"ImageObject\",\"inLanguage\":\"en-US\",\"@id\":\"https:\\\/\\\/energizer.com\\\/eu\\\/switzerland_de\\\/#\\\/schema\\\/logo\\\/image\\\/\",\"url\":\"https:\\\/\\\/energizer.com\\\/eu\\\/switzerland_de\\\/wp-content\\\/uploads\\\/sites\\\/55\\\/2024\\\/04\\\/Energizer_brand.png\",\"contentUrl\":\"https:\\\/\\\/energizer.com\\\/eu\\\/switzerland_de\\\/wp-content\\\/uploads\\\/sites\\\/55\\\/2024\\\/04\\\/Energizer_brand.png\",\"width\":267,\"height\":100,\"caption\":\"Energizer Switzerland (DE)\"},\"image\":{\"@id\":\"https:\\\/\\\/energizer.com\\\/eu\\\/switzerland_de\\\/#\\\/schema\\\/logo\\\/image\\\/\"}}]}<\/script>\n<!-- \/ Yoast SEO plugin. -->","yoast_head_json":{"title":"Energizer Metal Rechargeable Light - Switzerland German","robots":{"index":"index","follow":"follow","max-snippet":"max-snippet:-1","max-image-preview":"max-image-preview:large","max-video-preview":"max-video-preview:-1"},"canonical":"https:\/\/energizer.com\/eu\/switzerland_de\/product\/energizer-metal-rechargeable-light\/","og_locale":"en_US","og_type":"article","og_title":"Energizer Metal Rechargeable Light - Switzerland German","og_description":"Unsere wiederaufladbare Metall-Taschenlampe ist eine intelligente, tragbare Taschenlampe, die man immer dabei haben kann. Diese Taschenlampe hat ein robustes Aluminiumgeh\u00e4use und wird mit einem wiederaufladbaren 18650-Akku und einem Micro-USB-Ladekabel geliefert. Sie kann direkt \u00fcber eine Powerbank, ein Autoladeger\u00e4t oder eine andere USB-Stromquelle aufgeladen werden, sobald sie leer ist - Sie m\u00fcssen keine zus\u00e4tzlichen Batterien kaufen. Mit 3 Betriebsmodi (hoch, niedrig, Stroboskop) ist diese Lampe perfekt f\u00fcr Camping, Wandern, Angeln, Hundespazierg\u00e4nge, Stromausf\u00e4lle und Notf\u00e4lle. Inklusive Lanyard f\u00fcr einfaches Tragen.","og_url":"https:\/\/energizer.com\/eu\/switzerland_de\/product\/energizer-metal-rechargeable-light\/","og_site_name":"Switzerland German","article_modified_time":"2024-08-23T12:25:03+00:00","twitter_card":"summary_large_image","schema":{"@context":"https:\/\/schema.org","@graph":[{"@type":"WebPage","@id":"https:\/\/energizer.com\/eu\/switzerland_de\/product\/energizer-metal-rechargeable-light\/","url":"https:\/\/energizer.com\/eu\/switzerland_de\/product\/energizer-metal-rechargeable-light\/","name":"Energizer Metal Rechargeable Light - Switzerland German","isPartOf":{"@id":"https:\/\/energizer.com\/eu\/switzerland_de\/#website"},"datePublished":"2024-05-22T05:49:11+00:00","dateModified":"2024-08-23T12:25:03+00:00","breadcrumb":{"@id":"https:\/\/energizer.com\/eu\/switzerland_de\/product\/energizer-metal-rechargeable-light\/#breadcrumb"},"inLanguage":"en-US","potentialAction":[{"@type":"ReadAction","target":["https:\/\/energizer.com\/eu\/switzerland_de\/product\/energizer-metal-rechargeable-light\/"]}]},{"@type":"BreadcrumbList","@id":"https:\/\/energizer.com\/eu\/switzerland_de\/product\/energizer-metal-rechargeable-light\/#breadcrumb","itemListElement":[{"@type":"ListItem","position":1,"name":"Home","item":"https:\/\/energizer.com\/eu\/switzerland_de\/"},{"@type":"ListItem","position":2,"name":"Energizer Metal Rechargeable Light"}]},{"@type":"WebSite","@id":"https:\/\/energizer.com\/eu\/switzerland_de\/#website","url":"https:\/\/energizer.com\/eu\/switzerland_de\/","name":"Energizer Switzerland (DE)","description":"","publisher":{"@id":"https:\/\/energizer.com\/eu\/switzerland_de\/#organization"},"potentialAction":[{"@type":"SearchAction","target":{"@type":"EntryPoint","urlTemplate":"https:\/\/energizer.com\/eu\/switzerland_de\/?s={search_term_string}"},"query-input":{"@type":"PropertyValueSpecification","valueRequired":true,"valueName":"search_term_string"}}],"inLanguage":"en-US"},{"@type":"Organization","@id":"https:\/\/energizer.com\/eu\/switzerland_de\/#organization","name":"Energizer Switzerland (DE)","url":"https:\/\/energizer.com\/eu\/switzerland_de\/","logo":{"@type":"ImageObject","inLanguage":"en-US","@id":"https:\/\/energizer.com\/eu\/switzerland_de\/#\/schema\/logo\/image\/","url":"https:\/\/energizer.com\/eu\/switzerland_de\/wp-content\/uploads\/sites\/55\/2024\/04\/Energizer_brand.png","contentUrl":"https:\/\/energizer.com\/eu\/switzerland_de\/wp-content\/uploads\/sites\/55\/2024\/04\/Energizer_brand.png","width":267,"height":100,"caption":"Energizer Switzerland (DE)"},"image":{"@id":"https:\/\/energizer.com\/eu\/switzerland_de\/#\/schema\/logo\/image\/"}}]}},"_links":{"self":[{"href":"https:\/\/energizer.com\/eu\/switzerland_de\/wp-json\/wp\/v2\/product\/5281","targetHints":{"allow":["GET"]}}],"collection":[{"href":"https:\/\/energizer.com\/eu\/switzerland_de\/wp-json\/wp\/v2\/product"}],"about":[{"href":"https:\/\/energizer.com\/eu\/switzerland_de\/wp-json\/wp\/v2\/types\/product"}],"replies":[{"embeddable":true,"href":"https:\/\/energizer.com\/eu\/switzerland_de\/wp-json\/wp\/v2\/comments?post=5281"}],"version-history":[{"count":3,"href":"https:\/\/energizer.com\/eu\/switzerland_de\/wp-json\/wp\/v2\/product\/5281\/revisions"}],"predecessor-version":[{"id":9628,"href":"https:\/\/energizer.com\/eu\/switzerland_de\/wp-json\/wp\/v2\/product\/5281\/revisions\/9628"}],"wp:attachment":[{"href":"https:\/\/energizer.com\/eu\/switzerland_de\/wp-json\/wp\/v2\/media?parent=5281"}],"wp:term":[{"taxonomy":"product_brand","embeddable":true,"href":"https:\/\/energizer.com\/eu\/switzerland_de\/wp-json\/wp\/v2\/product_brand?post=5281"},{"taxonomy":"product_cat","embeddable":true,"href":"https:\/\/energizer.com\/eu\/switzerland_de\/wp-json\/wp\/v2\/product_cat?post=5281"},{"taxonomy":"product_tag","embeddable":true,"href":"https:\/\/energizer.com\/eu\/switzerland_de\/wp-json\/wp\/v2\/product_tag?post=5281"}],"curies":[{"name":"wp","href":"https:\/\/api.w.org\/{rel}","templated":true}]}}