{"id":5292,"date":"2024-05-22T06:33:18","date_gmt":"2024-05-22T06:33:18","guid":{"rendered":"https:\/\/23b13e8ab3.nxcli.io\/switzerland-german\/?post_type=product&#038;p=5292"},"modified":"2024-08-23T09:39:32","modified_gmt":"2024-08-23T09:39:32","slug":"energizer-paw-patrol-lantern","status":"publish","type":"product","link":"https:\/\/energizer.com\/eu\/switzerland_de\/product\/energizer-paw-patrol-lantern\/","title":{"rendered":"Energizer PAW PATROL Lantern"},"content":{"rendered":"<ul>\n<li>Energizer PAW Patrol Kinder LED-Laterne<\/li>\n<li>Kinderlaterne ist einfach zu bedienen und macht Spa\u00df beim Spielen<\/li>\n<li>Ideal f\u00fcr Camping, Spiele im Garten und n\u00e4chtliche Erkundungen<\/li>\n<li>Die Laterne leuchtet bis zu 17 Stunden lang sanft<\/li>\n<li>LED-Laterne ist sto\u00dffest bis zu 1 Meter und wasserdicht nach IPX4<\/li>\n<li>Leichtes Kunststoffdesign mit bruchsicherer Linse f\u00fcr einfaches Tragen<\/li>\n<li>Vertrauen Sie auf Energizer f\u00fcr zuverl\u00e4ssige Leistung in jeder Situation<\/li>\n<\/ul>\n","protected":false},"excerpt":{"rendered":"<p>Lassen Sie Ihr Kind die Nacht mit der Energizer PAW Patrol LED Laterne erleuchten. Die leichte Laterne ist einfach zu tragen und passt in kleine H\u00e4nde. Kinderlaternen sind eine gro\u00dfartige M\u00f6glichkeit f\u00fcr Kinder, die Dunkelheit in Sicherheit zu erkunden, sei es im Garten, auf Campingausfl\u00fcgen oder beim Spielen im Haus. Die LED-Laterne wirft ein sanftes Licht, das die Dunkelheit einladend macht. Au\u00dferdem ist jede LED-Laterne mit einem farbenfrohen Motiv versehen, das zu den PAW Patrol Spielzeugen Ihres Kindes passt. Die Kinderlaterne hat einen einziehbaren Clip, mit dem man sie \u00fcberall hin mitnehmen kann, wo man zus\u00e4tzliches Licht braucht. Au\u00dferdem ist der Fu\u00df der Laterne stabil genug, um auf den meisten Oberfl\u00e4chen zu stehen. Vertrauen Sie auf Energizer, um in jeder Situation zuverl\u00e4ssige Leistung zu erhalten.<\/p>\n","protected":false},"featured_media":0,"comment_status":"open","ping_status":"closed","template":"","meta":{"_acf_changed":false},"product_brand":[],"product_cat":[45],"product_tag":[],"class_list":{"0":"post-5292","1":"product","2":"type-product","3":"status-publish","5":"product_cat-novelty","6":"pa_uses-everyday","8":"first","9":"instock","10":"shipping-taxable","11":"product-type-simple"},"acf":[],"yoast_head":"<!-- This site is optimized with the Yoast SEO plugin v27.4 - https:\/\/yoast.com\/product\/yoast-seo-wordpress\/ -->\n<title>Energizer PAW PATROL Lantern - Switzerland German<\/title>\n<meta name=\"robots\" content=\"index, follow, max-snippet:-1, max-image-preview:large, max-video-preview:-1\" \/>\n<link rel=\"canonical\" href=\"https:\/\/energizer.com\/eu\/switzerland_de\/product\/energizer-paw-patrol-lantern\/\" \/>\n<meta property=\"og:locale\" content=\"en_US\" \/>\n<meta property=\"og:type\" content=\"article\" \/>\n<meta property=\"og:title\" content=\"Energizer PAW PATROL Lantern - Switzerland German\" \/>\n<meta property=\"og:description\" content=\"Lassen Sie Ihr Kind die Nacht mit der Energizer PAW Patrol LED Laterne erleuchten. Die leichte Laterne ist einfach zu tragen und passt in kleine H\u00e4nde. Kinderlaternen sind eine gro\u00dfartige M\u00f6glichkeit f\u00fcr Kinder, die Dunkelheit in Sicherheit zu erkunden, sei es im Garten, auf Campingausfl\u00fcgen oder beim Spielen im Haus. Die LED-Laterne wirft ein sanftes Licht, das die Dunkelheit einladend macht. Au\u00dferdem ist jede LED-Laterne mit einem farbenfrohen Motiv versehen, das zu den PAW Patrol Spielzeugen Ihres Kindes passt. Die Kinderlaterne hat einen einziehbaren Clip, mit dem man sie \u00fcberall hin mitnehmen kann, wo man zus\u00e4tzliches Licht braucht. Au\u00dferdem ist der Fu\u00df der Laterne stabil genug, um auf den meisten Oberfl\u00e4chen zu stehen. Vertrauen Sie auf Energizer, um in jeder Situation zuverl\u00e4ssige Leistung zu erhalten.\" \/>\n<meta property=\"og:url\" content=\"https:\/\/energizer.com\/eu\/switzerland_de\/product\/energizer-paw-patrol-lantern\/\" \/>\n<meta property=\"og:site_name\" content=\"Switzerland German\" \/>\n<meta property=\"article:modified_time\" content=\"2024-08-23T09:39:32+00:00\" \/>\n<meta name=\"twitter:card\" content=\"summary_large_image\" \/>\n<script type=\"application\/ld+json\" class=\"yoast-schema-graph\">{\"@context\":\"https:\\\/\\\/schema.org\",\"@graph\":[{\"@type\":\"WebPage\",\"@id\":\"https:\\\/\\\/energizer.com\\\/eu\\\/switzerland_de\\\/product\\\/energizer-paw-patrol-lantern\\\/\",\"url\":\"https:\\\/\\\/energizer.com\\\/eu\\\/switzerland_de\\\/product\\\/energizer-paw-patrol-lantern\\\/\",\"name\":\"Energizer PAW PATROL Lantern - Switzerland German\",\"isPartOf\":{\"@id\":\"https:\\\/\\\/energizer.com\\\/eu\\\/switzerland_de\\\/#website\"},\"datePublished\":\"2024-05-22T06:33:18+00:00\",\"dateModified\":\"2024-08-23T09:39:32+00:00\",\"breadcrumb\":{\"@id\":\"https:\\\/\\\/energizer.com\\\/eu\\\/switzerland_de\\\/product\\\/energizer-paw-patrol-lantern\\\/#breadcrumb\"},\"inLanguage\":\"en-US\",\"potentialAction\":[{\"@type\":\"ReadAction\",\"target\":[\"https:\\\/\\\/energizer.com\\\/eu\\\/switzerland_de\\\/product\\\/energizer-paw-patrol-lantern\\\/\"]}]},{\"@type\":\"BreadcrumbList\",\"@id\":\"https:\\\/\\\/energizer.com\\\/eu\\\/switzerland_de\\\/product\\\/energizer-paw-patrol-lantern\\\/#breadcrumb\",\"itemListElement\":[{\"@type\":\"ListItem\",\"position\":1,\"name\":\"Home\",\"item\":\"https:\\\/\\\/energizer.com\\\/eu\\\/switzerland_de\\\/\"},{\"@type\":\"ListItem\",\"position\":2,\"name\":\"Energizer PAW PATROL Lantern\"}]},{\"@type\":\"WebSite\",\"@id\":\"https:\\\/\\\/energizer.com\\\/eu\\\/switzerland_de\\\/#website\",\"url\":\"https:\\\/\\\/energizer.com\\\/eu\\\/switzerland_de\\\/\",\"name\":\"Energizer Switzerland (DE)\",\"description\":\"\",\"publisher\":{\"@id\":\"https:\\\/\\\/energizer.com\\\/eu\\\/switzerland_de\\\/#organization\"},\"potentialAction\":[{\"@type\":\"SearchAction\",\"target\":{\"@type\":\"EntryPoint\",\"urlTemplate\":\"https:\\\/\\\/energizer.com\\\/eu\\\/switzerland_de\\\/?s={search_term_string}\"},\"query-input\":{\"@type\":\"PropertyValueSpecification\",\"valueRequired\":true,\"valueName\":\"search_term_string\"}}],\"inLanguage\":\"en-US\"},{\"@type\":\"Organization\",\"@id\":\"https:\\\/\\\/energizer.com\\\/eu\\\/switzerland_de\\\/#organization\",\"name\":\"Energizer Switzerland (DE)\",\"url\":\"https:\\\/\\\/energizer.com\\\/eu\\\/switzerland_de\\\/\",\"logo\":{\"@type\":\"ImageObject\",\"inLanguage\":\"en-US\",\"@id\":\"https:\\\/\\\/energizer.com\\\/eu\\\/switzerland_de\\\/#\\\/schema\\\/logo\\\/image\\\/\",\"url\":\"https:\\\/\\\/energizer.com\\\/eu\\\/switzerland_de\\\/wp-content\\\/uploads\\\/sites\\\/55\\\/2024\\\/04\\\/Energizer_brand.png\",\"contentUrl\":\"https:\\\/\\\/energizer.com\\\/eu\\\/switzerland_de\\\/wp-content\\\/uploads\\\/sites\\\/55\\\/2024\\\/04\\\/Energizer_brand.png\",\"width\":267,\"height\":100,\"caption\":\"Energizer Switzerland (DE)\"},\"image\":{\"@id\":\"https:\\\/\\\/energizer.com\\\/eu\\\/switzerland_de\\\/#\\\/schema\\\/logo\\\/image\\\/\"}}]}<\/script>\n<!-- \/ Yoast SEO plugin. -->","yoast_head_json":{"title":"Energizer PAW PATROL Lantern - Switzerland German","robots":{"index":"index","follow":"follow","max-snippet":"max-snippet:-1","max-image-preview":"max-image-preview:large","max-video-preview":"max-video-preview:-1"},"canonical":"https:\/\/energizer.com\/eu\/switzerland_de\/product\/energizer-paw-patrol-lantern\/","og_locale":"en_US","og_type":"article","og_title":"Energizer PAW PATROL Lantern - Switzerland German","og_description":"Lassen Sie Ihr Kind die Nacht mit der Energizer PAW Patrol LED Laterne erleuchten. Die leichte Laterne ist einfach zu tragen und passt in kleine H\u00e4nde. Kinderlaternen sind eine gro\u00dfartige M\u00f6glichkeit f\u00fcr Kinder, die Dunkelheit in Sicherheit zu erkunden, sei es im Garten, auf Campingausfl\u00fcgen oder beim Spielen im Haus. Die LED-Laterne wirft ein sanftes Licht, das die Dunkelheit einladend macht. Au\u00dferdem ist jede LED-Laterne mit einem farbenfrohen Motiv versehen, das zu den PAW Patrol Spielzeugen Ihres Kindes passt. Die Kinderlaterne hat einen einziehbaren Clip, mit dem man sie \u00fcberall hin mitnehmen kann, wo man zus\u00e4tzliches Licht braucht. Au\u00dferdem ist der Fu\u00df der Laterne stabil genug, um auf den meisten Oberfl\u00e4chen zu stehen. Vertrauen Sie auf Energizer, um in jeder Situation zuverl\u00e4ssige Leistung zu erhalten.","og_url":"https:\/\/energizer.com\/eu\/switzerland_de\/product\/energizer-paw-patrol-lantern\/","og_site_name":"Switzerland German","article_modified_time":"2024-08-23T09:39:32+00:00","twitter_card":"summary_large_image","schema":{"@context":"https:\/\/schema.org","@graph":[{"@type":"WebPage","@id":"https:\/\/energizer.com\/eu\/switzerland_de\/product\/energizer-paw-patrol-lantern\/","url":"https:\/\/energizer.com\/eu\/switzerland_de\/product\/energizer-paw-patrol-lantern\/","name":"Energizer PAW PATROL Lantern - Switzerland German","isPartOf":{"@id":"https:\/\/energizer.com\/eu\/switzerland_de\/#website"},"datePublished":"2024-05-22T06:33:18+00:00","dateModified":"2024-08-23T09:39:32+00:00","breadcrumb":{"@id":"https:\/\/energizer.com\/eu\/switzerland_de\/product\/energizer-paw-patrol-lantern\/#breadcrumb"},"inLanguage":"en-US","potentialAction":[{"@type":"ReadAction","target":["https:\/\/energizer.com\/eu\/switzerland_de\/product\/energizer-paw-patrol-lantern\/"]}]},{"@type":"BreadcrumbList","@id":"https:\/\/energizer.com\/eu\/switzerland_de\/product\/energizer-paw-patrol-lantern\/#breadcrumb","itemListElement":[{"@type":"ListItem","position":1,"name":"Home","item":"https:\/\/energizer.com\/eu\/switzerland_de\/"},{"@type":"ListItem","position":2,"name":"Energizer PAW PATROL Lantern"}]},{"@type":"WebSite","@id":"https:\/\/energizer.com\/eu\/switzerland_de\/#website","url":"https:\/\/energizer.com\/eu\/switzerland_de\/","name":"Energizer Switzerland (DE)","description":"","publisher":{"@id":"https:\/\/energizer.com\/eu\/switzerland_de\/#organization"},"potentialAction":[{"@type":"SearchAction","target":{"@type":"EntryPoint","urlTemplate":"https:\/\/energizer.com\/eu\/switzerland_de\/?s={search_term_string}"},"query-input":{"@type":"PropertyValueSpecification","valueRequired":true,"valueName":"search_term_string"}}],"inLanguage":"en-US"},{"@type":"Organization","@id":"https:\/\/energizer.com\/eu\/switzerland_de\/#organization","name":"Energizer Switzerland (DE)","url":"https:\/\/energizer.com\/eu\/switzerland_de\/","logo":{"@type":"ImageObject","inLanguage":"en-US","@id":"https:\/\/energizer.com\/eu\/switzerland_de\/#\/schema\/logo\/image\/","url":"https:\/\/energizer.com\/eu\/switzerland_de\/wp-content\/uploads\/sites\/55\/2024\/04\/Energizer_brand.png","contentUrl":"https:\/\/energizer.com\/eu\/switzerland_de\/wp-content\/uploads\/sites\/55\/2024\/04\/Energizer_brand.png","width":267,"height":100,"caption":"Energizer Switzerland (DE)"},"image":{"@id":"https:\/\/energizer.com\/eu\/switzerland_de\/#\/schema\/logo\/image\/"}}]}},"_links":{"self":[{"href":"https:\/\/energizer.com\/eu\/switzerland_de\/wp-json\/wp\/v2\/product\/5292","targetHints":{"allow":["GET"]}}],"collection":[{"href":"https:\/\/energizer.com\/eu\/switzerland_de\/wp-json\/wp\/v2\/product"}],"about":[{"href":"https:\/\/energizer.com\/eu\/switzerland_de\/wp-json\/wp\/v2\/types\/product"}],"replies":[{"embeddable":true,"href":"https:\/\/energizer.com\/eu\/switzerland_de\/wp-json\/wp\/v2\/comments?post=5292"}],"version-history":[{"count":3,"href":"https:\/\/energizer.com\/eu\/switzerland_de\/wp-json\/wp\/v2\/product\/5292\/revisions"}],"predecessor-version":[{"id":8008,"href":"https:\/\/energizer.com\/eu\/switzerland_de\/wp-json\/wp\/v2\/product\/5292\/revisions\/8008"}],"wp:attachment":[{"href":"https:\/\/energizer.com\/eu\/switzerland_de\/wp-json\/wp\/v2\/media?parent=5292"}],"wp:term":[{"taxonomy":"product_brand","embeddable":true,"href":"https:\/\/energizer.com\/eu\/switzerland_de\/wp-json\/wp\/v2\/product_brand?post=5292"},{"taxonomy":"product_cat","embeddable":true,"href":"https:\/\/energizer.com\/eu\/switzerland_de\/wp-json\/wp\/v2\/product_cat?post=5292"},{"taxonomy":"product_tag","embeddable":true,"href":"https:\/\/energizer.com\/eu\/switzerland_de\/wp-json\/wp\/v2\/product_tag?post=5292"}],"curies":[{"name":"wp","href":"https:\/\/api.w.org\/{rel}","templated":true}]}}