{"id":5299,"date":"2024-05-22T06:47:04","date_gmt":"2024-05-22T06:47:04","guid":{"rendered":"https:\/\/23b13e8ab3.nxcli.io\/switzerland-german\/?post_type=product&#038;p=5299"},"modified":"2024-08-23T09:39:25","modified_gmt":"2024-08-23T09:39:25","slug":"energizer-paw-patrol-squeeze-light","status":"publish","type":"product","link":"https:\/\/energizer.com\/eu\/switzerland_de\/product\/energizer-paw-patrol-squeeze-light\/","title":{"rendered":"Energizer PAW PATROL squeeze light"},"content":{"rendered":"<ul>\n<li>Energizer PAW Patrol Squeeze LED-Taschenlampe &#8211; Marshall<\/li>\n<li>Kleine Taschenlampe f\u00fcr Kinder in Form der PAW Patrol Lieblingsfigur Ihres Kindes<\/li>\n<li>Die Kindertaschenlampe f\u00f6rdert Spa\u00df und Kreativit\u00e4t in der Dunkelheit<\/li>\n<li>Das LED-Licht wirft ein warmes Licht<\/li>\n<li>Dr\u00fccken Sie gleichzeitig auf den R\u00fccken und den Bauch des Welpen, um diese Kindertaschenlampe einzuschalten<\/li>\n<li>Vertrauen Sie auf Energizer f\u00fcr zuverl\u00e4ssige Leistung in jeder Situation<\/li>\n<\/ul>\n","protected":false},"excerpt":{"rendered":"<p>Erhellen Sie die Spielzeit Ihres Kindes mit der Energizer PAW Patrol Squeeze LED-Taschenlampe. Diese batteriebetriebene Lampe f\u00fcr Kinder ab 3 Jahren kombiniert eine kompakte Taschenlampe mit den PAW Patrol Lieblingsspielzeugen Ihres Kindes. Ihr Kind kann Marshall vor dem Schlafengehen, bei Nachtspazierg\u00e4ngen oder einfach beim Spielen im Haus tragen, wenn es dunkel ist. Au\u00dferdem ist die Kindertaschenlampe f\u00fcr Kinder leicht zu bedienen. Dr\u00fccken Sie einfach auf den R\u00fccken und den Bauch des Welpen, um sie einzuschalten. F\u00fcr zus\u00e4tzliche Sicherheit schaltet sich die Kinder-Taschenlampe automatisch aus, wenn die Tasten losgelassen werden. Die Kinder-Taschenlampe verf\u00fcgt \u00fcber ein LED-Licht, das warm leuchtet. Zwei nicht austauschbare Energizer-Batterien sind im Lieferumfang der PAW Patrol Taschenlampe enthalten und k\u00f6nnen sofort verwendet werden.<\/p>\n","protected":false},"featured_media":0,"comment_status":"open","ping_status":"closed","template":"","meta":{"_acf_changed":false},"product_brand":[],"product_cat":[45],"product_tag":[],"class_list":{"0":"post-5299","1":"product","2":"type-product","3":"status-publish","5":"product_cat-novelty","6":"pa_uses-everyday","8":"first","9":"instock","10":"shipping-taxable","11":"product-type-simple"},"acf":[],"yoast_head":"<!-- This site is optimized with the Yoast SEO plugin v27.4 - https:\/\/yoast.com\/product\/yoast-seo-wordpress\/ -->\n<title>Energizer PAW PATROL squeeze light - Switzerland German<\/title>\n<meta name=\"robots\" content=\"index, follow, max-snippet:-1, max-image-preview:large, max-video-preview:-1\" \/>\n<link rel=\"canonical\" href=\"https:\/\/energizer.com\/eu\/switzerland_de\/product\/energizer-paw-patrol-squeeze-light\/\" \/>\n<meta property=\"og:locale\" content=\"en_US\" \/>\n<meta property=\"og:type\" content=\"article\" \/>\n<meta property=\"og:title\" content=\"Energizer PAW PATROL squeeze light - Switzerland German\" \/>\n<meta property=\"og:description\" content=\"Erhellen Sie die Spielzeit Ihres Kindes mit der Energizer PAW Patrol Squeeze LED-Taschenlampe. Diese batteriebetriebene Lampe f\u00fcr Kinder ab 3 Jahren kombiniert eine kompakte Taschenlampe mit den PAW Patrol Lieblingsspielzeugen Ihres Kindes. Ihr Kind kann Marshall vor dem Schlafengehen, bei Nachtspazierg\u00e4ngen oder einfach beim Spielen im Haus tragen, wenn es dunkel ist. Au\u00dferdem ist die Kindertaschenlampe f\u00fcr Kinder leicht zu bedienen. Dr\u00fccken Sie einfach auf den R\u00fccken und den Bauch des Welpen, um sie einzuschalten. F\u00fcr zus\u00e4tzliche Sicherheit schaltet sich die Kinder-Taschenlampe automatisch aus, wenn die Tasten losgelassen werden. Die Kinder-Taschenlampe verf\u00fcgt \u00fcber ein LED-Licht, das warm leuchtet. Zwei nicht austauschbare Energizer-Batterien sind im Lieferumfang der PAW Patrol Taschenlampe enthalten und k\u00f6nnen sofort verwendet werden.\" \/>\n<meta property=\"og:url\" content=\"https:\/\/energizer.com\/eu\/switzerland_de\/product\/energizer-paw-patrol-squeeze-light\/\" \/>\n<meta property=\"og:site_name\" content=\"Switzerland German\" \/>\n<meta property=\"article:modified_time\" content=\"2024-08-23T09:39:25+00:00\" \/>\n<meta name=\"twitter:card\" content=\"summary_large_image\" \/>\n<script type=\"application\/ld+json\" class=\"yoast-schema-graph\">{\"@context\":\"https:\\\/\\\/schema.org\",\"@graph\":[{\"@type\":\"WebPage\",\"@id\":\"https:\\\/\\\/energizer.com\\\/eu\\\/switzerland_de\\\/product\\\/energizer-paw-patrol-squeeze-light\\\/\",\"url\":\"https:\\\/\\\/energizer.com\\\/eu\\\/switzerland_de\\\/product\\\/energizer-paw-patrol-squeeze-light\\\/\",\"name\":\"Energizer PAW PATROL squeeze light - Switzerland German\",\"isPartOf\":{\"@id\":\"https:\\\/\\\/energizer.com\\\/eu\\\/switzerland_de\\\/#website\"},\"datePublished\":\"2024-05-22T06:47:04+00:00\",\"dateModified\":\"2024-08-23T09:39:25+00:00\",\"breadcrumb\":{\"@id\":\"https:\\\/\\\/energizer.com\\\/eu\\\/switzerland_de\\\/product\\\/energizer-paw-patrol-squeeze-light\\\/#breadcrumb\"},\"inLanguage\":\"en-US\",\"potentialAction\":[{\"@type\":\"ReadAction\",\"target\":[\"https:\\\/\\\/energizer.com\\\/eu\\\/switzerland_de\\\/product\\\/energizer-paw-patrol-squeeze-light\\\/\"]}]},{\"@type\":\"BreadcrumbList\",\"@id\":\"https:\\\/\\\/energizer.com\\\/eu\\\/switzerland_de\\\/product\\\/energizer-paw-patrol-squeeze-light\\\/#breadcrumb\",\"itemListElement\":[{\"@type\":\"ListItem\",\"position\":1,\"name\":\"Home\",\"item\":\"https:\\\/\\\/energizer.com\\\/eu\\\/switzerland_de\\\/\"},{\"@type\":\"ListItem\",\"position\":2,\"name\":\"Energizer PAW PATROL squeeze light\"}]},{\"@type\":\"WebSite\",\"@id\":\"https:\\\/\\\/energizer.com\\\/eu\\\/switzerland_de\\\/#website\",\"url\":\"https:\\\/\\\/energizer.com\\\/eu\\\/switzerland_de\\\/\",\"name\":\"Energizer Switzerland (DE)\",\"description\":\"\",\"publisher\":{\"@id\":\"https:\\\/\\\/energizer.com\\\/eu\\\/switzerland_de\\\/#organization\"},\"potentialAction\":[{\"@type\":\"SearchAction\",\"target\":{\"@type\":\"EntryPoint\",\"urlTemplate\":\"https:\\\/\\\/energizer.com\\\/eu\\\/switzerland_de\\\/?s={search_term_string}\"},\"query-input\":{\"@type\":\"PropertyValueSpecification\",\"valueRequired\":true,\"valueName\":\"search_term_string\"}}],\"inLanguage\":\"en-US\"},{\"@type\":\"Organization\",\"@id\":\"https:\\\/\\\/energizer.com\\\/eu\\\/switzerland_de\\\/#organization\",\"name\":\"Energizer Switzerland (DE)\",\"url\":\"https:\\\/\\\/energizer.com\\\/eu\\\/switzerland_de\\\/\",\"logo\":{\"@type\":\"ImageObject\",\"inLanguage\":\"en-US\",\"@id\":\"https:\\\/\\\/energizer.com\\\/eu\\\/switzerland_de\\\/#\\\/schema\\\/logo\\\/image\\\/\",\"url\":\"https:\\\/\\\/energizer.com\\\/eu\\\/switzerland_de\\\/wp-content\\\/uploads\\\/sites\\\/55\\\/2024\\\/04\\\/Energizer_brand.png\",\"contentUrl\":\"https:\\\/\\\/energizer.com\\\/eu\\\/switzerland_de\\\/wp-content\\\/uploads\\\/sites\\\/55\\\/2024\\\/04\\\/Energizer_brand.png\",\"width\":267,\"height\":100,\"caption\":\"Energizer Switzerland (DE)\"},\"image\":{\"@id\":\"https:\\\/\\\/energizer.com\\\/eu\\\/switzerland_de\\\/#\\\/schema\\\/logo\\\/image\\\/\"}}]}<\/script>\n<!-- \/ Yoast SEO plugin. -->","yoast_head_json":{"title":"Energizer PAW PATROL squeeze light - Switzerland German","robots":{"index":"index","follow":"follow","max-snippet":"max-snippet:-1","max-image-preview":"max-image-preview:large","max-video-preview":"max-video-preview:-1"},"canonical":"https:\/\/energizer.com\/eu\/switzerland_de\/product\/energizer-paw-patrol-squeeze-light\/","og_locale":"en_US","og_type":"article","og_title":"Energizer PAW PATROL squeeze light - Switzerland German","og_description":"Erhellen Sie die Spielzeit Ihres Kindes mit der Energizer PAW Patrol Squeeze LED-Taschenlampe. Diese batteriebetriebene Lampe f\u00fcr Kinder ab 3 Jahren kombiniert eine kompakte Taschenlampe mit den PAW Patrol Lieblingsspielzeugen Ihres Kindes. Ihr Kind kann Marshall vor dem Schlafengehen, bei Nachtspazierg\u00e4ngen oder einfach beim Spielen im Haus tragen, wenn es dunkel ist. Au\u00dferdem ist die Kindertaschenlampe f\u00fcr Kinder leicht zu bedienen. Dr\u00fccken Sie einfach auf den R\u00fccken und den Bauch des Welpen, um sie einzuschalten. F\u00fcr zus\u00e4tzliche Sicherheit schaltet sich die Kinder-Taschenlampe automatisch aus, wenn die Tasten losgelassen werden. Die Kinder-Taschenlampe verf\u00fcgt \u00fcber ein LED-Licht, das warm leuchtet. Zwei nicht austauschbare Energizer-Batterien sind im Lieferumfang der PAW Patrol Taschenlampe enthalten und k\u00f6nnen sofort verwendet werden.","og_url":"https:\/\/energizer.com\/eu\/switzerland_de\/product\/energizer-paw-patrol-squeeze-light\/","og_site_name":"Switzerland German","article_modified_time":"2024-08-23T09:39:25+00:00","twitter_card":"summary_large_image","schema":{"@context":"https:\/\/schema.org","@graph":[{"@type":"WebPage","@id":"https:\/\/energizer.com\/eu\/switzerland_de\/product\/energizer-paw-patrol-squeeze-light\/","url":"https:\/\/energizer.com\/eu\/switzerland_de\/product\/energizer-paw-patrol-squeeze-light\/","name":"Energizer PAW PATROL squeeze light - Switzerland German","isPartOf":{"@id":"https:\/\/energizer.com\/eu\/switzerland_de\/#website"},"datePublished":"2024-05-22T06:47:04+00:00","dateModified":"2024-08-23T09:39:25+00:00","breadcrumb":{"@id":"https:\/\/energizer.com\/eu\/switzerland_de\/product\/energizer-paw-patrol-squeeze-light\/#breadcrumb"},"inLanguage":"en-US","potentialAction":[{"@type":"ReadAction","target":["https:\/\/energizer.com\/eu\/switzerland_de\/product\/energizer-paw-patrol-squeeze-light\/"]}]},{"@type":"BreadcrumbList","@id":"https:\/\/energizer.com\/eu\/switzerland_de\/product\/energizer-paw-patrol-squeeze-light\/#breadcrumb","itemListElement":[{"@type":"ListItem","position":1,"name":"Home","item":"https:\/\/energizer.com\/eu\/switzerland_de\/"},{"@type":"ListItem","position":2,"name":"Energizer PAW PATROL squeeze light"}]},{"@type":"WebSite","@id":"https:\/\/energizer.com\/eu\/switzerland_de\/#website","url":"https:\/\/energizer.com\/eu\/switzerland_de\/","name":"Energizer Switzerland (DE)","description":"","publisher":{"@id":"https:\/\/energizer.com\/eu\/switzerland_de\/#organization"},"potentialAction":[{"@type":"SearchAction","target":{"@type":"EntryPoint","urlTemplate":"https:\/\/energizer.com\/eu\/switzerland_de\/?s={search_term_string}"},"query-input":{"@type":"PropertyValueSpecification","valueRequired":true,"valueName":"search_term_string"}}],"inLanguage":"en-US"},{"@type":"Organization","@id":"https:\/\/energizer.com\/eu\/switzerland_de\/#organization","name":"Energizer Switzerland (DE)","url":"https:\/\/energizer.com\/eu\/switzerland_de\/","logo":{"@type":"ImageObject","inLanguage":"en-US","@id":"https:\/\/energizer.com\/eu\/switzerland_de\/#\/schema\/logo\/image\/","url":"https:\/\/energizer.com\/eu\/switzerland_de\/wp-content\/uploads\/sites\/55\/2024\/04\/Energizer_brand.png","contentUrl":"https:\/\/energizer.com\/eu\/switzerland_de\/wp-content\/uploads\/sites\/55\/2024\/04\/Energizer_brand.png","width":267,"height":100,"caption":"Energizer Switzerland (DE)"},"image":{"@id":"https:\/\/energizer.com\/eu\/switzerland_de\/#\/schema\/logo\/image\/"}}]}},"_links":{"self":[{"href":"https:\/\/energizer.com\/eu\/switzerland_de\/wp-json\/wp\/v2\/product\/5299","targetHints":{"allow":["GET"]}}],"collection":[{"href":"https:\/\/energizer.com\/eu\/switzerland_de\/wp-json\/wp\/v2\/product"}],"about":[{"href":"https:\/\/energizer.com\/eu\/switzerland_de\/wp-json\/wp\/v2\/types\/product"}],"replies":[{"embeddable":true,"href":"https:\/\/energizer.com\/eu\/switzerland_de\/wp-json\/wp\/v2\/comments?post=5299"}],"version-history":[{"count":2,"href":"https:\/\/energizer.com\/eu\/switzerland_de\/wp-json\/wp\/v2\/product\/5299\/revisions"}],"predecessor-version":[{"id":7994,"href":"https:\/\/energizer.com\/eu\/switzerland_de\/wp-json\/wp\/v2\/product\/5299\/revisions\/7994"}],"wp:attachment":[{"href":"https:\/\/energizer.com\/eu\/switzerland_de\/wp-json\/wp\/v2\/media?parent=5299"}],"wp:term":[{"taxonomy":"product_brand","embeddable":true,"href":"https:\/\/energizer.com\/eu\/switzerland_de\/wp-json\/wp\/v2\/product_brand?post=5299"},{"taxonomy":"product_cat","embeddable":true,"href":"https:\/\/energizer.com\/eu\/switzerland_de\/wp-json\/wp\/v2\/product_cat?post=5299"},{"taxonomy":"product_tag","embeddable":true,"href":"https:\/\/energizer.com\/eu\/switzerland_de\/wp-json\/wp\/v2\/product_tag?post=5299"}],"curies":[{"name":"wp","href":"https:\/\/api.w.org\/{rel}","templated":true}]}}