{"id":5303,"date":"2024-05-22T06:49:32","date_gmt":"2024-05-22T06:49:32","guid":{"rendered":"https:\/\/23b13e8ab3.nxcli.io\/switzerland-german\/?post_type=product&#038;p=5303"},"modified":"2024-08-23T09:38:34","modified_gmt":"2024-08-23T09:38:34","slug":"enr-eu-tier1hdl10-250-hl-tr-t11a32","status":"publish","type":"product","link":"https:\/\/energizer.com\/eu\/switzerland_de\/product\/enr-eu-tier1hdl10-250-hl-tr-t11a32\/","title":{"rendered":"ENR EU TIER1HDL10 250 HL TR T11A32"},"content":{"rendered":"<ul>\n<li>Energizer HDL10 LED-Stirnlampe mit 3 Energizer AAA-Batterien<\/li>\n<li>Helle Stirnlampe mit Rundum-Beleuchtung f\u00fcr den freih\u00e4ndigen Einsatz<\/li>\n<li>Die perfekte LED-Stirnlampe f\u00fcr Zuhause, bei der Arbeit und bei Outdoor-Aktivit\u00e4ten<\/li>\n<li>Wirft 250 Lumen mit einem 196-Fu\u00df-Strahl f\u00fcr bis zu 7 Stunden im hohen Modus ab<\/li>\n<li>Wasserdicht nach IPX4, bruchsichere Linse und sto\u00dffest bis zu 3 Fu\u00df<\/li>\n<li>Der blendfreie, schwenkbare Kopf lenkt das Licht und die verstellbaren B\u00e4nder sorgen f\u00fcr einen bequemen Sitz am Kopf<\/li>\n<li>Vertrauen Sie auf die Marke Energizer f\u00fcr zuverl\u00e4ssige Energie und Leistung in jeder Situation<\/li>\n<\/ul>\n","protected":false},"excerpt":{"rendered":"<p>Die Energizer HDL10 LED-Stirnlampe bietet helles LED-Licht f\u00fcr leistungsstarke Au\u00dfenbeleuchtung. Diese Energizer Stirnlampe bietet eine gute Abdeckung f\u00fcr Outdoor-Aktivit\u00e4ten, wie Wandern, Radfahren und Camping, sowie f\u00fcr Aufgaben zu Hause und bei der Arbeit. Mit 250 Lumen verf\u00fcgt diese Energizer-Taschenlampe \u00fcber ein leistungsstarkes wei\u00dfes LED-Licht, das im hohen Modus bis zu 7 Stunden lang leuchtet. Mit den Modi hoch und niedrig k\u00f6nnen Sie die Lichtintensit\u00e4t mit einem Druckknopf ganz einfach einstellen. Der schwenkbare Kopf lenkt das Licht genau dorthin, wo Sie es brauchen, und das leichte Design verf\u00fcgt \u00fcber einen verstellbaren Riemen f\u00fcr angenehmen Tragekomfort. Mit einer bruchsicheren Linse und einem wasserfesten Geh\u00e4use ist diese Energizer LED-Stirnlampe auch bei schlechtem Wetter und in rauen Umgebungen verl\u00e4sslich. Vertrauen Sie darauf, dass Energizer die Leistung liefert, die wir versprechen &#8211; Energizer-Lampen werden getestet und erf\u00fcllen die strengen, zuverl\u00e4ssigen ANSI-Standards.<\/p>\n","protected":false},"featured_media":0,"comment_status":"open","ping_status":"closed","template":"","meta":{"_acf_changed":false},"product_brand":[],"product_cat":[43],"product_tag":[],"class_list":{"0":"post-5303","1":"product","2":"type-product","3":"status-publish","5":"product_cat-hands-free","6":"pa_uses-outdoor","8":"first","9":"instock","10":"shipping-taxable","11":"product-type-simple"},"acf":[],"yoast_head":"<!-- This site is optimized with the Yoast SEO plugin v27.4 - https:\/\/yoast.com\/product\/yoast-seo-wordpress\/ -->\n<title>ENR EU TIER1HDL10 250 HL TR T11A32 - Switzerland German<\/title>\n<meta name=\"robots\" content=\"index, follow, max-snippet:-1, max-image-preview:large, max-video-preview:-1\" \/>\n<link rel=\"canonical\" href=\"https:\/\/energizer.com\/eu\/switzerland_de\/product\/enr-eu-tier1hdl10-250-hl-tr-t11a32\/\" \/>\n<meta property=\"og:locale\" content=\"en_US\" \/>\n<meta property=\"og:type\" content=\"article\" \/>\n<meta property=\"og:title\" content=\"ENR EU TIER1HDL10 250 HL TR T11A32 - Switzerland German\" \/>\n<meta property=\"og:description\" content=\"Die Energizer HDL10 LED-Stirnlampe bietet helles LED-Licht f\u00fcr leistungsstarke Au\u00dfenbeleuchtung. Diese Energizer Stirnlampe bietet eine gute Abdeckung f\u00fcr Outdoor-Aktivit\u00e4ten, wie Wandern, Radfahren und Camping, sowie f\u00fcr Aufgaben zu Hause und bei der Arbeit. Mit 250 Lumen verf\u00fcgt diese Energizer-Taschenlampe \u00fcber ein leistungsstarkes wei\u00dfes LED-Licht, das im hohen Modus bis zu 7 Stunden lang leuchtet. Mit den Modi hoch und niedrig k\u00f6nnen Sie die Lichtintensit\u00e4t mit einem Druckknopf ganz einfach einstellen. Der schwenkbare Kopf lenkt das Licht genau dorthin, wo Sie es brauchen, und das leichte Design verf\u00fcgt \u00fcber einen verstellbaren Riemen f\u00fcr angenehmen Tragekomfort. Mit einer bruchsicheren Linse und einem wasserfesten Geh\u00e4use ist diese Energizer LED-Stirnlampe auch bei schlechtem Wetter und in rauen Umgebungen verl\u00e4sslich. Vertrauen Sie darauf, dass Energizer die Leistung liefert, die wir versprechen - Energizer-Lampen werden getestet und erf\u00fcllen die strengen, zuverl\u00e4ssigen ANSI-Standards.\" \/>\n<meta property=\"og:url\" content=\"https:\/\/energizer.com\/eu\/switzerland_de\/product\/enr-eu-tier1hdl10-250-hl-tr-t11a32\/\" \/>\n<meta property=\"og:site_name\" content=\"Switzerland German\" \/>\n<meta property=\"article:modified_time\" content=\"2024-08-23T09:38:34+00:00\" \/>\n<meta name=\"twitter:card\" content=\"summary_large_image\" \/>\n<script type=\"application\/ld+json\" class=\"yoast-schema-graph\">{\"@context\":\"https:\\\/\\\/schema.org\",\"@graph\":[{\"@type\":\"WebPage\",\"@id\":\"https:\\\/\\\/energizer.com\\\/eu\\\/switzerland_de\\\/product\\\/enr-eu-tier1hdl10-250-hl-tr-t11a32\\\/\",\"url\":\"https:\\\/\\\/energizer.com\\\/eu\\\/switzerland_de\\\/product\\\/enr-eu-tier1hdl10-250-hl-tr-t11a32\\\/\",\"name\":\"ENR EU TIER1HDL10 250 HL TR T11A32 - Switzerland German\",\"isPartOf\":{\"@id\":\"https:\\\/\\\/energizer.com\\\/eu\\\/switzerland_de\\\/#website\"},\"datePublished\":\"2024-05-22T06:49:32+00:00\",\"dateModified\":\"2024-08-23T09:38:34+00:00\",\"breadcrumb\":{\"@id\":\"https:\\\/\\\/energizer.com\\\/eu\\\/switzerland_de\\\/product\\\/enr-eu-tier1hdl10-250-hl-tr-t11a32\\\/#breadcrumb\"},\"inLanguage\":\"en-US\",\"potentialAction\":[{\"@type\":\"ReadAction\",\"target\":[\"https:\\\/\\\/energizer.com\\\/eu\\\/switzerland_de\\\/product\\\/enr-eu-tier1hdl10-250-hl-tr-t11a32\\\/\"]}]},{\"@type\":\"BreadcrumbList\",\"@id\":\"https:\\\/\\\/energizer.com\\\/eu\\\/switzerland_de\\\/product\\\/enr-eu-tier1hdl10-250-hl-tr-t11a32\\\/#breadcrumb\",\"itemListElement\":[{\"@type\":\"ListItem\",\"position\":1,\"name\":\"Home\",\"item\":\"https:\\\/\\\/energizer.com\\\/eu\\\/switzerland_de\\\/\"},{\"@type\":\"ListItem\",\"position\":2,\"name\":\"ENR EU TIER1HDL10 250 HL TR T11A32\"}]},{\"@type\":\"WebSite\",\"@id\":\"https:\\\/\\\/energizer.com\\\/eu\\\/switzerland_de\\\/#website\",\"url\":\"https:\\\/\\\/energizer.com\\\/eu\\\/switzerland_de\\\/\",\"name\":\"Energizer Switzerland (DE)\",\"description\":\"\",\"publisher\":{\"@id\":\"https:\\\/\\\/energizer.com\\\/eu\\\/switzerland_de\\\/#organization\"},\"potentialAction\":[{\"@type\":\"SearchAction\",\"target\":{\"@type\":\"EntryPoint\",\"urlTemplate\":\"https:\\\/\\\/energizer.com\\\/eu\\\/switzerland_de\\\/?s={search_term_string}\"},\"query-input\":{\"@type\":\"PropertyValueSpecification\",\"valueRequired\":true,\"valueName\":\"search_term_string\"}}],\"inLanguage\":\"en-US\"},{\"@type\":\"Organization\",\"@id\":\"https:\\\/\\\/energizer.com\\\/eu\\\/switzerland_de\\\/#organization\",\"name\":\"Energizer Switzerland (DE)\",\"url\":\"https:\\\/\\\/energizer.com\\\/eu\\\/switzerland_de\\\/\",\"logo\":{\"@type\":\"ImageObject\",\"inLanguage\":\"en-US\",\"@id\":\"https:\\\/\\\/energizer.com\\\/eu\\\/switzerland_de\\\/#\\\/schema\\\/logo\\\/image\\\/\",\"url\":\"https:\\\/\\\/energizer.com\\\/eu\\\/switzerland_de\\\/wp-content\\\/uploads\\\/sites\\\/55\\\/2024\\\/04\\\/Energizer_brand.png\",\"contentUrl\":\"https:\\\/\\\/energizer.com\\\/eu\\\/switzerland_de\\\/wp-content\\\/uploads\\\/sites\\\/55\\\/2024\\\/04\\\/Energizer_brand.png\",\"width\":267,\"height\":100,\"caption\":\"Energizer Switzerland (DE)\"},\"image\":{\"@id\":\"https:\\\/\\\/energizer.com\\\/eu\\\/switzerland_de\\\/#\\\/schema\\\/logo\\\/image\\\/\"}}]}<\/script>\n<!-- \/ Yoast SEO plugin. -->","yoast_head_json":{"title":"ENR EU TIER1HDL10 250 HL TR T11A32 - Switzerland German","robots":{"index":"index","follow":"follow","max-snippet":"max-snippet:-1","max-image-preview":"max-image-preview:large","max-video-preview":"max-video-preview:-1"},"canonical":"https:\/\/energizer.com\/eu\/switzerland_de\/product\/enr-eu-tier1hdl10-250-hl-tr-t11a32\/","og_locale":"en_US","og_type":"article","og_title":"ENR EU TIER1HDL10 250 HL TR T11A32 - Switzerland German","og_description":"Die Energizer HDL10 LED-Stirnlampe bietet helles LED-Licht f\u00fcr leistungsstarke Au\u00dfenbeleuchtung. Diese Energizer Stirnlampe bietet eine gute Abdeckung f\u00fcr Outdoor-Aktivit\u00e4ten, wie Wandern, Radfahren und Camping, sowie f\u00fcr Aufgaben zu Hause und bei der Arbeit. Mit 250 Lumen verf\u00fcgt diese Energizer-Taschenlampe \u00fcber ein leistungsstarkes wei\u00dfes LED-Licht, das im hohen Modus bis zu 7 Stunden lang leuchtet. Mit den Modi hoch und niedrig k\u00f6nnen Sie die Lichtintensit\u00e4t mit einem Druckknopf ganz einfach einstellen. Der schwenkbare Kopf lenkt das Licht genau dorthin, wo Sie es brauchen, und das leichte Design verf\u00fcgt \u00fcber einen verstellbaren Riemen f\u00fcr angenehmen Tragekomfort. Mit einer bruchsicheren Linse und einem wasserfesten Geh\u00e4use ist diese Energizer LED-Stirnlampe auch bei schlechtem Wetter und in rauen Umgebungen verl\u00e4sslich. Vertrauen Sie darauf, dass Energizer die Leistung liefert, die wir versprechen - Energizer-Lampen werden getestet und erf\u00fcllen die strengen, zuverl\u00e4ssigen ANSI-Standards.","og_url":"https:\/\/energizer.com\/eu\/switzerland_de\/product\/enr-eu-tier1hdl10-250-hl-tr-t11a32\/","og_site_name":"Switzerland German","article_modified_time":"2024-08-23T09:38:34+00:00","twitter_card":"summary_large_image","schema":{"@context":"https:\/\/schema.org","@graph":[{"@type":"WebPage","@id":"https:\/\/energizer.com\/eu\/switzerland_de\/product\/enr-eu-tier1hdl10-250-hl-tr-t11a32\/","url":"https:\/\/energizer.com\/eu\/switzerland_de\/product\/enr-eu-tier1hdl10-250-hl-tr-t11a32\/","name":"ENR EU TIER1HDL10 250 HL TR T11A32 - Switzerland German","isPartOf":{"@id":"https:\/\/energizer.com\/eu\/switzerland_de\/#website"},"datePublished":"2024-05-22T06:49:32+00:00","dateModified":"2024-08-23T09:38:34+00:00","breadcrumb":{"@id":"https:\/\/energizer.com\/eu\/switzerland_de\/product\/enr-eu-tier1hdl10-250-hl-tr-t11a32\/#breadcrumb"},"inLanguage":"en-US","potentialAction":[{"@type":"ReadAction","target":["https:\/\/energizer.com\/eu\/switzerland_de\/product\/enr-eu-tier1hdl10-250-hl-tr-t11a32\/"]}]},{"@type":"BreadcrumbList","@id":"https:\/\/energizer.com\/eu\/switzerland_de\/product\/enr-eu-tier1hdl10-250-hl-tr-t11a32\/#breadcrumb","itemListElement":[{"@type":"ListItem","position":1,"name":"Home","item":"https:\/\/energizer.com\/eu\/switzerland_de\/"},{"@type":"ListItem","position":2,"name":"ENR EU TIER1HDL10 250 HL TR T11A32"}]},{"@type":"WebSite","@id":"https:\/\/energizer.com\/eu\/switzerland_de\/#website","url":"https:\/\/energizer.com\/eu\/switzerland_de\/","name":"Energizer Switzerland (DE)","description":"","publisher":{"@id":"https:\/\/energizer.com\/eu\/switzerland_de\/#organization"},"potentialAction":[{"@type":"SearchAction","target":{"@type":"EntryPoint","urlTemplate":"https:\/\/energizer.com\/eu\/switzerland_de\/?s={search_term_string}"},"query-input":{"@type":"PropertyValueSpecification","valueRequired":true,"valueName":"search_term_string"}}],"inLanguage":"en-US"},{"@type":"Organization","@id":"https:\/\/energizer.com\/eu\/switzerland_de\/#organization","name":"Energizer Switzerland (DE)","url":"https:\/\/energizer.com\/eu\/switzerland_de\/","logo":{"@type":"ImageObject","inLanguage":"en-US","@id":"https:\/\/energizer.com\/eu\/switzerland_de\/#\/schema\/logo\/image\/","url":"https:\/\/energizer.com\/eu\/switzerland_de\/wp-content\/uploads\/sites\/55\/2024\/04\/Energizer_brand.png","contentUrl":"https:\/\/energizer.com\/eu\/switzerland_de\/wp-content\/uploads\/sites\/55\/2024\/04\/Energizer_brand.png","width":267,"height":100,"caption":"Energizer Switzerland (DE)"},"image":{"@id":"https:\/\/energizer.com\/eu\/switzerland_de\/#\/schema\/logo\/image\/"}}]}},"_links":{"self":[{"href":"https:\/\/energizer.com\/eu\/switzerland_de\/wp-json\/wp\/v2\/product\/5303","targetHints":{"allow":["GET"]}}],"collection":[{"href":"https:\/\/energizer.com\/eu\/switzerland_de\/wp-json\/wp\/v2\/product"}],"about":[{"href":"https:\/\/energizer.com\/eu\/switzerland_de\/wp-json\/wp\/v2\/types\/product"}],"replies":[{"embeddable":true,"href":"https:\/\/energizer.com\/eu\/switzerland_de\/wp-json\/wp\/v2\/comments?post=5303"}],"version-history":[{"count":3,"href":"https:\/\/energizer.com\/eu\/switzerland_de\/wp-json\/wp\/v2\/product\/5303\/revisions"}],"predecessor-version":[{"id":7963,"href":"https:\/\/energizer.com\/eu\/switzerland_de\/wp-json\/wp\/v2\/product\/5303\/revisions\/7963"}],"wp:attachment":[{"href":"https:\/\/energizer.com\/eu\/switzerland_de\/wp-json\/wp\/v2\/media?parent=5303"}],"wp:term":[{"taxonomy":"product_brand","embeddable":true,"href":"https:\/\/energizer.com\/eu\/switzerland_de\/wp-json\/wp\/v2\/product_brand?post=5303"},{"taxonomy":"product_cat","embeddable":true,"href":"https:\/\/energizer.com\/eu\/switzerland_de\/wp-json\/wp\/v2\/product_cat?post=5303"},{"taxonomy":"product_tag","embeddable":true,"href":"https:\/\/energizer.com\/eu\/switzerland_de\/wp-json\/wp\/v2\/product_tag?post=5303"}],"curies":[{"name":"wp","href":"https:\/\/api.w.org\/{rel}","templated":true}]}}