{"id":5305,"date":"2024-05-22T06:50:50","date_gmt":"2024-05-22T06:50:50","guid":{"rendered":"https:\/\/23b13e8ab3.nxcli.io\/switzerland-german\/?post_type=product&#038;p=5305"},"modified":"2024-08-23T09:38:32","modified_gmt":"2024-08-23T09:38:32","slug":"energizer-vision-hd-350-headlight","status":"publish","type":"product","link":"https:\/\/energizer.com\/eu\/switzerland_de\/product\/energizer-vision-hd-350-headlight\/","title":{"rendered":"Energizer VISION HD+ 350 Headlight"},"content":{"rendered":"<ul>\n<li>Energizer Vision HD+ LED-Stirnlampe mit 3 AAA-Batterien im Lieferumfang<\/li>\n<li>LED-Technologie: Diese leistungsstarke 350-Lumen-Stirnlampe hat eine Reichweite von 80 Metern und leuchtet 4x heller als herk\u00f6mmliche LED-Technologie<\/li>\n<li>Next Push Off Technologie: Vermeiden Sie das Klicken durch zus\u00e4tzliche Zyklen und schalten Sie Ihre Energizer LED-Stirnlampe sofort mit einem einzigen Druck aus<\/li>\n<li>Langlebige Konstruktion: Diese wasserdichte Energizer-Stirnlampe nach IPX4 ist ideal f\u00fcr den dauerhaften Einsatz und \u00fcbersteht den Falltest aus 1 Meter H\u00f6he<\/li>\n<li>Vielseitiges Hands-Free-Licht: Diese einfach zu bedienende, kompakte Freisprech-Taschenlampe eignet sich f\u00fcr Stromausf\u00e4lle, Heimwerker und mehr<\/li>\n<li>Bequemes Design: Richten Sie das Licht mit dieser leichten Kopftaschenlampe mit schwenkbarem Kopf dorthin, wo Sie es brauchen<\/li>\n<li>Zuverl\u00e4ssige Leistung: Vertrauen Sie darauf, dass Energizer die Leistung liefert, die wir versprechen &#8211; alle Energizer-Lampen werden getestet und erf\u00fcllen die strengen, zuverl\u00e4ssigen ANSI-Standards<\/li>\n<\/ul>\n","protected":false},"excerpt":{"rendered":"<p>Mit dieser leichten und vielseitigen Stirnlampe haben Sie die H\u00e4nde frei und k\u00f6nnen jedes Abenteuer in vollen Z\u00fcgen genie\u00dfen. Die Energizer Vision HD+ LED-Stirnlampe ist sowohl kompakt als auch freih\u00e4ndig &#8211; ideal f\u00fcr Heimwerker und Aktivit\u00e4ten, die zwei H\u00e4nde erfordern. Und sie leuchtet Ihnen bei jedem Ausflug in der Dunkelheit den Weg, egal ob Sie campen, wandern oder joggen gehen. Diese LED-Kopflampe mit 350 Lumen erhellt selbst die dunkelsten R\u00e4ume und leuchtet im Modus \u201eHigh\u201c bis zu 80 Meter weit &#8211; damit haben Sie genau dort ausreichend Licht, wo Sie es brauchen. Dank unserer Next Push Off Technology-Funktion m\u00fcssen Sie sich nicht durch zus\u00e4tzliche Zyklen klicken, und mit der dimmbaren Schaltoption k\u00f6nnen Sie die Lichtintensit\u00e4t steuern. W\u00e4hlen Sie den perfekten Lichtmodus f\u00fcr Ihre Aktivit\u00e4t, indem Sie zwischen dem roten Modus, dem hohen Spotlicht- und Flutlichtmodus, dem niedrigen Spotlicht- und Flutlichtmodus oder dem hohen Spotlicht- und niedrigen Flutlichtmodus w\u00e4hlen. Das praktische Design und die robuste, wasserabweisende Konstruktion dieser Energizer-Stirnlampe bieten optimalen Komfort und Vielseitigkeit f\u00fcr jedes Indoor- oder Outdoor-Abenteuer. Energizer ist seit \u00fcber 120 Jahren ein Wegbereiter f\u00fcr tragbare Beleuchtung und brachte 1970 die erste wasserdichte Taschenlampe der Welt auf den Markt. Energizer macht es Ihnen leicht, Ihren Weg zu beleuchten.<\/p>\n","protected":false},"featured_media":0,"comment_status":"open","ping_status":"closed","template":"","meta":{"_acf_changed":false},"product_brand":[],"product_cat":[43],"product_tag":[],"class_list":{"0":"post-5305","1":"product","2":"type-product","3":"status-publish","5":"product_cat-hands-free","6":"pa_uses-outdoor","8":"first","9":"instock","10":"shipping-taxable","11":"product-type-simple"},"acf":[],"yoast_head":"<!-- This site is optimized with the Yoast SEO plugin v27.4 - https:\/\/yoast.com\/product\/yoast-seo-wordpress\/ -->\n<title>Energizer VISION HD+ 350 Headlight - Switzerland German<\/title>\n<meta name=\"robots\" content=\"index, follow, max-snippet:-1, max-image-preview:large, max-video-preview:-1\" \/>\n<link rel=\"canonical\" href=\"https:\/\/energizer.com\/eu\/switzerland_de\/product\/energizer-vision-hd-350-headlight\/\" \/>\n<meta property=\"og:locale\" content=\"en_US\" \/>\n<meta property=\"og:type\" content=\"article\" \/>\n<meta property=\"og:title\" content=\"Energizer VISION HD+ 350 Headlight - Switzerland German\" \/>\n<meta property=\"og:description\" content=\"Mit dieser leichten und vielseitigen Stirnlampe haben Sie die H\u00e4nde frei und k\u00f6nnen jedes Abenteuer in vollen Z\u00fcgen genie\u00dfen. Die Energizer Vision HD+ LED-Stirnlampe ist sowohl kompakt als auch freih\u00e4ndig - ideal f\u00fcr Heimwerker und Aktivit\u00e4ten, die zwei H\u00e4nde erfordern. Und sie leuchtet Ihnen bei jedem Ausflug in der Dunkelheit den Weg, egal ob Sie campen, wandern oder joggen gehen. Diese LED-Kopflampe mit 350 Lumen erhellt selbst die dunkelsten R\u00e4ume und leuchtet im Modus \u201eHigh\u201c bis zu 80 Meter weit - damit haben Sie genau dort ausreichend Licht, wo Sie es brauchen. Dank unserer Next Push Off Technology-Funktion m\u00fcssen Sie sich nicht durch zus\u00e4tzliche Zyklen klicken, und mit der dimmbaren Schaltoption k\u00f6nnen Sie die Lichtintensit\u00e4t steuern. W\u00e4hlen Sie den perfekten Lichtmodus f\u00fcr Ihre Aktivit\u00e4t, indem Sie zwischen dem roten Modus, dem hohen Spotlicht- und Flutlichtmodus, dem niedrigen Spotlicht- und Flutlichtmodus oder dem hohen Spotlicht- und niedrigen Flutlichtmodus w\u00e4hlen. Das praktische Design und die robuste, wasserabweisende Konstruktion dieser Energizer-Stirnlampe bieten optimalen Komfort und Vielseitigkeit f\u00fcr jedes Indoor- oder Outdoor-Abenteuer. Energizer ist seit \u00fcber 120 Jahren ein Wegbereiter f\u00fcr tragbare Beleuchtung und brachte 1970 die erste wasserdichte Taschenlampe der Welt auf den Markt. Energizer macht es Ihnen leicht, Ihren Weg zu beleuchten.\" \/>\n<meta property=\"og:url\" content=\"https:\/\/energizer.com\/eu\/switzerland_de\/product\/energizer-vision-hd-350-headlight\/\" \/>\n<meta property=\"og:site_name\" content=\"Switzerland German\" \/>\n<meta property=\"article:modified_time\" content=\"2024-08-23T09:38:32+00:00\" \/>\n<meta name=\"twitter:card\" content=\"summary_large_image\" \/>\n<script type=\"application\/ld+json\" class=\"yoast-schema-graph\">{\"@context\":\"https:\\\/\\\/schema.org\",\"@graph\":[{\"@type\":\"WebPage\",\"@id\":\"https:\\\/\\\/energizer.com\\\/eu\\\/switzerland_de\\\/product\\\/energizer-vision-hd-350-headlight\\\/\",\"url\":\"https:\\\/\\\/energizer.com\\\/eu\\\/switzerland_de\\\/product\\\/energizer-vision-hd-350-headlight\\\/\",\"name\":\"Energizer VISION HD+ 350 Headlight - Switzerland German\",\"isPartOf\":{\"@id\":\"https:\\\/\\\/energizer.com\\\/eu\\\/switzerland_de\\\/#website\"},\"datePublished\":\"2024-05-22T06:50:50+00:00\",\"dateModified\":\"2024-08-23T09:38:32+00:00\",\"breadcrumb\":{\"@id\":\"https:\\\/\\\/energizer.com\\\/eu\\\/switzerland_de\\\/product\\\/energizer-vision-hd-350-headlight\\\/#breadcrumb\"},\"inLanguage\":\"en-US\",\"potentialAction\":[{\"@type\":\"ReadAction\",\"target\":[\"https:\\\/\\\/energizer.com\\\/eu\\\/switzerland_de\\\/product\\\/energizer-vision-hd-350-headlight\\\/\"]}]},{\"@type\":\"BreadcrumbList\",\"@id\":\"https:\\\/\\\/energizer.com\\\/eu\\\/switzerland_de\\\/product\\\/energizer-vision-hd-350-headlight\\\/#breadcrumb\",\"itemListElement\":[{\"@type\":\"ListItem\",\"position\":1,\"name\":\"Home\",\"item\":\"https:\\\/\\\/energizer.com\\\/eu\\\/switzerland_de\\\/\"},{\"@type\":\"ListItem\",\"position\":2,\"name\":\"Energizer VISION HD+ 350 Headlight\"}]},{\"@type\":\"WebSite\",\"@id\":\"https:\\\/\\\/energizer.com\\\/eu\\\/switzerland_de\\\/#website\",\"url\":\"https:\\\/\\\/energizer.com\\\/eu\\\/switzerland_de\\\/\",\"name\":\"Energizer Switzerland (DE)\",\"description\":\"\",\"publisher\":{\"@id\":\"https:\\\/\\\/energizer.com\\\/eu\\\/switzerland_de\\\/#organization\"},\"potentialAction\":[{\"@type\":\"SearchAction\",\"target\":{\"@type\":\"EntryPoint\",\"urlTemplate\":\"https:\\\/\\\/energizer.com\\\/eu\\\/switzerland_de\\\/?s={search_term_string}\"},\"query-input\":{\"@type\":\"PropertyValueSpecification\",\"valueRequired\":true,\"valueName\":\"search_term_string\"}}],\"inLanguage\":\"en-US\"},{\"@type\":\"Organization\",\"@id\":\"https:\\\/\\\/energizer.com\\\/eu\\\/switzerland_de\\\/#organization\",\"name\":\"Energizer Switzerland (DE)\",\"url\":\"https:\\\/\\\/energizer.com\\\/eu\\\/switzerland_de\\\/\",\"logo\":{\"@type\":\"ImageObject\",\"inLanguage\":\"en-US\",\"@id\":\"https:\\\/\\\/energizer.com\\\/eu\\\/switzerland_de\\\/#\\\/schema\\\/logo\\\/image\\\/\",\"url\":\"https:\\\/\\\/energizer.com\\\/eu\\\/switzerland_de\\\/wp-content\\\/uploads\\\/sites\\\/55\\\/2024\\\/04\\\/Energizer_brand.png\",\"contentUrl\":\"https:\\\/\\\/energizer.com\\\/eu\\\/switzerland_de\\\/wp-content\\\/uploads\\\/sites\\\/55\\\/2024\\\/04\\\/Energizer_brand.png\",\"width\":267,\"height\":100,\"caption\":\"Energizer Switzerland (DE)\"},\"image\":{\"@id\":\"https:\\\/\\\/energizer.com\\\/eu\\\/switzerland_de\\\/#\\\/schema\\\/logo\\\/image\\\/\"}}]}<\/script>\n<!-- \/ Yoast SEO plugin. -->","yoast_head_json":{"title":"Energizer VISION HD+ 350 Headlight - Switzerland German","robots":{"index":"index","follow":"follow","max-snippet":"max-snippet:-1","max-image-preview":"max-image-preview:large","max-video-preview":"max-video-preview:-1"},"canonical":"https:\/\/energizer.com\/eu\/switzerland_de\/product\/energizer-vision-hd-350-headlight\/","og_locale":"en_US","og_type":"article","og_title":"Energizer VISION HD+ 350 Headlight - Switzerland German","og_description":"Mit dieser leichten und vielseitigen Stirnlampe haben Sie die H\u00e4nde frei und k\u00f6nnen jedes Abenteuer in vollen Z\u00fcgen genie\u00dfen. Die Energizer Vision HD+ LED-Stirnlampe ist sowohl kompakt als auch freih\u00e4ndig - ideal f\u00fcr Heimwerker und Aktivit\u00e4ten, die zwei H\u00e4nde erfordern. Und sie leuchtet Ihnen bei jedem Ausflug in der Dunkelheit den Weg, egal ob Sie campen, wandern oder joggen gehen. Diese LED-Kopflampe mit 350 Lumen erhellt selbst die dunkelsten R\u00e4ume und leuchtet im Modus \u201eHigh\u201c bis zu 80 Meter weit - damit haben Sie genau dort ausreichend Licht, wo Sie es brauchen. Dank unserer Next Push Off Technology-Funktion m\u00fcssen Sie sich nicht durch zus\u00e4tzliche Zyklen klicken, und mit der dimmbaren Schaltoption k\u00f6nnen Sie die Lichtintensit\u00e4t steuern. W\u00e4hlen Sie den perfekten Lichtmodus f\u00fcr Ihre Aktivit\u00e4t, indem Sie zwischen dem roten Modus, dem hohen Spotlicht- und Flutlichtmodus, dem niedrigen Spotlicht- und Flutlichtmodus oder dem hohen Spotlicht- und niedrigen Flutlichtmodus w\u00e4hlen. Das praktische Design und die robuste, wasserabweisende Konstruktion dieser Energizer-Stirnlampe bieten optimalen Komfort und Vielseitigkeit f\u00fcr jedes Indoor- oder Outdoor-Abenteuer. Energizer ist seit \u00fcber 120 Jahren ein Wegbereiter f\u00fcr tragbare Beleuchtung und brachte 1970 die erste wasserdichte Taschenlampe der Welt auf den Markt. Energizer macht es Ihnen leicht, Ihren Weg zu beleuchten.","og_url":"https:\/\/energizer.com\/eu\/switzerland_de\/product\/energizer-vision-hd-350-headlight\/","og_site_name":"Switzerland German","article_modified_time":"2024-08-23T09:38:32+00:00","twitter_card":"summary_large_image","schema":{"@context":"https:\/\/schema.org","@graph":[{"@type":"WebPage","@id":"https:\/\/energizer.com\/eu\/switzerland_de\/product\/energizer-vision-hd-350-headlight\/","url":"https:\/\/energizer.com\/eu\/switzerland_de\/product\/energizer-vision-hd-350-headlight\/","name":"Energizer VISION HD+ 350 Headlight - Switzerland German","isPartOf":{"@id":"https:\/\/energizer.com\/eu\/switzerland_de\/#website"},"datePublished":"2024-05-22T06:50:50+00:00","dateModified":"2024-08-23T09:38:32+00:00","breadcrumb":{"@id":"https:\/\/energizer.com\/eu\/switzerland_de\/product\/energizer-vision-hd-350-headlight\/#breadcrumb"},"inLanguage":"en-US","potentialAction":[{"@type":"ReadAction","target":["https:\/\/energizer.com\/eu\/switzerland_de\/product\/energizer-vision-hd-350-headlight\/"]}]},{"@type":"BreadcrumbList","@id":"https:\/\/energizer.com\/eu\/switzerland_de\/product\/energizer-vision-hd-350-headlight\/#breadcrumb","itemListElement":[{"@type":"ListItem","position":1,"name":"Home","item":"https:\/\/energizer.com\/eu\/switzerland_de\/"},{"@type":"ListItem","position":2,"name":"Energizer VISION HD+ 350 Headlight"}]},{"@type":"WebSite","@id":"https:\/\/energizer.com\/eu\/switzerland_de\/#website","url":"https:\/\/energizer.com\/eu\/switzerland_de\/","name":"Energizer Switzerland (DE)","description":"","publisher":{"@id":"https:\/\/energizer.com\/eu\/switzerland_de\/#organization"},"potentialAction":[{"@type":"SearchAction","target":{"@type":"EntryPoint","urlTemplate":"https:\/\/energizer.com\/eu\/switzerland_de\/?s={search_term_string}"},"query-input":{"@type":"PropertyValueSpecification","valueRequired":true,"valueName":"search_term_string"}}],"inLanguage":"en-US"},{"@type":"Organization","@id":"https:\/\/energizer.com\/eu\/switzerland_de\/#organization","name":"Energizer Switzerland (DE)","url":"https:\/\/energizer.com\/eu\/switzerland_de\/","logo":{"@type":"ImageObject","inLanguage":"en-US","@id":"https:\/\/energizer.com\/eu\/switzerland_de\/#\/schema\/logo\/image\/","url":"https:\/\/energizer.com\/eu\/switzerland_de\/wp-content\/uploads\/sites\/55\/2024\/04\/Energizer_brand.png","contentUrl":"https:\/\/energizer.com\/eu\/switzerland_de\/wp-content\/uploads\/sites\/55\/2024\/04\/Energizer_brand.png","width":267,"height":100,"caption":"Energizer Switzerland (DE)"},"image":{"@id":"https:\/\/energizer.com\/eu\/switzerland_de\/#\/schema\/logo\/image\/"}}]}},"_links":{"self":[{"href":"https:\/\/energizer.com\/eu\/switzerland_de\/wp-json\/wp\/v2\/product\/5305","targetHints":{"allow":["GET"]}}],"collection":[{"href":"https:\/\/energizer.com\/eu\/switzerland_de\/wp-json\/wp\/v2\/product"}],"about":[{"href":"https:\/\/energizer.com\/eu\/switzerland_de\/wp-json\/wp\/v2\/types\/product"}],"replies":[{"embeddable":true,"href":"https:\/\/energizer.com\/eu\/switzerland_de\/wp-json\/wp\/v2\/comments?post=5305"}],"version-history":[{"count":3,"href":"https:\/\/energizer.com\/eu\/switzerland_de\/wp-json\/wp\/v2\/product\/5305\/revisions"}],"predecessor-version":[{"id":7961,"href":"https:\/\/energizer.com\/eu\/switzerland_de\/wp-json\/wp\/v2\/product\/5305\/revisions\/7961"}],"wp:attachment":[{"href":"https:\/\/energizer.com\/eu\/switzerland_de\/wp-json\/wp\/v2\/media?parent=5305"}],"wp:term":[{"taxonomy":"product_brand","embeddable":true,"href":"https:\/\/energizer.com\/eu\/switzerland_de\/wp-json\/wp\/v2\/product_brand?post=5305"},{"taxonomy":"product_cat","embeddable":true,"href":"https:\/\/energizer.com\/eu\/switzerland_de\/wp-json\/wp\/v2\/product_cat?post=5305"},{"taxonomy":"product_tag","embeddable":true,"href":"https:\/\/energizer.com\/eu\/switzerland_de\/wp-json\/wp\/v2\/product_tag?post=5305"}],"curies":[{"name":"wp","href":"https:\/\/api.w.org\/{rel}","templated":true}]}}