{"id":5359,"date":"2024-05-22T07:35:41","date_gmt":"2024-05-22T07:35:41","guid":{"rendered":"https:\/\/23b13e8ab3.nxcli.io\/switzerland-german\/?post_type=product&#038;p=5359"},"modified":"2024-08-23T09:38:26","modified_gmt":"2024-08-23T09:38:26","slug":"energizer-fusion-compact-2-in-1","status":"publish","type":"product","link":"https:\/\/energizer.com\/eu\/switzerland_de\/product\/energizer-fusion-compact-2-in-1\/","title":{"rendered":"Energizer Fusion Compact 2 in 1"},"content":{"rendered":"<ul>\n<li>Zwei Lampen in einer &#8211; Taschenlampe und Laterne mit Doppelfunktion, betrieben mit 2 Energizer MAX AAA-Batterien (im Lieferumfang enthalten)<\/li>\n<li>Liefert 60 Lumen* leuchtendes LED-Licht mit einer Leuchtdauer von 15 Stunden** in einem komfortablen, taschengerechten Geh\u00e4use<\/li>\n<li>Die robuste, wasserfeste Konstruktion und der Schlitz f\u00fcr das Schl\u00fcsselband machen sie perfekt f\u00fcr den Einsatz zu Hause und im Freien, von Stromausf\u00e4llen bis zu n\u00e4chtlichen Hundespazierg\u00e4ngen<\/li>\n<li>Einfaches Umschalten zwischen Spot- und Fl\u00e4chenmodus mit nur einem Knopfdruck<\/li>\n<li>Schlankes, leichtes Design, ideal zum Mitf\u00fchren \u00fcberall dort, wo Sie eine Notfalllaterne oder LED-Taschenlampe ben\u00f6tigen<\/li>\n<\/ul>\n","protected":false},"excerpt":{"rendered":"<p>Die Energizer Compact 2-in-1 Light eignet sich perfekt f\u00fcr Taschen, Handtaschen, Autokonsolen und Schulranzen und ist mit 60 Lumen* leuchtendem LED-Licht sofort einsatzbereit. Mit nur einem Tastendruck k\u00f6nnen Sie zwischen Spot- und Fl\u00e4chenmodus wechseln. Mit ihrem schlanken Design und der leichten Konstruktion passt diese kompakte Lampe \u00fcberall hin. Dank der flachen Seiten k\u00f6nnen Sie sie abstellen, positionieren und freih\u00e4ndig arbeiten. Sie ist ideal, um auf dem Dachboden gelagerte Erinnerungsst\u00fccke zu finden, unter dem Bett nach Monstern zu suchen oder w\u00e4hrend eines Stromausfalls die K\u00f6pfe zu z\u00e4hlen. Mit einer Laufzeit von 15 Stunden** und einem wasserfesten Geh\u00e4use ist sie auch im Freien beim Campen, beim n\u00e4chtlichen Spaziergang mit dem Hund oder in Situationen, die ein Notlicht erfordern, z. B. bei Autopannen, sehr praktisch. Es ist eine Mini-Taschenlampe. Sie ist eine LED-Laterne. Es ist das vielseitige Energizer Compact 2-in-1 Licht. Enth\u00e4lt 2 Energizer MAX AAA-Batterien.<\/p>\n","protected":false},"featured_media":0,"comment_status":"open","ping_status":"closed","template":"","meta":{"_acf_changed":false},"product_brand":[],"product_cat":[97],"product_tag":[],"class_list":{"0":"post-5359","1":"product","2":"type-product","3":"status-publish","5":"product_cat-handheld","6":"pa_uses-outdoor","8":"first","9":"instock","10":"shipping-taxable","11":"product-type-simple"},"acf":[],"yoast_head":"<!-- This site is optimized with the Yoast SEO plugin v27.4 - https:\/\/yoast.com\/product\/yoast-seo-wordpress\/ -->\n<title>Energizer Fusion Compact 2 in 1 - Switzerland German<\/title>\n<meta name=\"robots\" content=\"index, follow, max-snippet:-1, max-image-preview:large, max-video-preview:-1\" \/>\n<link rel=\"canonical\" href=\"https:\/\/energizer.com\/eu\/switzerland_de\/product\/energizer-fusion-compact-2-in-1\/\" \/>\n<meta property=\"og:locale\" content=\"en_US\" \/>\n<meta property=\"og:type\" content=\"article\" \/>\n<meta property=\"og:title\" content=\"Energizer Fusion Compact 2 in 1 - Switzerland German\" \/>\n<meta property=\"og:description\" content=\"Die Energizer Compact 2-in-1 Light eignet sich perfekt f\u00fcr Taschen, Handtaschen, Autokonsolen und Schulranzen und ist mit 60 Lumen* leuchtendem LED-Licht sofort einsatzbereit. Mit nur einem Tastendruck k\u00f6nnen Sie zwischen Spot- und Fl\u00e4chenmodus wechseln. Mit ihrem schlanken Design und der leichten Konstruktion passt diese kompakte Lampe \u00fcberall hin. Dank der flachen Seiten k\u00f6nnen Sie sie abstellen, positionieren und freih\u00e4ndig arbeiten. Sie ist ideal, um auf dem Dachboden gelagerte Erinnerungsst\u00fccke zu finden, unter dem Bett nach Monstern zu suchen oder w\u00e4hrend eines Stromausfalls die K\u00f6pfe zu z\u00e4hlen. Mit einer Laufzeit von 15 Stunden** und einem wasserfesten Geh\u00e4use ist sie auch im Freien beim Campen, beim n\u00e4chtlichen Spaziergang mit dem Hund oder in Situationen, die ein Notlicht erfordern, z. B. bei Autopannen, sehr praktisch. Es ist eine Mini-Taschenlampe. Sie ist eine LED-Laterne. Es ist das vielseitige Energizer Compact 2-in-1 Licht. Enth\u00e4lt 2 Energizer MAX AAA-Batterien.\" \/>\n<meta property=\"og:url\" content=\"https:\/\/energizer.com\/eu\/switzerland_de\/product\/energizer-fusion-compact-2-in-1\/\" \/>\n<meta property=\"og:site_name\" content=\"Switzerland German\" \/>\n<meta property=\"article:modified_time\" content=\"2024-08-23T09:38:26+00:00\" \/>\n<meta name=\"twitter:card\" content=\"summary_large_image\" \/>\n<script type=\"application\/ld+json\" class=\"yoast-schema-graph\">{\"@context\":\"https:\\\/\\\/schema.org\",\"@graph\":[{\"@type\":\"WebPage\",\"@id\":\"https:\\\/\\\/energizer.com\\\/eu\\\/switzerland_de\\\/product\\\/energizer-fusion-compact-2-in-1\\\/\",\"url\":\"https:\\\/\\\/energizer.com\\\/eu\\\/switzerland_de\\\/product\\\/energizer-fusion-compact-2-in-1\\\/\",\"name\":\"Energizer Fusion Compact 2 in 1 - Switzerland German\",\"isPartOf\":{\"@id\":\"https:\\\/\\\/energizer.com\\\/eu\\\/switzerland_de\\\/#website\"},\"datePublished\":\"2024-05-22T07:35:41+00:00\",\"dateModified\":\"2024-08-23T09:38:26+00:00\",\"breadcrumb\":{\"@id\":\"https:\\\/\\\/energizer.com\\\/eu\\\/switzerland_de\\\/product\\\/energizer-fusion-compact-2-in-1\\\/#breadcrumb\"},\"inLanguage\":\"en-US\",\"potentialAction\":[{\"@type\":\"ReadAction\",\"target\":[\"https:\\\/\\\/energizer.com\\\/eu\\\/switzerland_de\\\/product\\\/energizer-fusion-compact-2-in-1\\\/\"]}]},{\"@type\":\"BreadcrumbList\",\"@id\":\"https:\\\/\\\/energizer.com\\\/eu\\\/switzerland_de\\\/product\\\/energizer-fusion-compact-2-in-1\\\/#breadcrumb\",\"itemListElement\":[{\"@type\":\"ListItem\",\"position\":1,\"name\":\"Home\",\"item\":\"https:\\\/\\\/energizer.com\\\/eu\\\/switzerland_de\\\/\"},{\"@type\":\"ListItem\",\"position\":2,\"name\":\"Energizer Fusion Compact 2 in 1\"}]},{\"@type\":\"WebSite\",\"@id\":\"https:\\\/\\\/energizer.com\\\/eu\\\/switzerland_de\\\/#website\",\"url\":\"https:\\\/\\\/energizer.com\\\/eu\\\/switzerland_de\\\/\",\"name\":\"Energizer Switzerland (DE)\",\"description\":\"\",\"publisher\":{\"@id\":\"https:\\\/\\\/energizer.com\\\/eu\\\/switzerland_de\\\/#organization\"},\"potentialAction\":[{\"@type\":\"SearchAction\",\"target\":{\"@type\":\"EntryPoint\",\"urlTemplate\":\"https:\\\/\\\/energizer.com\\\/eu\\\/switzerland_de\\\/?s={search_term_string}\"},\"query-input\":{\"@type\":\"PropertyValueSpecification\",\"valueRequired\":true,\"valueName\":\"search_term_string\"}}],\"inLanguage\":\"en-US\"},{\"@type\":\"Organization\",\"@id\":\"https:\\\/\\\/energizer.com\\\/eu\\\/switzerland_de\\\/#organization\",\"name\":\"Energizer Switzerland (DE)\",\"url\":\"https:\\\/\\\/energizer.com\\\/eu\\\/switzerland_de\\\/\",\"logo\":{\"@type\":\"ImageObject\",\"inLanguage\":\"en-US\",\"@id\":\"https:\\\/\\\/energizer.com\\\/eu\\\/switzerland_de\\\/#\\\/schema\\\/logo\\\/image\\\/\",\"url\":\"https:\\\/\\\/energizer.com\\\/eu\\\/switzerland_de\\\/wp-content\\\/uploads\\\/sites\\\/55\\\/2024\\\/04\\\/Energizer_brand.png\",\"contentUrl\":\"https:\\\/\\\/energizer.com\\\/eu\\\/switzerland_de\\\/wp-content\\\/uploads\\\/sites\\\/55\\\/2024\\\/04\\\/Energizer_brand.png\",\"width\":267,\"height\":100,\"caption\":\"Energizer Switzerland (DE)\"},\"image\":{\"@id\":\"https:\\\/\\\/energizer.com\\\/eu\\\/switzerland_de\\\/#\\\/schema\\\/logo\\\/image\\\/\"}}]}<\/script>\n<!-- \/ Yoast SEO plugin. -->","yoast_head_json":{"title":"Energizer Fusion Compact 2 in 1 - Switzerland German","robots":{"index":"index","follow":"follow","max-snippet":"max-snippet:-1","max-image-preview":"max-image-preview:large","max-video-preview":"max-video-preview:-1"},"canonical":"https:\/\/energizer.com\/eu\/switzerland_de\/product\/energizer-fusion-compact-2-in-1\/","og_locale":"en_US","og_type":"article","og_title":"Energizer Fusion Compact 2 in 1 - Switzerland German","og_description":"Die Energizer Compact 2-in-1 Light eignet sich perfekt f\u00fcr Taschen, Handtaschen, Autokonsolen und Schulranzen und ist mit 60 Lumen* leuchtendem LED-Licht sofort einsatzbereit. Mit nur einem Tastendruck k\u00f6nnen Sie zwischen Spot- und Fl\u00e4chenmodus wechseln. Mit ihrem schlanken Design und der leichten Konstruktion passt diese kompakte Lampe \u00fcberall hin. Dank der flachen Seiten k\u00f6nnen Sie sie abstellen, positionieren und freih\u00e4ndig arbeiten. Sie ist ideal, um auf dem Dachboden gelagerte Erinnerungsst\u00fccke zu finden, unter dem Bett nach Monstern zu suchen oder w\u00e4hrend eines Stromausfalls die K\u00f6pfe zu z\u00e4hlen. Mit einer Laufzeit von 15 Stunden** und einem wasserfesten Geh\u00e4use ist sie auch im Freien beim Campen, beim n\u00e4chtlichen Spaziergang mit dem Hund oder in Situationen, die ein Notlicht erfordern, z. B. bei Autopannen, sehr praktisch. Es ist eine Mini-Taschenlampe. Sie ist eine LED-Laterne. Es ist das vielseitige Energizer Compact 2-in-1 Licht. Enth\u00e4lt 2 Energizer MAX AAA-Batterien.","og_url":"https:\/\/energizer.com\/eu\/switzerland_de\/product\/energizer-fusion-compact-2-in-1\/","og_site_name":"Switzerland German","article_modified_time":"2024-08-23T09:38:26+00:00","twitter_card":"summary_large_image","schema":{"@context":"https:\/\/schema.org","@graph":[{"@type":"WebPage","@id":"https:\/\/energizer.com\/eu\/switzerland_de\/product\/energizer-fusion-compact-2-in-1\/","url":"https:\/\/energizer.com\/eu\/switzerland_de\/product\/energizer-fusion-compact-2-in-1\/","name":"Energizer Fusion Compact 2 in 1 - Switzerland German","isPartOf":{"@id":"https:\/\/energizer.com\/eu\/switzerland_de\/#website"},"datePublished":"2024-05-22T07:35:41+00:00","dateModified":"2024-08-23T09:38:26+00:00","breadcrumb":{"@id":"https:\/\/energizer.com\/eu\/switzerland_de\/product\/energizer-fusion-compact-2-in-1\/#breadcrumb"},"inLanguage":"en-US","potentialAction":[{"@type":"ReadAction","target":["https:\/\/energizer.com\/eu\/switzerland_de\/product\/energizer-fusion-compact-2-in-1\/"]}]},{"@type":"BreadcrumbList","@id":"https:\/\/energizer.com\/eu\/switzerland_de\/product\/energizer-fusion-compact-2-in-1\/#breadcrumb","itemListElement":[{"@type":"ListItem","position":1,"name":"Home","item":"https:\/\/energizer.com\/eu\/switzerland_de\/"},{"@type":"ListItem","position":2,"name":"Energizer Fusion Compact 2 in 1"}]},{"@type":"WebSite","@id":"https:\/\/energizer.com\/eu\/switzerland_de\/#website","url":"https:\/\/energizer.com\/eu\/switzerland_de\/","name":"Energizer Switzerland (DE)","description":"","publisher":{"@id":"https:\/\/energizer.com\/eu\/switzerland_de\/#organization"},"potentialAction":[{"@type":"SearchAction","target":{"@type":"EntryPoint","urlTemplate":"https:\/\/energizer.com\/eu\/switzerland_de\/?s={search_term_string}"},"query-input":{"@type":"PropertyValueSpecification","valueRequired":true,"valueName":"search_term_string"}}],"inLanguage":"en-US"},{"@type":"Organization","@id":"https:\/\/energizer.com\/eu\/switzerland_de\/#organization","name":"Energizer Switzerland (DE)","url":"https:\/\/energizer.com\/eu\/switzerland_de\/","logo":{"@type":"ImageObject","inLanguage":"en-US","@id":"https:\/\/energizer.com\/eu\/switzerland_de\/#\/schema\/logo\/image\/","url":"https:\/\/energizer.com\/eu\/switzerland_de\/wp-content\/uploads\/sites\/55\/2024\/04\/Energizer_brand.png","contentUrl":"https:\/\/energizer.com\/eu\/switzerland_de\/wp-content\/uploads\/sites\/55\/2024\/04\/Energizer_brand.png","width":267,"height":100,"caption":"Energizer Switzerland (DE)"},"image":{"@id":"https:\/\/energizer.com\/eu\/switzerland_de\/#\/schema\/logo\/image\/"}}]}},"_links":{"self":[{"href":"https:\/\/energizer.com\/eu\/switzerland_de\/wp-json\/wp\/v2\/product\/5359","targetHints":{"allow":["GET"]}}],"collection":[{"href":"https:\/\/energizer.com\/eu\/switzerland_de\/wp-json\/wp\/v2\/product"}],"about":[{"href":"https:\/\/energizer.com\/eu\/switzerland_de\/wp-json\/wp\/v2\/types\/product"}],"replies":[{"embeddable":true,"href":"https:\/\/energizer.com\/eu\/switzerland_de\/wp-json\/wp\/v2\/comments?post=5359"}],"version-history":[{"count":4,"href":"https:\/\/energizer.com\/eu\/switzerland_de\/wp-json\/wp\/v2\/product\/5359\/revisions"}],"predecessor-version":[{"id":9606,"href":"https:\/\/energizer.com\/eu\/switzerland_de\/wp-json\/wp\/v2\/product\/5359\/revisions\/9606"}],"wp:attachment":[{"href":"https:\/\/energizer.com\/eu\/switzerland_de\/wp-json\/wp\/v2\/media?parent=5359"}],"wp:term":[{"taxonomy":"product_brand","embeddable":true,"href":"https:\/\/energizer.com\/eu\/switzerland_de\/wp-json\/wp\/v2\/product_brand?post=5359"},{"taxonomy":"product_cat","embeddable":true,"href":"https:\/\/energizer.com\/eu\/switzerland_de\/wp-json\/wp\/v2\/product_cat?post=5359"},{"taxonomy":"product_tag","embeddable":true,"href":"https:\/\/energizer.com\/eu\/switzerland_de\/wp-json\/wp\/v2\/product_tag?post=5359"}],"curies":[{"name":"wp","href":"https:\/\/api.w.org\/{rel}","templated":true}]}}