{"id":5365,"date":"2024-05-22T07:53:44","date_gmt":"2024-05-22T07:53:44","guid":{"rendered":"https:\/\/23b13e8ab3.nxcli.io\/switzerland-german\/?post_type=product&#038;p=5365"},"modified":"2024-08-23T09:38:03","modified_gmt":"2024-08-23T09:38:03","slug":"energizer-vision-450-ultra-headlight","status":"publish","type":"product","link":"https:\/\/energizer.com\/eu\/switzerland_de\/product\/energizer-vision-450-ultra-headlight\/","title":{"rendered":"Energizer VISION 450 ULTRA Headlight"},"content":{"rendered":"<ul>\n<li>Energizer Vision Ultra HD LED-Stirnlampe mit LED-Technologie und 3 Energizer MAX AAA-Batterien im Lieferumfang<\/li>\n<li>LED-Technologie: Diese leistungsstarke 450-Lumen-Stirnlampe hat im High-Modus eine Reichweite von 85 Metern &#8211; 15x heller als Standard-LED-Technologie<\/li>\n<li>Rotlicht-Nachtmodus: Das rote Licht verbessert Ihre Nachtsicht bei Aktivit\u00e4ten wie Camping, Hundespazierg\u00e4ngen und Wanderungen in der Dunkelheit<\/li>\n<li>Langlebige Konstruktion Ideal f\u00fcr den dauerhaften Einsatz: Diese langlebige Energizer-Stirnlampe \u00fcbersteht den 1-Meter-Falltest, hat eine bruchsichere Linse und ein wasserfestes Geh\u00e4use<\/li>\n<li>Vielseitiges Hands-Free-Licht: Diese einfach zu bedienende, kompakte Taschenlampe ist ideal f\u00fcr Stromausf\u00e4lle, Heimwerker und vieles mehr<\/li>\n<li>Bequemes Design: Richten Sie das Licht mit dieser leichten Kopftaschenlampe dorthin, wo Sie es brauchen. Sie bietet einen festen Sitz mit einem verstellbaren Kopfband und einem schwenkbaren Kopf<\/li>\n<li>Intelligente Dimm-Technologie: Regulieren Sie die Intensit\u00e4t von 10 % bis 100 % in allen Modi, einschlie\u00dflich hoch, Spot und breit<\/li>\n<\/ul>\n","protected":false},"excerpt":{"rendered":"<p>Mit dieser leichten und vielseitigen Kopflampe haben Sie die H\u00e4nde frei und k\u00f6nnen jedes Abenteuer in vollen Z\u00fcgen genie\u00dfen. Die Energizer Vision Ultra HD LED-Stirnlampe bietet kompakte, freih\u00e4ndige Beleuchtung &#8211; ideal f\u00fcr Heimwerker und Aktivit\u00e4ten, die beide H\u00e4nde erfordern. Sie leuchtet Ihnen den Weg bei Ihren Eskapaden in der Dunkelheit, egal ob Sie campen, wandern oder laufen gehen.<br \/>\nDiese Taschenlampe mit 450 Lumen leuchtet selbst die dunkelsten R\u00e4ume aus, kann im Modus \u201eHigh\u201c bis zu 85 Meter weit leuchten und erm\u00f6glicht es Ihnen, die Lichtintensit\u00e4t mit der Smart Dimming-Technologie von 100 % bis auf 10 % herunterzuregeln. W\u00e4hlen Sie den perfekten Lichtmodus f\u00fcr Ihre Aktivit\u00e4t, indem Sie aus 7 verschiedenen Modi (einschlie\u00dflich 2 LED-Nachtsichtmodi) w\u00e4hlen: hoch, niedrig, breit, breit-niedrig (gedimmt), rot, rot blinkend und gr\u00fcn. Verwenden Sie den roten Nachtsichtmodus, um im Dunkeln besser sehen zu k\u00f6nnen, und erkennen Sie anhand der roten Anzeige f\u00fcr niedrigen Batteriestand leicht, wann die Batterie leer ist. Mit der VisionGuard-Funktion k\u00f6nnen Sie sogar die Blendung Unbeteiligter minimieren, indem Sie die Lichtintensit\u00e4t langsam erh\u00f6hen. Das praktische Design und die robuste, wasserfeste Konstruktion der Energizer Vision Ultra HD LED-Stirnlampe bieten optimalen Komfort und Vielseitigkeit. Ihr verstellbares Band, der schwenkbare Kopf und die bruchsichere Linse machen sie zu einer komfortablen Option f\u00fcr jedes Indoor- oder Outdoor-Abenteuer. Energizer ist seit \u00fcber 120 Jahren ein Wegbereiter f\u00fcr tragbare Beleuchtung und brachte 1970 die erste wasserdichte Taschenlampe der Welt auf den Markt. Energizer macht es Ihnen leicht, Ihren Weg zu beleuchten.<\/p>\n","protected":false},"featured_media":0,"comment_status":"open","ping_status":"closed","template":"","meta":{"_acf_changed":false},"product_brand":[],"product_cat":[43],"product_tag":[],"class_list":{"0":"post-5365","1":"product","2":"type-product","3":"status-publish","5":"product_cat-hands-free","6":"pa_uses-outdoor","8":"first","9":"instock","10":"shipping-taxable","11":"product-type-simple"},"acf":[],"yoast_head":"<!-- This site is optimized with the Yoast SEO plugin v27.4 - https:\/\/yoast.com\/product\/yoast-seo-wordpress\/ -->\n<title>Energizer VISION 450 ULTRA Headlight - Switzerland German<\/title>\n<meta name=\"robots\" content=\"index, follow, max-snippet:-1, max-image-preview:large, max-video-preview:-1\" \/>\n<link rel=\"canonical\" href=\"https:\/\/energizer.com\/eu\/switzerland_de\/product\/energizer-vision-450-ultra-headlight\/\" \/>\n<meta property=\"og:locale\" content=\"en_US\" \/>\n<meta property=\"og:type\" content=\"article\" \/>\n<meta property=\"og:title\" content=\"Energizer VISION 450 ULTRA Headlight - Switzerland German\" \/>\n<meta property=\"og:description\" content=\"Mit dieser leichten und vielseitigen Kopflampe haben Sie die H\u00e4nde frei und k\u00f6nnen jedes Abenteuer in vollen Z\u00fcgen genie\u00dfen. Die Energizer Vision Ultra HD LED-Stirnlampe bietet kompakte, freih\u00e4ndige Beleuchtung - ideal f\u00fcr Heimwerker und Aktivit\u00e4ten, die beide H\u00e4nde erfordern. Sie leuchtet Ihnen den Weg bei Ihren Eskapaden in der Dunkelheit, egal ob Sie campen, wandern oder laufen gehen. Diese Taschenlampe mit 450 Lumen leuchtet selbst die dunkelsten R\u00e4ume aus, kann im Modus \u201eHigh\u201c bis zu 85 Meter weit leuchten und erm\u00f6glicht es Ihnen, die Lichtintensit\u00e4t mit der Smart Dimming-Technologie von 100 % bis auf 10 % herunterzuregeln. W\u00e4hlen Sie den perfekten Lichtmodus f\u00fcr Ihre Aktivit\u00e4t, indem Sie aus 7 verschiedenen Modi (einschlie\u00dflich 2 LED-Nachtsichtmodi) w\u00e4hlen: hoch, niedrig, breit, breit-niedrig (gedimmt), rot, rot blinkend und gr\u00fcn. Verwenden Sie den roten Nachtsichtmodus, um im Dunkeln besser sehen zu k\u00f6nnen, und erkennen Sie anhand der roten Anzeige f\u00fcr niedrigen Batteriestand leicht, wann die Batterie leer ist. Mit der VisionGuard-Funktion k\u00f6nnen Sie sogar die Blendung Unbeteiligter minimieren, indem Sie die Lichtintensit\u00e4t langsam erh\u00f6hen. Das praktische Design und die robuste, wasserfeste Konstruktion der Energizer Vision Ultra HD LED-Stirnlampe bieten optimalen Komfort und Vielseitigkeit. Ihr verstellbares Band, der schwenkbare Kopf und die bruchsichere Linse machen sie zu einer komfortablen Option f\u00fcr jedes Indoor- oder Outdoor-Abenteuer. Energizer ist seit \u00fcber 120 Jahren ein Wegbereiter f\u00fcr tragbare Beleuchtung und brachte 1970 die erste wasserdichte Taschenlampe der Welt auf den Markt. Energizer macht es Ihnen leicht, Ihren Weg zu beleuchten.\" \/>\n<meta property=\"og:url\" content=\"https:\/\/energizer.com\/eu\/switzerland_de\/product\/energizer-vision-450-ultra-headlight\/\" \/>\n<meta property=\"og:site_name\" content=\"Switzerland German\" \/>\n<meta property=\"article:modified_time\" content=\"2024-08-23T09:38:03+00:00\" \/>\n<meta name=\"twitter:card\" content=\"summary_large_image\" \/>\n<script type=\"application\/ld+json\" class=\"yoast-schema-graph\">{\"@context\":\"https:\\\/\\\/schema.org\",\"@graph\":[{\"@type\":\"WebPage\",\"@id\":\"https:\\\/\\\/energizer.com\\\/eu\\\/switzerland_de\\\/product\\\/energizer-vision-450-ultra-headlight\\\/\",\"url\":\"https:\\\/\\\/energizer.com\\\/eu\\\/switzerland_de\\\/product\\\/energizer-vision-450-ultra-headlight\\\/\",\"name\":\"Energizer VISION 450 ULTRA Headlight - Switzerland German\",\"isPartOf\":{\"@id\":\"https:\\\/\\\/energizer.com\\\/eu\\\/switzerland_de\\\/#website\"},\"datePublished\":\"2024-05-22T07:53:44+00:00\",\"dateModified\":\"2024-08-23T09:38:03+00:00\",\"breadcrumb\":{\"@id\":\"https:\\\/\\\/energizer.com\\\/eu\\\/switzerland_de\\\/product\\\/energizer-vision-450-ultra-headlight\\\/#breadcrumb\"},\"inLanguage\":\"en-US\",\"potentialAction\":[{\"@type\":\"ReadAction\",\"target\":[\"https:\\\/\\\/energizer.com\\\/eu\\\/switzerland_de\\\/product\\\/energizer-vision-450-ultra-headlight\\\/\"]}]},{\"@type\":\"BreadcrumbList\",\"@id\":\"https:\\\/\\\/energizer.com\\\/eu\\\/switzerland_de\\\/product\\\/energizer-vision-450-ultra-headlight\\\/#breadcrumb\",\"itemListElement\":[{\"@type\":\"ListItem\",\"position\":1,\"name\":\"Home\",\"item\":\"https:\\\/\\\/energizer.com\\\/eu\\\/switzerland_de\\\/\"},{\"@type\":\"ListItem\",\"position\":2,\"name\":\"Energizer VISION 450 ULTRA Headlight\"}]},{\"@type\":\"WebSite\",\"@id\":\"https:\\\/\\\/energizer.com\\\/eu\\\/switzerland_de\\\/#website\",\"url\":\"https:\\\/\\\/energizer.com\\\/eu\\\/switzerland_de\\\/\",\"name\":\"Energizer Switzerland (DE)\",\"description\":\"\",\"publisher\":{\"@id\":\"https:\\\/\\\/energizer.com\\\/eu\\\/switzerland_de\\\/#organization\"},\"potentialAction\":[{\"@type\":\"SearchAction\",\"target\":{\"@type\":\"EntryPoint\",\"urlTemplate\":\"https:\\\/\\\/energizer.com\\\/eu\\\/switzerland_de\\\/?s={search_term_string}\"},\"query-input\":{\"@type\":\"PropertyValueSpecification\",\"valueRequired\":true,\"valueName\":\"search_term_string\"}}],\"inLanguage\":\"en-US\"},{\"@type\":\"Organization\",\"@id\":\"https:\\\/\\\/energizer.com\\\/eu\\\/switzerland_de\\\/#organization\",\"name\":\"Energizer Switzerland (DE)\",\"url\":\"https:\\\/\\\/energizer.com\\\/eu\\\/switzerland_de\\\/\",\"logo\":{\"@type\":\"ImageObject\",\"inLanguage\":\"en-US\",\"@id\":\"https:\\\/\\\/energizer.com\\\/eu\\\/switzerland_de\\\/#\\\/schema\\\/logo\\\/image\\\/\",\"url\":\"https:\\\/\\\/energizer.com\\\/eu\\\/switzerland_de\\\/wp-content\\\/uploads\\\/sites\\\/55\\\/2024\\\/04\\\/Energizer_brand.png\",\"contentUrl\":\"https:\\\/\\\/energizer.com\\\/eu\\\/switzerland_de\\\/wp-content\\\/uploads\\\/sites\\\/55\\\/2024\\\/04\\\/Energizer_brand.png\",\"width\":267,\"height\":100,\"caption\":\"Energizer Switzerland (DE)\"},\"image\":{\"@id\":\"https:\\\/\\\/energizer.com\\\/eu\\\/switzerland_de\\\/#\\\/schema\\\/logo\\\/image\\\/\"}}]}<\/script>\n<!-- \/ Yoast SEO plugin. -->","yoast_head_json":{"title":"Energizer VISION 450 ULTRA Headlight - Switzerland German","robots":{"index":"index","follow":"follow","max-snippet":"max-snippet:-1","max-image-preview":"max-image-preview:large","max-video-preview":"max-video-preview:-1"},"canonical":"https:\/\/energizer.com\/eu\/switzerland_de\/product\/energizer-vision-450-ultra-headlight\/","og_locale":"en_US","og_type":"article","og_title":"Energizer VISION 450 ULTRA Headlight - Switzerland German","og_description":"Mit dieser leichten und vielseitigen Kopflampe haben Sie die H\u00e4nde frei und k\u00f6nnen jedes Abenteuer in vollen Z\u00fcgen genie\u00dfen. Die Energizer Vision Ultra HD LED-Stirnlampe bietet kompakte, freih\u00e4ndige Beleuchtung - ideal f\u00fcr Heimwerker und Aktivit\u00e4ten, die beide H\u00e4nde erfordern. Sie leuchtet Ihnen den Weg bei Ihren Eskapaden in der Dunkelheit, egal ob Sie campen, wandern oder laufen gehen. Diese Taschenlampe mit 450 Lumen leuchtet selbst die dunkelsten R\u00e4ume aus, kann im Modus \u201eHigh\u201c bis zu 85 Meter weit leuchten und erm\u00f6glicht es Ihnen, die Lichtintensit\u00e4t mit der Smart Dimming-Technologie von 100 % bis auf 10 % herunterzuregeln. W\u00e4hlen Sie den perfekten Lichtmodus f\u00fcr Ihre Aktivit\u00e4t, indem Sie aus 7 verschiedenen Modi (einschlie\u00dflich 2 LED-Nachtsichtmodi) w\u00e4hlen: hoch, niedrig, breit, breit-niedrig (gedimmt), rot, rot blinkend und gr\u00fcn. Verwenden Sie den roten Nachtsichtmodus, um im Dunkeln besser sehen zu k\u00f6nnen, und erkennen Sie anhand der roten Anzeige f\u00fcr niedrigen Batteriestand leicht, wann die Batterie leer ist. Mit der VisionGuard-Funktion k\u00f6nnen Sie sogar die Blendung Unbeteiligter minimieren, indem Sie die Lichtintensit\u00e4t langsam erh\u00f6hen. Das praktische Design und die robuste, wasserfeste Konstruktion der Energizer Vision Ultra HD LED-Stirnlampe bieten optimalen Komfort und Vielseitigkeit. Ihr verstellbares Band, der schwenkbare Kopf und die bruchsichere Linse machen sie zu einer komfortablen Option f\u00fcr jedes Indoor- oder Outdoor-Abenteuer. Energizer ist seit \u00fcber 120 Jahren ein Wegbereiter f\u00fcr tragbare Beleuchtung und brachte 1970 die erste wasserdichte Taschenlampe der Welt auf den Markt. Energizer macht es Ihnen leicht, Ihren Weg zu beleuchten.","og_url":"https:\/\/energizer.com\/eu\/switzerland_de\/product\/energizer-vision-450-ultra-headlight\/","og_site_name":"Switzerland German","article_modified_time":"2024-08-23T09:38:03+00:00","twitter_card":"summary_large_image","schema":{"@context":"https:\/\/schema.org","@graph":[{"@type":"WebPage","@id":"https:\/\/energizer.com\/eu\/switzerland_de\/product\/energizer-vision-450-ultra-headlight\/","url":"https:\/\/energizer.com\/eu\/switzerland_de\/product\/energizer-vision-450-ultra-headlight\/","name":"Energizer VISION 450 ULTRA Headlight - Switzerland German","isPartOf":{"@id":"https:\/\/energizer.com\/eu\/switzerland_de\/#website"},"datePublished":"2024-05-22T07:53:44+00:00","dateModified":"2024-08-23T09:38:03+00:00","breadcrumb":{"@id":"https:\/\/energizer.com\/eu\/switzerland_de\/product\/energizer-vision-450-ultra-headlight\/#breadcrumb"},"inLanguage":"en-US","potentialAction":[{"@type":"ReadAction","target":["https:\/\/energizer.com\/eu\/switzerland_de\/product\/energizer-vision-450-ultra-headlight\/"]}]},{"@type":"BreadcrumbList","@id":"https:\/\/energizer.com\/eu\/switzerland_de\/product\/energizer-vision-450-ultra-headlight\/#breadcrumb","itemListElement":[{"@type":"ListItem","position":1,"name":"Home","item":"https:\/\/energizer.com\/eu\/switzerland_de\/"},{"@type":"ListItem","position":2,"name":"Energizer VISION 450 ULTRA Headlight"}]},{"@type":"WebSite","@id":"https:\/\/energizer.com\/eu\/switzerland_de\/#website","url":"https:\/\/energizer.com\/eu\/switzerland_de\/","name":"Energizer Switzerland (DE)","description":"","publisher":{"@id":"https:\/\/energizer.com\/eu\/switzerland_de\/#organization"},"potentialAction":[{"@type":"SearchAction","target":{"@type":"EntryPoint","urlTemplate":"https:\/\/energizer.com\/eu\/switzerland_de\/?s={search_term_string}"},"query-input":{"@type":"PropertyValueSpecification","valueRequired":true,"valueName":"search_term_string"}}],"inLanguage":"en-US"},{"@type":"Organization","@id":"https:\/\/energizer.com\/eu\/switzerland_de\/#organization","name":"Energizer Switzerland (DE)","url":"https:\/\/energizer.com\/eu\/switzerland_de\/","logo":{"@type":"ImageObject","inLanguage":"en-US","@id":"https:\/\/energizer.com\/eu\/switzerland_de\/#\/schema\/logo\/image\/","url":"https:\/\/energizer.com\/eu\/switzerland_de\/wp-content\/uploads\/sites\/55\/2024\/04\/Energizer_brand.png","contentUrl":"https:\/\/energizer.com\/eu\/switzerland_de\/wp-content\/uploads\/sites\/55\/2024\/04\/Energizer_brand.png","width":267,"height":100,"caption":"Energizer Switzerland (DE)"},"image":{"@id":"https:\/\/energizer.com\/eu\/switzerland_de\/#\/schema\/logo\/image\/"}}]}},"_links":{"self":[{"href":"https:\/\/energizer.com\/eu\/switzerland_de\/wp-json\/wp\/v2\/product\/5365","targetHints":{"allow":["GET"]}}],"collection":[{"href":"https:\/\/energizer.com\/eu\/switzerland_de\/wp-json\/wp\/v2\/product"}],"about":[{"href":"https:\/\/energizer.com\/eu\/switzerland_de\/wp-json\/wp\/v2\/types\/product"}],"replies":[{"embeddable":true,"href":"https:\/\/energizer.com\/eu\/switzerland_de\/wp-json\/wp\/v2\/comments?post=5365"}],"version-history":[{"count":2,"href":"https:\/\/energizer.com\/eu\/switzerland_de\/wp-json\/wp\/v2\/product\/5365\/revisions"}],"predecessor-version":[{"id":7959,"href":"https:\/\/energizer.com\/eu\/switzerland_de\/wp-json\/wp\/v2\/product\/5365\/revisions\/7959"}],"wp:attachment":[{"href":"https:\/\/energizer.com\/eu\/switzerland_de\/wp-json\/wp\/v2\/media?parent=5365"}],"wp:term":[{"taxonomy":"product_brand","embeddable":true,"href":"https:\/\/energizer.com\/eu\/switzerland_de\/wp-json\/wp\/v2\/product_brand?post=5365"},{"taxonomy":"product_cat","embeddable":true,"href":"https:\/\/energizer.com\/eu\/switzerland_de\/wp-json\/wp\/v2\/product_cat?post=5365"},{"taxonomy":"product_tag","embeddable":true,"href":"https:\/\/energizer.com\/eu\/switzerland_de\/wp-json\/wp\/v2\/product_tag?post=5365"}],"curies":[{"name":"wp","href":"https:\/\/api.w.org\/{rel}","templated":true}]}}