{"id":5377,"date":"2024-05-22T08:00:46","date_gmt":"2024-05-22T08:00:46","guid":{"rendered":"https:\/\/23b13e8ab3.nxcli.io\/switzerland-german\/?post_type=product&#038;p=5377"},"modified":"2024-08-23T09:37:53","modified_gmt":"2024-08-23T09:37:53","slug":"enr-eu-universal-100-hl-tc-hdcu22","status":"publish","type":"product","link":"https:\/\/energizer.com\/eu\/switzerland_de\/product\/enr-eu-universal-100-hl-tc-hdcu22\/","title":{"rendered":"ENR EU UNIVERSAL +100 HL TC HDCU22"},"content":{"rendered":"<ul>\n<li>Energizer Universal Plus Scheinwerfer mit effizienter LED-Technologie, 2 AAA-Alkalibatterien inklusive<\/li>\n<li>Effiziente LED-Technologie: Diese leistungsstarke Kopflampe mit 100 Lumen hat eine Reichweite von 40 Metern und bietet dank ihrer hervorragenden Optik und den oberfl\u00e4chenmontierten LEDs ein starkes Licht<\/li>\n<li>Rotlicht-Nachtmodus: Das rote Licht verbessert Ihre Nachtsicht bei Aktivit\u00e4ten wie Camping und Wandern in der Dunkelheit<\/li>\n<li>Vielseitiges Hands-Free-Licht: Diese einfach zu bedienende, kompakte Freihand-Taschenlampe eignet sich f\u00fcr n\u00e4chtliche L\u00e4ufe, Hundespazierg\u00e4nge und vieles mehr<\/li>\n<li>Bequemes Design: Richten Sie das Licht mit dieser leichten Kopftaschenlampe mit schwenkbarem Kopf und verstellbarem, elastischem Kopfband dorthin, wo Sie es brauchen.<\/li>\n<li>Zuverl\u00e4ssige Leistung: Vertrauen Sie auf Energizer, um die versprochene Leistung zu erhalten &#8211; alle Energizer-Lampen werden getestet und entsprechen den strengen, zuverl\u00e4ssigen ANSI-Standards<\/li>\n<\/ul>\n","protected":false},"excerpt":{"rendered":"<p>Mit dieser leichten und vielseitigen Stirnlampe haben Sie die H\u00e4nde frei und k\u00f6nnen jedes Abenteuer in vollen Z\u00fcgen genie\u00dfen. Die Energizer Universal Plus Stirnlampe ist kompakt und freih\u00e4ndig &#8211; ideal f\u00fcr Heimwerker und Aktivit\u00e4ten, die beide H\u00e4nde erfordern. Sie leuchtet Ihnen bei jedem Ausflug in der Dunkelheit den Weg, egal ob Sie campen, wandern oder joggen gehen. Diese LED-Kopflampe mit 100 Lumen erhellt selbst die dunkelsten R\u00e4ume und leuchtet im hohen Modus bis zu 40 Meter weit. Sie k\u00f6nnen sie ganz einfach mit dem praktischen Schiebeschalter aktivieren, das Licht mit dem schwenkbaren Kopf dorthin richten, wo Sie es brauchen, und Ihre Nachtsicht mit dem Rotlichtmodus verbessern. Das praktische Design und die robuste Konstruktion der Energizer Universal Headlight bieten optimalen Komfort und Vielseitigkeit. Das verstellbare Band, das Komfortpolster und der schwenkbare Kopf machen sie zu einer bequemen Option f\u00fcr jedes Abenteuer drinnen oder drau\u00dfen. Energizer macht es Ihnen leicht, Ihren Weg zu beleuchten.<\/p>\n","protected":false},"featured_media":0,"comment_status":"open","ping_status":"closed","template":"","meta":{"_acf_changed":false},"product_brand":[],"product_cat":[43],"product_tag":[],"class_list":{"0":"post-5377","1":"product","2":"type-product","3":"status-publish","5":"product_cat-hands-free","6":"pa_uses-outdoor","8":"first","9":"instock","10":"shipping-taxable","11":"product-type-simple"},"acf":[],"yoast_head":"<!-- This site is optimized with the Yoast SEO plugin v27.4 - https:\/\/yoast.com\/product\/yoast-seo-wordpress\/ -->\n<title>ENR EU UNIVERSAL +100 HL TC HDCU22 - Switzerland German<\/title>\n<meta name=\"robots\" content=\"index, follow, max-snippet:-1, max-image-preview:large, max-video-preview:-1\" \/>\n<link rel=\"canonical\" href=\"https:\/\/energizer.com\/eu\/switzerland_de\/product\/enr-eu-universal-100-hl-tc-hdcu22\/\" \/>\n<meta property=\"og:locale\" content=\"en_US\" \/>\n<meta property=\"og:type\" content=\"article\" \/>\n<meta property=\"og:title\" content=\"ENR EU UNIVERSAL +100 HL TC HDCU22 - Switzerland German\" \/>\n<meta property=\"og:description\" content=\"Mit dieser leichten und vielseitigen Stirnlampe haben Sie die H\u00e4nde frei und k\u00f6nnen jedes Abenteuer in vollen Z\u00fcgen genie\u00dfen. Die Energizer Universal Plus Stirnlampe ist kompakt und freih\u00e4ndig - ideal f\u00fcr Heimwerker und Aktivit\u00e4ten, die beide H\u00e4nde erfordern. Sie leuchtet Ihnen bei jedem Ausflug in der Dunkelheit den Weg, egal ob Sie campen, wandern oder joggen gehen. Diese LED-Kopflampe mit 100 Lumen erhellt selbst die dunkelsten R\u00e4ume und leuchtet im hohen Modus bis zu 40 Meter weit. Sie k\u00f6nnen sie ganz einfach mit dem praktischen Schiebeschalter aktivieren, das Licht mit dem schwenkbaren Kopf dorthin richten, wo Sie es brauchen, und Ihre Nachtsicht mit dem Rotlichtmodus verbessern. Das praktische Design und die robuste Konstruktion der Energizer Universal Headlight bieten optimalen Komfort und Vielseitigkeit. Das verstellbare Band, das Komfortpolster und der schwenkbare Kopf machen sie zu einer bequemen Option f\u00fcr jedes Abenteuer drinnen oder drau\u00dfen. Energizer macht es Ihnen leicht, Ihren Weg zu beleuchten.\" \/>\n<meta property=\"og:url\" content=\"https:\/\/energizer.com\/eu\/switzerland_de\/product\/enr-eu-universal-100-hl-tc-hdcu22\/\" \/>\n<meta property=\"og:site_name\" content=\"Switzerland German\" \/>\n<meta property=\"article:modified_time\" content=\"2024-08-23T09:37:53+00:00\" \/>\n<meta name=\"twitter:card\" content=\"summary_large_image\" \/>\n<script type=\"application\/ld+json\" class=\"yoast-schema-graph\">{\"@context\":\"https:\\\/\\\/schema.org\",\"@graph\":[{\"@type\":\"WebPage\",\"@id\":\"https:\\\/\\\/energizer.com\\\/eu\\\/switzerland_de\\\/product\\\/enr-eu-universal-100-hl-tc-hdcu22\\\/\",\"url\":\"https:\\\/\\\/energizer.com\\\/eu\\\/switzerland_de\\\/product\\\/enr-eu-universal-100-hl-tc-hdcu22\\\/\",\"name\":\"ENR EU UNIVERSAL +100 HL TC HDCU22 - Switzerland German\",\"isPartOf\":{\"@id\":\"https:\\\/\\\/energizer.com\\\/eu\\\/switzerland_de\\\/#website\"},\"datePublished\":\"2024-05-22T08:00:46+00:00\",\"dateModified\":\"2024-08-23T09:37:53+00:00\",\"breadcrumb\":{\"@id\":\"https:\\\/\\\/energizer.com\\\/eu\\\/switzerland_de\\\/product\\\/enr-eu-universal-100-hl-tc-hdcu22\\\/#breadcrumb\"},\"inLanguage\":\"en-US\",\"potentialAction\":[{\"@type\":\"ReadAction\",\"target\":[\"https:\\\/\\\/energizer.com\\\/eu\\\/switzerland_de\\\/product\\\/enr-eu-universal-100-hl-tc-hdcu22\\\/\"]}]},{\"@type\":\"BreadcrumbList\",\"@id\":\"https:\\\/\\\/energizer.com\\\/eu\\\/switzerland_de\\\/product\\\/enr-eu-universal-100-hl-tc-hdcu22\\\/#breadcrumb\",\"itemListElement\":[{\"@type\":\"ListItem\",\"position\":1,\"name\":\"Home\",\"item\":\"https:\\\/\\\/energizer.com\\\/eu\\\/switzerland_de\\\/\"},{\"@type\":\"ListItem\",\"position\":2,\"name\":\"ENR EU UNIVERSAL +100 HL TC HDCU22\"}]},{\"@type\":\"WebSite\",\"@id\":\"https:\\\/\\\/energizer.com\\\/eu\\\/switzerland_de\\\/#website\",\"url\":\"https:\\\/\\\/energizer.com\\\/eu\\\/switzerland_de\\\/\",\"name\":\"Energizer Switzerland (DE)\",\"description\":\"\",\"publisher\":{\"@id\":\"https:\\\/\\\/energizer.com\\\/eu\\\/switzerland_de\\\/#organization\"},\"potentialAction\":[{\"@type\":\"SearchAction\",\"target\":{\"@type\":\"EntryPoint\",\"urlTemplate\":\"https:\\\/\\\/energizer.com\\\/eu\\\/switzerland_de\\\/?s={search_term_string}\"},\"query-input\":{\"@type\":\"PropertyValueSpecification\",\"valueRequired\":true,\"valueName\":\"search_term_string\"}}],\"inLanguage\":\"en-US\"},{\"@type\":\"Organization\",\"@id\":\"https:\\\/\\\/energizer.com\\\/eu\\\/switzerland_de\\\/#organization\",\"name\":\"Energizer Switzerland (DE)\",\"url\":\"https:\\\/\\\/energizer.com\\\/eu\\\/switzerland_de\\\/\",\"logo\":{\"@type\":\"ImageObject\",\"inLanguage\":\"en-US\",\"@id\":\"https:\\\/\\\/energizer.com\\\/eu\\\/switzerland_de\\\/#\\\/schema\\\/logo\\\/image\\\/\",\"url\":\"https:\\\/\\\/energizer.com\\\/eu\\\/switzerland_de\\\/wp-content\\\/uploads\\\/sites\\\/55\\\/2024\\\/04\\\/Energizer_brand.png\",\"contentUrl\":\"https:\\\/\\\/energizer.com\\\/eu\\\/switzerland_de\\\/wp-content\\\/uploads\\\/sites\\\/55\\\/2024\\\/04\\\/Energizer_brand.png\",\"width\":267,\"height\":100,\"caption\":\"Energizer Switzerland (DE)\"},\"image\":{\"@id\":\"https:\\\/\\\/energizer.com\\\/eu\\\/switzerland_de\\\/#\\\/schema\\\/logo\\\/image\\\/\"}}]}<\/script>\n<!-- \/ Yoast SEO plugin. -->","yoast_head_json":{"title":"ENR EU UNIVERSAL +100 HL TC HDCU22 - Switzerland German","robots":{"index":"index","follow":"follow","max-snippet":"max-snippet:-1","max-image-preview":"max-image-preview:large","max-video-preview":"max-video-preview:-1"},"canonical":"https:\/\/energizer.com\/eu\/switzerland_de\/product\/enr-eu-universal-100-hl-tc-hdcu22\/","og_locale":"en_US","og_type":"article","og_title":"ENR EU UNIVERSAL +100 HL TC HDCU22 - Switzerland German","og_description":"Mit dieser leichten und vielseitigen Stirnlampe haben Sie die H\u00e4nde frei und k\u00f6nnen jedes Abenteuer in vollen Z\u00fcgen genie\u00dfen. Die Energizer Universal Plus Stirnlampe ist kompakt und freih\u00e4ndig - ideal f\u00fcr Heimwerker und Aktivit\u00e4ten, die beide H\u00e4nde erfordern. Sie leuchtet Ihnen bei jedem Ausflug in der Dunkelheit den Weg, egal ob Sie campen, wandern oder joggen gehen. Diese LED-Kopflampe mit 100 Lumen erhellt selbst die dunkelsten R\u00e4ume und leuchtet im hohen Modus bis zu 40 Meter weit. Sie k\u00f6nnen sie ganz einfach mit dem praktischen Schiebeschalter aktivieren, das Licht mit dem schwenkbaren Kopf dorthin richten, wo Sie es brauchen, und Ihre Nachtsicht mit dem Rotlichtmodus verbessern. Das praktische Design und die robuste Konstruktion der Energizer Universal Headlight bieten optimalen Komfort und Vielseitigkeit. Das verstellbare Band, das Komfortpolster und der schwenkbare Kopf machen sie zu einer bequemen Option f\u00fcr jedes Abenteuer drinnen oder drau\u00dfen. Energizer macht es Ihnen leicht, Ihren Weg zu beleuchten.","og_url":"https:\/\/energizer.com\/eu\/switzerland_de\/product\/enr-eu-universal-100-hl-tc-hdcu22\/","og_site_name":"Switzerland German","article_modified_time":"2024-08-23T09:37:53+00:00","twitter_card":"summary_large_image","schema":{"@context":"https:\/\/schema.org","@graph":[{"@type":"WebPage","@id":"https:\/\/energizer.com\/eu\/switzerland_de\/product\/enr-eu-universal-100-hl-tc-hdcu22\/","url":"https:\/\/energizer.com\/eu\/switzerland_de\/product\/enr-eu-universal-100-hl-tc-hdcu22\/","name":"ENR EU UNIVERSAL +100 HL TC HDCU22 - Switzerland German","isPartOf":{"@id":"https:\/\/energizer.com\/eu\/switzerland_de\/#website"},"datePublished":"2024-05-22T08:00:46+00:00","dateModified":"2024-08-23T09:37:53+00:00","breadcrumb":{"@id":"https:\/\/energizer.com\/eu\/switzerland_de\/product\/enr-eu-universal-100-hl-tc-hdcu22\/#breadcrumb"},"inLanguage":"en-US","potentialAction":[{"@type":"ReadAction","target":["https:\/\/energizer.com\/eu\/switzerland_de\/product\/enr-eu-universal-100-hl-tc-hdcu22\/"]}]},{"@type":"BreadcrumbList","@id":"https:\/\/energizer.com\/eu\/switzerland_de\/product\/enr-eu-universal-100-hl-tc-hdcu22\/#breadcrumb","itemListElement":[{"@type":"ListItem","position":1,"name":"Home","item":"https:\/\/energizer.com\/eu\/switzerland_de\/"},{"@type":"ListItem","position":2,"name":"ENR EU UNIVERSAL +100 HL TC HDCU22"}]},{"@type":"WebSite","@id":"https:\/\/energizer.com\/eu\/switzerland_de\/#website","url":"https:\/\/energizer.com\/eu\/switzerland_de\/","name":"Energizer Switzerland (DE)","description":"","publisher":{"@id":"https:\/\/energizer.com\/eu\/switzerland_de\/#organization"},"potentialAction":[{"@type":"SearchAction","target":{"@type":"EntryPoint","urlTemplate":"https:\/\/energizer.com\/eu\/switzerland_de\/?s={search_term_string}"},"query-input":{"@type":"PropertyValueSpecification","valueRequired":true,"valueName":"search_term_string"}}],"inLanguage":"en-US"},{"@type":"Organization","@id":"https:\/\/energizer.com\/eu\/switzerland_de\/#organization","name":"Energizer Switzerland (DE)","url":"https:\/\/energizer.com\/eu\/switzerland_de\/","logo":{"@type":"ImageObject","inLanguage":"en-US","@id":"https:\/\/energizer.com\/eu\/switzerland_de\/#\/schema\/logo\/image\/","url":"https:\/\/energizer.com\/eu\/switzerland_de\/wp-content\/uploads\/sites\/55\/2024\/04\/Energizer_brand.png","contentUrl":"https:\/\/energizer.com\/eu\/switzerland_de\/wp-content\/uploads\/sites\/55\/2024\/04\/Energizer_brand.png","width":267,"height":100,"caption":"Energizer Switzerland (DE)"},"image":{"@id":"https:\/\/energizer.com\/eu\/switzerland_de\/#\/schema\/logo\/image\/"}}]}},"_links":{"self":[{"href":"https:\/\/energizer.com\/eu\/switzerland_de\/wp-json\/wp\/v2\/product\/5377","targetHints":{"allow":["GET"]}}],"collection":[{"href":"https:\/\/energizer.com\/eu\/switzerland_de\/wp-json\/wp\/v2\/product"}],"about":[{"href":"https:\/\/energizer.com\/eu\/switzerland_de\/wp-json\/wp\/v2\/types\/product"}],"replies":[{"embeddable":true,"href":"https:\/\/energizer.com\/eu\/switzerland_de\/wp-json\/wp\/v2\/comments?post=5377"}],"version-history":[{"count":3,"href":"https:\/\/energizer.com\/eu\/switzerland_de\/wp-json\/wp\/v2\/product\/5377\/revisions"}],"predecessor-version":[{"id":7956,"href":"https:\/\/energizer.com\/eu\/switzerland_de\/wp-json\/wp\/v2\/product\/5377\/revisions\/7956"}],"wp:attachment":[{"href":"https:\/\/energizer.com\/eu\/switzerland_de\/wp-json\/wp\/v2\/media?parent=5377"}],"wp:term":[{"taxonomy":"product_brand","embeddable":true,"href":"https:\/\/energizer.com\/eu\/switzerland_de\/wp-json\/wp\/v2\/product_brand?post=5377"},{"taxonomy":"product_cat","embeddable":true,"href":"https:\/\/energizer.com\/eu\/switzerland_de\/wp-json\/wp\/v2\/product_cat?post=5377"},{"taxonomy":"product_tag","embeddable":true,"href":"https:\/\/energizer.com\/eu\/switzerland_de\/wp-json\/wp\/v2\/product_tag?post=5377"}],"curies":[{"name":"wp","href":"https:\/\/api.w.org\/{rel}","templated":true}]}}