{"id":5392,"date":"2024-05-22T08:14:59","date_gmt":"2024-05-22T08:14:59","guid":{"rendered":"https:\/\/23b13e8ab3.nxcli.io\/switzerland-german\/?post_type=product&#038;p=5392"},"modified":"2024-08-23T09:36:02","modified_gmt":"2024-08-23T09:36:02","slug":"energizer-value-rech-200-headlight","status":"publish","type":"product","link":"https:\/\/energizer.com\/eu\/switzerland_de\/product\/energizer-value-rech-200-headlight\/","title":{"rendered":"Energizer VALUE RECH 200 Headlight"},"content":{"rendered":"<ul>\n<li>200 Lumen<\/li>\n<li>3 Modi: hoch, niedrig, Flutlicht<\/li>\n<li>2 Stunden Betriebszeit<\/li>\n<li>50 m Leuchtweite<\/li>\n<li>1 m Aufprallschutz<\/li>\n<li>IPX4 Wasserdicht<\/li>\n<li>Wiederaufladbar<\/li>\n<li>Abnehmbares Band<\/li>\n<\/ul>\n","protected":false},"excerpt":{"rendered":"<p>HDLLP Value Wiederaufladbare Kopftaschenlampe Diese kompakte, komfortable, zuverl\u00e4ssige und einfach zu bedienende, wiederaufladbare Kopftaschenlampe ist eine intelligente, freih\u00e4ndige L\u00f6sung f\u00fcr alle Aktivit\u00e4ten im Innen- und Au\u00dfenbereich. Ihr schlankes Design macht sie zu einer gro\u00dfartigen Leuchte f\u00fcr Aktivit\u00e4ten im Freien, und ihre helle Lichtleistung ist perfekt f\u00fcr alle Innen- oder Heimwerkerprojekte. Die Lampe verf\u00fcgt \u00fcber 3 Betriebsmodi (hoch, niedrig, rot) und wird mit einem wiederaufladbaren Akku und einem Micro-USB-Ladekabel geliefert. Wenn der Akku leer ist, kann er direkt \u00fcber eine Powerbank, ein Autoladeger\u00e4t oder eine andere USB-Stromquelle aufgeladen werden &#8211; Sie m\u00fcssen keine zus\u00e4tzlichen Batterien kaufen. Die robuste Konstruktion und das verstellbare Kopfband machen sie zu einer vielseitigen und zuverl\u00e4ssigen Option.<\/p>\n","protected":false},"featured_media":0,"comment_status":"open","ping_status":"closed","template":"","meta":{"_acf_changed":false},"product_brand":[],"product_cat":[43],"product_tag":[],"class_list":{"0":"post-5392","1":"product","2":"type-product","3":"status-publish","5":"product_cat-hands-free","6":"pa_uses-outdoor","8":"first","9":"instock","10":"shipping-taxable","11":"product-type-simple"},"acf":[],"yoast_head":"<!-- This site is optimized with the Yoast SEO plugin v27.4 - https:\/\/yoast.com\/product\/yoast-seo-wordpress\/ -->\n<title>Energizer VALUE RECH 200 Headlight - Switzerland German<\/title>\n<meta name=\"robots\" content=\"index, follow, max-snippet:-1, max-image-preview:large, max-video-preview:-1\" \/>\n<link rel=\"canonical\" href=\"https:\/\/energizer.com\/eu\/switzerland_de\/product\/energizer-value-rech-200-headlight\/\" \/>\n<meta property=\"og:locale\" content=\"en_US\" \/>\n<meta property=\"og:type\" content=\"article\" \/>\n<meta property=\"og:title\" content=\"Energizer VALUE RECH 200 Headlight - Switzerland German\" \/>\n<meta property=\"og:description\" content=\"HDLLP Value Wiederaufladbare Kopftaschenlampe Diese kompakte, komfortable, zuverl\u00e4ssige und einfach zu bedienende, wiederaufladbare Kopftaschenlampe ist eine intelligente, freih\u00e4ndige L\u00f6sung f\u00fcr alle Aktivit\u00e4ten im Innen- und Au\u00dfenbereich. Ihr schlankes Design macht sie zu einer gro\u00dfartigen Leuchte f\u00fcr Aktivit\u00e4ten im Freien, und ihre helle Lichtleistung ist perfekt f\u00fcr alle Innen- oder Heimwerkerprojekte. Die Lampe verf\u00fcgt \u00fcber 3 Betriebsmodi (hoch, niedrig, rot) und wird mit einem wiederaufladbaren Akku und einem Micro-USB-Ladekabel geliefert. Wenn der Akku leer ist, kann er direkt \u00fcber eine Powerbank, ein Autoladeger\u00e4t oder eine andere USB-Stromquelle aufgeladen werden - Sie m\u00fcssen keine zus\u00e4tzlichen Batterien kaufen. Die robuste Konstruktion und das verstellbare Kopfband machen sie zu einer vielseitigen und zuverl\u00e4ssigen Option.\" \/>\n<meta property=\"og:url\" content=\"https:\/\/energizer.com\/eu\/switzerland_de\/product\/energizer-value-rech-200-headlight\/\" \/>\n<meta property=\"og:site_name\" content=\"Switzerland German\" \/>\n<meta property=\"article:modified_time\" content=\"2024-08-23T09:36:02+00:00\" \/>\n<meta name=\"twitter:card\" content=\"summary_large_image\" \/>\n<script type=\"application\/ld+json\" class=\"yoast-schema-graph\">{\"@context\":\"https:\\\/\\\/schema.org\",\"@graph\":[{\"@type\":\"WebPage\",\"@id\":\"https:\\\/\\\/energizer.com\\\/eu\\\/switzerland_de\\\/product\\\/energizer-value-rech-200-headlight\\\/\",\"url\":\"https:\\\/\\\/energizer.com\\\/eu\\\/switzerland_de\\\/product\\\/energizer-value-rech-200-headlight\\\/\",\"name\":\"Energizer VALUE RECH 200 Headlight - Switzerland German\",\"isPartOf\":{\"@id\":\"https:\\\/\\\/energizer.com\\\/eu\\\/switzerland_de\\\/#website\"},\"datePublished\":\"2024-05-22T08:14:59+00:00\",\"dateModified\":\"2024-08-23T09:36:02+00:00\",\"breadcrumb\":{\"@id\":\"https:\\\/\\\/energizer.com\\\/eu\\\/switzerland_de\\\/product\\\/energizer-value-rech-200-headlight\\\/#breadcrumb\"},\"inLanguage\":\"en-US\",\"potentialAction\":[{\"@type\":\"ReadAction\",\"target\":[\"https:\\\/\\\/energizer.com\\\/eu\\\/switzerland_de\\\/product\\\/energizer-value-rech-200-headlight\\\/\"]}]},{\"@type\":\"BreadcrumbList\",\"@id\":\"https:\\\/\\\/energizer.com\\\/eu\\\/switzerland_de\\\/product\\\/energizer-value-rech-200-headlight\\\/#breadcrumb\",\"itemListElement\":[{\"@type\":\"ListItem\",\"position\":1,\"name\":\"Home\",\"item\":\"https:\\\/\\\/energizer.com\\\/eu\\\/switzerland_de\\\/\"},{\"@type\":\"ListItem\",\"position\":2,\"name\":\"Energizer VALUE RECH 200 Headlight\"}]},{\"@type\":\"WebSite\",\"@id\":\"https:\\\/\\\/energizer.com\\\/eu\\\/switzerland_de\\\/#website\",\"url\":\"https:\\\/\\\/energizer.com\\\/eu\\\/switzerland_de\\\/\",\"name\":\"Energizer Switzerland (DE)\",\"description\":\"\",\"publisher\":{\"@id\":\"https:\\\/\\\/energizer.com\\\/eu\\\/switzerland_de\\\/#organization\"},\"potentialAction\":[{\"@type\":\"SearchAction\",\"target\":{\"@type\":\"EntryPoint\",\"urlTemplate\":\"https:\\\/\\\/energizer.com\\\/eu\\\/switzerland_de\\\/?s={search_term_string}\"},\"query-input\":{\"@type\":\"PropertyValueSpecification\",\"valueRequired\":true,\"valueName\":\"search_term_string\"}}],\"inLanguage\":\"en-US\"},{\"@type\":\"Organization\",\"@id\":\"https:\\\/\\\/energizer.com\\\/eu\\\/switzerland_de\\\/#organization\",\"name\":\"Energizer Switzerland (DE)\",\"url\":\"https:\\\/\\\/energizer.com\\\/eu\\\/switzerland_de\\\/\",\"logo\":{\"@type\":\"ImageObject\",\"inLanguage\":\"en-US\",\"@id\":\"https:\\\/\\\/energizer.com\\\/eu\\\/switzerland_de\\\/#\\\/schema\\\/logo\\\/image\\\/\",\"url\":\"https:\\\/\\\/energizer.com\\\/eu\\\/switzerland_de\\\/wp-content\\\/uploads\\\/sites\\\/55\\\/2024\\\/04\\\/Energizer_brand.png\",\"contentUrl\":\"https:\\\/\\\/energizer.com\\\/eu\\\/switzerland_de\\\/wp-content\\\/uploads\\\/sites\\\/55\\\/2024\\\/04\\\/Energizer_brand.png\",\"width\":267,\"height\":100,\"caption\":\"Energizer Switzerland (DE)\"},\"image\":{\"@id\":\"https:\\\/\\\/energizer.com\\\/eu\\\/switzerland_de\\\/#\\\/schema\\\/logo\\\/image\\\/\"}}]}<\/script>\n<!-- \/ Yoast SEO plugin. -->","yoast_head_json":{"title":"Energizer VALUE RECH 200 Headlight - Switzerland German","robots":{"index":"index","follow":"follow","max-snippet":"max-snippet:-1","max-image-preview":"max-image-preview:large","max-video-preview":"max-video-preview:-1"},"canonical":"https:\/\/energizer.com\/eu\/switzerland_de\/product\/energizer-value-rech-200-headlight\/","og_locale":"en_US","og_type":"article","og_title":"Energizer VALUE RECH 200 Headlight - Switzerland German","og_description":"HDLLP Value Wiederaufladbare Kopftaschenlampe Diese kompakte, komfortable, zuverl\u00e4ssige und einfach zu bedienende, wiederaufladbare Kopftaschenlampe ist eine intelligente, freih\u00e4ndige L\u00f6sung f\u00fcr alle Aktivit\u00e4ten im Innen- und Au\u00dfenbereich. Ihr schlankes Design macht sie zu einer gro\u00dfartigen Leuchte f\u00fcr Aktivit\u00e4ten im Freien, und ihre helle Lichtleistung ist perfekt f\u00fcr alle Innen- oder Heimwerkerprojekte. Die Lampe verf\u00fcgt \u00fcber 3 Betriebsmodi (hoch, niedrig, rot) und wird mit einem wiederaufladbaren Akku und einem Micro-USB-Ladekabel geliefert. Wenn der Akku leer ist, kann er direkt \u00fcber eine Powerbank, ein Autoladeger\u00e4t oder eine andere USB-Stromquelle aufgeladen werden - Sie m\u00fcssen keine zus\u00e4tzlichen Batterien kaufen. Die robuste Konstruktion und das verstellbare Kopfband machen sie zu einer vielseitigen und zuverl\u00e4ssigen Option.","og_url":"https:\/\/energizer.com\/eu\/switzerland_de\/product\/energizer-value-rech-200-headlight\/","og_site_name":"Switzerland German","article_modified_time":"2024-08-23T09:36:02+00:00","twitter_card":"summary_large_image","schema":{"@context":"https:\/\/schema.org","@graph":[{"@type":"WebPage","@id":"https:\/\/energizer.com\/eu\/switzerland_de\/product\/energizer-value-rech-200-headlight\/","url":"https:\/\/energizer.com\/eu\/switzerland_de\/product\/energizer-value-rech-200-headlight\/","name":"Energizer VALUE RECH 200 Headlight - Switzerland German","isPartOf":{"@id":"https:\/\/energizer.com\/eu\/switzerland_de\/#website"},"datePublished":"2024-05-22T08:14:59+00:00","dateModified":"2024-08-23T09:36:02+00:00","breadcrumb":{"@id":"https:\/\/energizer.com\/eu\/switzerland_de\/product\/energizer-value-rech-200-headlight\/#breadcrumb"},"inLanguage":"en-US","potentialAction":[{"@type":"ReadAction","target":["https:\/\/energizer.com\/eu\/switzerland_de\/product\/energizer-value-rech-200-headlight\/"]}]},{"@type":"BreadcrumbList","@id":"https:\/\/energizer.com\/eu\/switzerland_de\/product\/energizer-value-rech-200-headlight\/#breadcrumb","itemListElement":[{"@type":"ListItem","position":1,"name":"Home","item":"https:\/\/energizer.com\/eu\/switzerland_de\/"},{"@type":"ListItem","position":2,"name":"Energizer VALUE RECH 200 Headlight"}]},{"@type":"WebSite","@id":"https:\/\/energizer.com\/eu\/switzerland_de\/#website","url":"https:\/\/energizer.com\/eu\/switzerland_de\/","name":"Energizer Switzerland (DE)","description":"","publisher":{"@id":"https:\/\/energizer.com\/eu\/switzerland_de\/#organization"},"potentialAction":[{"@type":"SearchAction","target":{"@type":"EntryPoint","urlTemplate":"https:\/\/energizer.com\/eu\/switzerland_de\/?s={search_term_string}"},"query-input":{"@type":"PropertyValueSpecification","valueRequired":true,"valueName":"search_term_string"}}],"inLanguage":"en-US"},{"@type":"Organization","@id":"https:\/\/energizer.com\/eu\/switzerland_de\/#organization","name":"Energizer Switzerland (DE)","url":"https:\/\/energizer.com\/eu\/switzerland_de\/","logo":{"@type":"ImageObject","inLanguage":"en-US","@id":"https:\/\/energizer.com\/eu\/switzerland_de\/#\/schema\/logo\/image\/","url":"https:\/\/energizer.com\/eu\/switzerland_de\/wp-content\/uploads\/sites\/55\/2024\/04\/Energizer_brand.png","contentUrl":"https:\/\/energizer.com\/eu\/switzerland_de\/wp-content\/uploads\/sites\/55\/2024\/04\/Energizer_brand.png","width":267,"height":100,"caption":"Energizer Switzerland (DE)"},"image":{"@id":"https:\/\/energizer.com\/eu\/switzerland_de\/#\/schema\/logo\/image\/"}}]}},"_links":{"self":[{"href":"https:\/\/energizer.com\/eu\/switzerland_de\/wp-json\/wp\/v2\/product\/5392","targetHints":{"allow":["GET"]}}],"collection":[{"href":"https:\/\/energizer.com\/eu\/switzerland_de\/wp-json\/wp\/v2\/product"}],"about":[{"href":"https:\/\/energizer.com\/eu\/switzerland_de\/wp-json\/wp\/v2\/types\/product"}],"replies":[{"embeddable":true,"href":"https:\/\/energizer.com\/eu\/switzerland_de\/wp-json\/wp\/v2\/comments?post=5392"}],"version-history":[{"count":3,"href":"https:\/\/energizer.com\/eu\/switzerland_de\/wp-json\/wp\/v2\/product\/5392\/revisions"}],"predecessor-version":[{"id":7954,"href":"https:\/\/energizer.com\/eu\/switzerland_de\/wp-json\/wp\/v2\/product\/5392\/revisions\/7954"}],"wp:attachment":[{"href":"https:\/\/energizer.com\/eu\/switzerland_de\/wp-json\/wp\/v2\/media?parent=5392"}],"wp:term":[{"taxonomy":"product_brand","embeddable":true,"href":"https:\/\/energizer.com\/eu\/switzerland_de\/wp-json\/wp\/v2\/product_brand?post=5392"},{"taxonomy":"product_cat","embeddable":true,"href":"https:\/\/energizer.com\/eu\/switzerland_de\/wp-json\/wp\/v2\/product_cat?post=5392"},{"taxonomy":"product_tag","embeddable":true,"href":"https:\/\/energizer.com\/eu\/switzerland_de\/wp-json\/wp\/v2\/product_tag?post=5392"}],"curies":[{"name":"wp","href":"https:\/\/api.w.org\/{rel}","templated":true}]}}