{"id":5394,"date":"2024-05-22T08:17:07","date_gmt":"2024-05-22T08:17:07","guid":{"rendered":"https:\/\/23b13e8ab3.nxcli.io\/switzerland-german\/?post_type=product&#038;p=5394"},"modified":"2024-08-23T09:36:00","modified_gmt":"2024-08-23T09:36:00","slug":"energizer-hdl60-head-torch","status":"publish","type":"product","link":"https:\/\/energizer.com\/eu\/switzerland_de\/product\/energizer-hdl60-head-torch\/","title":{"rendered":"Energizer HDL60 Head Torch"},"content":{"rendered":"<ul>\n<li>Energizer HDL60 Kopftaschenlampe, Hybrid-Taschenlampe mit Lithium-Ionen-Akku oder 3AAA Energizer-Batterien inklusive<\/li>\n<li>LED-Technologie: Diese leistungsstarke, freih\u00e4ndige Kopftaschenlampe mit 575 Lumen* ist mit langlebiger und energieeffizienter LED-Technologie ausgestattet. *Mit AAA-Batterien<\/li>\n<li>Fortschrittliche Dimm-Technologie: Die Intensit\u00e4t kann in allen Modi von 10% bis 100% eingestellt werden<\/li>\n<li>Rotlicht-Nachtmodus: Der Rotlichtmodus verbessert Ihre Nachtsicht bei Aktivit\u00e4ten wie Camping, Angeln und Wandern in der Dunkelheit<\/li>\n<li>Langlebige Konstruktion: Diese kompakte und leichte Hybrid-Taschenlampe ist ideal f\u00fcr den dauerhaften Einsatz, da sie mit Prim\u00e4rbatterien wasserdicht ist und \u00fcber eine bruchsichere Linse verf\u00fcgt<\/li>\n<li>Vielseitiges Hands-Free-Licht: Diese einfach zu bedienende, kompakte, wasserdichte Kopftaschenlampe verf\u00fcgt \u00fcber ein verstellbares Kopfband und ein blendfreies Design, das Sie bei Stromausf\u00e4llen, beim Heimwerken und vielem mehr sch\u00fctzt<\/li>\n<li>Stundenlange Laufzeit:\u202f\u202fDiese langlebige und effektive Kopftaschenlampe leuchtet bis zu 21 Stunden im Energiesparmodus<\/li>\n<\/ul>\n","protected":false},"excerpt":{"rendered":"<p>Mit dieser leichten und vielseitigen Wandertaschenlampe haben Sie die H\u00e4nde frei und k\u00f6nnen jedes Abenteuer in vollen Z\u00fcgen genie\u00dfen. Die Energizer HDL60 Kopftaschenlampe ist sowohl kompakt als auch freih\u00e4ndig &#8211; ideal f\u00fcr Heimwerker und andere Projekte, die zwei H\u00e4nde erfordern. Sie leuchtet Ihnen bei jeder Aktivit\u00e4t nach Einbruch der Dunkelheit den Weg, egal ob Sie campen, wandern oder joggen gehen. Diese 575-Lumen-LED-Laufkopf-Taschenlampe mit verstellbarem Kopfband leuchtet selbst die dunkelsten R\u00e4ume aus und spendet Ihnen genau dort Licht, wo Sie es brauchen. Mit der fortschrittlichen Dimmfunktion k\u00f6nnen Sie die Lichtintensit\u00e4t bei allen Lichteinstellungen von 100 % bis 10 % einstellen.<\/p>\n","protected":false},"featured_media":0,"comment_status":"open","ping_status":"closed","template":"","meta":{"_acf_changed":false},"product_brand":[],"product_cat":[43],"product_tag":[],"class_list":{"0":"post-5394","1":"product","2":"type-product","3":"status-publish","5":"product_cat-hands-free","6":"pa_uses-outdoor","8":"first","9":"instock","10":"shipping-taxable","11":"product-type-simple"},"acf":[],"yoast_head":"<!-- This site is optimized with the Yoast SEO plugin v27.4 - https:\/\/yoast.com\/product\/yoast-seo-wordpress\/ -->\n<title>Energizer HDL60 Head Torch - Switzerland German<\/title>\n<meta name=\"robots\" content=\"index, follow, max-snippet:-1, max-image-preview:large, max-video-preview:-1\" \/>\n<link rel=\"canonical\" href=\"https:\/\/energizer.com\/eu\/switzerland_de\/product\/energizer-hdl60-head-torch\/\" \/>\n<meta property=\"og:locale\" content=\"en_US\" \/>\n<meta property=\"og:type\" content=\"article\" \/>\n<meta property=\"og:title\" content=\"Energizer HDL60 Head Torch - Switzerland German\" \/>\n<meta property=\"og:description\" content=\"Mit dieser leichten und vielseitigen Wandertaschenlampe haben Sie die H\u00e4nde frei und k\u00f6nnen jedes Abenteuer in vollen Z\u00fcgen genie\u00dfen. Die Energizer HDL60 Kopftaschenlampe ist sowohl kompakt als auch freih\u00e4ndig - ideal f\u00fcr Heimwerker und andere Projekte, die zwei H\u00e4nde erfordern. Sie leuchtet Ihnen bei jeder Aktivit\u00e4t nach Einbruch der Dunkelheit den Weg, egal ob Sie campen, wandern oder joggen gehen. Diese 575-Lumen-LED-Laufkopf-Taschenlampe mit verstellbarem Kopfband leuchtet selbst die dunkelsten R\u00e4ume aus und spendet Ihnen genau dort Licht, wo Sie es brauchen. Mit der fortschrittlichen Dimmfunktion k\u00f6nnen Sie die Lichtintensit\u00e4t bei allen Lichteinstellungen von 100 % bis 10 % einstellen.\" \/>\n<meta property=\"og:url\" content=\"https:\/\/energizer.com\/eu\/switzerland_de\/product\/energizer-hdl60-head-torch\/\" \/>\n<meta property=\"og:site_name\" content=\"Switzerland German\" \/>\n<meta property=\"article:modified_time\" content=\"2024-08-23T09:36:00+00:00\" \/>\n<meta name=\"twitter:card\" content=\"summary_large_image\" \/>\n<script type=\"application\/ld+json\" class=\"yoast-schema-graph\">{\"@context\":\"https:\\\/\\\/schema.org\",\"@graph\":[{\"@type\":\"WebPage\",\"@id\":\"https:\\\/\\\/energizer.com\\\/eu\\\/switzerland_de\\\/product\\\/energizer-hdl60-head-torch\\\/\",\"url\":\"https:\\\/\\\/energizer.com\\\/eu\\\/switzerland_de\\\/product\\\/energizer-hdl60-head-torch\\\/\",\"name\":\"Energizer HDL60 Head Torch - Switzerland German\",\"isPartOf\":{\"@id\":\"https:\\\/\\\/energizer.com\\\/eu\\\/switzerland_de\\\/#website\"},\"datePublished\":\"2024-05-22T08:17:07+00:00\",\"dateModified\":\"2024-08-23T09:36:00+00:00\",\"breadcrumb\":{\"@id\":\"https:\\\/\\\/energizer.com\\\/eu\\\/switzerland_de\\\/product\\\/energizer-hdl60-head-torch\\\/#breadcrumb\"},\"inLanguage\":\"en-US\",\"potentialAction\":[{\"@type\":\"ReadAction\",\"target\":[\"https:\\\/\\\/energizer.com\\\/eu\\\/switzerland_de\\\/product\\\/energizer-hdl60-head-torch\\\/\"]}]},{\"@type\":\"BreadcrumbList\",\"@id\":\"https:\\\/\\\/energizer.com\\\/eu\\\/switzerland_de\\\/product\\\/energizer-hdl60-head-torch\\\/#breadcrumb\",\"itemListElement\":[{\"@type\":\"ListItem\",\"position\":1,\"name\":\"Home\",\"item\":\"https:\\\/\\\/energizer.com\\\/eu\\\/switzerland_de\\\/\"},{\"@type\":\"ListItem\",\"position\":2,\"name\":\"Energizer HDL60 Head Torch\"}]},{\"@type\":\"WebSite\",\"@id\":\"https:\\\/\\\/energizer.com\\\/eu\\\/switzerland_de\\\/#website\",\"url\":\"https:\\\/\\\/energizer.com\\\/eu\\\/switzerland_de\\\/\",\"name\":\"Energizer Switzerland (DE)\",\"description\":\"\",\"publisher\":{\"@id\":\"https:\\\/\\\/energizer.com\\\/eu\\\/switzerland_de\\\/#organization\"},\"potentialAction\":[{\"@type\":\"SearchAction\",\"target\":{\"@type\":\"EntryPoint\",\"urlTemplate\":\"https:\\\/\\\/energizer.com\\\/eu\\\/switzerland_de\\\/?s={search_term_string}\"},\"query-input\":{\"@type\":\"PropertyValueSpecification\",\"valueRequired\":true,\"valueName\":\"search_term_string\"}}],\"inLanguage\":\"en-US\"},{\"@type\":\"Organization\",\"@id\":\"https:\\\/\\\/energizer.com\\\/eu\\\/switzerland_de\\\/#organization\",\"name\":\"Energizer Switzerland (DE)\",\"url\":\"https:\\\/\\\/energizer.com\\\/eu\\\/switzerland_de\\\/\",\"logo\":{\"@type\":\"ImageObject\",\"inLanguage\":\"en-US\",\"@id\":\"https:\\\/\\\/energizer.com\\\/eu\\\/switzerland_de\\\/#\\\/schema\\\/logo\\\/image\\\/\",\"url\":\"https:\\\/\\\/energizer.com\\\/eu\\\/switzerland_de\\\/wp-content\\\/uploads\\\/sites\\\/55\\\/2024\\\/04\\\/Energizer_brand.png\",\"contentUrl\":\"https:\\\/\\\/energizer.com\\\/eu\\\/switzerland_de\\\/wp-content\\\/uploads\\\/sites\\\/55\\\/2024\\\/04\\\/Energizer_brand.png\",\"width\":267,\"height\":100,\"caption\":\"Energizer Switzerland (DE)\"},\"image\":{\"@id\":\"https:\\\/\\\/energizer.com\\\/eu\\\/switzerland_de\\\/#\\\/schema\\\/logo\\\/image\\\/\"}}]}<\/script>\n<!-- \/ Yoast SEO plugin. -->","yoast_head_json":{"title":"Energizer HDL60 Head Torch - Switzerland German","robots":{"index":"index","follow":"follow","max-snippet":"max-snippet:-1","max-image-preview":"max-image-preview:large","max-video-preview":"max-video-preview:-1"},"canonical":"https:\/\/energizer.com\/eu\/switzerland_de\/product\/energizer-hdl60-head-torch\/","og_locale":"en_US","og_type":"article","og_title":"Energizer HDL60 Head Torch - Switzerland German","og_description":"Mit dieser leichten und vielseitigen Wandertaschenlampe haben Sie die H\u00e4nde frei und k\u00f6nnen jedes Abenteuer in vollen Z\u00fcgen genie\u00dfen. Die Energizer HDL60 Kopftaschenlampe ist sowohl kompakt als auch freih\u00e4ndig - ideal f\u00fcr Heimwerker und andere Projekte, die zwei H\u00e4nde erfordern. Sie leuchtet Ihnen bei jeder Aktivit\u00e4t nach Einbruch der Dunkelheit den Weg, egal ob Sie campen, wandern oder joggen gehen. Diese 575-Lumen-LED-Laufkopf-Taschenlampe mit verstellbarem Kopfband leuchtet selbst die dunkelsten R\u00e4ume aus und spendet Ihnen genau dort Licht, wo Sie es brauchen. Mit der fortschrittlichen Dimmfunktion k\u00f6nnen Sie die Lichtintensit\u00e4t bei allen Lichteinstellungen von 100 % bis 10 % einstellen.","og_url":"https:\/\/energizer.com\/eu\/switzerland_de\/product\/energizer-hdl60-head-torch\/","og_site_name":"Switzerland German","article_modified_time":"2024-08-23T09:36:00+00:00","twitter_card":"summary_large_image","schema":{"@context":"https:\/\/schema.org","@graph":[{"@type":"WebPage","@id":"https:\/\/energizer.com\/eu\/switzerland_de\/product\/energizer-hdl60-head-torch\/","url":"https:\/\/energizer.com\/eu\/switzerland_de\/product\/energizer-hdl60-head-torch\/","name":"Energizer HDL60 Head Torch - Switzerland German","isPartOf":{"@id":"https:\/\/energizer.com\/eu\/switzerland_de\/#website"},"datePublished":"2024-05-22T08:17:07+00:00","dateModified":"2024-08-23T09:36:00+00:00","breadcrumb":{"@id":"https:\/\/energizer.com\/eu\/switzerland_de\/product\/energizer-hdl60-head-torch\/#breadcrumb"},"inLanguage":"en-US","potentialAction":[{"@type":"ReadAction","target":["https:\/\/energizer.com\/eu\/switzerland_de\/product\/energizer-hdl60-head-torch\/"]}]},{"@type":"BreadcrumbList","@id":"https:\/\/energizer.com\/eu\/switzerland_de\/product\/energizer-hdl60-head-torch\/#breadcrumb","itemListElement":[{"@type":"ListItem","position":1,"name":"Home","item":"https:\/\/energizer.com\/eu\/switzerland_de\/"},{"@type":"ListItem","position":2,"name":"Energizer HDL60 Head Torch"}]},{"@type":"WebSite","@id":"https:\/\/energizer.com\/eu\/switzerland_de\/#website","url":"https:\/\/energizer.com\/eu\/switzerland_de\/","name":"Energizer Switzerland (DE)","description":"","publisher":{"@id":"https:\/\/energizer.com\/eu\/switzerland_de\/#organization"},"potentialAction":[{"@type":"SearchAction","target":{"@type":"EntryPoint","urlTemplate":"https:\/\/energizer.com\/eu\/switzerland_de\/?s={search_term_string}"},"query-input":{"@type":"PropertyValueSpecification","valueRequired":true,"valueName":"search_term_string"}}],"inLanguage":"en-US"},{"@type":"Organization","@id":"https:\/\/energizer.com\/eu\/switzerland_de\/#organization","name":"Energizer Switzerland (DE)","url":"https:\/\/energizer.com\/eu\/switzerland_de\/","logo":{"@type":"ImageObject","inLanguage":"en-US","@id":"https:\/\/energizer.com\/eu\/switzerland_de\/#\/schema\/logo\/image\/","url":"https:\/\/energizer.com\/eu\/switzerland_de\/wp-content\/uploads\/sites\/55\/2024\/04\/Energizer_brand.png","contentUrl":"https:\/\/energizer.com\/eu\/switzerland_de\/wp-content\/uploads\/sites\/55\/2024\/04\/Energizer_brand.png","width":267,"height":100,"caption":"Energizer Switzerland (DE)"},"image":{"@id":"https:\/\/energizer.com\/eu\/switzerland_de\/#\/schema\/logo\/image\/"}}]}},"_links":{"self":[{"href":"https:\/\/energizer.com\/eu\/switzerland_de\/wp-json\/wp\/v2\/product\/5394","targetHints":{"allow":["GET"]}}],"collection":[{"href":"https:\/\/energizer.com\/eu\/switzerland_de\/wp-json\/wp\/v2\/product"}],"about":[{"href":"https:\/\/energizer.com\/eu\/switzerland_de\/wp-json\/wp\/v2\/types\/product"}],"replies":[{"embeddable":true,"href":"https:\/\/energizer.com\/eu\/switzerland_de\/wp-json\/wp\/v2\/comments?post=5394"}],"version-history":[{"count":4,"href":"https:\/\/energizer.com\/eu\/switzerland_de\/wp-json\/wp\/v2\/product\/5394\/revisions"}],"predecessor-version":[{"id":9090,"href":"https:\/\/energizer.com\/eu\/switzerland_de\/wp-json\/wp\/v2\/product\/5394\/revisions\/9090"}],"wp:attachment":[{"href":"https:\/\/energizer.com\/eu\/switzerland_de\/wp-json\/wp\/v2\/media?parent=5394"}],"wp:term":[{"taxonomy":"product_brand","embeddable":true,"href":"https:\/\/energizer.com\/eu\/switzerland_de\/wp-json\/wp\/v2\/product_brand?post=5394"},{"taxonomy":"product_cat","embeddable":true,"href":"https:\/\/energizer.com\/eu\/switzerland_de\/wp-json\/wp\/v2\/product_cat?post=5394"},{"taxonomy":"product_tag","embeddable":true,"href":"https:\/\/energizer.com\/eu\/switzerland_de\/wp-json\/wp\/v2\/product_tag?post=5394"}],"curies":[{"name":"wp","href":"https:\/\/api.w.org\/{rel}","templated":true}]}}