{"id":5396,"date":"2024-05-22T08:19:12","date_gmt":"2024-05-22T08:19:12","guid":{"rendered":"https:\/\/23b13e8ab3.nxcli.io\/switzerland-german\/?post_type=product&#038;p=5396"},"modified":"2024-08-23T09:35:57","modified_gmt":"2024-08-23T09:35:57","slug":"energizer-hybri-1000-headlight","status":"publish","type":"product","link":"https:\/\/energizer.com\/eu\/switzerland_de\/product\/energizer-hybri-1000-headlight\/","title":{"rendered":"Energizer HYBRI 1000 Headlight"},"content":{"rendered":"<ul>\n<li>Energizer High Lumen Hybrid-LED-Stirnlampe mit zwei (2) CR123-Batterien<\/li>\n<li>Hybrid-Design kann mit wiederaufladbaren Lithium-Ionen-Batterien oder CR123-Batterien betrieben werden<\/li>\n<li>Hervorragende wiederaufladbare Lampe f\u00fcr den handgehaltenen und freih\u00e4ndigen Einsatz bei Arbeitsaufgaben<\/li>\n<li>Leistungsstarker Lichtstrahl mit 400 Lumen auf High und 1000 Lumen auf Turbo<\/li>\n<li>L\u00e4sst sich vom Sockel abnehmen und als tragbare LED-Lampe verwenden<\/li>\n<li>Diese batteriebetriebene Leuchte ist nach IPX4 wasserdicht und sto\u00dffest bis zu 1 Meter f\u00fcr zuverl\u00e4ssige Leistung<\/li>\n<li>Komfortables, kompaktes Design und langlebige Metallkonstruktion bieten Komfort und Zuverl\u00e4ssigkeit<\/li>\n<\/ul>\n","protected":false},"excerpt":{"rendered":"<p>Arbeiten Sie an den dunkelsten Orten mit der Energizer High Lumen Hybrid LED-Stirnlampe. Die Energizer-Stirnlampe ist bequem zu tragen und hat eine Reichweite von \u00fcber 100 Metern, um helles, freih\u00e4ndiges Licht zu liefern. Diese kleine LED-Lampe wird mit zwei CR123-Batterien oder wiederaufladbaren Batterien betrieben, die \u00fcber USB aufgeladen werden k\u00f6nnen. Mit einer Laufzeit von \u00fcber 4 Stunden im High-Modus bietet sie zuverl\u00e4ssige Helligkeit, wenn Sie Ihre H\u00e4nde frei haben m\u00fcssen. Die wiederaufladbare Leuchte l\u00e4sst sich auch vom Sockel abnehmen und als Handleuchte verwenden. Wenn Sie eine au\u00dfergew\u00f6hnliche Lichtleistung ben\u00f6tigen, liefert der Turbomodus 1000 Lumen f\u00fcr ultrahelle Beleuchtung. Die kleine Lampe ist kompakt, leicht und angenehm zu tragen. Die robuste Metallkonstruktion gew\u00e4hrleistet die Zuverl\u00e4ssigkeit, auf die Sie bei Energizer z\u00e4hlen. Vertrauen Sie Energizer, wenn es um zuverl\u00e4ssige Leistung in jeder Situation geht.<\/p>\n","protected":false},"featured_media":0,"comment_status":"open","ping_status":"closed","template":"","meta":{"_acf_changed":false},"product_brand":[],"product_cat":[43],"product_tag":[],"class_list":{"0":"post-5396","1":"product","2":"type-product","3":"status-publish","5":"product_cat-hands-free","6":"pa_uses-outdoor","8":"first","9":"instock","10":"shipping-taxable","11":"product-type-simple"},"acf":[],"yoast_head":"<!-- This site is optimized with the Yoast SEO plugin v27.4 - https:\/\/yoast.com\/product\/yoast-seo-wordpress\/ -->\n<title>Energizer HYBRI 1000 Headlight - Switzerland German<\/title>\n<meta name=\"robots\" content=\"index, follow, max-snippet:-1, max-image-preview:large, max-video-preview:-1\" \/>\n<link rel=\"canonical\" href=\"https:\/\/energizer.com\/eu\/switzerland_de\/product\/energizer-hybri-1000-headlight\/\" \/>\n<meta property=\"og:locale\" content=\"en_US\" \/>\n<meta property=\"og:type\" content=\"article\" \/>\n<meta property=\"og:title\" content=\"Energizer HYBRI 1000 Headlight - Switzerland German\" \/>\n<meta property=\"og:description\" content=\"Arbeiten Sie an den dunkelsten Orten mit der Energizer High Lumen Hybrid LED-Stirnlampe. Die Energizer-Stirnlampe ist bequem zu tragen und hat eine Reichweite von \u00fcber 100 Metern, um helles, freih\u00e4ndiges Licht zu liefern. Diese kleine LED-Lampe wird mit zwei CR123-Batterien oder wiederaufladbaren Batterien betrieben, die \u00fcber USB aufgeladen werden k\u00f6nnen. Mit einer Laufzeit von \u00fcber 4 Stunden im High-Modus bietet sie zuverl\u00e4ssige Helligkeit, wenn Sie Ihre H\u00e4nde frei haben m\u00fcssen. Die wiederaufladbare Leuchte l\u00e4sst sich auch vom Sockel abnehmen und als Handleuchte verwenden. Wenn Sie eine au\u00dfergew\u00f6hnliche Lichtleistung ben\u00f6tigen, liefert der Turbomodus 1000 Lumen f\u00fcr ultrahelle Beleuchtung. Die kleine Lampe ist kompakt, leicht und angenehm zu tragen. Die robuste Metallkonstruktion gew\u00e4hrleistet die Zuverl\u00e4ssigkeit, auf die Sie bei Energizer z\u00e4hlen. Vertrauen Sie Energizer, wenn es um zuverl\u00e4ssige Leistung in jeder Situation geht.\" \/>\n<meta property=\"og:url\" content=\"https:\/\/energizer.com\/eu\/switzerland_de\/product\/energizer-hybri-1000-headlight\/\" \/>\n<meta property=\"og:site_name\" content=\"Switzerland German\" \/>\n<meta property=\"article:modified_time\" content=\"2024-08-23T09:35:57+00:00\" \/>\n<meta name=\"twitter:card\" content=\"summary_large_image\" \/>\n<script type=\"application\/ld+json\" class=\"yoast-schema-graph\">{\"@context\":\"https:\\\/\\\/schema.org\",\"@graph\":[{\"@type\":\"WebPage\",\"@id\":\"https:\\\/\\\/energizer.com\\\/eu\\\/switzerland_de\\\/product\\\/energizer-hybri-1000-headlight\\\/\",\"url\":\"https:\\\/\\\/energizer.com\\\/eu\\\/switzerland_de\\\/product\\\/energizer-hybri-1000-headlight\\\/\",\"name\":\"Energizer HYBRI 1000 Headlight - Switzerland German\",\"isPartOf\":{\"@id\":\"https:\\\/\\\/energizer.com\\\/eu\\\/switzerland_de\\\/#website\"},\"datePublished\":\"2024-05-22T08:19:12+00:00\",\"dateModified\":\"2024-08-23T09:35:57+00:00\",\"breadcrumb\":{\"@id\":\"https:\\\/\\\/energizer.com\\\/eu\\\/switzerland_de\\\/product\\\/energizer-hybri-1000-headlight\\\/#breadcrumb\"},\"inLanguage\":\"en-US\",\"potentialAction\":[{\"@type\":\"ReadAction\",\"target\":[\"https:\\\/\\\/energizer.com\\\/eu\\\/switzerland_de\\\/product\\\/energizer-hybri-1000-headlight\\\/\"]}]},{\"@type\":\"BreadcrumbList\",\"@id\":\"https:\\\/\\\/energizer.com\\\/eu\\\/switzerland_de\\\/product\\\/energizer-hybri-1000-headlight\\\/#breadcrumb\",\"itemListElement\":[{\"@type\":\"ListItem\",\"position\":1,\"name\":\"Home\",\"item\":\"https:\\\/\\\/energizer.com\\\/eu\\\/switzerland_de\\\/\"},{\"@type\":\"ListItem\",\"position\":2,\"name\":\"Energizer HYBRI 1000 Headlight\"}]},{\"@type\":\"WebSite\",\"@id\":\"https:\\\/\\\/energizer.com\\\/eu\\\/switzerland_de\\\/#website\",\"url\":\"https:\\\/\\\/energizer.com\\\/eu\\\/switzerland_de\\\/\",\"name\":\"Energizer Switzerland (DE)\",\"description\":\"\",\"publisher\":{\"@id\":\"https:\\\/\\\/energizer.com\\\/eu\\\/switzerland_de\\\/#organization\"},\"potentialAction\":[{\"@type\":\"SearchAction\",\"target\":{\"@type\":\"EntryPoint\",\"urlTemplate\":\"https:\\\/\\\/energizer.com\\\/eu\\\/switzerland_de\\\/?s={search_term_string}\"},\"query-input\":{\"@type\":\"PropertyValueSpecification\",\"valueRequired\":true,\"valueName\":\"search_term_string\"}}],\"inLanguage\":\"en-US\"},{\"@type\":\"Organization\",\"@id\":\"https:\\\/\\\/energizer.com\\\/eu\\\/switzerland_de\\\/#organization\",\"name\":\"Energizer Switzerland (DE)\",\"url\":\"https:\\\/\\\/energizer.com\\\/eu\\\/switzerland_de\\\/\",\"logo\":{\"@type\":\"ImageObject\",\"inLanguage\":\"en-US\",\"@id\":\"https:\\\/\\\/energizer.com\\\/eu\\\/switzerland_de\\\/#\\\/schema\\\/logo\\\/image\\\/\",\"url\":\"https:\\\/\\\/energizer.com\\\/eu\\\/switzerland_de\\\/wp-content\\\/uploads\\\/sites\\\/55\\\/2024\\\/04\\\/Energizer_brand.png\",\"contentUrl\":\"https:\\\/\\\/energizer.com\\\/eu\\\/switzerland_de\\\/wp-content\\\/uploads\\\/sites\\\/55\\\/2024\\\/04\\\/Energizer_brand.png\",\"width\":267,\"height\":100,\"caption\":\"Energizer Switzerland (DE)\"},\"image\":{\"@id\":\"https:\\\/\\\/energizer.com\\\/eu\\\/switzerland_de\\\/#\\\/schema\\\/logo\\\/image\\\/\"}}]}<\/script>\n<!-- \/ Yoast SEO plugin. -->","yoast_head_json":{"title":"Energizer HYBRI 1000 Headlight - Switzerland German","robots":{"index":"index","follow":"follow","max-snippet":"max-snippet:-1","max-image-preview":"max-image-preview:large","max-video-preview":"max-video-preview:-1"},"canonical":"https:\/\/energizer.com\/eu\/switzerland_de\/product\/energizer-hybri-1000-headlight\/","og_locale":"en_US","og_type":"article","og_title":"Energizer HYBRI 1000 Headlight - Switzerland German","og_description":"Arbeiten Sie an den dunkelsten Orten mit der Energizer High Lumen Hybrid LED-Stirnlampe. Die Energizer-Stirnlampe ist bequem zu tragen und hat eine Reichweite von \u00fcber 100 Metern, um helles, freih\u00e4ndiges Licht zu liefern. Diese kleine LED-Lampe wird mit zwei CR123-Batterien oder wiederaufladbaren Batterien betrieben, die \u00fcber USB aufgeladen werden k\u00f6nnen. Mit einer Laufzeit von \u00fcber 4 Stunden im High-Modus bietet sie zuverl\u00e4ssige Helligkeit, wenn Sie Ihre H\u00e4nde frei haben m\u00fcssen. Die wiederaufladbare Leuchte l\u00e4sst sich auch vom Sockel abnehmen und als Handleuchte verwenden. Wenn Sie eine au\u00dfergew\u00f6hnliche Lichtleistung ben\u00f6tigen, liefert der Turbomodus 1000 Lumen f\u00fcr ultrahelle Beleuchtung. Die kleine Lampe ist kompakt, leicht und angenehm zu tragen. Die robuste Metallkonstruktion gew\u00e4hrleistet die Zuverl\u00e4ssigkeit, auf die Sie bei Energizer z\u00e4hlen. Vertrauen Sie Energizer, wenn es um zuverl\u00e4ssige Leistung in jeder Situation geht.","og_url":"https:\/\/energizer.com\/eu\/switzerland_de\/product\/energizer-hybri-1000-headlight\/","og_site_name":"Switzerland German","article_modified_time":"2024-08-23T09:35:57+00:00","twitter_card":"summary_large_image","schema":{"@context":"https:\/\/schema.org","@graph":[{"@type":"WebPage","@id":"https:\/\/energizer.com\/eu\/switzerland_de\/product\/energizer-hybri-1000-headlight\/","url":"https:\/\/energizer.com\/eu\/switzerland_de\/product\/energizer-hybri-1000-headlight\/","name":"Energizer HYBRI 1000 Headlight - Switzerland German","isPartOf":{"@id":"https:\/\/energizer.com\/eu\/switzerland_de\/#website"},"datePublished":"2024-05-22T08:19:12+00:00","dateModified":"2024-08-23T09:35:57+00:00","breadcrumb":{"@id":"https:\/\/energizer.com\/eu\/switzerland_de\/product\/energizer-hybri-1000-headlight\/#breadcrumb"},"inLanguage":"en-US","potentialAction":[{"@type":"ReadAction","target":["https:\/\/energizer.com\/eu\/switzerland_de\/product\/energizer-hybri-1000-headlight\/"]}]},{"@type":"BreadcrumbList","@id":"https:\/\/energizer.com\/eu\/switzerland_de\/product\/energizer-hybri-1000-headlight\/#breadcrumb","itemListElement":[{"@type":"ListItem","position":1,"name":"Home","item":"https:\/\/energizer.com\/eu\/switzerland_de\/"},{"@type":"ListItem","position":2,"name":"Energizer HYBRI 1000 Headlight"}]},{"@type":"WebSite","@id":"https:\/\/energizer.com\/eu\/switzerland_de\/#website","url":"https:\/\/energizer.com\/eu\/switzerland_de\/","name":"Energizer Switzerland (DE)","description":"","publisher":{"@id":"https:\/\/energizer.com\/eu\/switzerland_de\/#organization"},"potentialAction":[{"@type":"SearchAction","target":{"@type":"EntryPoint","urlTemplate":"https:\/\/energizer.com\/eu\/switzerland_de\/?s={search_term_string}"},"query-input":{"@type":"PropertyValueSpecification","valueRequired":true,"valueName":"search_term_string"}}],"inLanguage":"en-US"},{"@type":"Organization","@id":"https:\/\/energizer.com\/eu\/switzerland_de\/#organization","name":"Energizer Switzerland (DE)","url":"https:\/\/energizer.com\/eu\/switzerland_de\/","logo":{"@type":"ImageObject","inLanguage":"en-US","@id":"https:\/\/energizer.com\/eu\/switzerland_de\/#\/schema\/logo\/image\/","url":"https:\/\/energizer.com\/eu\/switzerland_de\/wp-content\/uploads\/sites\/55\/2024\/04\/Energizer_brand.png","contentUrl":"https:\/\/energizer.com\/eu\/switzerland_de\/wp-content\/uploads\/sites\/55\/2024\/04\/Energizer_brand.png","width":267,"height":100,"caption":"Energizer Switzerland (DE)"},"image":{"@id":"https:\/\/energizer.com\/eu\/switzerland_de\/#\/schema\/logo\/image\/"}}]}},"_links":{"self":[{"href":"https:\/\/energizer.com\/eu\/switzerland_de\/wp-json\/wp\/v2\/product\/5396","targetHints":{"allow":["GET"]}}],"collection":[{"href":"https:\/\/energizer.com\/eu\/switzerland_de\/wp-json\/wp\/v2\/product"}],"about":[{"href":"https:\/\/energizer.com\/eu\/switzerland_de\/wp-json\/wp\/v2\/types\/product"}],"replies":[{"embeddable":true,"href":"https:\/\/energizer.com\/eu\/switzerland_de\/wp-json\/wp\/v2\/comments?post=5396"}],"version-history":[{"count":3,"href":"https:\/\/energizer.com\/eu\/switzerland_de\/wp-json\/wp\/v2\/product\/5396\/revisions"}],"predecessor-version":[{"id":7952,"href":"https:\/\/energizer.com\/eu\/switzerland_de\/wp-json\/wp\/v2\/product\/5396\/revisions\/7952"}],"wp:attachment":[{"href":"https:\/\/energizer.com\/eu\/switzerland_de\/wp-json\/wp\/v2\/media?parent=5396"}],"wp:term":[{"taxonomy":"product_brand","embeddable":true,"href":"https:\/\/energizer.com\/eu\/switzerland_de\/wp-json\/wp\/v2\/product_brand?post=5396"},{"taxonomy":"product_cat","embeddable":true,"href":"https:\/\/energizer.com\/eu\/switzerland_de\/wp-json\/wp\/v2\/product_cat?post=5396"},{"taxonomy":"product_tag","embeddable":true,"href":"https:\/\/energizer.com\/eu\/switzerland_de\/wp-json\/wp\/v2\/product_tag?post=5396"}],"curies":[{"name":"wp","href":"https:\/\/api.w.org\/{rel}","templated":true}]}}