{"id":5411,"date":"2024-05-22T09:33:02","date_gmt":"2024-05-22T09:33:02","guid":{"rendered":"https:\/\/23b13e8ab3.nxcli.io\/switzerland-german\/?post_type=product&#038;p=5411"},"modified":"2024-08-23T09:35:55","modified_gmt":"2024-08-23T09:35:55","slug":"enr-eu-tier1hdl20-325-hl-tr-t12a32","status":"publish","type":"product","link":"https:\/\/energizer.com\/eu\/switzerland_de\/product\/enr-eu-tier1hdl20-325-hl-tr-t12a32\/","title":{"rendered":"ENR EU TIER1HDL20 325 HL TR T12A32"},"content":{"rendered":"<ul>\n<li>Energizer HDL20 Kopftaschenlampe, mit Lithium-Ionen-Akku oder 3AAA Energizer-Batterien inklusive<\/li>\n<li>LED-Technologie: Diese leistungsstarke, freih\u00e4ndige Kopftaschenlampe mit 325 Lumen verf\u00fcgt \u00fcber langlebige und energieeffiziente LED-Technologie<\/li>\n<li>Fortschrittliche Dimm-Technologie: Die Intensit\u00e4t kann in allen Modi von 10% bis 100% eingestellt werden<\/li>\n<li>Rotlicht-Nachtmodus: Der Rotlichtmodus verbessert Ihre Nachtsicht bei Aktivit\u00e4ten wie Camping, Angeln und Wandern in der Dunkelheit<\/li>\n<li>Langlebige Konstruktion: Diese kompakte und leichte Hands-Free-Taschenlampe ist ideal f\u00fcr den dauerhaften Einsatz. Sie ist wasserdicht nach IPX4 und verf\u00fcgt \u00fcber eine bruchsichere Linse<\/li>\n<li>Vielseitiges Freihandlicht: Diese einfach zu bedienende, kompakte Kopftaschenlampe verf\u00fcgt \u00fcber ein verstellbares Kopfband und einen blendfreien, schwenkbaren Kopf, der Sie bei Stromausf\u00e4llen, beim Heimwerken und vielem mehr unterst\u00fctzt<\/li>\n<li>Stundenlange Laufzeit:\u202f\u202fDiese langlebige und effektive Kopflampe leuchtet bis zu 40 Stunden lang im Energiesparmodus<\/li>\n<\/ul>\n","protected":false},"excerpt":{"rendered":"<p>Mit dieser leichten und vielseitigen Wandertaschenlampe haben Sie die H\u00e4nde frei und k\u00f6nnen jedes Abenteuer in vollen Z\u00fcgen genie\u00dfen. Die Energizer HDL20 Kopftaschenlampe ist sowohl kompakt als auch freih\u00e4ndig &#8211; ideal f\u00fcr Heimwerker und andere Projekte, die zwei H\u00e4nde erfordern. Sie leuchtet Ihnen bei jeder Aktivit\u00e4t nach Einbruch der Dunkelheit den Weg, egal ob Sie campen, wandern oder joggen gehen. Diese 325-Lumen-LED-Laufkopf-Taschenlampe mit verstellbarem Kopfband und blendfreiem, schwenkbarem Kopf leuchtet selbst die dunkelsten R\u00e4ume aus und gibt Ihnen genau dort ausreichend Licht, wo Sie es brauchen. Au\u00dferdem k\u00f6nnen Sie die Lichtintensit\u00e4t mit der fortschrittlichen Dimmfunktion bei allen Lichteinstellungen von 100 % bis 10 % einstellen. W\u00e4hlen Sie den perfekten Lichtmodus f\u00fcr Ihre Aktivit\u00e4t &#8211; hoch, niedrig, rot oder gedimmt. Diese wasserfeste Kopftaschenlampe mit bruchsicherer Linse hat ein praktisches Design und eine robuste Konstruktion, die optimalen Komfort und Vielseitigkeit f\u00fcr jedes In- oder Outdoor-Abenteuer bietet. Energizer ist seit \u00fcber 120 Jahren ein Vorreiter auf dem Gebiet der tragbaren Beleuchtung und hat 1970 die erste wasserdichte Taschenlampe der Welt auf den Markt gebracht. Energizer macht es Ihnen leicht, Ihren Weg zu beleuchten.<\/p>\n","protected":false},"featured_media":0,"comment_status":"open","ping_status":"closed","template":"","meta":{"_acf_changed":false},"product_brand":[],"product_cat":[43],"product_tag":[],"class_list":{"0":"post-5411","1":"product","2":"type-product","3":"status-publish","5":"product_cat-hands-free","6":"pa_uses-outdoor","8":"first","9":"instock","10":"shipping-taxable","11":"product-type-simple"},"acf":[],"yoast_head":"<!-- This site is optimized with the Yoast SEO plugin v27.4 - https:\/\/yoast.com\/product\/yoast-seo-wordpress\/ -->\n<title>ENR EU TIER1HDL20 325 HL TR T12A32 - Switzerland German<\/title>\n<meta name=\"robots\" content=\"index, follow, max-snippet:-1, max-image-preview:large, max-video-preview:-1\" \/>\n<link rel=\"canonical\" href=\"https:\/\/energizer.com\/eu\/switzerland_de\/product\/enr-eu-tier1hdl20-325-hl-tr-t12a32\/\" \/>\n<meta property=\"og:locale\" content=\"en_US\" \/>\n<meta property=\"og:type\" content=\"article\" \/>\n<meta property=\"og:title\" content=\"ENR EU TIER1HDL20 325 HL TR T12A32 - Switzerland German\" \/>\n<meta property=\"og:description\" content=\"Mit dieser leichten und vielseitigen Wandertaschenlampe haben Sie die H\u00e4nde frei und k\u00f6nnen jedes Abenteuer in vollen Z\u00fcgen genie\u00dfen. Die Energizer HDL20 Kopftaschenlampe ist sowohl kompakt als auch freih\u00e4ndig - ideal f\u00fcr Heimwerker und andere Projekte, die zwei H\u00e4nde erfordern. Sie leuchtet Ihnen bei jeder Aktivit\u00e4t nach Einbruch der Dunkelheit den Weg, egal ob Sie campen, wandern oder joggen gehen. Diese 325-Lumen-LED-Laufkopf-Taschenlampe mit verstellbarem Kopfband und blendfreiem, schwenkbarem Kopf leuchtet selbst die dunkelsten R\u00e4ume aus und gibt Ihnen genau dort ausreichend Licht, wo Sie es brauchen. Au\u00dferdem k\u00f6nnen Sie die Lichtintensit\u00e4t mit der fortschrittlichen Dimmfunktion bei allen Lichteinstellungen von 100 % bis 10 % einstellen. W\u00e4hlen Sie den perfekten Lichtmodus f\u00fcr Ihre Aktivit\u00e4t - hoch, niedrig, rot oder gedimmt. Diese wasserfeste Kopftaschenlampe mit bruchsicherer Linse hat ein praktisches Design und eine robuste Konstruktion, die optimalen Komfort und Vielseitigkeit f\u00fcr jedes In- oder Outdoor-Abenteuer bietet. Energizer ist seit \u00fcber 120 Jahren ein Vorreiter auf dem Gebiet der tragbaren Beleuchtung und hat 1970 die erste wasserdichte Taschenlampe der Welt auf den Markt gebracht. Energizer macht es Ihnen leicht, Ihren Weg zu beleuchten.\" \/>\n<meta property=\"og:url\" content=\"https:\/\/energizer.com\/eu\/switzerland_de\/product\/enr-eu-tier1hdl20-325-hl-tr-t12a32\/\" \/>\n<meta property=\"og:site_name\" content=\"Switzerland German\" \/>\n<meta property=\"article:modified_time\" content=\"2024-08-23T09:35:55+00:00\" \/>\n<meta name=\"twitter:card\" content=\"summary_large_image\" \/>\n<script type=\"application\/ld+json\" class=\"yoast-schema-graph\">{\"@context\":\"https:\\\/\\\/schema.org\",\"@graph\":[{\"@type\":\"WebPage\",\"@id\":\"https:\\\/\\\/energizer.com\\\/eu\\\/switzerland_de\\\/product\\\/enr-eu-tier1hdl20-325-hl-tr-t12a32\\\/\",\"url\":\"https:\\\/\\\/energizer.com\\\/eu\\\/switzerland_de\\\/product\\\/enr-eu-tier1hdl20-325-hl-tr-t12a32\\\/\",\"name\":\"ENR EU TIER1HDL20 325 HL TR T12A32 - Switzerland German\",\"isPartOf\":{\"@id\":\"https:\\\/\\\/energizer.com\\\/eu\\\/switzerland_de\\\/#website\"},\"datePublished\":\"2024-05-22T09:33:02+00:00\",\"dateModified\":\"2024-08-23T09:35:55+00:00\",\"breadcrumb\":{\"@id\":\"https:\\\/\\\/energizer.com\\\/eu\\\/switzerland_de\\\/product\\\/enr-eu-tier1hdl20-325-hl-tr-t12a32\\\/#breadcrumb\"},\"inLanguage\":\"en-US\",\"potentialAction\":[{\"@type\":\"ReadAction\",\"target\":[\"https:\\\/\\\/energizer.com\\\/eu\\\/switzerland_de\\\/product\\\/enr-eu-tier1hdl20-325-hl-tr-t12a32\\\/\"]}]},{\"@type\":\"BreadcrumbList\",\"@id\":\"https:\\\/\\\/energizer.com\\\/eu\\\/switzerland_de\\\/product\\\/enr-eu-tier1hdl20-325-hl-tr-t12a32\\\/#breadcrumb\",\"itemListElement\":[{\"@type\":\"ListItem\",\"position\":1,\"name\":\"Home\",\"item\":\"https:\\\/\\\/energizer.com\\\/eu\\\/switzerland_de\\\/\"},{\"@type\":\"ListItem\",\"position\":2,\"name\":\"ENR EU TIER1HDL20 325 HL TR T12A32\"}]},{\"@type\":\"WebSite\",\"@id\":\"https:\\\/\\\/energizer.com\\\/eu\\\/switzerland_de\\\/#website\",\"url\":\"https:\\\/\\\/energizer.com\\\/eu\\\/switzerland_de\\\/\",\"name\":\"Energizer Switzerland (DE)\",\"description\":\"\",\"publisher\":{\"@id\":\"https:\\\/\\\/energizer.com\\\/eu\\\/switzerland_de\\\/#organization\"},\"potentialAction\":[{\"@type\":\"SearchAction\",\"target\":{\"@type\":\"EntryPoint\",\"urlTemplate\":\"https:\\\/\\\/energizer.com\\\/eu\\\/switzerland_de\\\/?s={search_term_string}\"},\"query-input\":{\"@type\":\"PropertyValueSpecification\",\"valueRequired\":true,\"valueName\":\"search_term_string\"}}],\"inLanguage\":\"en-US\"},{\"@type\":\"Organization\",\"@id\":\"https:\\\/\\\/energizer.com\\\/eu\\\/switzerland_de\\\/#organization\",\"name\":\"Energizer Switzerland (DE)\",\"url\":\"https:\\\/\\\/energizer.com\\\/eu\\\/switzerland_de\\\/\",\"logo\":{\"@type\":\"ImageObject\",\"inLanguage\":\"en-US\",\"@id\":\"https:\\\/\\\/energizer.com\\\/eu\\\/switzerland_de\\\/#\\\/schema\\\/logo\\\/image\\\/\",\"url\":\"https:\\\/\\\/energizer.com\\\/eu\\\/switzerland_de\\\/wp-content\\\/uploads\\\/sites\\\/55\\\/2024\\\/04\\\/Energizer_brand.png\",\"contentUrl\":\"https:\\\/\\\/energizer.com\\\/eu\\\/switzerland_de\\\/wp-content\\\/uploads\\\/sites\\\/55\\\/2024\\\/04\\\/Energizer_brand.png\",\"width\":267,\"height\":100,\"caption\":\"Energizer Switzerland (DE)\"},\"image\":{\"@id\":\"https:\\\/\\\/energizer.com\\\/eu\\\/switzerland_de\\\/#\\\/schema\\\/logo\\\/image\\\/\"}}]}<\/script>\n<!-- \/ Yoast SEO plugin. -->","yoast_head_json":{"title":"ENR EU TIER1HDL20 325 HL TR T12A32 - Switzerland German","robots":{"index":"index","follow":"follow","max-snippet":"max-snippet:-1","max-image-preview":"max-image-preview:large","max-video-preview":"max-video-preview:-1"},"canonical":"https:\/\/energizer.com\/eu\/switzerland_de\/product\/enr-eu-tier1hdl20-325-hl-tr-t12a32\/","og_locale":"en_US","og_type":"article","og_title":"ENR EU TIER1HDL20 325 HL TR T12A32 - Switzerland German","og_description":"Mit dieser leichten und vielseitigen Wandertaschenlampe haben Sie die H\u00e4nde frei und k\u00f6nnen jedes Abenteuer in vollen Z\u00fcgen genie\u00dfen. Die Energizer HDL20 Kopftaschenlampe ist sowohl kompakt als auch freih\u00e4ndig - ideal f\u00fcr Heimwerker und andere Projekte, die zwei H\u00e4nde erfordern. Sie leuchtet Ihnen bei jeder Aktivit\u00e4t nach Einbruch der Dunkelheit den Weg, egal ob Sie campen, wandern oder joggen gehen. Diese 325-Lumen-LED-Laufkopf-Taschenlampe mit verstellbarem Kopfband und blendfreiem, schwenkbarem Kopf leuchtet selbst die dunkelsten R\u00e4ume aus und gibt Ihnen genau dort ausreichend Licht, wo Sie es brauchen. Au\u00dferdem k\u00f6nnen Sie die Lichtintensit\u00e4t mit der fortschrittlichen Dimmfunktion bei allen Lichteinstellungen von 100 % bis 10 % einstellen. W\u00e4hlen Sie den perfekten Lichtmodus f\u00fcr Ihre Aktivit\u00e4t - hoch, niedrig, rot oder gedimmt. Diese wasserfeste Kopftaschenlampe mit bruchsicherer Linse hat ein praktisches Design und eine robuste Konstruktion, die optimalen Komfort und Vielseitigkeit f\u00fcr jedes In- oder Outdoor-Abenteuer bietet. Energizer ist seit \u00fcber 120 Jahren ein Vorreiter auf dem Gebiet der tragbaren Beleuchtung und hat 1970 die erste wasserdichte Taschenlampe der Welt auf den Markt gebracht. Energizer macht es Ihnen leicht, Ihren Weg zu beleuchten.","og_url":"https:\/\/energizer.com\/eu\/switzerland_de\/product\/enr-eu-tier1hdl20-325-hl-tr-t12a32\/","og_site_name":"Switzerland German","article_modified_time":"2024-08-23T09:35:55+00:00","twitter_card":"summary_large_image","schema":{"@context":"https:\/\/schema.org","@graph":[{"@type":"WebPage","@id":"https:\/\/energizer.com\/eu\/switzerland_de\/product\/enr-eu-tier1hdl20-325-hl-tr-t12a32\/","url":"https:\/\/energizer.com\/eu\/switzerland_de\/product\/enr-eu-tier1hdl20-325-hl-tr-t12a32\/","name":"ENR EU TIER1HDL20 325 HL TR T12A32 - Switzerland German","isPartOf":{"@id":"https:\/\/energizer.com\/eu\/switzerland_de\/#website"},"datePublished":"2024-05-22T09:33:02+00:00","dateModified":"2024-08-23T09:35:55+00:00","breadcrumb":{"@id":"https:\/\/energizer.com\/eu\/switzerland_de\/product\/enr-eu-tier1hdl20-325-hl-tr-t12a32\/#breadcrumb"},"inLanguage":"en-US","potentialAction":[{"@type":"ReadAction","target":["https:\/\/energizer.com\/eu\/switzerland_de\/product\/enr-eu-tier1hdl20-325-hl-tr-t12a32\/"]}]},{"@type":"BreadcrumbList","@id":"https:\/\/energizer.com\/eu\/switzerland_de\/product\/enr-eu-tier1hdl20-325-hl-tr-t12a32\/#breadcrumb","itemListElement":[{"@type":"ListItem","position":1,"name":"Home","item":"https:\/\/energizer.com\/eu\/switzerland_de\/"},{"@type":"ListItem","position":2,"name":"ENR EU TIER1HDL20 325 HL TR T12A32"}]},{"@type":"WebSite","@id":"https:\/\/energizer.com\/eu\/switzerland_de\/#website","url":"https:\/\/energizer.com\/eu\/switzerland_de\/","name":"Energizer Switzerland (DE)","description":"","publisher":{"@id":"https:\/\/energizer.com\/eu\/switzerland_de\/#organization"},"potentialAction":[{"@type":"SearchAction","target":{"@type":"EntryPoint","urlTemplate":"https:\/\/energizer.com\/eu\/switzerland_de\/?s={search_term_string}"},"query-input":{"@type":"PropertyValueSpecification","valueRequired":true,"valueName":"search_term_string"}}],"inLanguage":"en-US"},{"@type":"Organization","@id":"https:\/\/energizer.com\/eu\/switzerland_de\/#organization","name":"Energizer Switzerland (DE)","url":"https:\/\/energizer.com\/eu\/switzerland_de\/","logo":{"@type":"ImageObject","inLanguage":"en-US","@id":"https:\/\/energizer.com\/eu\/switzerland_de\/#\/schema\/logo\/image\/","url":"https:\/\/energizer.com\/eu\/switzerland_de\/wp-content\/uploads\/sites\/55\/2024\/04\/Energizer_brand.png","contentUrl":"https:\/\/energizer.com\/eu\/switzerland_de\/wp-content\/uploads\/sites\/55\/2024\/04\/Energizer_brand.png","width":267,"height":100,"caption":"Energizer Switzerland (DE)"},"image":{"@id":"https:\/\/energizer.com\/eu\/switzerland_de\/#\/schema\/logo\/image\/"}}]}},"_links":{"self":[{"href":"https:\/\/energizer.com\/eu\/switzerland_de\/wp-json\/wp\/v2\/product\/5411","targetHints":{"allow":["GET"]}}],"collection":[{"href":"https:\/\/energizer.com\/eu\/switzerland_de\/wp-json\/wp\/v2\/product"}],"about":[{"href":"https:\/\/energizer.com\/eu\/switzerland_de\/wp-json\/wp\/v2\/types\/product"}],"replies":[{"embeddable":true,"href":"https:\/\/energizer.com\/eu\/switzerland_de\/wp-json\/wp\/v2\/comments?post=5411"}],"version-history":[{"count":3,"href":"https:\/\/energizer.com\/eu\/switzerland_de\/wp-json\/wp\/v2\/product\/5411\/revisions"}],"predecessor-version":[{"id":9096,"href":"https:\/\/energizer.com\/eu\/switzerland_de\/wp-json\/wp\/v2\/product\/5411\/revisions\/9096"}],"wp:attachment":[{"href":"https:\/\/energizer.com\/eu\/switzerland_de\/wp-json\/wp\/v2\/media?parent=5411"}],"wp:term":[{"taxonomy":"product_brand","embeddable":true,"href":"https:\/\/energizer.com\/eu\/switzerland_de\/wp-json\/wp\/v2\/product_brand?post=5411"},{"taxonomy":"product_cat","embeddable":true,"href":"https:\/\/energizer.com\/eu\/switzerland_de\/wp-json\/wp\/v2\/product_cat?post=5411"},{"taxonomy":"product_tag","embeddable":true,"href":"https:\/\/energizer.com\/eu\/switzerland_de\/wp-json\/wp\/v2\/product_tag?post=5411"}],"curies":[{"name":"wp","href":"https:\/\/api.w.org\/{rel}","templated":true}]}}