{"id":5417,"date":"2024-05-22T09:36:45","date_gmt":"2024-05-22T09:36:45","guid":{"rendered":"https:\/\/23b13e8ab3.nxcli.io\/switzerland-german\/?post_type=product&#038;p=5417"},"modified":"2024-08-23T09:35:48","modified_gmt":"2024-08-23T09:35:48","slug":"enr-eu-tier3hdl70-625-hl-os-y37a42","status":"publish","type":"product","link":"https:\/\/energizer.com\/eu\/switzerland_de\/product\/enr-eu-tier3hdl70-625-hl-os-y37a42\/","title":{"rendered":"ENR EU TIER3HDL70 625 HL OS Y37A42"},"content":{"rendered":"<ul>\n<li>Energizer HDL70 Hybrid-Stirnlampe, eine innovative Freisprechl\u00f6sung, die intensive Helligkeit bietet<\/li>\n<li>12-mal heller als die Standard-LED-Technologie, mit einer Helligkeit von bis zu 750 Lumen und einer Leuchtweite von bis zu 100 Metern<\/li>\n<li>Gro\u00dfz\u00fcgige Laufzeit von bis zu 30 Stunden bei niedriger Leistung mit dem wiederaufladbaren Akku<\/li>\n<li>Langlebige Stirnlampe, die nach IP67 wasser- und staubdicht ist und eine bruchsichere Linse hat; das perfekte Licht f\u00fcr zu Hause, bei der Arbeit und bei Outdoor-Aktivit\u00e4ten unter allen Wetterbedingungen<\/li>\n<li>Die fortschrittliche Dimmfunktion erm\u00f6glicht die Einstellung der Lichtintensit\u00e4t zwischen 100 % und 10 %<\/li>\n<li>Diese Energizer-Stirnlampe wird mit einem wiederaufladbaren Lithium-Ionen-Akku oder 4 AAA Energizer-Batterien betrieben<\/li>\n<li>Mit komfortablem, verstellbarem Gurt, blendfreiem Design und schwenkbarem Kopf, um das Licht genau dorthin zu lenken, wo es ben\u00f6tigt wird<\/li>\n<\/ul>\n","protected":false},"excerpt":{"rendered":"<p>Die Energizer HDL70 Hybrid-Stirnlampe ist eine innovative, freih\u00e4ndig nutzbare Stirnlampenl\u00f6sung mit gro\u00dfer Helligkeit. Mit einer Lichtleistung von bis zu 750 Lumen ist diese LED-Lampe 12x heller als die Standard-LED-Technologie und hat eine Leuchtweite von bis zu 100 Metern. F\u00fcnf Modi sorgen f\u00fcr Vielseitigkeit und passen sich Ihren Bed\u00fcrfnissen an: Hoch, Niedrig, Dimmen, Gr\u00fcn und Gr\u00fcnes Blinklicht. Sie k\u00f6nnen die Lichtintensit\u00e4t von 100 % bis 10 % regeln, um genau die richtige Helligkeit f\u00fcr Ihre Aufgabe zu erhalten, was sie zur perfekten Freisprechleuchte f\u00fcr zu Hause, bei der Arbeit und bei Aktivit\u00e4ten im Freien macht. Diese LED-Stirnlampe ist hybrid-betrieben und kann mit einem wiederaufladbaren Lithium-Ionen-Akku oder vier AAA-Batterien betrieben werden. Diese robuste Stirnlampe ist nach IP67 wasser- und staubdicht und verf\u00fcgt \u00fcber ein verstellbares Band, einen schwenkbaren Kopf und ein blendfreies Design. Sie leuchtet bis zu 30 Stunden auf niedriger Stufe und verf\u00fcgt \u00fcber eine Anzeige f\u00fcr niedrigen Batteriestand, die blinkt, um Sie zu warnen, dass es bald Zeit ist, die Batterien zu wechseln oder aufzuladen. Vertrauen Sie darauf, dass Energizer die versprochene Leistung erbringt &#8211; Energizer-Lampen werden getestet und entsprechen dem strengen, zuverl\u00e4ssigen ANSI-Standard<\/p>\n","protected":false},"featured_media":0,"comment_status":"open","ping_status":"closed","template":"","meta":{"_acf_changed":false},"product_brand":[],"product_cat":[43],"product_tag":[],"class_list":{"0":"post-5417","1":"product","2":"type-product","3":"status-publish","5":"product_cat-hands-free","6":"pa_uses-outdoor","8":"first","9":"instock","10":"shipping-taxable","11":"product-type-simple"},"acf":[],"yoast_head":"<!-- This site is optimized with the Yoast SEO plugin v27.4 - https:\/\/yoast.com\/product\/yoast-seo-wordpress\/ -->\n<title>ENR EU TIER3HDL70 625 HL OS Y37A42 - Switzerland German<\/title>\n<meta name=\"robots\" content=\"index, follow, max-snippet:-1, max-image-preview:large, max-video-preview:-1\" \/>\n<link rel=\"canonical\" href=\"https:\/\/energizer.com\/eu\/switzerland_de\/product\/enr-eu-tier3hdl70-625-hl-os-y37a42\/\" \/>\n<meta property=\"og:locale\" content=\"en_US\" \/>\n<meta property=\"og:type\" content=\"article\" \/>\n<meta property=\"og:title\" content=\"ENR EU TIER3HDL70 625 HL OS Y37A42 - Switzerland German\" \/>\n<meta property=\"og:description\" content=\"Die Energizer HDL70 Hybrid-Stirnlampe ist eine innovative, freih\u00e4ndig nutzbare Stirnlampenl\u00f6sung mit gro\u00dfer Helligkeit. Mit einer Lichtleistung von bis zu 750 Lumen ist diese LED-Lampe 12x heller als die Standard-LED-Technologie und hat eine Leuchtweite von bis zu 100 Metern. F\u00fcnf Modi sorgen f\u00fcr Vielseitigkeit und passen sich Ihren Bed\u00fcrfnissen an: Hoch, Niedrig, Dimmen, Gr\u00fcn und Gr\u00fcnes Blinklicht. Sie k\u00f6nnen die Lichtintensit\u00e4t von 100 % bis 10 % regeln, um genau die richtige Helligkeit f\u00fcr Ihre Aufgabe zu erhalten, was sie zur perfekten Freisprechleuchte f\u00fcr zu Hause, bei der Arbeit und bei Aktivit\u00e4ten im Freien macht. Diese LED-Stirnlampe ist hybrid-betrieben und kann mit einem wiederaufladbaren Lithium-Ionen-Akku oder vier AAA-Batterien betrieben werden. Diese robuste Stirnlampe ist nach IP67 wasser- und staubdicht und verf\u00fcgt \u00fcber ein verstellbares Band, einen schwenkbaren Kopf und ein blendfreies Design. Sie leuchtet bis zu 30 Stunden auf niedriger Stufe und verf\u00fcgt \u00fcber eine Anzeige f\u00fcr niedrigen Batteriestand, die blinkt, um Sie zu warnen, dass es bald Zeit ist, die Batterien zu wechseln oder aufzuladen. Vertrauen Sie darauf, dass Energizer die versprochene Leistung erbringt - Energizer-Lampen werden getestet und entsprechen dem strengen, zuverl\u00e4ssigen ANSI-Standard\" \/>\n<meta property=\"og:url\" content=\"https:\/\/energizer.com\/eu\/switzerland_de\/product\/enr-eu-tier3hdl70-625-hl-os-y37a42\/\" \/>\n<meta property=\"og:site_name\" content=\"Switzerland German\" \/>\n<meta property=\"article:modified_time\" content=\"2024-08-23T09:35:48+00:00\" \/>\n<meta name=\"twitter:card\" content=\"summary_large_image\" \/>\n<script type=\"application\/ld+json\" class=\"yoast-schema-graph\">{\"@context\":\"https:\\\/\\\/schema.org\",\"@graph\":[{\"@type\":\"WebPage\",\"@id\":\"https:\\\/\\\/energizer.com\\\/eu\\\/switzerland_de\\\/product\\\/enr-eu-tier3hdl70-625-hl-os-y37a42\\\/\",\"url\":\"https:\\\/\\\/energizer.com\\\/eu\\\/switzerland_de\\\/product\\\/enr-eu-tier3hdl70-625-hl-os-y37a42\\\/\",\"name\":\"ENR EU TIER3HDL70 625 HL OS Y37A42 - Switzerland German\",\"isPartOf\":{\"@id\":\"https:\\\/\\\/energizer.com\\\/eu\\\/switzerland_de\\\/#website\"},\"datePublished\":\"2024-05-22T09:36:45+00:00\",\"dateModified\":\"2024-08-23T09:35:48+00:00\",\"breadcrumb\":{\"@id\":\"https:\\\/\\\/energizer.com\\\/eu\\\/switzerland_de\\\/product\\\/enr-eu-tier3hdl70-625-hl-os-y37a42\\\/#breadcrumb\"},\"inLanguage\":\"en-US\",\"potentialAction\":[{\"@type\":\"ReadAction\",\"target\":[\"https:\\\/\\\/energizer.com\\\/eu\\\/switzerland_de\\\/product\\\/enr-eu-tier3hdl70-625-hl-os-y37a42\\\/\"]}]},{\"@type\":\"BreadcrumbList\",\"@id\":\"https:\\\/\\\/energizer.com\\\/eu\\\/switzerland_de\\\/product\\\/enr-eu-tier3hdl70-625-hl-os-y37a42\\\/#breadcrumb\",\"itemListElement\":[{\"@type\":\"ListItem\",\"position\":1,\"name\":\"Home\",\"item\":\"https:\\\/\\\/energizer.com\\\/eu\\\/switzerland_de\\\/\"},{\"@type\":\"ListItem\",\"position\":2,\"name\":\"ENR EU TIER3HDL70 625 HL OS Y37A42\"}]},{\"@type\":\"WebSite\",\"@id\":\"https:\\\/\\\/energizer.com\\\/eu\\\/switzerland_de\\\/#website\",\"url\":\"https:\\\/\\\/energizer.com\\\/eu\\\/switzerland_de\\\/\",\"name\":\"Energizer Switzerland (DE)\",\"description\":\"\",\"publisher\":{\"@id\":\"https:\\\/\\\/energizer.com\\\/eu\\\/switzerland_de\\\/#organization\"},\"potentialAction\":[{\"@type\":\"SearchAction\",\"target\":{\"@type\":\"EntryPoint\",\"urlTemplate\":\"https:\\\/\\\/energizer.com\\\/eu\\\/switzerland_de\\\/?s={search_term_string}\"},\"query-input\":{\"@type\":\"PropertyValueSpecification\",\"valueRequired\":true,\"valueName\":\"search_term_string\"}}],\"inLanguage\":\"en-US\"},{\"@type\":\"Organization\",\"@id\":\"https:\\\/\\\/energizer.com\\\/eu\\\/switzerland_de\\\/#organization\",\"name\":\"Energizer Switzerland (DE)\",\"url\":\"https:\\\/\\\/energizer.com\\\/eu\\\/switzerland_de\\\/\",\"logo\":{\"@type\":\"ImageObject\",\"inLanguage\":\"en-US\",\"@id\":\"https:\\\/\\\/energizer.com\\\/eu\\\/switzerland_de\\\/#\\\/schema\\\/logo\\\/image\\\/\",\"url\":\"https:\\\/\\\/energizer.com\\\/eu\\\/switzerland_de\\\/wp-content\\\/uploads\\\/sites\\\/55\\\/2024\\\/04\\\/Energizer_brand.png\",\"contentUrl\":\"https:\\\/\\\/energizer.com\\\/eu\\\/switzerland_de\\\/wp-content\\\/uploads\\\/sites\\\/55\\\/2024\\\/04\\\/Energizer_brand.png\",\"width\":267,\"height\":100,\"caption\":\"Energizer Switzerland (DE)\"},\"image\":{\"@id\":\"https:\\\/\\\/energizer.com\\\/eu\\\/switzerland_de\\\/#\\\/schema\\\/logo\\\/image\\\/\"}}]}<\/script>\n<!-- \/ Yoast SEO plugin. -->","yoast_head_json":{"title":"ENR EU TIER3HDL70 625 HL OS Y37A42 - Switzerland German","robots":{"index":"index","follow":"follow","max-snippet":"max-snippet:-1","max-image-preview":"max-image-preview:large","max-video-preview":"max-video-preview:-1"},"canonical":"https:\/\/energizer.com\/eu\/switzerland_de\/product\/enr-eu-tier3hdl70-625-hl-os-y37a42\/","og_locale":"en_US","og_type":"article","og_title":"ENR EU TIER3HDL70 625 HL OS Y37A42 - Switzerland German","og_description":"Die Energizer HDL70 Hybrid-Stirnlampe ist eine innovative, freih\u00e4ndig nutzbare Stirnlampenl\u00f6sung mit gro\u00dfer Helligkeit. Mit einer Lichtleistung von bis zu 750 Lumen ist diese LED-Lampe 12x heller als die Standard-LED-Technologie und hat eine Leuchtweite von bis zu 100 Metern. F\u00fcnf Modi sorgen f\u00fcr Vielseitigkeit und passen sich Ihren Bed\u00fcrfnissen an: Hoch, Niedrig, Dimmen, Gr\u00fcn und Gr\u00fcnes Blinklicht. Sie k\u00f6nnen die Lichtintensit\u00e4t von 100 % bis 10 % regeln, um genau die richtige Helligkeit f\u00fcr Ihre Aufgabe zu erhalten, was sie zur perfekten Freisprechleuchte f\u00fcr zu Hause, bei der Arbeit und bei Aktivit\u00e4ten im Freien macht. Diese LED-Stirnlampe ist hybrid-betrieben und kann mit einem wiederaufladbaren Lithium-Ionen-Akku oder vier AAA-Batterien betrieben werden. Diese robuste Stirnlampe ist nach IP67 wasser- und staubdicht und verf\u00fcgt \u00fcber ein verstellbares Band, einen schwenkbaren Kopf und ein blendfreies Design. Sie leuchtet bis zu 30 Stunden auf niedriger Stufe und verf\u00fcgt \u00fcber eine Anzeige f\u00fcr niedrigen Batteriestand, die blinkt, um Sie zu warnen, dass es bald Zeit ist, die Batterien zu wechseln oder aufzuladen. Vertrauen Sie darauf, dass Energizer die versprochene Leistung erbringt - Energizer-Lampen werden getestet und entsprechen dem strengen, zuverl\u00e4ssigen ANSI-Standard","og_url":"https:\/\/energizer.com\/eu\/switzerland_de\/product\/enr-eu-tier3hdl70-625-hl-os-y37a42\/","og_site_name":"Switzerland German","article_modified_time":"2024-08-23T09:35:48+00:00","twitter_card":"summary_large_image","schema":{"@context":"https:\/\/schema.org","@graph":[{"@type":"WebPage","@id":"https:\/\/energizer.com\/eu\/switzerland_de\/product\/enr-eu-tier3hdl70-625-hl-os-y37a42\/","url":"https:\/\/energizer.com\/eu\/switzerland_de\/product\/enr-eu-tier3hdl70-625-hl-os-y37a42\/","name":"ENR EU TIER3HDL70 625 HL OS Y37A42 - Switzerland German","isPartOf":{"@id":"https:\/\/energizer.com\/eu\/switzerland_de\/#website"},"datePublished":"2024-05-22T09:36:45+00:00","dateModified":"2024-08-23T09:35:48+00:00","breadcrumb":{"@id":"https:\/\/energizer.com\/eu\/switzerland_de\/product\/enr-eu-tier3hdl70-625-hl-os-y37a42\/#breadcrumb"},"inLanguage":"en-US","potentialAction":[{"@type":"ReadAction","target":["https:\/\/energizer.com\/eu\/switzerland_de\/product\/enr-eu-tier3hdl70-625-hl-os-y37a42\/"]}]},{"@type":"BreadcrumbList","@id":"https:\/\/energizer.com\/eu\/switzerland_de\/product\/enr-eu-tier3hdl70-625-hl-os-y37a42\/#breadcrumb","itemListElement":[{"@type":"ListItem","position":1,"name":"Home","item":"https:\/\/energizer.com\/eu\/switzerland_de\/"},{"@type":"ListItem","position":2,"name":"ENR EU TIER3HDL70 625 HL OS Y37A42"}]},{"@type":"WebSite","@id":"https:\/\/energizer.com\/eu\/switzerland_de\/#website","url":"https:\/\/energizer.com\/eu\/switzerland_de\/","name":"Energizer Switzerland (DE)","description":"","publisher":{"@id":"https:\/\/energizer.com\/eu\/switzerland_de\/#organization"},"potentialAction":[{"@type":"SearchAction","target":{"@type":"EntryPoint","urlTemplate":"https:\/\/energizer.com\/eu\/switzerland_de\/?s={search_term_string}"},"query-input":{"@type":"PropertyValueSpecification","valueRequired":true,"valueName":"search_term_string"}}],"inLanguage":"en-US"},{"@type":"Organization","@id":"https:\/\/energizer.com\/eu\/switzerland_de\/#organization","name":"Energizer Switzerland (DE)","url":"https:\/\/energizer.com\/eu\/switzerland_de\/","logo":{"@type":"ImageObject","inLanguage":"en-US","@id":"https:\/\/energizer.com\/eu\/switzerland_de\/#\/schema\/logo\/image\/","url":"https:\/\/energizer.com\/eu\/switzerland_de\/wp-content\/uploads\/sites\/55\/2024\/04\/Energizer_brand.png","contentUrl":"https:\/\/energizer.com\/eu\/switzerland_de\/wp-content\/uploads\/sites\/55\/2024\/04\/Energizer_brand.png","width":267,"height":100,"caption":"Energizer Switzerland (DE)"},"image":{"@id":"https:\/\/energizer.com\/eu\/switzerland_de\/#\/schema\/logo\/image\/"}}]}},"_links":{"self":[{"href":"https:\/\/energizer.com\/eu\/switzerland_de\/wp-json\/wp\/v2\/product\/5417","targetHints":{"allow":["GET"]}}],"collection":[{"href":"https:\/\/energizer.com\/eu\/switzerland_de\/wp-json\/wp\/v2\/product"}],"about":[{"href":"https:\/\/energizer.com\/eu\/switzerland_de\/wp-json\/wp\/v2\/types\/product"}],"replies":[{"embeddable":true,"href":"https:\/\/energizer.com\/eu\/switzerland_de\/wp-json\/wp\/v2\/comments?post=5417"}],"version-history":[{"count":4,"href":"https:\/\/energizer.com\/eu\/switzerland_de\/wp-json\/wp\/v2\/product\/5417\/revisions"}],"predecessor-version":[{"id":9099,"href":"https:\/\/energizer.com\/eu\/switzerland_de\/wp-json\/wp\/v2\/product\/5417\/revisions\/9099"}],"wp:attachment":[{"href":"https:\/\/energizer.com\/eu\/switzerland_de\/wp-json\/wp\/v2\/media?parent=5417"}],"wp:term":[{"taxonomy":"product_brand","embeddable":true,"href":"https:\/\/energizer.com\/eu\/switzerland_de\/wp-json\/wp\/v2\/product_brand?post=5417"},{"taxonomy":"product_cat","embeddable":true,"href":"https:\/\/energizer.com\/eu\/switzerland_de\/wp-json\/wp\/v2\/product_cat?post=5417"},{"taxonomy":"product_tag","embeddable":true,"href":"https:\/\/energizer.com\/eu\/switzerland_de\/wp-json\/wp\/v2\/product_tag?post=5417"}],"curies":[{"name":"wp","href":"https:\/\/api.w.org\/{rel}","templated":true}]}}