{"id":5432,"date":"2024-05-22T10:54:13","date_gmt":"2024-05-22T10:54:13","guid":{"rendered":"https:\/\/23b13e8ab3.nxcli.io\/switzerland-german\/?post_type=product&#038;p=5432"},"modified":"2024-08-23T09:35:45","modified_gmt":"2024-08-23T09:35:45","slug":"energizer-small-power-indicator-rechargeable-lantern","status":"publish","type":"product","link":"https:\/\/energizer.com\/eu\/switzerland_de\/product\/energizer-small-power-indicator-rechargeable-lantern\/","title":{"rendered":"Energizer Small Power Indicator Rechargeable Lantern"},"content":{"rendered":"<ul>\n<li>Eine Energizer Small Power Indicator Laterne, eine wiederaufladbare LED-Laterne mit einer einfach zu bedienenden digitalen Energieanzeige, die Ihnen deutlich anzeigt, wie viele Stunden Licht Sie noch haben<\/li>\n<li>Wiederaufladbare Laterne mit drei verschiedenen Lichtmodi, mit denen Sie die Helligkeit anpassen und die Laufzeit maximieren k\u00f6nnen: Hoch, Dimmen und Nachtlicht<\/li>\n<li>12-mal heller als Standard-LED-Technologie; gibt bis zu 500 Lumen zuverl\u00e4ssiges 360-Grad-Licht ab, wenn sie hoch eingestellt ist, und h\u00e4lt bis zu 30 Stunden, wenn sie vollst\u00e4ndig gedimmt ist<\/li>\n<li>Mit dem verstellbaren, leicht zu tragenden Griff k\u00f6nnen Sie diese tragbare Laterne \u00fcberallhin mitnehmen; mit dem aufklappbaren Aufsatz k\u00f6nnen Sie sie in eine H\u00e4ngelaterne verwandeln<\/li>\n<li>Gebaut, um jedem Abenteuer standzuhalten; wasserdicht nach IPX4, widersteht St\u00fcrzen aus bis zu 1 m H\u00f6he und ist mit einer bruchsicheren Linse ausgestattet<\/li>\n<li>Die vielseitige, wiederaufladbare Leuchte ist die perfekte Outdoor- und Campinglaterne und eignet sich auch f\u00fcr Heimwerkerprojekte, Notfallsituationen und vieles mehr<\/li>\n<\/ul>\n","protected":false},"excerpt":{"rendered":"<p>Mit der Energizer Small Power Indicator Lantern, einer wiederaufladbaren LED-Laterne mit digitaler Betriebsanzeige, stehen Sie nie wieder im Dunkeln. Die einfach zu bedienende Energieanzeige zeigt Ihnen deutlich an, wie viele Stunden Licht Sie noch haben, und Sie k\u00f6nnen die Helligkeit einstellen, um die Laufzeit zu maximieren, was Ihnen Komfort, Vertrauen und Flexibilit\u00e4t bietet. Diese wiederaufladbare Laterne ist bis zu 12 Mal heller als herk\u00f6mmliche LED-Technologie und verf\u00fcgt \u00fcber drei LED-Lichtmodi: Hoch, Dimmen und Nachtlicht. Im Modus \u201eHigh\u201c gibt sie bis zu 500 Lumen zuverl\u00e4ssiges 360-Grad-Licht ab. Mit dem Dimm-Modus k\u00f6nnen Sie die Helligkeit anpassen und die Laufzeit maximieren. Bei voller Dimmung k\u00f6nnen Sie bis zu 30 Stunden Licht erhalten.<\/p>\n","protected":false},"featured_media":0,"comment_status":"open","ping_status":"closed","template":"","meta":{"_acf_changed":false},"product_brand":[],"product_cat":[44],"product_tag":[],"class_list":{"0":"post-5432","1":"product","2":"type-product","3":"status-publish","5":"product_cat-area","6":"pa_uses-outdoor","8":"first","9":"instock","10":"shipping-taxable","11":"product-type-simple"},"acf":[],"yoast_head":"<!-- This site is optimized with the Yoast SEO plugin v27.4 - https:\/\/yoast.com\/product\/yoast-seo-wordpress\/ -->\n<title>Energizer Small Power Indicator Rechargeable Lantern - Switzerland German<\/title>\n<meta name=\"robots\" content=\"index, follow, max-snippet:-1, max-image-preview:large, max-video-preview:-1\" \/>\n<link rel=\"canonical\" href=\"https:\/\/energizer.com\/eu\/switzerland_de\/product\/energizer-small-power-indicator-rechargeable-lantern\/\" \/>\n<meta property=\"og:locale\" content=\"en_US\" \/>\n<meta property=\"og:type\" content=\"article\" \/>\n<meta property=\"og:title\" content=\"Energizer Small Power Indicator Rechargeable Lantern - Switzerland German\" \/>\n<meta property=\"og:description\" content=\"Mit der Energizer Small Power Indicator Lantern, einer wiederaufladbaren LED-Laterne mit digitaler Betriebsanzeige, stehen Sie nie wieder im Dunkeln. Die einfach zu bedienende Energieanzeige zeigt Ihnen deutlich an, wie viele Stunden Licht Sie noch haben, und Sie k\u00f6nnen die Helligkeit einstellen, um die Laufzeit zu maximieren, was Ihnen Komfort, Vertrauen und Flexibilit\u00e4t bietet. Diese wiederaufladbare Laterne ist bis zu 12 Mal heller als herk\u00f6mmliche LED-Technologie und verf\u00fcgt \u00fcber drei LED-Lichtmodi: Hoch, Dimmen und Nachtlicht. Im Modus \u201eHigh\u201c gibt sie bis zu 500 Lumen zuverl\u00e4ssiges 360-Grad-Licht ab. Mit dem Dimm-Modus k\u00f6nnen Sie die Helligkeit anpassen und die Laufzeit maximieren. Bei voller Dimmung k\u00f6nnen Sie bis zu 30 Stunden Licht erhalten.\" \/>\n<meta property=\"og:url\" content=\"https:\/\/energizer.com\/eu\/switzerland_de\/product\/energizer-small-power-indicator-rechargeable-lantern\/\" \/>\n<meta property=\"og:site_name\" content=\"Switzerland German\" \/>\n<meta property=\"article:modified_time\" content=\"2024-08-23T09:35:45+00:00\" \/>\n<meta name=\"twitter:card\" content=\"summary_large_image\" \/>\n<script type=\"application\/ld+json\" class=\"yoast-schema-graph\">{\"@context\":\"https:\\\/\\\/schema.org\",\"@graph\":[{\"@type\":\"WebPage\",\"@id\":\"https:\\\/\\\/energizer.com\\\/eu\\\/switzerland_de\\\/product\\\/energizer-small-power-indicator-rechargeable-lantern\\\/\",\"url\":\"https:\\\/\\\/energizer.com\\\/eu\\\/switzerland_de\\\/product\\\/energizer-small-power-indicator-rechargeable-lantern\\\/\",\"name\":\"Energizer Small Power Indicator Rechargeable Lantern - Switzerland German\",\"isPartOf\":{\"@id\":\"https:\\\/\\\/energizer.com\\\/eu\\\/switzerland_de\\\/#website\"},\"datePublished\":\"2024-05-22T10:54:13+00:00\",\"dateModified\":\"2024-08-23T09:35:45+00:00\",\"breadcrumb\":{\"@id\":\"https:\\\/\\\/energizer.com\\\/eu\\\/switzerland_de\\\/product\\\/energizer-small-power-indicator-rechargeable-lantern\\\/#breadcrumb\"},\"inLanguage\":\"en-US\",\"potentialAction\":[{\"@type\":\"ReadAction\",\"target\":[\"https:\\\/\\\/energizer.com\\\/eu\\\/switzerland_de\\\/product\\\/energizer-small-power-indicator-rechargeable-lantern\\\/\"]}]},{\"@type\":\"BreadcrumbList\",\"@id\":\"https:\\\/\\\/energizer.com\\\/eu\\\/switzerland_de\\\/product\\\/energizer-small-power-indicator-rechargeable-lantern\\\/#breadcrumb\",\"itemListElement\":[{\"@type\":\"ListItem\",\"position\":1,\"name\":\"Home\",\"item\":\"https:\\\/\\\/energizer.com\\\/eu\\\/switzerland_de\\\/\"},{\"@type\":\"ListItem\",\"position\":2,\"name\":\"Energizer Small Power Indicator Rechargeable Lantern\"}]},{\"@type\":\"WebSite\",\"@id\":\"https:\\\/\\\/energizer.com\\\/eu\\\/switzerland_de\\\/#website\",\"url\":\"https:\\\/\\\/energizer.com\\\/eu\\\/switzerland_de\\\/\",\"name\":\"Energizer Switzerland (DE)\",\"description\":\"\",\"publisher\":{\"@id\":\"https:\\\/\\\/energizer.com\\\/eu\\\/switzerland_de\\\/#organization\"},\"potentialAction\":[{\"@type\":\"SearchAction\",\"target\":{\"@type\":\"EntryPoint\",\"urlTemplate\":\"https:\\\/\\\/energizer.com\\\/eu\\\/switzerland_de\\\/?s={search_term_string}\"},\"query-input\":{\"@type\":\"PropertyValueSpecification\",\"valueRequired\":true,\"valueName\":\"search_term_string\"}}],\"inLanguage\":\"en-US\"},{\"@type\":\"Organization\",\"@id\":\"https:\\\/\\\/energizer.com\\\/eu\\\/switzerland_de\\\/#organization\",\"name\":\"Energizer Switzerland (DE)\",\"url\":\"https:\\\/\\\/energizer.com\\\/eu\\\/switzerland_de\\\/\",\"logo\":{\"@type\":\"ImageObject\",\"inLanguage\":\"en-US\",\"@id\":\"https:\\\/\\\/energizer.com\\\/eu\\\/switzerland_de\\\/#\\\/schema\\\/logo\\\/image\\\/\",\"url\":\"https:\\\/\\\/energizer.com\\\/eu\\\/switzerland_de\\\/wp-content\\\/uploads\\\/sites\\\/55\\\/2024\\\/04\\\/Energizer_brand.png\",\"contentUrl\":\"https:\\\/\\\/energizer.com\\\/eu\\\/switzerland_de\\\/wp-content\\\/uploads\\\/sites\\\/55\\\/2024\\\/04\\\/Energizer_brand.png\",\"width\":267,\"height\":100,\"caption\":\"Energizer Switzerland (DE)\"},\"image\":{\"@id\":\"https:\\\/\\\/energizer.com\\\/eu\\\/switzerland_de\\\/#\\\/schema\\\/logo\\\/image\\\/\"}}]}<\/script>\n<!-- \/ Yoast SEO plugin. -->","yoast_head_json":{"title":"Energizer Small Power Indicator Rechargeable Lantern - Switzerland German","robots":{"index":"index","follow":"follow","max-snippet":"max-snippet:-1","max-image-preview":"max-image-preview:large","max-video-preview":"max-video-preview:-1"},"canonical":"https:\/\/energizer.com\/eu\/switzerland_de\/product\/energizer-small-power-indicator-rechargeable-lantern\/","og_locale":"en_US","og_type":"article","og_title":"Energizer Small Power Indicator Rechargeable Lantern - Switzerland German","og_description":"Mit der Energizer Small Power Indicator Lantern, einer wiederaufladbaren LED-Laterne mit digitaler Betriebsanzeige, stehen Sie nie wieder im Dunkeln. Die einfach zu bedienende Energieanzeige zeigt Ihnen deutlich an, wie viele Stunden Licht Sie noch haben, und Sie k\u00f6nnen die Helligkeit einstellen, um die Laufzeit zu maximieren, was Ihnen Komfort, Vertrauen und Flexibilit\u00e4t bietet. Diese wiederaufladbare Laterne ist bis zu 12 Mal heller als herk\u00f6mmliche LED-Technologie und verf\u00fcgt \u00fcber drei LED-Lichtmodi: Hoch, Dimmen und Nachtlicht. Im Modus \u201eHigh\u201c gibt sie bis zu 500 Lumen zuverl\u00e4ssiges 360-Grad-Licht ab. Mit dem Dimm-Modus k\u00f6nnen Sie die Helligkeit anpassen und die Laufzeit maximieren. Bei voller Dimmung k\u00f6nnen Sie bis zu 30 Stunden Licht erhalten.","og_url":"https:\/\/energizer.com\/eu\/switzerland_de\/product\/energizer-small-power-indicator-rechargeable-lantern\/","og_site_name":"Switzerland German","article_modified_time":"2024-08-23T09:35:45+00:00","twitter_card":"summary_large_image","schema":{"@context":"https:\/\/schema.org","@graph":[{"@type":"WebPage","@id":"https:\/\/energizer.com\/eu\/switzerland_de\/product\/energizer-small-power-indicator-rechargeable-lantern\/","url":"https:\/\/energizer.com\/eu\/switzerland_de\/product\/energizer-small-power-indicator-rechargeable-lantern\/","name":"Energizer Small Power Indicator Rechargeable Lantern - Switzerland German","isPartOf":{"@id":"https:\/\/energizer.com\/eu\/switzerland_de\/#website"},"datePublished":"2024-05-22T10:54:13+00:00","dateModified":"2024-08-23T09:35:45+00:00","breadcrumb":{"@id":"https:\/\/energizer.com\/eu\/switzerland_de\/product\/energizer-small-power-indicator-rechargeable-lantern\/#breadcrumb"},"inLanguage":"en-US","potentialAction":[{"@type":"ReadAction","target":["https:\/\/energizer.com\/eu\/switzerland_de\/product\/energizer-small-power-indicator-rechargeable-lantern\/"]}]},{"@type":"BreadcrumbList","@id":"https:\/\/energizer.com\/eu\/switzerland_de\/product\/energizer-small-power-indicator-rechargeable-lantern\/#breadcrumb","itemListElement":[{"@type":"ListItem","position":1,"name":"Home","item":"https:\/\/energizer.com\/eu\/switzerland_de\/"},{"@type":"ListItem","position":2,"name":"Energizer Small Power Indicator Rechargeable Lantern"}]},{"@type":"WebSite","@id":"https:\/\/energizer.com\/eu\/switzerland_de\/#website","url":"https:\/\/energizer.com\/eu\/switzerland_de\/","name":"Energizer Switzerland (DE)","description":"","publisher":{"@id":"https:\/\/energizer.com\/eu\/switzerland_de\/#organization"},"potentialAction":[{"@type":"SearchAction","target":{"@type":"EntryPoint","urlTemplate":"https:\/\/energizer.com\/eu\/switzerland_de\/?s={search_term_string}"},"query-input":{"@type":"PropertyValueSpecification","valueRequired":true,"valueName":"search_term_string"}}],"inLanguage":"en-US"},{"@type":"Organization","@id":"https:\/\/energizer.com\/eu\/switzerland_de\/#organization","name":"Energizer Switzerland (DE)","url":"https:\/\/energizer.com\/eu\/switzerland_de\/","logo":{"@type":"ImageObject","inLanguage":"en-US","@id":"https:\/\/energizer.com\/eu\/switzerland_de\/#\/schema\/logo\/image\/","url":"https:\/\/energizer.com\/eu\/switzerland_de\/wp-content\/uploads\/sites\/55\/2024\/04\/Energizer_brand.png","contentUrl":"https:\/\/energizer.com\/eu\/switzerland_de\/wp-content\/uploads\/sites\/55\/2024\/04\/Energizer_brand.png","width":267,"height":100,"caption":"Energizer Switzerland (DE)"},"image":{"@id":"https:\/\/energizer.com\/eu\/switzerland_de\/#\/schema\/logo\/image\/"}}]}},"_links":{"self":[{"href":"https:\/\/energizer.com\/eu\/switzerland_de\/wp-json\/wp\/v2\/product\/5432","targetHints":{"allow":["GET"]}}],"collection":[{"href":"https:\/\/energizer.com\/eu\/switzerland_de\/wp-json\/wp\/v2\/product"}],"about":[{"href":"https:\/\/energizer.com\/eu\/switzerland_de\/wp-json\/wp\/v2\/types\/product"}],"replies":[{"embeddable":true,"href":"https:\/\/energizer.com\/eu\/switzerland_de\/wp-json\/wp\/v2\/comments?post=5432"}],"version-history":[{"count":4,"href":"https:\/\/energizer.com\/eu\/switzerland_de\/wp-json\/wp\/v2\/product\/5432\/revisions"}],"predecessor-version":[{"id":9102,"href":"https:\/\/energizer.com\/eu\/switzerland_de\/wp-json\/wp\/v2\/product\/5432\/revisions\/9102"}],"wp:attachment":[{"href":"https:\/\/energizer.com\/eu\/switzerland_de\/wp-json\/wp\/v2\/media?parent=5432"}],"wp:term":[{"taxonomy":"product_brand","embeddable":true,"href":"https:\/\/energizer.com\/eu\/switzerland_de\/wp-json\/wp\/v2\/product_brand?post=5432"},{"taxonomy":"product_cat","embeddable":true,"href":"https:\/\/energizer.com\/eu\/switzerland_de\/wp-json\/wp\/v2\/product_cat?post=5432"},{"taxonomy":"product_tag","embeddable":true,"href":"https:\/\/energizer.com\/eu\/switzerland_de\/wp-json\/wp\/v2\/product_tag?post=5432"}],"curies":[{"name":"wp","href":"https:\/\/api.w.org\/{rel}","templated":true}]}}