{"id":5435,"date":"2024-05-22T11:00:35","date_gmt":"2024-05-22T11:00:35","guid":{"rendered":"https:\/\/23b13e8ab3.nxcli.io\/switzerland-german\/?post_type=product&#038;p=5435"},"modified":"2024-08-23T09:35:43","modified_gmt":"2024-08-23T09:35:43","slug":"energizer-power-bank-storage-lantern","status":"publish","type":"product","link":"https:\/\/energizer.com\/eu\/switzerland_de\/product\/energizer-power-bank-storage-lantern\/","title":{"rendered":"Energizer Power Bank &#038; Storage Lantern"},"content":{"rendered":"<ul>\n<li>Energizer Power Bank &amp; Aufbewahrungslaterne, mit 2x USB-Anschl\u00fcssen zum Aufladen von Ger\u00e4ten und herausnehmbarem Puck-Licht im Deckel<\/li>\n<li>Leistungsstarkes Licht: Dieser Lichtw\u00fcrfel mit 1000 Lumen leuchtet einen Bereich von 360\u00b0 aus<\/li>\n<li>3 Leuchtmodi: Regulieren Sie die Intensit\u00e4t von hoch bis niedrig, mit Dimmfunktion durch Dr\u00fccken und Halten f\u00fcr eine individuelle Beleuchtung<\/li>\n<li>Langlebige, wetterfeste Konstruktion: Das wetterfeste IPX4-Design h\u00e4lt St\u00fcrze aus bis zu einem Meter H\u00f6he aus<\/li>\n<li>Hybrid-Energie: Beeindruckende Laufzeit von bis zu 25 Stunden bei niedriger Leuchtstufe mit wiederaufladbaren Lithium-Ionen-Batterien und 22 Stunden bei niedriger Leuchtstufe mit 3xAA-Batterien<\/li>\n<li>Vielseitig einsetzbare Laterne: Starkes Licht mit Powerbank zum Aufladen im Freien, abnehmbare Leuchte f\u00fcr unterwegs und Staufach<\/li>\n<li>Neutrales \u00c4u\u00dferes:\u202f\u202fDiese Energizer-Laterne ist stilvoll genug f\u00fcr den Gebrauch in Haus und Garten sowie beim Camping<\/li>\n<\/ul>\n","protected":false},"excerpt":{"rendered":"<p>Erhellen Sie Ihre Umgebung mit diesem leistungsstarken, vielseitig einsetzbaren W\u00fcrfel f\u00fcr Strom und Licht. Die Energizer Power Bank &amp; Storage Lantern bietet die Flexibilit\u00e4t von Hybridstrom, damit Sie immer Strom und Licht haben, wenn Sie es brauchen. Die 1000-Lumen-Lampe bietet eine 360\u00b0-Beleuchtung &#8211; von niedrig bis hoch, mit Dimmfunktion durch Dr\u00fccken und Halten &#8211; und eine au\u00dfergew\u00f6hnliche Helligkeit f\u00fcr bis zu 25 Stunden (mit Lithium-Ionen-Akku im niedrigen Modus). Und sie ist sowohl wiederaufladbar als auch batteriebetrieben &#8211; perfekt, wenn Sie sich auf ein Abenteuer begeben oder sich zu Hause auf Notf\u00e4lle vorbereiten.<\/p>\n","protected":false},"featured_media":0,"comment_status":"open","ping_status":"closed","template":"","meta":{"_acf_changed":false},"product_brand":[],"product_cat":[44],"product_tag":[],"class_list":{"0":"post-5435","1":"product","2":"type-product","3":"status-publish","5":"product_cat-area","6":"pa_uses-outdoor","8":"first","9":"instock","10":"shipping-taxable","11":"product-type-simple"},"acf":[],"yoast_head":"<!-- This site is optimized with the Yoast SEO plugin v27.4 - https:\/\/yoast.com\/product\/yoast-seo-wordpress\/ -->\n<title>Energizer Power Bank &amp; Storage Lantern - Switzerland German<\/title>\n<meta name=\"robots\" content=\"index, follow, max-snippet:-1, max-image-preview:large, max-video-preview:-1\" \/>\n<link rel=\"canonical\" href=\"https:\/\/energizer.com\/eu\/switzerland_de\/product\/energizer-power-bank-storage-lantern\/\" \/>\n<meta property=\"og:locale\" content=\"en_US\" \/>\n<meta property=\"og:type\" content=\"article\" \/>\n<meta property=\"og:title\" content=\"Energizer Power Bank &amp; Storage Lantern - Switzerland German\" \/>\n<meta property=\"og:description\" content=\"Erhellen Sie Ihre Umgebung mit diesem leistungsstarken, vielseitig einsetzbaren W\u00fcrfel f\u00fcr Strom und Licht. Die Energizer Power Bank &amp; Storage Lantern bietet die Flexibilit\u00e4t von Hybridstrom, damit Sie immer Strom und Licht haben, wenn Sie es brauchen. Die 1000-Lumen-Lampe bietet eine 360\u00b0-Beleuchtung - von niedrig bis hoch, mit Dimmfunktion durch Dr\u00fccken und Halten - und eine au\u00dfergew\u00f6hnliche Helligkeit f\u00fcr bis zu 25 Stunden (mit Lithium-Ionen-Akku im niedrigen Modus). Und sie ist sowohl wiederaufladbar als auch batteriebetrieben - perfekt, wenn Sie sich auf ein Abenteuer begeben oder sich zu Hause auf Notf\u00e4lle vorbereiten.\" \/>\n<meta property=\"og:url\" content=\"https:\/\/energizer.com\/eu\/switzerland_de\/product\/energizer-power-bank-storage-lantern\/\" \/>\n<meta property=\"og:site_name\" content=\"Switzerland German\" \/>\n<meta property=\"article:modified_time\" content=\"2024-08-23T09:35:43+00:00\" \/>\n<meta name=\"twitter:card\" content=\"summary_large_image\" \/>\n<script type=\"application\/ld+json\" class=\"yoast-schema-graph\">{\"@context\":\"https:\\\/\\\/schema.org\",\"@graph\":[{\"@type\":\"WebPage\",\"@id\":\"https:\\\/\\\/energizer.com\\\/eu\\\/switzerland_de\\\/product\\\/energizer-power-bank-storage-lantern\\\/\",\"url\":\"https:\\\/\\\/energizer.com\\\/eu\\\/switzerland_de\\\/product\\\/energizer-power-bank-storage-lantern\\\/\",\"name\":\"Energizer Power Bank & Storage Lantern - Switzerland German\",\"isPartOf\":{\"@id\":\"https:\\\/\\\/energizer.com\\\/eu\\\/switzerland_de\\\/#website\"},\"datePublished\":\"2024-05-22T11:00:35+00:00\",\"dateModified\":\"2024-08-23T09:35:43+00:00\",\"breadcrumb\":{\"@id\":\"https:\\\/\\\/energizer.com\\\/eu\\\/switzerland_de\\\/product\\\/energizer-power-bank-storage-lantern\\\/#breadcrumb\"},\"inLanguage\":\"en-US\",\"potentialAction\":[{\"@type\":\"ReadAction\",\"target\":[\"https:\\\/\\\/energizer.com\\\/eu\\\/switzerland_de\\\/product\\\/energizer-power-bank-storage-lantern\\\/\"]}]},{\"@type\":\"BreadcrumbList\",\"@id\":\"https:\\\/\\\/energizer.com\\\/eu\\\/switzerland_de\\\/product\\\/energizer-power-bank-storage-lantern\\\/#breadcrumb\",\"itemListElement\":[{\"@type\":\"ListItem\",\"position\":1,\"name\":\"Home\",\"item\":\"https:\\\/\\\/energizer.com\\\/eu\\\/switzerland_de\\\/\"},{\"@type\":\"ListItem\",\"position\":2,\"name\":\"Energizer Power Bank &#038; Storage Lantern\"}]},{\"@type\":\"WebSite\",\"@id\":\"https:\\\/\\\/energizer.com\\\/eu\\\/switzerland_de\\\/#website\",\"url\":\"https:\\\/\\\/energizer.com\\\/eu\\\/switzerland_de\\\/\",\"name\":\"Energizer Switzerland (DE)\",\"description\":\"\",\"publisher\":{\"@id\":\"https:\\\/\\\/energizer.com\\\/eu\\\/switzerland_de\\\/#organization\"},\"potentialAction\":[{\"@type\":\"SearchAction\",\"target\":{\"@type\":\"EntryPoint\",\"urlTemplate\":\"https:\\\/\\\/energizer.com\\\/eu\\\/switzerland_de\\\/?s={search_term_string}\"},\"query-input\":{\"@type\":\"PropertyValueSpecification\",\"valueRequired\":true,\"valueName\":\"search_term_string\"}}],\"inLanguage\":\"en-US\"},{\"@type\":\"Organization\",\"@id\":\"https:\\\/\\\/energizer.com\\\/eu\\\/switzerland_de\\\/#organization\",\"name\":\"Energizer Switzerland (DE)\",\"url\":\"https:\\\/\\\/energizer.com\\\/eu\\\/switzerland_de\\\/\",\"logo\":{\"@type\":\"ImageObject\",\"inLanguage\":\"en-US\",\"@id\":\"https:\\\/\\\/energizer.com\\\/eu\\\/switzerland_de\\\/#\\\/schema\\\/logo\\\/image\\\/\",\"url\":\"https:\\\/\\\/energizer.com\\\/eu\\\/switzerland_de\\\/wp-content\\\/uploads\\\/sites\\\/55\\\/2024\\\/04\\\/Energizer_brand.png\",\"contentUrl\":\"https:\\\/\\\/energizer.com\\\/eu\\\/switzerland_de\\\/wp-content\\\/uploads\\\/sites\\\/55\\\/2024\\\/04\\\/Energizer_brand.png\",\"width\":267,\"height\":100,\"caption\":\"Energizer Switzerland (DE)\"},\"image\":{\"@id\":\"https:\\\/\\\/energizer.com\\\/eu\\\/switzerland_de\\\/#\\\/schema\\\/logo\\\/image\\\/\"}}]}<\/script>\n<!-- \/ Yoast SEO plugin. -->","yoast_head_json":{"title":"Energizer Power Bank & Storage Lantern - Switzerland German","robots":{"index":"index","follow":"follow","max-snippet":"max-snippet:-1","max-image-preview":"max-image-preview:large","max-video-preview":"max-video-preview:-1"},"canonical":"https:\/\/energizer.com\/eu\/switzerland_de\/product\/energizer-power-bank-storage-lantern\/","og_locale":"en_US","og_type":"article","og_title":"Energizer Power Bank & Storage Lantern - Switzerland German","og_description":"Erhellen Sie Ihre Umgebung mit diesem leistungsstarken, vielseitig einsetzbaren W\u00fcrfel f\u00fcr Strom und Licht. Die Energizer Power Bank &amp; Storage Lantern bietet die Flexibilit\u00e4t von Hybridstrom, damit Sie immer Strom und Licht haben, wenn Sie es brauchen. Die 1000-Lumen-Lampe bietet eine 360\u00b0-Beleuchtung - von niedrig bis hoch, mit Dimmfunktion durch Dr\u00fccken und Halten - und eine au\u00dfergew\u00f6hnliche Helligkeit f\u00fcr bis zu 25 Stunden (mit Lithium-Ionen-Akku im niedrigen Modus). Und sie ist sowohl wiederaufladbar als auch batteriebetrieben - perfekt, wenn Sie sich auf ein Abenteuer begeben oder sich zu Hause auf Notf\u00e4lle vorbereiten.","og_url":"https:\/\/energizer.com\/eu\/switzerland_de\/product\/energizer-power-bank-storage-lantern\/","og_site_name":"Switzerland German","article_modified_time":"2024-08-23T09:35:43+00:00","twitter_card":"summary_large_image","schema":{"@context":"https:\/\/schema.org","@graph":[{"@type":"WebPage","@id":"https:\/\/energizer.com\/eu\/switzerland_de\/product\/energizer-power-bank-storage-lantern\/","url":"https:\/\/energizer.com\/eu\/switzerland_de\/product\/energizer-power-bank-storage-lantern\/","name":"Energizer Power Bank & Storage Lantern - Switzerland German","isPartOf":{"@id":"https:\/\/energizer.com\/eu\/switzerland_de\/#website"},"datePublished":"2024-05-22T11:00:35+00:00","dateModified":"2024-08-23T09:35:43+00:00","breadcrumb":{"@id":"https:\/\/energizer.com\/eu\/switzerland_de\/product\/energizer-power-bank-storage-lantern\/#breadcrumb"},"inLanguage":"en-US","potentialAction":[{"@type":"ReadAction","target":["https:\/\/energizer.com\/eu\/switzerland_de\/product\/energizer-power-bank-storage-lantern\/"]}]},{"@type":"BreadcrumbList","@id":"https:\/\/energizer.com\/eu\/switzerland_de\/product\/energizer-power-bank-storage-lantern\/#breadcrumb","itemListElement":[{"@type":"ListItem","position":1,"name":"Home","item":"https:\/\/energizer.com\/eu\/switzerland_de\/"},{"@type":"ListItem","position":2,"name":"Energizer Power Bank &#038; Storage Lantern"}]},{"@type":"WebSite","@id":"https:\/\/energizer.com\/eu\/switzerland_de\/#website","url":"https:\/\/energizer.com\/eu\/switzerland_de\/","name":"Energizer Switzerland (DE)","description":"","publisher":{"@id":"https:\/\/energizer.com\/eu\/switzerland_de\/#organization"},"potentialAction":[{"@type":"SearchAction","target":{"@type":"EntryPoint","urlTemplate":"https:\/\/energizer.com\/eu\/switzerland_de\/?s={search_term_string}"},"query-input":{"@type":"PropertyValueSpecification","valueRequired":true,"valueName":"search_term_string"}}],"inLanguage":"en-US"},{"@type":"Organization","@id":"https:\/\/energizer.com\/eu\/switzerland_de\/#organization","name":"Energizer Switzerland (DE)","url":"https:\/\/energizer.com\/eu\/switzerland_de\/","logo":{"@type":"ImageObject","inLanguage":"en-US","@id":"https:\/\/energizer.com\/eu\/switzerland_de\/#\/schema\/logo\/image\/","url":"https:\/\/energizer.com\/eu\/switzerland_de\/wp-content\/uploads\/sites\/55\/2024\/04\/Energizer_brand.png","contentUrl":"https:\/\/energizer.com\/eu\/switzerland_de\/wp-content\/uploads\/sites\/55\/2024\/04\/Energizer_brand.png","width":267,"height":100,"caption":"Energizer Switzerland (DE)"},"image":{"@id":"https:\/\/energizer.com\/eu\/switzerland_de\/#\/schema\/logo\/image\/"}}]}},"_links":{"self":[{"href":"https:\/\/energizer.com\/eu\/switzerland_de\/wp-json\/wp\/v2\/product\/5435","targetHints":{"allow":["GET"]}}],"collection":[{"href":"https:\/\/energizer.com\/eu\/switzerland_de\/wp-json\/wp\/v2\/product"}],"about":[{"href":"https:\/\/energizer.com\/eu\/switzerland_de\/wp-json\/wp\/v2\/types\/product"}],"replies":[{"embeddable":true,"href":"https:\/\/energizer.com\/eu\/switzerland_de\/wp-json\/wp\/v2\/comments?post=5435"}],"version-history":[{"count":3,"href":"https:\/\/energizer.com\/eu\/switzerland_de\/wp-json\/wp\/v2\/product\/5435\/revisions"}],"predecessor-version":[{"id":7999,"href":"https:\/\/energizer.com\/eu\/switzerland_de\/wp-json\/wp\/v2\/product\/5435\/revisions\/7999"}],"wp:attachment":[{"href":"https:\/\/energizer.com\/eu\/switzerland_de\/wp-json\/wp\/v2\/media?parent=5435"}],"wp:term":[{"taxonomy":"product_brand","embeddable":true,"href":"https:\/\/energizer.com\/eu\/switzerland_de\/wp-json\/wp\/v2\/product_brand?post=5435"},{"taxonomy":"product_cat","embeddable":true,"href":"https:\/\/energizer.com\/eu\/switzerland_de\/wp-json\/wp\/v2\/product_cat?post=5435"},{"taxonomy":"product_tag","embeddable":true,"href":"https:\/\/energizer.com\/eu\/switzerland_de\/wp-json\/wp\/v2\/product_tag?post=5435"}],"curies":[{"name":"wp","href":"https:\/\/api.w.org\/{rel}","templated":true}]}}