{"id":5459,"date":"2024-05-22T11:32:02","date_gmt":"2024-05-22T11:32:02","guid":{"rendered":"https:\/\/23b13e8ab3.nxcli.io\/switzerland-german\/?post_type=product&#038;p=5459"},"modified":"2024-08-23T09:35:41","modified_gmt":"2024-08-23T09:35:41","slug":"energizer-smart-colour-changing-led-lantern","status":"publish","type":"product","link":"https:\/\/energizer.com\/eu\/switzerland_de\/product\/energizer-smart-colour-changing-led-lantern\/","title":{"rendered":"Energizer SMART Colour Changing LED Lantern"},"content":{"rendered":"<ul>\n<li>Eine (1) Energizer SMART Colour Changing LED Rechargeable Lantern bietet vielseitige Einsatzm\u00f6glichkeiten mit leistungsstarker Innen- und Au\u00dfenbeleuchtung<\/li>\n<li>Stellen Sie die Farbe und Helligkeit dieser Laterne mit der kostenlosen App von Ihrem Mobilger\u00e4t aus ein<\/li>\n<li>Verwendung als Campinglaterne, bei \u00dcbernachtungen, als Nachtlicht oder als Notlicht<\/li>\n<li>Die Taschenlampe mit 1.200 Lumen bietet eine leistungsstarke und helle 360-Grad-Beleuchtung, die 12-mal heller ist als herk\u00f6mmliche LED-Technologie<\/li>\n<li>Wasserdichte IPX4-Laterne mit bruchsicherer Linse und Sto\u00dffestigkeit bis zu 1 Meter<\/li>\n<li>Die wiederaufladbare Outdoor-Laterne kann auch zum Aufladen von Ger\u00e4ten verwendet werden und verf\u00fcgt \u00fcber einen stabilen Standfu\u00df und einen rutschfesten Griff f\u00fcr einen vielseitigen Einsatz<\/li>\n<\/ul>\n","protected":false},"excerpt":{"rendered":"<p>Die Energizer SMART Rechargeable Lantern kann mit der kostenlosen App auf Android- oder Apple-Plattformen von Ihrem Mobilger\u00e4t aus auf jede beliebige Farbe des Regenbogens eingestellt werden. Verwenden Sie die wiederaufladbare LED-Laterne als Notlicht oder als lustige Laterne f\u00fcr \u00dcbernachtungen und Camping. Mit 1.200 Lumen bietet diese LED-Lampe eine 360-Grad-Beleuchtung, die 12-mal heller ist als die Standard-LED-Technologie. Diese wiederaufladbare Laterne kann bis zu 50 Stunden auf niedriger Stufe leuchten und kann auch zum Aufladen von Ger\u00e4ten \u00fcber einen USB-Anschluss verwendet werden. Die Laterne hat einen stabilen Standfu\u00df und einen rutschfesten Griff. Vertrauen Sie darauf, dass Energizer die versprochene Leistung erbringt.<\/p>\n","protected":false},"featured_media":0,"comment_status":"open","ping_status":"closed","template":"","meta":{"_acf_changed":false},"product_brand":[],"product_cat":[44],"product_tag":[],"class_list":{"0":"post-5459","1":"product","2":"type-product","3":"status-publish","5":"product_cat-area","6":"pa_uses-outdoor","8":"first","9":"instock","10":"shipping-taxable","11":"product-type-simple"},"acf":[],"yoast_head":"<!-- This site is optimized with the Yoast SEO plugin v27.4 - https:\/\/yoast.com\/product\/yoast-seo-wordpress\/ -->\n<title>Energizer SMART Colour Changing LED Lantern - Switzerland German<\/title>\n<meta name=\"robots\" content=\"index, follow, max-snippet:-1, max-image-preview:large, max-video-preview:-1\" \/>\n<link rel=\"canonical\" href=\"https:\/\/energizer.com\/eu\/switzerland_de\/product\/energizer-smart-colour-changing-led-lantern\/\" \/>\n<meta property=\"og:locale\" content=\"en_US\" \/>\n<meta property=\"og:type\" content=\"article\" \/>\n<meta property=\"og:title\" content=\"Energizer SMART Colour Changing LED Lantern - Switzerland German\" \/>\n<meta property=\"og:description\" content=\"Die Energizer SMART Rechargeable Lantern kann mit der kostenlosen App auf Android- oder Apple-Plattformen von Ihrem Mobilger\u00e4t aus auf jede beliebige Farbe des Regenbogens eingestellt werden. Verwenden Sie die wiederaufladbare LED-Laterne als Notlicht oder als lustige Laterne f\u00fcr \u00dcbernachtungen und Camping. Mit 1.200 Lumen bietet diese LED-Lampe eine 360-Grad-Beleuchtung, die 12-mal heller ist als die Standard-LED-Technologie. Diese wiederaufladbare Laterne kann bis zu 50 Stunden auf niedriger Stufe leuchten und kann auch zum Aufladen von Ger\u00e4ten \u00fcber einen USB-Anschluss verwendet werden. Die Laterne hat einen stabilen Standfu\u00df und einen rutschfesten Griff. Vertrauen Sie darauf, dass Energizer die versprochene Leistung erbringt.\" \/>\n<meta property=\"og:url\" content=\"https:\/\/energizer.com\/eu\/switzerland_de\/product\/energizer-smart-colour-changing-led-lantern\/\" \/>\n<meta property=\"og:site_name\" content=\"Switzerland German\" \/>\n<meta property=\"article:modified_time\" content=\"2024-08-23T09:35:41+00:00\" \/>\n<meta name=\"twitter:card\" content=\"summary_large_image\" \/>\n<script type=\"application\/ld+json\" class=\"yoast-schema-graph\">{\"@context\":\"https:\\\/\\\/schema.org\",\"@graph\":[{\"@type\":\"WebPage\",\"@id\":\"https:\\\/\\\/energizer.com\\\/eu\\\/switzerland_de\\\/product\\\/energizer-smart-colour-changing-led-lantern\\\/\",\"url\":\"https:\\\/\\\/energizer.com\\\/eu\\\/switzerland_de\\\/product\\\/energizer-smart-colour-changing-led-lantern\\\/\",\"name\":\"Energizer SMART Colour Changing LED Lantern - Switzerland German\",\"isPartOf\":{\"@id\":\"https:\\\/\\\/energizer.com\\\/eu\\\/switzerland_de\\\/#website\"},\"datePublished\":\"2024-05-22T11:32:02+00:00\",\"dateModified\":\"2024-08-23T09:35:41+00:00\",\"breadcrumb\":{\"@id\":\"https:\\\/\\\/energizer.com\\\/eu\\\/switzerland_de\\\/product\\\/energizer-smart-colour-changing-led-lantern\\\/#breadcrumb\"},\"inLanguage\":\"en-US\",\"potentialAction\":[{\"@type\":\"ReadAction\",\"target\":[\"https:\\\/\\\/energizer.com\\\/eu\\\/switzerland_de\\\/product\\\/energizer-smart-colour-changing-led-lantern\\\/\"]}]},{\"@type\":\"BreadcrumbList\",\"@id\":\"https:\\\/\\\/energizer.com\\\/eu\\\/switzerland_de\\\/product\\\/energizer-smart-colour-changing-led-lantern\\\/#breadcrumb\",\"itemListElement\":[{\"@type\":\"ListItem\",\"position\":1,\"name\":\"Home\",\"item\":\"https:\\\/\\\/energizer.com\\\/eu\\\/switzerland_de\\\/\"},{\"@type\":\"ListItem\",\"position\":2,\"name\":\"Energizer SMART Colour Changing LED Lantern\"}]},{\"@type\":\"WebSite\",\"@id\":\"https:\\\/\\\/energizer.com\\\/eu\\\/switzerland_de\\\/#website\",\"url\":\"https:\\\/\\\/energizer.com\\\/eu\\\/switzerland_de\\\/\",\"name\":\"Energizer Switzerland (DE)\",\"description\":\"\",\"publisher\":{\"@id\":\"https:\\\/\\\/energizer.com\\\/eu\\\/switzerland_de\\\/#organization\"},\"potentialAction\":[{\"@type\":\"SearchAction\",\"target\":{\"@type\":\"EntryPoint\",\"urlTemplate\":\"https:\\\/\\\/energizer.com\\\/eu\\\/switzerland_de\\\/?s={search_term_string}\"},\"query-input\":{\"@type\":\"PropertyValueSpecification\",\"valueRequired\":true,\"valueName\":\"search_term_string\"}}],\"inLanguage\":\"en-US\"},{\"@type\":\"Organization\",\"@id\":\"https:\\\/\\\/energizer.com\\\/eu\\\/switzerland_de\\\/#organization\",\"name\":\"Energizer Switzerland (DE)\",\"url\":\"https:\\\/\\\/energizer.com\\\/eu\\\/switzerland_de\\\/\",\"logo\":{\"@type\":\"ImageObject\",\"inLanguage\":\"en-US\",\"@id\":\"https:\\\/\\\/energizer.com\\\/eu\\\/switzerland_de\\\/#\\\/schema\\\/logo\\\/image\\\/\",\"url\":\"https:\\\/\\\/energizer.com\\\/eu\\\/switzerland_de\\\/wp-content\\\/uploads\\\/sites\\\/55\\\/2024\\\/04\\\/Energizer_brand.png\",\"contentUrl\":\"https:\\\/\\\/energizer.com\\\/eu\\\/switzerland_de\\\/wp-content\\\/uploads\\\/sites\\\/55\\\/2024\\\/04\\\/Energizer_brand.png\",\"width\":267,\"height\":100,\"caption\":\"Energizer Switzerland (DE)\"},\"image\":{\"@id\":\"https:\\\/\\\/energizer.com\\\/eu\\\/switzerland_de\\\/#\\\/schema\\\/logo\\\/image\\\/\"}}]}<\/script>\n<!-- \/ Yoast SEO plugin. -->","yoast_head_json":{"title":"Energizer SMART Colour Changing LED Lantern - Switzerland German","robots":{"index":"index","follow":"follow","max-snippet":"max-snippet:-1","max-image-preview":"max-image-preview:large","max-video-preview":"max-video-preview:-1"},"canonical":"https:\/\/energizer.com\/eu\/switzerland_de\/product\/energizer-smart-colour-changing-led-lantern\/","og_locale":"en_US","og_type":"article","og_title":"Energizer SMART Colour Changing LED Lantern - Switzerland German","og_description":"Die Energizer SMART Rechargeable Lantern kann mit der kostenlosen App auf Android- oder Apple-Plattformen von Ihrem Mobilger\u00e4t aus auf jede beliebige Farbe des Regenbogens eingestellt werden. Verwenden Sie die wiederaufladbare LED-Laterne als Notlicht oder als lustige Laterne f\u00fcr \u00dcbernachtungen und Camping. Mit 1.200 Lumen bietet diese LED-Lampe eine 360-Grad-Beleuchtung, die 12-mal heller ist als die Standard-LED-Technologie. Diese wiederaufladbare Laterne kann bis zu 50 Stunden auf niedriger Stufe leuchten und kann auch zum Aufladen von Ger\u00e4ten \u00fcber einen USB-Anschluss verwendet werden. Die Laterne hat einen stabilen Standfu\u00df und einen rutschfesten Griff. Vertrauen Sie darauf, dass Energizer die versprochene Leistung erbringt.","og_url":"https:\/\/energizer.com\/eu\/switzerland_de\/product\/energizer-smart-colour-changing-led-lantern\/","og_site_name":"Switzerland German","article_modified_time":"2024-08-23T09:35:41+00:00","twitter_card":"summary_large_image","schema":{"@context":"https:\/\/schema.org","@graph":[{"@type":"WebPage","@id":"https:\/\/energizer.com\/eu\/switzerland_de\/product\/energizer-smart-colour-changing-led-lantern\/","url":"https:\/\/energizer.com\/eu\/switzerland_de\/product\/energizer-smart-colour-changing-led-lantern\/","name":"Energizer SMART Colour Changing LED Lantern - Switzerland German","isPartOf":{"@id":"https:\/\/energizer.com\/eu\/switzerland_de\/#website"},"datePublished":"2024-05-22T11:32:02+00:00","dateModified":"2024-08-23T09:35:41+00:00","breadcrumb":{"@id":"https:\/\/energizer.com\/eu\/switzerland_de\/product\/energizer-smart-colour-changing-led-lantern\/#breadcrumb"},"inLanguage":"en-US","potentialAction":[{"@type":"ReadAction","target":["https:\/\/energizer.com\/eu\/switzerland_de\/product\/energizer-smart-colour-changing-led-lantern\/"]}]},{"@type":"BreadcrumbList","@id":"https:\/\/energizer.com\/eu\/switzerland_de\/product\/energizer-smart-colour-changing-led-lantern\/#breadcrumb","itemListElement":[{"@type":"ListItem","position":1,"name":"Home","item":"https:\/\/energizer.com\/eu\/switzerland_de\/"},{"@type":"ListItem","position":2,"name":"Energizer SMART Colour Changing LED Lantern"}]},{"@type":"WebSite","@id":"https:\/\/energizer.com\/eu\/switzerland_de\/#website","url":"https:\/\/energizer.com\/eu\/switzerland_de\/","name":"Energizer Switzerland (DE)","description":"","publisher":{"@id":"https:\/\/energizer.com\/eu\/switzerland_de\/#organization"},"potentialAction":[{"@type":"SearchAction","target":{"@type":"EntryPoint","urlTemplate":"https:\/\/energizer.com\/eu\/switzerland_de\/?s={search_term_string}"},"query-input":{"@type":"PropertyValueSpecification","valueRequired":true,"valueName":"search_term_string"}}],"inLanguage":"en-US"},{"@type":"Organization","@id":"https:\/\/energizer.com\/eu\/switzerland_de\/#organization","name":"Energizer Switzerland (DE)","url":"https:\/\/energizer.com\/eu\/switzerland_de\/","logo":{"@type":"ImageObject","inLanguage":"en-US","@id":"https:\/\/energizer.com\/eu\/switzerland_de\/#\/schema\/logo\/image\/","url":"https:\/\/energizer.com\/eu\/switzerland_de\/wp-content\/uploads\/sites\/55\/2024\/04\/Energizer_brand.png","contentUrl":"https:\/\/energizer.com\/eu\/switzerland_de\/wp-content\/uploads\/sites\/55\/2024\/04\/Energizer_brand.png","width":267,"height":100,"caption":"Energizer Switzerland (DE)"},"image":{"@id":"https:\/\/energizer.com\/eu\/switzerland_de\/#\/schema\/logo\/image\/"}}]}},"_links":{"self":[{"href":"https:\/\/energizer.com\/eu\/switzerland_de\/wp-json\/wp\/v2\/product\/5459","targetHints":{"allow":["GET"]}}],"collection":[{"href":"https:\/\/energizer.com\/eu\/switzerland_de\/wp-json\/wp\/v2\/product"}],"about":[{"href":"https:\/\/energizer.com\/eu\/switzerland_de\/wp-json\/wp\/v2\/types\/product"}],"replies":[{"embeddable":true,"href":"https:\/\/energizer.com\/eu\/switzerland_de\/wp-json\/wp\/v2\/comments?post=5459"}],"version-history":[{"count":3,"href":"https:\/\/energizer.com\/eu\/switzerland_de\/wp-json\/wp\/v2\/product\/5459\/revisions"}],"predecessor-version":[{"id":7993,"href":"https:\/\/energizer.com\/eu\/switzerland_de\/wp-json\/wp\/v2\/product\/5459\/revisions\/7993"}],"wp:attachment":[{"href":"https:\/\/energizer.com\/eu\/switzerland_de\/wp-json\/wp\/v2\/media?parent=5459"}],"wp:term":[{"taxonomy":"product_brand","embeddable":true,"href":"https:\/\/energizer.com\/eu\/switzerland_de\/wp-json\/wp\/v2\/product_brand?post=5459"},{"taxonomy":"product_cat","embeddable":true,"href":"https:\/\/energizer.com\/eu\/switzerland_de\/wp-json\/wp\/v2\/product_cat?post=5459"},{"taxonomy":"product_tag","embeddable":true,"href":"https:\/\/energizer.com\/eu\/switzerland_de\/wp-json\/wp\/v2\/product_tag?post=5459"}],"curies":[{"name":"wp","href":"https:\/\/api.w.org\/{rel}","templated":true}]}}