{"id":5470,"date":"2024-05-22T11:33:45","date_gmt":"2024-05-22T11:33:45","guid":{"rendered":"https:\/\/23b13e8ab3.nxcli.io\/switzerland-german\/?post_type=product&#038;p=5470"},"modified":"2024-08-23T12:34:54","modified_gmt":"2024-08-23T12:34:54","slug":"enr-eu-360-lantern-500-lan-os-esal351b","status":"publish","type":"product","link":"https:\/\/energizer.com\/eu\/switzerland_de\/product\/enr-eu-360-lantern-500-lan-os-esal351b\/","title":{"rendered":"ENR EU 360 LANTERN 500 LAN OS ESAL351B"},"content":{"rendered":"<ul>\n<li>Energizer LED-Notfall-Laterne funktioniert mit 3 Energizer MAX D-Batterien f\u00fcr maximale Leistung oder 3 Energizer MAX AA-Batterien f\u00fcr geringere Leistung (Batterien nicht enthalten)<\/li>\n<li>Gibt bis zu 500 Lumen* im hohen Modus ab und bietet helle, brillante Sichtbarkeit f\u00fcr eine Vielzahl von Aufgaben, vom n\u00e4chtlichen Camping \u00fcber Stromausf\u00e4lle bei St\u00fcrmen bis hin zu Arbeiten im Haus<\/li>\n<li>Schaltet zwischen 3 Lichtmodi um: hoch, niedrig und Nachtlicht mit nur einem Klick auf die &#8220;Glow-in-the-dark&#8221;-Taste<\/li>\n<li>Bis zu 650 Stunden Betriebszeit im niedrigen Modus f\u00fcr eine tragbare, tragbare Lampe, die lange h\u00e4lt<\/li>\n<li>Langlebig und robust, die wasserfeste Konstruktion widersteht Spritzwasser<\/li>\n<li>Bietet 360\u00b0 au\u00dfergew\u00f6hnliche, raumf\u00fcllende Beleuchtung in Innenr\u00e4umen mit einem Druck auf den Knopf &#8220;Glow-in-the-dark&#8221;<\/li>\n<\/ul>\n","protected":false},"excerpt":{"rendered":"<p>360\u00b0 raumf\u00fcllende, tragbare Beleuchtung: Das erhalten Sie mit der Energizer LED-Notfalllaterne. Mit bis zu 500 Lumen* f\u00fcllt das helle LED-Licht dieser leistungsstarken Laterne Innenr\u00e4ume von Wand zu Wand. Sie brauchen eine Au\u00dfenbeleuchtung? Das ist kein Problem. Diese tragbare Laterne beleuchtet auch den Au\u00dfenbereich, sodass Sie nie im Dunkeln stehen. Sie eignet sich f\u00fcr jede Situation &#8211; ob beim Camping oder Wandern, bei Stromausf\u00e4llen w\u00e4hrend eines Sturms oder bei der Arbeit in dunklen Ecken und Winkeln rund um Ihr Haus. Diese Energizer Notfall-Laterne funktioniert entweder mit 3 Energizer MAX D-Batterien f\u00fcr maximale Leistung oder mit 3 Energizer MAX AA-Batterien f\u00fcr geringere Leistung, wenn Sie in der Klemme sind. Schalten Sie die Laterne mit der leicht zu findenden Leuchttaste ein, und w\u00e4hlen Sie zwischen 3 Helligkeitsstufen: hoch, niedrig und Nachtlicht. Diese Energizer LED-Notfall-Laterne ist dank ihrer wasserfesten Konstruktion eine gute Wahl f\u00fcr jedes Wetter. Halten Sie die Energizer LED-Notfall-Laterne immer griffbereit und sind Sie f\u00fcr jedes Abenteuer ger\u00fcstet. * Lichtleistung gemessen an der LED. Der Wert gilt nur f\u00fcr die LED. Die tats\u00e4chliche Lichtleistung des Ger\u00e4ts kann abweichen.<\/p>\n","protected":false},"featured_media":0,"comment_status":"open","ping_status":"closed","template":"","meta":{"_acf_changed":false},"product_brand":[],"product_cat":[44],"product_tag":[],"class_list":{"0":"post-5470","1":"product","2":"type-product","3":"status-publish","5":"product_cat-area","6":"pa_uses-outdoor","8":"first","9":"instock","10":"shipping-taxable","11":"product-type-simple"},"acf":[],"yoast_head":"<!-- This site is optimized with the Yoast SEO plugin v27.4 - https:\/\/yoast.com\/product\/yoast-seo-wordpress\/ -->\n<title>ENR EU 360 LANTERN 500 LAN OS ESAL351B - Switzerland German<\/title>\n<meta name=\"robots\" content=\"index, follow, max-snippet:-1, max-image-preview:large, max-video-preview:-1\" \/>\n<link rel=\"canonical\" href=\"https:\/\/energizer.com\/eu\/switzerland_de\/product\/enr-eu-360-lantern-500-lan-os-esal351b\/\" \/>\n<meta property=\"og:locale\" content=\"en_US\" \/>\n<meta property=\"og:type\" content=\"article\" \/>\n<meta property=\"og:title\" content=\"ENR EU 360 LANTERN 500 LAN OS ESAL351B - Switzerland German\" \/>\n<meta property=\"og:description\" content=\"360\u00b0 raumf\u00fcllende, tragbare Beleuchtung: Das erhalten Sie mit der Energizer LED-Notfalllaterne. Mit bis zu 500 Lumen* f\u00fcllt das helle LED-Licht dieser leistungsstarken Laterne Innenr\u00e4ume von Wand zu Wand. Sie brauchen eine Au\u00dfenbeleuchtung? Das ist kein Problem. Diese tragbare Laterne beleuchtet auch den Au\u00dfenbereich, sodass Sie nie im Dunkeln stehen. Sie eignet sich f\u00fcr jede Situation - ob beim Camping oder Wandern, bei Stromausf\u00e4llen w\u00e4hrend eines Sturms oder bei der Arbeit in dunklen Ecken und Winkeln rund um Ihr Haus. Diese Energizer Notfall-Laterne funktioniert entweder mit 3 Energizer MAX D-Batterien f\u00fcr maximale Leistung oder mit 3 Energizer MAX AA-Batterien f\u00fcr geringere Leistung, wenn Sie in der Klemme sind. Schalten Sie die Laterne mit der leicht zu findenden Leuchttaste ein, und w\u00e4hlen Sie zwischen 3 Helligkeitsstufen: hoch, niedrig und Nachtlicht. Diese Energizer LED-Notfall-Laterne ist dank ihrer wasserfesten Konstruktion eine gute Wahl f\u00fcr jedes Wetter. Halten Sie die Energizer LED-Notfall-Laterne immer griffbereit und sind Sie f\u00fcr jedes Abenteuer ger\u00fcstet. * Lichtleistung gemessen an der LED. Der Wert gilt nur f\u00fcr die LED. Die tats\u00e4chliche Lichtleistung des Ger\u00e4ts kann abweichen.\" \/>\n<meta property=\"og:url\" content=\"https:\/\/energizer.com\/eu\/switzerland_de\/product\/enr-eu-360-lantern-500-lan-os-esal351b\/\" \/>\n<meta property=\"og:site_name\" content=\"Switzerland German\" \/>\n<meta property=\"article:modified_time\" content=\"2024-08-23T12:34:54+00:00\" \/>\n<meta name=\"twitter:card\" content=\"summary_large_image\" \/>\n<script type=\"application\/ld+json\" class=\"yoast-schema-graph\">{\"@context\":\"https:\\\/\\\/schema.org\",\"@graph\":[{\"@type\":\"WebPage\",\"@id\":\"https:\\\/\\\/energizer.com\\\/eu\\\/switzerland_de\\\/product\\\/enr-eu-360-lantern-500-lan-os-esal351b\\\/\",\"url\":\"https:\\\/\\\/energizer.com\\\/eu\\\/switzerland_de\\\/product\\\/enr-eu-360-lantern-500-lan-os-esal351b\\\/\",\"name\":\"ENR EU 360 LANTERN 500 LAN OS ESAL351B - Switzerland German\",\"isPartOf\":{\"@id\":\"https:\\\/\\\/energizer.com\\\/eu\\\/switzerland_de\\\/#website\"},\"datePublished\":\"2024-05-22T11:33:45+00:00\",\"dateModified\":\"2024-08-23T12:34:54+00:00\",\"breadcrumb\":{\"@id\":\"https:\\\/\\\/energizer.com\\\/eu\\\/switzerland_de\\\/product\\\/enr-eu-360-lantern-500-lan-os-esal351b\\\/#breadcrumb\"},\"inLanguage\":\"en-US\",\"potentialAction\":[{\"@type\":\"ReadAction\",\"target\":[\"https:\\\/\\\/energizer.com\\\/eu\\\/switzerland_de\\\/product\\\/enr-eu-360-lantern-500-lan-os-esal351b\\\/\"]}]},{\"@type\":\"BreadcrumbList\",\"@id\":\"https:\\\/\\\/energizer.com\\\/eu\\\/switzerland_de\\\/product\\\/enr-eu-360-lantern-500-lan-os-esal351b\\\/#breadcrumb\",\"itemListElement\":[{\"@type\":\"ListItem\",\"position\":1,\"name\":\"Home\",\"item\":\"https:\\\/\\\/energizer.com\\\/eu\\\/switzerland_de\\\/\"},{\"@type\":\"ListItem\",\"position\":2,\"name\":\"ENR EU 360 LANTERN 500 LAN OS ESAL351B\"}]},{\"@type\":\"WebSite\",\"@id\":\"https:\\\/\\\/energizer.com\\\/eu\\\/switzerland_de\\\/#website\",\"url\":\"https:\\\/\\\/energizer.com\\\/eu\\\/switzerland_de\\\/\",\"name\":\"Energizer Switzerland (DE)\",\"description\":\"\",\"publisher\":{\"@id\":\"https:\\\/\\\/energizer.com\\\/eu\\\/switzerland_de\\\/#organization\"},\"potentialAction\":[{\"@type\":\"SearchAction\",\"target\":{\"@type\":\"EntryPoint\",\"urlTemplate\":\"https:\\\/\\\/energizer.com\\\/eu\\\/switzerland_de\\\/?s={search_term_string}\"},\"query-input\":{\"@type\":\"PropertyValueSpecification\",\"valueRequired\":true,\"valueName\":\"search_term_string\"}}],\"inLanguage\":\"en-US\"},{\"@type\":\"Organization\",\"@id\":\"https:\\\/\\\/energizer.com\\\/eu\\\/switzerland_de\\\/#organization\",\"name\":\"Energizer Switzerland (DE)\",\"url\":\"https:\\\/\\\/energizer.com\\\/eu\\\/switzerland_de\\\/\",\"logo\":{\"@type\":\"ImageObject\",\"inLanguage\":\"en-US\",\"@id\":\"https:\\\/\\\/energizer.com\\\/eu\\\/switzerland_de\\\/#\\\/schema\\\/logo\\\/image\\\/\",\"url\":\"https:\\\/\\\/energizer.com\\\/eu\\\/switzerland_de\\\/wp-content\\\/uploads\\\/sites\\\/55\\\/2024\\\/04\\\/Energizer_brand.png\",\"contentUrl\":\"https:\\\/\\\/energizer.com\\\/eu\\\/switzerland_de\\\/wp-content\\\/uploads\\\/sites\\\/55\\\/2024\\\/04\\\/Energizer_brand.png\",\"width\":267,\"height\":100,\"caption\":\"Energizer Switzerland (DE)\"},\"image\":{\"@id\":\"https:\\\/\\\/energizer.com\\\/eu\\\/switzerland_de\\\/#\\\/schema\\\/logo\\\/image\\\/\"}}]}<\/script>\n<!-- \/ Yoast SEO plugin. -->","yoast_head_json":{"title":"ENR EU 360 LANTERN 500 LAN OS ESAL351B - Switzerland German","robots":{"index":"index","follow":"follow","max-snippet":"max-snippet:-1","max-image-preview":"max-image-preview:large","max-video-preview":"max-video-preview:-1"},"canonical":"https:\/\/energizer.com\/eu\/switzerland_de\/product\/enr-eu-360-lantern-500-lan-os-esal351b\/","og_locale":"en_US","og_type":"article","og_title":"ENR EU 360 LANTERN 500 LAN OS ESAL351B - Switzerland German","og_description":"360\u00b0 raumf\u00fcllende, tragbare Beleuchtung: Das erhalten Sie mit der Energizer LED-Notfalllaterne. Mit bis zu 500 Lumen* f\u00fcllt das helle LED-Licht dieser leistungsstarken Laterne Innenr\u00e4ume von Wand zu Wand. Sie brauchen eine Au\u00dfenbeleuchtung? Das ist kein Problem. Diese tragbare Laterne beleuchtet auch den Au\u00dfenbereich, sodass Sie nie im Dunkeln stehen. Sie eignet sich f\u00fcr jede Situation - ob beim Camping oder Wandern, bei Stromausf\u00e4llen w\u00e4hrend eines Sturms oder bei der Arbeit in dunklen Ecken und Winkeln rund um Ihr Haus. Diese Energizer Notfall-Laterne funktioniert entweder mit 3 Energizer MAX D-Batterien f\u00fcr maximale Leistung oder mit 3 Energizer MAX AA-Batterien f\u00fcr geringere Leistung, wenn Sie in der Klemme sind. Schalten Sie die Laterne mit der leicht zu findenden Leuchttaste ein, und w\u00e4hlen Sie zwischen 3 Helligkeitsstufen: hoch, niedrig und Nachtlicht. Diese Energizer LED-Notfall-Laterne ist dank ihrer wasserfesten Konstruktion eine gute Wahl f\u00fcr jedes Wetter. Halten Sie die Energizer LED-Notfall-Laterne immer griffbereit und sind Sie f\u00fcr jedes Abenteuer ger\u00fcstet. * Lichtleistung gemessen an der LED. Der Wert gilt nur f\u00fcr die LED. Die tats\u00e4chliche Lichtleistung des Ger\u00e4ts kann abweichen.","og_url":"https:\/\/energizer.com\/eu\/switzerland_de\/product\/enr-eu-360-lantern-500-lan-os-esal351b\/","og_site_name":"Switzerland German","article_modified_time":"2024-08-23T12:34:54+00:00","twitter_card":"summary_large_image","schema":{"@context":"https:\/\/schema.org","@graph":[{"@type":"WebPage","@id":"https:\/\/energizer.com\/eu\/switzerland_de\/product\/enr-eu-360-lantern-500-lan-os-esal351b\/","url":"https:\/\/energizer.com\/eu\/switzerland_de\/product\/enr-eu-360-lantern-500-lan-os-esal351b\/","name":"ENR EU 360 LANTERN 500 LAN OS ESAL351B - Switzerland German","isPartOf":{"@id":"https:\/\/energizer.com\/eu\/switzerland_de\/#website"},"datePublished":"2024-05-22T11:33:45+00:00","dateModified":"2024-08-23T12:34:54+00:00","breadcrumb":{"@id":"https:\/\/energizer.com\/eu\/switzerland_de\/product\/enr-eu-360-lantern-500-lan-os-esal351b\/#breadcrumb"},"inLanguage":"en-US","potentialAction":[{"@type":"ReadAction","target":["https:\/\/energizer.com\/eu\/switzerland_de\/product\/enr-eu-360-lantern-500-lan-os-esal351b\/"]}]},{"@type":"BreadcrumbList","@id":"https:\/\/energizer.com\/eu\/switzerland_de\/product\/enr-eu-360-lantern-500-lan-os-esal351b\/#breadcrumb","itemListElement":[{"@type":"ListItem","position":1,"name":"Home","item":"https:\/\/energizer.com\/eu\/switzerland_de\/"},{"@type":"ListItem","position":2,"name":"ENR EU 360 LANTERN 500 LAN OS ESAL351B"}]},{"@type":"WebSite","@id":"https:\/\/energizer.com\/eu\/switzerland_de\/#website","url":"https:\/\/energizer.com\/eu\/switzerland_de\/","name":"Energizer Switzerland (DE)","description":"","publisher":{"@id":"https:\/\/energizer.com\/eu\/switzerland_de\/#organization"},"potentialAction":[{"@type":"SearchAction","target":{"@type":"EntryPoint","urlTemplate":"https:\/\/energizer.com\/eu\/switzerland_de\/?s={search_term_string}"},"query-input":{"@type":"PropertyValueSpecification","valueRequired":true,"valueName":"search_term_string"}}],"inLanguage":"en-US"},{"@type":"Organization","@id":"https:\/\/energizer.com\/eu\/switzerland_de\/#organization","name":"Energizer Switzerland (DE)","url":"https:\/\/energizer.com\/eu\/switzerland_de\/","logo":{"@type":"ImageObject","inLanguage":"en-US","@id":"https:\/\/energizer.com\/eu\/switzerland_de\/#\/schema\/logo\/image\/","url":"https:\/\/energizer.com\/eu\/switzerland_de\/wp-content\/uploads\/sites\/55\/2024\/04\/Energizer_brand.png","contentUrl":"https:\/\/energizer.com\/eu\/switzerland_de\/wp-content\/uploads\/sites\/55\/2024\/04\/Energizer_brand.png","width":267,"height":100,"caption":"Energizer Switzerland (DE)"},"image":{"@id":"https:\/\/energizer.com\/eu\/switzerland_de\/#\/schema\/logo\/image\/"}}]}},"_links":{"self":[{"href":"https:\/\/energizer.com\/eu\/switzerland_de\/wp-json\/wp\/v2\/product\/5470","targetHints":{"allow":["GET"]}}],"collection":[{"href":"https:\/\/energizer.com\/eu\/switzerland_de\/wp-json\/wp\/v2\/product"}],"about":[{"href":"https:\/\/energizer.com\/eu\/switzerland_de\/wp-json\/wp\/v2\/types\/product"}],"replies":[{"embeddable":true,"href":"https:\/\/energizer.com\/eu\/switzerland_de\/wp-json\/wp\/v2\/comments?post=5470"}],"version-history":[{"count":6,"href":"https:\/\/energizer.com\/eu\/switzerland_de\/wp-json\/wp\/v2\/product\/5470\/revisions"}],"predecessor-version":[{"id":9631,"href":"https:\/\/energizer.com\/eu\/switzerland_de\/wp-json\/wp\/v2\/product\/5470\/revisions\/9631"}],"wp:attachment":[{"href":"https:\/\/energizer.com\/eu\/switzerland_de\/wp-json\/wp\/v2\/media?parent=5470"}],"wp:term":[{"taxonomy":"product_brand","embeddable":true,"href":"https:\/\/energizer.com\/eu\/switzerland_de\/wp-json\/wp\/v2\/product_brand?post=5470"},{"taxonomy":"product_cat","embeddable":true,"href":"https:\/\/energizer.com\/eu\/switzerland_de\/wp-json\/wp\/v2\/product_cat?post=5470"},{"taxonomy":"product_tag","embeddable":true,"href":"https:\/\/energizer.com\/eu\/switzerland_de\/wp-json\/wp\/v2\/product_tag?post=5470"}],"curies":[{"name":"wp","href":"https:\/\/api.w.org\/{rel}","templated":true}]}}