{"id":5478,"date":"2024-05-22T11:36:10","date_gmt":"2024-05-22T11:36:10","guid":{"rendered":"https:\/\/23b13e8ab3.nxcli.io\/switzerland-german\/?post_type=product&#038;p=5478"},"modified":"2024-08-23T09:35:36","modified_gmt":"2024-08-23T09:35:36","slug":"energizer-2-in-1-lantern-handheld","status":"publish","type":"product","link":"https:\/\/energizer.com\/eu\/switzerland_de\/product\/energizer-2-in-1-lantern-handheld\/","title":{"rendered":"Energizer 2-in-1 Lantern handheld"},"content":{"rendered":"<ul>\n<li>Neues Design mit reflektierenden Elementen f\u00fcr bessere Sichtbarkeit bei Nacht<\/li>\n<li>Kombiniert Spot- und Fl\u00e4chenlicht in einem kompakten Formfaktor f\u00fcr mehr Vielseitigkeit<\/li>\n<li>Leistungsstarke Lichtquelle mit stundenlanger Leuchtdauer<\/li>\n<li>Hoch- und Energiesparmodus f\u00fcr alle Ihre Bed\u00fcrfnisse<\/li>\n<li>Entwickelt und gebaut f\u00fcr den harten Au\u00dfeneinsatz: 1 Meter sturzsicher und wetterfest<\/li>\n<li>Praktische Schlaufe zum Aufh\u00e4ngen<\/li>\n<li>2 x AA-Alkalibatterien enthalten<\/li>\n<\/ul>\n","protected":false},"excerpt":{"rendered":"<p>Die Energizer 2-in-1-Notfalllaterne ist eine vielseitige Fl\u00e4chenleuchte und ein Scheinwerfer in einem kompakten und \u00e4u\u00dferst zuverl\u00e4ssigen Produkt. Sie ist sowohl f\u00fcr den Au\u00dfen- als auch f\u00fcr den Innenbereich geeignet und ist dank ihrer hellen Farbe und der reflektierenden Paneele in Notsituationen leicht zu finden. Der Fl\u00e4chenlichtmodus bietet ein breites, diffuses Licht zur Ausleuchtung gr\u00f6\u00dferer R\u00e4ume bei extrem langer Betriebsdauer. Der Spotlight-Modus bietet ein konzentriertes, direktes Licht mit einer langen Laufzeit und einer ausgezeichneten Strahlreichweite. Die Energizer 2-in-1-Lampe ist robust und widersteht jedem Sturz. Sie ist wasserfest und kann selbst unter den h\u00e4rtesten Wetterbedingungen eingesetzt werden.<\/p>\n","protected":false},"featured_media":0,"comment_status":"open","ping_status":"closed","template":"","meta":{"_acf_changed":false},"product_brand":[],"product_cat":[97],"product_tag":[],"class_list":{"0":"post-5478","1":"product","2":"type-product","3":"status-publish","5":"product_cat-handheld","6":"pa_uses-preparedness","8":"first","9":"instock","10":"shipping-taxable","11":"product-type-simple"},"acf":[],"yoast_head":"<!-- This site is optimized with the Yoast SEO plugin v27.4 - https:\/\/yoast.com\/product\/yoast-seo-wordpress\/ -->\n<title>Energizer 2-in-1 Lantern handheld - Switzerland German<\/title>\n<meta name=\"robots\" content=\"index, follow, max-snippet:-1, max-image-preview:large, max-video-preview:-1\" \/>\n<link rel=\"canonical\" href=\"https:\/\/energizer.com\/eu\/switzerland_de\/product\/energizer-2-in-1-lantern-handheld\/\" \/>\n<meta property=\"og:locale\" content=\"en_US\" \/>\n<meta property=\"og:type\" content=\"article\" \/>\n<meta property=\"og:title\" content=\"Energizer 2-in-1 Lantern handheld - Switzerland German\" \/>\n<meta property=\"og:description\" content=\"Die Energizer 2-in-1-Notfalllaterne ist eine vielseitige Fl\u00e4chenleuchte und ein Scheinwerfer in einem kompakten und \u00e4u\u00dferst zuverl\u00e4ssigen Produkt. Sie ist sowohl f\u00fcr den Au\u00dfen- als auch f\u00fcr den Innenbereich geeignet und ist dank ihrer hellen Farbe und der reflektierenden Paneele in Notsituationen leicht zu finden. Der Fl\u00e4chenlichtmodus bietet ein breites, diffuses Licht zur Ausleuchtung gr\u00f6\u00dferer R\u00e4ume bei extrem langer Betriebsdauer. Der Spotlight-Modus bietet ein konzentriertes, direktes Licht mit einer langen Laufzeit und einer ausgezeichneten Strahlreichweite. Die Energizer 2-in-1-Lampe ist robust und widersteht jedem Sturz. Sie ist wasserfest und kann selbst unter den h\u00e4rtesten Wetterbedingungen eingesetzt werden.\" \/>\n<meta property=\"og:url\" content=\"https:\/\/energizer.com\/eu\/switzerland_de\/product\/energizer-2-in-1-lantern-handheld\/\" \/>\n<meta property=\"og:site_name\" content=\"Switzerland German\" \/>\n<meta property=\"article:modified_time\" content=\"2024-08-23T09:35:36+00:00\" \/>\n<meta name=\"twitter:card\" content=\"summary_large_image\" \/>\n<script type=\"application\/ld+json\" class=\"yoast-schema-graph\">{\"@context\":\"https:\\\/\\\/schema.org\",\"@graph\":[{\"@type\":\"WebPage\",\"@id\":\"https:\\\/\\\/energizer.com\\\/eu\\\/switzerland_de\\\/product\\\/energizer-2-in-1-lantern-handheld\\\/\",\"url\":\"https:\\\/\\\/energizer.com\\\/eu\\\/switzerland_de\\\/product\\\/energizer-2-in-1-lantern-handheld\\\/\",\"name\":\"Energizer 2-in-1 Lantern handheld - Switzerland German\",\"isPartOf\":{\"@id\":\"https:\\\/\\\/energizer.com\\\/eu\\\/switzerland_de\\\/#website\"},\"datePublished\":\"2024-05-22T11:36:10+00:00\",\"dateModified\":\"2024-08-23T09:35:36+00:00\",\"breadcrumb\":{\"@id\":\"https:\\\/\\\/energizer.com\\\/eu\\\/switzerland_de\\\/product\\\/energizer-2-in-1-lantern-handheld\\\/#breadcrumb\"},\"inLanguage\":\"en-US\",\"potentialAction\":[{\"@type\":\"ReadAction\",\"target\":[\"https:\\\/\\\/energizer.com\\\/eu\\\/switzerland_de\\\/product\\\/energizer-2-in-1-lantern-handheld\\\/\"]}]},{\"@type\":\"BreadcrumbList\",\"@id\":\"https:\\\/\\\/energizer.com\\\/eu\\\/switzerland_de\\\/product\\\/energizer-2-in-1-lantern-handheld\\\/#breadcrumb\",\"itemListElement\":[{\"@type\":\"ListItem\",\"position\":1,\"name\":\"Home\",\"item\":\"https:\\\/\\\/energizer.com\\\/eu\\\/switzerland_de\\\/\"},{\"@type\":\"ListItem\",\"position\":2,\"name\":\"Energizer 2-in-1 Lantern handheld\"}]},{\"@type\":\"WebSite\",\"@id\":\"https:\\\/\\\/energizer.com\\\/eu\\\/switzerland_de\\\/#website\",\"url\":\"https:\\\/\\\/energizer.com\\\/eu\\\/switzerland_de\\\/\",\"name\":\"Energizer Switzerland (DE)\",\"description\":\"\",\"publisher\":{\"@id\":\"https:\\\/\\\/energizer.com\\\/eu\\\/switzerland_de\\\/#organization\"},\"potentialAction\":[{\"@type\":\"SearchAction\",\"target\":{\"@type\":\"EntryPoint\",\"urlTemplate\":\"https:\\\/\\\/energizer.com\\\/eu\\\/switzerland_de\\\/?s={search_term_string}\"},\"query-input\":{\"@type\":\"PropertyValueSpecification\",\"valueRequired\":true,\"valueName\":\"search_term_string\"}}],\"inLanguage\":\"en-US\"},{\"@type\":\"Organization\",\"@id\":\"https:\\\/\\\/energizer.com\\\/eu\\\/switzerland_de\\\/#organization\",\"name\":\"Energizer Switzerland (DE)\",\"url\":\"https:\\\/\\\/energizer.com\\\/eu\\\/switzerland_de\\\/\",\"logo\":{\"@type\":\"ImageObject\",\"inLanguage\":\"en-US\",\"@id\":\"https:\\\/\\\/energizer.com\\\/eu\\\/switzerland_de\\\/#\\\/schema\\\/logo\\\/image\\\/\",\"url\":\"https:\\\/\\\/energizer.com\\\/eu\\\/switzerland_de\\\/wp-content\\\/uploads\\\/sites\\\/55\\\/2024\\\/04\\\/Energizer_brand.png\",\"contentUrl\":\"https:\\\/\\\/energizer.com\\\/eu\\\/switzerland_de\\\/wp-content\\\/uploads\\\/sites\\\/55\\\/2024\\\/04\\\/Energizer_brand.png\",\"width\":267,\"height\":100,\"caption\":\"Energizer Switzerland (DE)\"},\"image\":{\"@id\":\"https:\\\/\\\/energizer.com\\\/eu\\\/switzerland_de\\\/#\\\/schema\\\/logo\\\/image\\\/\"}}]}<\/script>\n<!-- \/ Yoast SEO plugin. -->","yoast_head_json":{"title":"Energizer 2-in-1 Lantern handheld - Switzerland German","robots":{"index":"index","follow":"follow","max-snippet":"max-snippet:-1","max-image-preview":"max-image-preview:large","max-video-preview":"max-video-preview:-1"},"canonical":"https:\/\/energizer.com\/eu\/switzerland_de\/product\/energizer-2-in-1-lantern-handheld\/","og_locale":"en_US","og_type":"article","og_title":"Energizer 2-in-1 Lantern handheld - Switzerland German","og_description":"Die Energizer 2-in-1-Notfalllaterne ist eine vielseitige Fl\u00e4chenleuchte und ein Scheinwerfer in einem kompakten und \u00e4u\u00dferst zuverl\u00e4ssigen Produkt. Sie ist sowohl f\u00fcr den Au\u00dfen- als auch f\u00fcr den Innenbereich geeignet und ist dank ihrer hellen Farbe und der reflektierenden Paneele in Notsituationen leicht zu finden. Der Fl\u00e4chenlichtmodus bietet ein breites, diffuses Licht zur Ausleuchtung gr\u00f6\u00dferer R\u00e4ume bei extrem langer Betriebsdauer. Der Spotlight-Modus bietet ein konzentriertes, direktes Licht mit einer langen Laufzeit und einer ausgezeichneten Strahlreichweite. Die Energizer 2-in-1-Lampe ist robust und widersteht jedem Sturz. Sie ist wasserfest und kann selbst unter den h\u00e4rtesten Wetterbedingungen eingesetzt werden.","og_url":"https:\/\/energizer.com\/eu\/switzerland_de\/product\/energizer-2-in-1-lantern-handheld\/","og_site_name":"Switzerland German","article_modified_time":"2024-08-23T09:35:36+00:00","twitter_card":"summary_large_image","schema":{"@context":"https:\/\/schema.org","@graph":[{"@type":"WebPage","@id":"https:\/\/energizer.com\/eu\/switzerland_de\/product\/energizer-2-in-1-lantern-handheld\/","url":"https:\/\/energizer.com\/eu\/switzerland_de\/product\/energizer-2-in-1-lantern-handheld\/","name":"Energizer 2-in-1 Lantern handheld - Switzerland German","isPartOf":{"@id":"https:\/\/energizer.com\/eu\/switzerland_de\/#website"},"datePublished":"2024-05-22T11:36:10+00:00","dateModified":"2024-08-23T09:35:36+00:00","breadcrumb":{"@id":"https:\/\/energizer.com\/eu\/switzerland_de\/product\/energizer-2-in-1-lantern-handheld\/#breadcrumb"},"inLanguage":"en-US","potentialAction":[{"@type":"ReadAction","target":["https:\/\/energizer.com\/eu\/switzerland_de\/product\/energizer-2-in-1-lantern-handheld\/"]}]},{"@type":"BreadcrumbList","@id":"https:\/\/energizer.com\/eu\/switzerland_de\/product\/energizer-2-in-1-lantern-handheld\/#breadcrumb","itemListElement":[{"@type":"ListItem","position":1,"name":"Home","item":"https:\/\/energizer.com\/eu\/switzerland_de\/"},{"@type":"ListItem","position":2,"name":"Energizer 2-in-1 Lantern handheld"}]},{"@type":"WebSite","@id":"https:\/\/energizer.com\/eu\/switzerland_de\/#website","url":"https:\/\/energizer.com\/eu\/switzerland_de\/","name":"Energizer Switzerland (DE)","description":"","publisher":{"@id":"https:\/\/energizer.com\/eu\/switzerland_de\/#organization"},"potentialAction":[{"@type":"SearchAction","target":{"@type":"EntryPoint","urlTemplate":"https:\/\/energizer.com\/eu\/switzerland_de\/?s={search_term_string}"},"query-input":{"@type":"PropertyValueSpecification","valueRequired":true,"valueName":"search_term_string"}}],"inLanguage":"en-US"},{"@type":"Organization","@id":"https:\/\/energizer.com\/eu\/switzerland_de\/#organization","name":"Energizer Switzerland (DE)","url":"https:\/\/energizer.com\/eu\/switzerland_de\/","logo":{"@type":"ImageObject","inLanguage":"en-US","@id":"https:\/\/energizer.com\/eu\/switzerland_de\/#\/schema\/logo\/image\/","url":"https:\/\/energizer.com\/eu\/switzerland_de\/wp-content\/uploads\/sites\/55\/2024\/04\/Energizer_brand.png","contentUrl":"https:\/\/energizer.com\/eu\/switzerland_de\/wp-content\/uploads\/sites\/55\/2024\/04\/Energizer_brand.png","width":267,"height":100,"caption":"Energizer Switzerland (DE)"},"image":{"@id":"https:\/\/energizer.com\/eu\/switzerland_de\/#\/schema\/logo\/image\/"}}]}},"_links":{"self":[{"href":"https:\/\/energizer.com\/eu\/switzerland_de\/wp-json\/wp\/v2\/product\/5478","targetHints":{"allow":["GET"]}}],"collection":[{"href":"https:\/\/energizer.com\/eu\/switzerland_de\/wp-json\/wp\/v2\/product"}],"about":[{"href":"https:\/\/energizer.com\/eu\/switzerland_de\/wp-json\/wp\/v2\/types\/product"}],"replies":[{"embeddable":true,"href":"https:\/\/energizer.com\/eu\/switzerland_de\/wp-json\/wp\/v2\/comments?post=5478"}],"version-history":[{"count":2,"href":"https:\/\/energizer.com\/eu\/switzerland_de\/wp-json\/wp\/v2\/product\/5478\/revisions"}],"predecessor-version":[{"id":7859,"href":"https:\/\/energizer.com\/eu\/switzerland_de\/wp-json\/wp\/v2\/product\/5478\/revisions\/7859"}],"wp:attachment":[{"href":"https:\/\/energizer.com\/eu\/switzerland_de\/wp-json\/wp\/v2\/media?parent=5478"}],"wp:term":[{"taxonomy":"product_brand","embeddable":true,"href":"https:\/\/energizer.com\/eu\/switzerland_de\/wp-json\/wp\/v2\/product_brand?post=5478"},{"taxonomy":"product_cat","embeddable":true,"href":"https:\/\/energizer.com\/eu\/switzerland_de\/wp-json\/wp\/v2\/product_cat?post=5478"},{"taxonomy":"product_tag","embeddable":true,"href":"https:\/\/energizer.com\/eu\/switzerland_de\/wp-json\/wp\/v2\/product_tag?post=5478"}],"curies":[{"name":"wp","href":"https:\/\/api.w.org\/{rel}","templated":true}]}}