{"id":5480,"date":"2024-05-22T11:42:31","date_gmt":"2024-05-22T11:42:31","guid":{"rendered":"https:\/\/23b13e8ab3.nxcli.io\/switzerland-german\/?post_type=product&#038;p=5480"},"modified":"2024-08-23T09:35:34","modified_gmt":"2024-08-23T09:35:34","slug":"energizer-led-panel-light","status":"publish","type":"product","link":"https:\/\/energizer.com\/eu\/switzerland_de\/product\/energizer-led-panel-light\/","title":{"rendered":"Energizer LED Panel Light"},"content":{"rendered":"<ul>\n<li>Energizer Panel Light mit zwei 180\u00b0 LED-Leuchten und Ladekabel<\/li>\n<li>Leistungsstarkes Licht: Diese LED-Arbeitsleuchte mit 1100 Lumen bietet au\u00dfergew\u00f6hnliche Helligkeit und hohe Leistung, angetrieben durch einen Lithium-Ionen-Akku<\/li>\n<li>Wiederaufladbare Energie: Verwenden Sie den USB-Anschluss, um Ihr Handy oder ein anderes Smartger\u00e4t aufzuladen<\/li>\n<li>Langlebige Konstruktion: Diese langlebige Leuchte ist ideal f\u00fcr den dauerhaften Einsatz und ist nach IPX4 wasserdicht<\/li>\n<li>Vielseitige, freih\u00e4ndige Nutzung: Diese einfach zu bedienende, wiederaufladbare Leuchte eignet sich f\u00fcr Heimwerker, Arbeitsprojekte und mehr<\/li>\n<li>Flexible Beleuchtung: Mit zwei um 180\u00b0 klappbaren LED-Leuchtpaneelen k\u00f6nnen Sie sogar zwei Bereiche auf einmal beleuchten<\/li>\n<li>Griffiges Design: Diese Faltleuchte hat einen verstellbaren Griff, der eine vielseitige Positionierung f\u00fcr jede Aufgabe erm\u00f6glicht<\/li>\n<\/ul>\n","protected":false},"excerpt":{"rendered":"<p>Beleuchten Sie Ihre Umgebung m\u00fchelos mit dieser wiederaufladbaren Hochleistungs-Arbeitsleuchte. Die Energizer Panel Light bietet au\u00dfergew\u00f6hnliche Helligkeit und ist ideal f\u00fcr Camping, Heimwerken oder Arbeitsprojekte. Diese LED-Panel-Leuchte mit 1100 Lumen l\u00e4sst sich vielseitig positionieren und erhellt selbst die dunkelsten R\u00e4ume. Richten Sie das Licht dorthin, wo Sie es brauchen, und nutzen Sie die beiden verstellbaren 180\u00b0-LED-Leuchten f\u00fcr eine flexible Beleuchtung. Das griffige Design macht sie unglaublich vielseitig, sodass Sie sie \u00fcberall aufh\u00e4ngen oder einfach auf den Boden stellen k\u00f6nnen. Der wiederaufladbare Akku mit F\u00fcllstandsanzeige sorgt daf\u00fcr, dass der Akku mit dem mitgelieferten Ladekabel immer aufgeladen ist.<\/p>\n","protected":false},"featured_media":0,"comment_status":"open","ping_status":"closed","template":"","meta":{"_acf_changed":false},"product_brand":[],"product_cat":[44],"product_tag":[],"class_list":{"0":"post-5480","1":"product","2":"type-product","3":"status-publish","5":"product_cat-area","6":"pa_uses-preparedness","8":"first","9":"instock","10":"shipping-taxable","11":"product-type-simple"},"acf":[],"yoast_head":"<!-- This site is optimized with the Yoast SEO plugin v27.4 - https:\/\/yoast.com\/product\/yoast-seo-wordpress\/ -->\n<title>Energizer LED Panel Light - Switzerland German<\/title>\n<meta name=\"robots\" content=\"index, follow, max-snippet:-1, max-image-preview:large, max-video-preview:-1\" \/>\n<link rel=\"canonical\" href=\"https:\/\/energizer.com\/eu\/switzerland_de\/product\/energizer-led-panel-light\/\" \/>\n<meta property=\"og:locale\" content=\"en_US\" \/>\n<meta property=\"og:type\" content=\"article\" \/>\n<meta property=\"og:title\" content=\"Energizer LED Panel Light - Switzerland German\" \/>\n<meta property=\"og:description\" content=\"Beleuchten Sie Ihre Umgebung m\u00fchelos mit dieser wiederaufladbaren Hochleistungs-Arbeitsleuchte. Die Energizer Panel Light bietet au\u00dfergew\u00f6hnliche Helligkeit und ist ideal f\u00fcr Camping, Heimwerken oder Arbeitsprojekte. Diese LED-Panel-Leuchte mit 1100 Lumen l\u00e4sst sich vielseitig positionieren und erhellt selbst die dunkelsten R\u00e4ume. Richten Sie das Licht dorthin, wo Sie es brauchen, und nutzen Sie die beiden verstellbaren 180\u00b0-LED-Leuchten f\u00fcr eine flexible Beleuchtung. Das griffige Design macht sie unglaublich vielseitig, sodass Sie sie \u00fcberall aufh\u00e4ngen oder einfach auf den Boden stellen k\u00f6nnen. Der wiederaufladbare Akku mit F\u00fcllstandsanzeige sorgt daf\u00fcr, dass der Akku mit dem mitgelieferten Ladekabel immer aufgeladen ist.\" \/>\n<meta property=\"og:url\" content=\"https:\/\/energizer.com\/eu\/switzerland_de\/product\/energizer-led-panel-light\/\" \/>\n<meta property=\"og:site_name\" content=\"Switzerland German\" \/>\n<meta property=\"article:modified_time\" content=\"2024-08-23T09:35:34+00:00\" \/>\n<meta name=\"twitter:card\" content=\"summary_large_image\" \/>\n<script type=\"application\/ld+json\" class=\"yoast-schema-graph\">{\"@context\":\"https:\\\/\\\/schema.org\",\"@graph\":[{\"@type\":\"WebPage\",\"@id\":\"https:\\\/\\\/energizer.com\\\/eu\\\/switzerland_de\\\/product\\\/energizer-led-panel-light\\\/\",\"url\":\"https:\\\/\\\/energizer.com\\\/eu\\\/switzerland_de\\\/product\\\/energizer-led-panel-light\\\/\",\"name\":\"Energizer LED Panel Light - Switzerland German\",\"isPartOf\":{\"@id\":\"https:\\\/\\\/energizer.com\\\/eu\\\/switzerland_de\\\/#website\"},\"datePublished\":\"2024-05-22T11:42:31+00:00\",\"dateModified\":\"2024-08-23T09:35:34+00:00\",\"breadcrumb\":{\"@id\":\"https:\\\/\\\/energizer.com\\\/eu\\\/switzerland_de\\\/product\\\/energizer-led-panel-light\\\/#breadcrumb\"},\"inLanguage\":\"en-US\",\"potentialAction\":[{\"@type\":\"ReadAction\",\"target\":[\"https:\\\/\\\/energizer.com\\\/eu\\\/switzerland_de\\\/product\\\/energizer-led-panel-light\\\/\"]}]},{\"@type\":\"BreadcrumbList\",\"@id\":\"https:\\\/\\\/energizer.com\\\/eu\\\/switzerland_de\\\/product\\\/energizer-led-panel-light\\\/#breadcrumb\",\"itemListElement\":[{\"@type\":\"ListItem\",\"position\":1,\"name\":\"Home\",\"item\":\"https:\\\/\\\/energizer.com\\\/eu\\\/switzerland_de\\\/\"},{\"@type\":\"ListItem\",\"position\":2,\"name\":\"Energizer LED Panel Light\"}]},{\"@type\":\"WebSite\",\"@id\":\"https:\\\/\\\/energizer.com\\\/eu\\\/switzerland_de\\\/#website\",\"url\":\"https:\\\/\\\/energizer.com\\\/eu\\\/switzerland_de\\\/\",\"name\":\"Energizer Switzerland (DE)\",\"description\":\"\",\"publisher\":{\"@id\":\"https:\\\/\\\/energizer.com\\\/eu\\\/switzerland_de\\\/#organization\"},\"potentialAction\":[{\"@type\":\"SearchAction\",\"target\":{\"@type\":\"EntryPoint\",\"urlTemplate\":\"https:\\\/\\\/energizer.com\\\/eu\\\/switzerland_de\\\/?s={search_term_string}\"},\"query-input\":{\"@type\":\"PropertyValueSpecification\",\"valueRequired\":true,\"valueName\":\"search_term_string\"}}],\"inLanguage\":\"en-US\"},{\"@type\":\"Organization\",\"@id\":\"https:\\\/\\\/energizer.com\\\/eu\\\/switzerland_de\\\/#organization\",\"name\":\"Energizer Switzerland (DE)\",\"url\":\"https:\\\/\\\/energizer.com\\\/eu\\\/switzerland_de\\\/\",\"logo\":{\"@type\":\"ImageObject\",\"inLanguage\":\"en-US\",\"@id\":\"https:\\\/\\\/energizer.com\\\/eu\\\/switzerland_de\\\/#\\\/schema\\\/logo\\\/image\\\/\",\"url\":\"https:\\\/\\\/energizer.com\\\/eu\\\/switzerland_de\\\/wp-content\\\/uploads\\\/sites\\\/55\\\/2024\\\/04\\\/Energizer_brand.png\",\"contentUrl\":\"https:\\\/\\\/energizer.com\\\/eu\\\/switzerland_de\\\/wp-content\\\/uploads\\\/sites\\\/55\\\/2024\\\/04\\\/Energizer_brand.png\",\"width\":267,\"height\":100,\"caption\":\"Energizer Switzerland (DE)\"},\"image\":{\"@id\":\"https:\\\/\\\/energizer.com\\\/eu\\\/switzerland_de\\\/#\\\/schema\\\/logo\\\/image\\\/\"}}]}<\/script>\n<!-- \/ Yoast SEO plugin. -->","yoast_head_json":{"title":"Energizer LED Panel Light - Switzerland German","robots":{"index":"index","follow":"follow","max-snippet":"max-snippet:-1","max-image-preview":"max-image-preview:large","max-video-preview":"max-video-preview:-1"},"canonical":"https:\/\/energizer.com\/eu\/switzerland_de\/product\/energizer-led-panel-light\/","og_locale":"en_US","og_type":"article","og_title":"Energizer LED Panel Light - Switzerland German","og_description":"Beleuchten Sie Ihre Umgebung m\u00fchelos mit dieser wiederaufladbaren Hochleistungs-Arbeitsleuchte. Die Energizer Panel Light bietet au\u00dfergew\u00f6hnliche Helligkeit und ist ideal f\u00fcr Camping, Heimwerken oder Arbeitsprojekte. Diese LED-Panel-Leuchte mit 1100 Lumen l\u00e4sst sich vielseitig positionieren und erhellt selbst die dunkelsten R\u00e4ume. Richten Sie das Licht dorthin, wo Sie es brauchen, und nutzen Sie die beiden verstellbaren 180\u00b0-LED-Leuchten f\u00fcr eine flexible Beleuchtung. Das griffige Design macht sie unglaublich vielseitig, sodass Sie sie \u00fcberall aufh\u00e4ngen oder einfach auf den Boden stellen k\u00f6nnen. Der wiederaufladbare Akku mit F\u00fcllstandsanzeige sorgt daf\u00fcr, dass der Akku mit dem mitgelieferten Ladekabel immer aufgeladen ist.","og_url":"https:\/\/energizer.com\/eu\/switzerland_de\/product\/energizer-led-panel-light\/","og_site_name":"Switzerland German","article_modified_time":"2024-08-23T09:35:34+00:00","twitter_card":"summary_large_image","schema":{"@context":"https:\/\/schema.org","@graph":[{"@type":"WebPage","@id":"https:\/\/energizer.com\/eu\/switzerland_de\/product\/energizer-led-panel-light\/","url":"https:\/\/energizer.com\/eu\/switzerland_de\/product\/energizer-led-panel-light\/","name":"Energizer LED Panel Light - Switzerland German","isPartOf":{"@id":"https:\/\/energizer.com\/eu\/switzerland_de\/#website"},"datePublished":"2024-05-22T11:42:31+00:00","dateModified":"2024-08-23T09:35:34+00:00","breadcrumb":{"@id":"https:\/\/energizer.com\/eu\/switzerland_de\/product\/energizer-led-panel-light\/#breadcrumb"},"inLanguage":"en-US","potentialAction":[{"@type":"ReadAction","target":["https:\/\/energizer.com\/eu\/switzerland_de\/product\/energizer-led-panel-light\/"]}]},{"@type":"BreadcrumbList","@id":"https:\/\/energizer.com\/eu\/switzerland_de\/product\/energizer-led-panel-light\/#breadcrumb","itemListElement":[{"@type":"ListItem","position":1,"name":"Home","item":"https:\/\/energizer.com\/eu\/switzerland_de\/"},{"@type":"ListItem","position":2,"name":"Energizer LED Panel Light"}]},{"@type":"WebSite","@id":"https:\/\/energizer.com\/eu\/switzerland_de\/#website","url":"https:\/\/energizer.com\/eu\/switzerland_de\/","name":"Energizer Switzerland (DE)","description":"","publisher":{"@id":"https:\/\/energizer.com\/eu\/switzerland_de\/#organization"},"potentialAction":[{"@type":"SearchAction","target":{"@type":"EntryPoint","urlTemplate":"https:\/\/energizer.com\/eu\/switzerland_de\/?s={search_term_string}"},"query-input":{"@type":"PropertyValueSpecification","valueRequired":true,"valueName":"search_term_string"}}],"inLanguage":"en-US"},{"@type":"Organization","@id":"https:\/\/energizer.com\/eu\/switzerland_de\/#organization","name":"Energizer Switzerland (DE)","url":"https:\/\/energizer.com\/eu\/switzerland_de\/","logo":{"@type":"ImageObject","inLanguage":"en-US","@id":"https:\/\/energizer.com\/eu\/switzerland_de\/#\/schema\/logo\/image\/","url":"https:\/\/energizer.com\/eu\/switzerland_de\/wp-content\/uploads\/sites\/55\/2024\/04\/Energizer_brand.png","contentUrl":"https:\/\/energizer.com\/eu\/switzerland_de\/wp-content\/uploads\/sites\/55\/2024\/04\/Energizer_brand.png","width":267,"height":100,"caption":"Energizer Switzerland (DE)"},"image":{"@id":"https:\/\/energizer.com\/eu\/switzerland_de\/#\/schema\/logo\/image\/"}}]}},"_links":{"self":[{"href":"https:\/\/energizer.com\/eu\/switzerland_de\/wp-json\/wp\/v2\/product\/5480","targetHints":{"allow":["GET"]}}],"collection":[{"href":"https:\/\/energizer.com\/eu\/switzerland_de\/wp-json\/wp\/v2\/product"}],"about":[{"href":"https:\/\/energizer.com\/eu\/switzerland_de\/wp-json\/wp\/v2\/types\/product"}],"replies":[{"embeddable":true,"href":"https:\/\/energizer.com\/eu\/switzerland_de\/wp-json\/wp\/v2\/comments?post=5480"}],"version-history":[{"count":3,"href":"https:\/\/energizer.com\/eu\/switzerland_de\/wp-json\/wp\/v2\/product\/5480\/revisions"}],"predecessor-version":[{"id":7989,"href":"https:\/\/energizer.com\/eu\/switzerland_de\/wp-json\/wp\/v2\/product\/5480\/revisions\/7989"}],"wp:attachment":[{"href":"https:\/\/energizer.com\/eu\/switzerland_de\/wp-json\/wp\/v2\/media?parent=5480"}],"wp:term":[{"taxonomy":"product_brand","embeddable":true,"href":"https:\/\/energizer.com\/eu\/switzerland_de\/wp-json\/wp\/v2\/product_brand?post=5480"},{"taxonomy":"product_cat","embeddable":true,"href":"https:\/\/energizer.com\/eu\/switzerland_de\/wp-json\/wp\/v2\/product_cat?post=5480"},{"taxonomy":"product_tag","embeddable":true,"href":"https:\/\/energizer.com\/eu\/switzerland_de\/wp-json\/wp\/v2\/product_tag?post=5480"}],"curies":[{"name":"wp","href":"https:\/\/api.w.org\/{rel}","templated":true}]}}