{"id":5482,"date":"2024-05-22T11:44:14","date_gmt":"2024-05-22T11:44:14","guid":{"rendered":"https:\/\/23b13e8ab3.nxcli.io\/switzerland-german\/?post_type=product&#038;p=5482"},"modified":"2024-08-23T09:35:31","modified_gmt":"2024-08-23T09:35:31","slug":"energizer-emergency-300","status":"publish","type":"product","link":"https:\/\/energizer.com\/eu\/switzerland_de\/product\/energizer-emergency-300\/","title":{"rendered":"Energizer  Emergency 300"},"content":{"rendered":"<ul>\n<li>Energizer Handgehaltene LED-Notfalltaschenlampe mit Bake<\/li>\n<li>Signalisieren Sie anderen in einem Notfall mit der blinkenden roten Bake und der Pfeife<\/li>\n<li>Notlicht ist ideal f\u00fcr Stromausf\u00e4lle und Situationen am Stra\u00dfenrand sowie als Camping-Taschenlampe und LED-Arbeitslicht<\/li>\n<li>Leistungsstarke LED-Taschenlampe mit einer Leuchtkraft von 300 Lumen f\u00fcr bis zu 1 Stunde und 15 Minuten<\/li>\n<li>Einstellbare LED-Lichtintensit\u00e4t mit den Modi Hoch, Niedrig, Stroboskop und Rotes Stroboskop<\/li>\n<li>IPX4 wasserfest und sto\u00dffest bis zu 3 Fu\u00df<\/li>\n<li>Vertrauen Sie auf Energizer f\u00fcr zuverl\u00e4ssige Leistung in jeder Situation<\/li>\n<\/ul>\n","protected":false},"excerpt":{"rendered":"<p>Seien Sie sichtbar, wenn es wirklich darauf ankommt, mit dieser Energizer LED-Hand-Notleuchte mit Leuchtfeuer. Diese LED-Leuchte verf\u00fcgt \u00fcber ein r\u00fcckw\u00e4rtiges Blinklicht, damit Sie besser gesehen werden. Diese batteriebetriebene Leuchte ist bis zu 15-mal heller als herk\u00f6mmliche LED-Technologie und sendet einen starken Lichtstrahl aus, der bis zu 15 Meter weit reicht. Mit den vier Modi High, Low, Strobe und Red Strobe sind Sie f\u00fcr die Dunkelheit ger\u00fcstet. Die Outdoor-Lampe ist wasserfest, um Ihnen bei jedem Wetter den Weg zu weisen, was sie zu einer guten Wahl f\u00fcr eine Campinglampe macht. Mit einem Karabinerhaken l\u00e4sst sich die Leuchte an Ihrem Rucksack oder Ihrer Tasche befestigen, und eine Notfallpfeife auf der R\u00fcckseite hilft Ihnen, andere zu warnen. Drei Triple-A-Batterien sorgen daf\u00fcr, dass diese LED-Taschenlampe 1 Stunde und 15 Minuten lang leuchtet. Vertrauen Sie auf Energizer f\u00fcr zuverl\u00e4ssige Leistung in jeder Situation.<\/p>\n","protected":false},"featured_media":0,"comment_status":"open","ping_status":"closed","template":"","meta":{"_acf_changed":false},"product_brand":[],"product_cat":[97],"product_tag":[],"class_list":{"0":"post-5482","1":"product","2":"type-product","3":"status-publish","5":"product_cat-handheld","6":"pa_uses-preparedness","8":"first","9":"instock","10":"shipping-taxable","11":"product-type-simple"},"acf":[],"yoast_head":"<!-- This site is optimized with the Yoast SEO plugin v27.4 - https:\/\/yoast.com\/product\/yoast-seo-wordpress\/ -->\n<title>Energizer Emergency 300 - Switzerland German<\/title>\n<meta name=\"robots\" content=\"index, follow, max-snippet:-1, max-image-preview:large, max-video-preview:-1\" \/>\n<link rel=\"canonical\" href=\"https:\/\/energizer.com\/eu\/switzerland_de\/product\/energizer-emergency-300\/\" \/>\n<meta property=\"og:locale\" content=\"en_US\" \/>\n<meta property=\"og:type\" content=\"article\" \/>\n<meta property=\"og:title\" content=\"Energizer Emergency 300 - Switzerland German\" \/>\n<meta property=\"og:description\" content=\"Seien Sie sichtbar, wenn es wirklich darauf ankommt, mit dieser Energizer LED-Hand-Notleuchte mit Leuchtfeuer. Diese LED-Leuchte verf\u00fcgt \u00fcber ein r\u00fcckw\u00e4rtiges Blinklicht, damit Sie besser gesehen werden. Diese batteriebetriebene Leuchte ist bis zu 15-mal heller als herk\u00f6mmliche LED-Technologie und sendet einen starken Lichtstrahl aus, der bis zu 15 Meter weit reicht. Mit den vier Modi High, Low, Strobe und Red Strobe sind Sie f\u00fcr die Dunkelheit ger\u00fcstet. Die Outdoor-Lampe ist wasserfest, um Ihnen bei jedem Wetter den Weg zu weisen, was sie zu einer guten Wahl f\u00fcr eine Campinglampe macht. Mit einem Karabinerhaken l\u00e4sst sich die Leuchte an Ihrem Rucksack oder Ihrer Tasche befestigen, und eine Notfallpfeife auf der R\u00fcckseite hilft Ihnen, andere zu warnen. Drei Triple-A-Batterien sorgen daf\u00fcr, dass diese LED-Taschenlampe 1 Stunde und 15 Minuten lang leuchtet. Vertrauen Sie auf Energizer f\u00fcr zuverl\u00e4ssige Leistung in jeder Situation.\" \/>\n<meta property=\"og:url\" content=\"https:\/\/energizer.com\/eu\/switzerland_de\/product\/energizer-emergency-300\/\" \/>\n<meta property=\"og:site_name\" content=\"Switzerland German\" \/>\n<meta property=\"article:modified_time\" content=\"2024-08-23T09:35:31+00:00\" \/>\n<meta name=\"twitter:card\" content=\"summary_large_image\" \/>\n<script type=\"application\/ld+json\" class=\"yoast-schema-graph\">{\"@context\":\"https:\\\/\\\/schema.org\",\"@graph\":[{\"@type\":\"WebPage\",\"@id\":\"https:\\\/\\\/energizer.com\\\/eu\\\/switzerland_de\\\/product\\\/energizer-emergency-300\\\/\",\"url\":\"https:\\\/\\\/energizer.com\\\/eu\\\/switzerland_de\\\/product\\\/energizer-emergency-300\\\/\",\"name\":\"Energizer Emergency 300 - Switzerland German\",\"isPartOf\":{\"@id\":\"https:\\\/\\\/energizer.com\\\/eu\\\/switzerland_de\\\/#website\"},\"datePublished\":\"2024-05-22T11:44:14+00:00\",\"dateModified\":\"2024-08-23T09:35:31+00:00\",\"breadcrumb\":{\"@id\":\"https:\\\/\\\/energizer.com\\\/eu\\\/switzerland_de\\\/product\\\/energizer-emergency-300\\\/#breadcrumb\"},\"inLanguage\":\"en-US\",\"potentialAction\":[{\"@type\":\"ReadAction\",\"target\":[\"https:\\\/\\\/energizer.com\\\/eu\\\/switzerland_de\\\/product\\\/energizer-emergency-300\\\/\"]}]},{\"@type\":\"BreadcrumbList\",\"@id\":\"https:\\\/\\\/energizer.com\\\/eu\\\/switzerland_de\\\/product\\\/energizer-emergency-300\\\/#breadcrumb\",\"itemListElement\":[{\"@type\":\"ListItem\",\"position\":1,\"name\":\"Home\",\"item\":\"https:\\\/\\\/energizer.com\\\/eu\\\/switzerland_de\\\/\"},{\"@type\":\"ListItem\",\"position\":2,\"name\":\"Energizer Emergency 300\"}]},{\"@type\":\"WebSite\",\"@id\":\"https:\\\/\\\/energizer.com\\\/eu\\\/switzerland_de\\\/#website\",\"url\":\"https:\\\/\\\/energizer.com\\\/eu\\\/switzerland_de\\\/\",\"name\":\"Energizer Switzerland (DE)\",\"description\":\"\",\"publisher\":{\"@id\":\"https:\\\/\\\/energizer.com\\\/eu\\\/switzerland_de\\\/#organization\"},\"potentialAction\":[{\"@type\":\"SearchAction\",\"target\":{\"@type\":\"EntryPoint\",\"urlTemplate\":\"https:\\\/\\\/energizer.com\\\/eu\\\/switzerland_de\\\/?s={search_term_string}\"},\"query-input\":{\"@type\":\"PropertyValueSpecification\",\"valueRequired\":true,\"valueName\":\"search_term_string\"}}],\"inLanguage\":\"en-US\"},{\"@type\":\"Organization\",\"@id\":\"https:\\\/\\\/energizer.com\\\/eu\\\/switzerland_de\\\/#organization\",\"name\":\"Energizer Switzerland (DE)\",\"url\":\"https:\\\/\\\/energizer.com\\\/eu\\\/switzerland_de\\\/\",\"logo\":{\"@type\":\"ImageObject\",\"inLanguage\":\"en-US\",\"@id\":\"https:\\\/\\\/energizer.com\\\/eu\\\/switzerland_de\\\/#\\\/schema\\\/logo\\\/image\\\/\",\"url\":\"https:\\\/\\\/energizer.com\\\/eu\\\/switzerland_de\\\/wp-content\\\/uploads\\\/sites\\\/55\\\/2024\\\/04\\\/Energizer_brand.png\",\"contentUrl\":\"https:\\\/\\\/energizer.com\\\/eu\\\/switzerland_de\\\/wp-content\\\/uploads\\\/sites\\\/55\\\/2024\\\/04\\\/Energizer_brand.png\",\"width\":267,\"height\":100,\"caption\":\"Energizer Switzerland (DE)\"},\"image\":{\"@id\":\"https:\\\/\\\/energizer.com\\\/eu\\\/switzerland_de\\\/#\\\/schema\\\/logo\\\/image\\\/\"}}]}<\/script>\n<!-- \/ Yoast SEO plugin. -->","yoast_head_json":{"title":"Energizer Emergency 300 - Switzerland German","robots":{"index":"index","follow":"follow","max-snippet":"max-snippet:-1","max-image-preview":"max-image-preview:large","max-video-preview":"max-video-preview:-1"},"canonical":"https:\/\/energizer.com\/eu\/switzerland_de\/product\/energizer-emergency-300\/","og_locale":"en_US","og_type":"article","og_title":"Energizer Emergency 300 - Switzerland German","og_description":"Seien Sie sichtbar, wenn es wirklich darauf ankommt, mit dieser Energizer LED-Hand-Notleuchte mit Leuchtfeuer. Diese LED-Leuchte verf\u00fcgt \u00fcber ein r\u00fcckw\u00e4rtiges Blinklicht, damit Sie besser gesehen werden. Diese batteriebetriebene Leuchte ist bis zu 15-mal heller als herk\u00f6mmliche LED-Technologie und sendet einen starken Lichtstrahl aus, der bis zu 15 Meter weit reicht. Mit den vier Modi High, Low, Strobe und Red Strobe sind Sie f\u00fcr die Dunkelheit ger\u00fcstet. Die Outdoor-Lampe ist wasserfest, um Ihnen bei jedem Wetter den Weg zu weisen, was sie zu einer guten Wahl f\u00fcr eine Campinglampe macht. Mit einem Karabinerhaken l\u00e4sst sich die Leuchte an Ihrem Rucksack oder Ihrer Tasche befestigen, und eine Notfallpfeife auf der R\u00fcckseite hilft Ihnen, andere zu warnen. Drei Triple-A-Batterien sorgen daf\u00fcr, dass diese LED-Taschenlampe 1 Stunde und 15 Minuten lang leuchtet. Vertrauen Sie auf Energizer f\u00fcr zuverl\u00e4ssige Leistung in jeder Situation.","og_url":"https:\/\/energizer.com\/eu\/switzerland_de\/product\/energizer-emergency-300\/","og_site_name":"Switzerland German","article_modified_time":"2024-08-23T09:35:31+00:00","twitter_card":"summary_large_image","schema":{"@context":"https:\/\/schema.org","@graph":[{"@type":"WebPage","@id":"https:\/\/energizer.com\/eu\/switzerland_de\/product\/energizer-emergency-300\/","url":"https:\/\/energizer.com\/eu\/switzerland_de\/product\/energizer-emergency-300\/","name":"Energizer Emergency 300 - Switzerland German","isPartOf":{"@id":"https:\/\/energizer.com\/eu\/switzerland_de\/#website"},"datePublished":"2024-05-22T11:44:14+00:00","dateModified":"2024-08-23T09:35:31+00:00","breadcrumb":{"@id":"https:\/\/energizer.com\/eu\/switzerland_de\/product\/energizer-emergency-300\/#breadcrumb"},"inLanguage":"en-US","potentialAction":[{"@type":"ReadAction","target":["https:\/\/energizer.com\/eu\/switzerland_de\/product\/energizer-emergency-300\/"]}]},{"@type":"BreadcrumbList","@id":"https:\/\/energizer.com\/eu\/switzerland_de\/product\/energizer-emergency-300\/#breadcrumb","itemListElement":[{"@type":"ListItem","position":1,"name":"Home","item":"https:\/\/energizer.com\/eu\/switzerland_de\/"},{"@type":"ListItem","position":2,"name":"Energizer Emergency 300"}]},{"@type":"WebSite","@id":"https:\/\/energizer.com\/eu\/switzerland_de\/#website","url":"https:\/\/energizer.com\/eu\/switzerland_de\/","name":"Energizer Switzerland (DE)","description":"","publisher":{"@id":"https:\/\/energizer.com\/eu\/switzerland_de\/#organization"},"potentialAction":[{"@type":"SearchAction","target":{"@type":"EntryPoint","urlTemplate":"https:\/\/energizer.com\/eu\/switzerland_de\/?s={search_term_string}"},"query-input":{"@type":"PropertyValueSpecification","valueRequired":true,"valueName":"search_term_string"}}],"inLanguage":"en-US"},{"@type":"Organization","@id":"https:\/\/energizer.com\/eu\/switzerland_de\/#organization","name":"Energizer Switzerland (DE)","url":"https:\/\/energizer.com\/eu\/switzerland_de\/","logo":{"@type":"ImageObject","inLanguage":"en-US","@id":"https:\/\/energizer.com\/eu\/switzerland_de\/#\/schema\/logo\/image\/","url":"https:\/\/energizer.com\/eu\/switzerland_de\/wp-content\/uploads\/sites\/55\/2024\/04\/Energizer_brand.png","contentUrl":"https:\/\/energizer.com\/eu\/switzerland_de\/wp-content\/uploads\/sites\/55\/2024\/04\/Energizer_brand.png","width":267,"height":100,"caption":"Energizer Switzerland (DE)"},"image":{"@id":"https:\/\/energizer.com\/eu\/switzerland_de\/#\/schema\/logo\/image\/"}}]}},"_links":{"self":[{"href":"https:\/\/energizer.com\/eu\/switzerland_de\/wp-json\/wp\/v2\/product\/5482","targetHints":{"allow":["GET"]}}],"collection":[{"href":"https:\/\/energizer.com\/eu\/switzerland_de\/wp-json\/wp\/v2\/product"}],"about":[{"href":"https:\/\/energizer.com\/eu\/switzerland_de\/wp-json\/wp\/v2\/types\/product"}],"replies":[{"embeddable":true,"href":"https:\/\/energizer.com\/eu\/switzerland_de\/wp-json\/wp\/v2\/comments?post=5482"}],"version-history":[{"count":3,"href":"https:\/\/energizer.com\/eu\/switzerland_de\/wp-json\/wp\/v2\/product\/5482\/revisions"}],"predecessor-version":[{"id":7920,"href":"https:\/\/energizer.com\/eu\/switzerland_de\/wp-json\/wp\/v2\/product\/5482\/revisions\/7920"}],"wp:attachment":[{"href":"https:\/\/energizer.com\/eu\/switzerland_de\/wp-json\/wp\/v2\/media?parent=5482"}],"wp:term":[{"taxonomy":"product_brand","embeddable":true,"href":"https:\/\/energizer.com\/eu\/switzerland_de\/wp-json\/wp\/v2\/product_brand?post=5482"},{"taxonomy":"product_cat","embeddable":true,"href":"https:\/\/energizer.com\/eu\/switzerland_de\/wp-json\/wp\/v2\/product_cat?post=5482"},{"taxonomy":"product_tag","embeddable":true,"href":"https:\/\/energizer.com\/eu\/switzerland_de\/wp-json\/wp\/v2\/product_tag?post=5482"}],"curies":[{"name":"wp","href":"https:\/\/api.w.org\/{rel}","templated":true}]}}