{"id":5486,"date":"2024-05-22T11:50:00","date_gmt":"2024-05-22T11:50:00","guid":{"rendered":"https:\/\/23b13e8ab3.nxcli.io\/switzerland-german\/?post_type=product&#038;p=5486"},"modified":"2024-08-23T09:35:29","modified_gmt":"2024-08-23T09:35:29","slug":"energizer-battery-genius-lantern-rechargeable-led-lantern","status":"publish","type":"product","link":"https:\/\/energizer.com\/eu\/switzerland_de\/product\/energizer-battery-genius-lantern-rechargeable-led-lantern\/","title":{"rendered":"Energizer Battery Genius Lantern, Rechargeable LED Lantern"},"content":{"rendered":"<ul>\n<li>Was Sie erhalten: Eine (1) gro\u00dfe Energizer Battery Genius Laterne mit 1.200 Lumen, eine wiederaufladbare LED-Laterne mit einer einfach zu bedienenden digitalen Energieanzeige, die Ihnen zeigt, wie viele Stunden Licht Sie noch haben<\/li>\n<li>Das Licht, das Sie brauchen: Wiederaufladbare Laterne mit drei verschiedenen Leuchtmodi, mit denen Sie die Helligkeit individuell einstellen und die Laufzeit maximieren k\u00f6nnen: Hoch, Dimmen und Nachtlicht<\/li>\n<li>Leistungsstarke Laternen: Diese LED-Taschenlampe ist 12-mal heller als herk\u00f6mmliche LED-Technologie und liefert bis zu 1.200 Lumen zuverl\u00e4ssiges, fl\u00e4chendeckendes 360-Grad-Licht im Modus \u201eHigh\u201c und h\u00e4lt bis zu 50 Stunden, wenn sie vollst\u00e4ndig gedimmt ist<\/li>\n<li>Hightech-LED-Licht: Diese Energizer-Laterne ist gleichzeitig eine USB-Powerbank, mit der Sie andere Ger\u00e4te unterwegs aufladen k\u00f6nnen<\/li>\n<li>Handliches Au\u00dfenlicht: Dank des verstellbaren, leicht zu tragenden Griffs k\u00f6nnen Sie diese tragbare Laterne \u00fcberallhin mitnehmen; gebaut, um jedem Abenteuer standzuhalten; diese vielseitige, wiederaufladbare Lampe ist nach IPX4 wasserdicht und eignet sich perfekt f\u00fcr Outdoor und Camping<\/li>\n<\/ul>\n","protected":false},"excerpt":{"rendered":"<p>Mit der Energizer Battery Genius Lantern, einer wiederaufladbaren LED-Laterne mit digitaler Energieanzeige und integrierter USB-Powerbank, stehen Sie nie wieder im Dunkeln. Die einfach zu bedienende Energieanzeige zeigt Ihnen deutlich an, wie viele Stunden Licht Sie noch haben, und erm\u00f6glicht es Ihnen, die Helligkeit einzustellen, um die Laufzeit zu maximieren, was Ihnen Komfort, Vertrauen und Flexibilit\u00e4t bietet. Diese wiederaufladbare Laterne ist bis zu 12 Mal heller als herk\u00f6mmliche LED-Technologie und verf\u00fcgt \u00fcber drei LED-Lichtmodi: Hoch, Dimmen und Nachtlicht. Im Modus \u201eHoch\u201c gibt diese wiederaufladbare Lampe bis zu 1.200 Lumen zuverl\u00e4ssiges 360-Grad-Licht ab.<\/p>\n","protected":false},"featured_media":0,"comment_status":"open","ping_status":"closed","template":"","meta":{"_acf_changed":false},"product_brand":[],"product_cat":[44],"product_tag":[],"class_list":{"0":"post-5486","1":"product","2":"type-product","3":"status-publish","5":"product_cat-area","6":"pa_uses-preparedness","8":"first","9":"instock","10":"shipping-taxable","11":"product-type-simple"},"acf":[],"yoast_head":"<!-- This site is optimized with the Yoast SEO plugin v27.4 - https:\/\/yoast.com\/product\/yoast-seo-wordpress\/ -->\n<title>Energizer Battery Genius Lantern, Rechargeable LED Lantern - Switzerland German<\/title>\n<meta name=\"robots\" content=\"index, follow, max-snippet:-1, max-image-preview:large, max-video-preview:-1\" \/>\n<link rel=\"canonical\" href=\"https:\/\/energizer.com\/eu\/switzerland_de\/product\/energizer-battery-genius-lantern-rechargeable-led-lantern\/\" \/>\n<meta property=\"og:locale\" content=\"en_US\" \/>\n<meta property=\"og:type\" content=\"article\" \/>\n<meta property=\"og:title\" content=\"Energizer Battery Genius Lantern, Rechargeable LED Lantern - Switzerland German\" \/>\n<meta property=\"og:description\" content=\"Mit der Energizer Battery Genius Lantern, einer wiederaufladbaren LED-Laterne mit digitaler Energieanzeige und integrierter USB-Powerbank, stehen Sie nie wieder im Dunkeln. Die einfach zu bedienende Energieanzeige zeigt Ihnen deutlich an, wie viele Stunden Licht Sie noch haben, und erm\u00f6glicht es Ihnen, die Helligkeit einzustellen, um die Laufzeit zu maximieren, was Ihnen Komfort, Vertrauen und Flexibilit\u00e4t bietet. Diese wiederaufladbare Laterne ist bis zu 12 Mal heller als herk\u00f6mmliche LED-Technologie und verf\u00fcgt \u00fcber drei LED-Lichtmodi: Hoch, Dimmen und Nachtlicht. Im Modus \u201eHoch\u201c gibt diese wiederaufladbare Lampe bis zu 1.200 Lumen zuverl\u00e4ssiges 360-Grad-Licht ab.\" \/>\n<meta property=\"og:url\" content=\"https:\/\/energizer.com\/eu\/switzerland_de\/product\/energizer-battery-genius-lantern-rechargeable-led-lantern\/\" \/>\n<meta property=\"og:site_name\" content=\"Switzerland German\" \/>\n<meta property=\"article:modified_time\" content=\"2024-08-23T09:35:29+00:00\" \/>\n<meta name=\"twitter:card\" content=\"summary_large_image\" \/>\n<script type=\"application\/ld+json\" class=\"yoast-schema-graph\">{\"@context\":\"https:\\\/\\\/schema.org\",\"@graph\":[{\"@type\":\"WebPage\",\"@id\":\"https:\\\/\\\/energizer.com\\\/eu\\\/switzerland_de\\\/product\\\/energizer-battery-genius-lantern-rechargeable-led-lantern\\\/\",\"url\":\"https:\\\/\\\/energizer.com\\\/eu\\\/switzerland_de\\\/product\\\/energizer-battery-genius-lantern-rechargeable-led-lantern\\\/\",\"name\":\"Energizer Battery Genius Lantern, Rechargeable LED Lantern - Switzerland German\",\"isPartOf\":{\"@id\":\"https:\\\/\\\/energizer.com\\\/eu\\\/switzerland_de\\\/#website\"},\"datePublished\":\"2024-05-22T11:50:00+00:00\",\"dateModified\":\"2024-08-23T09:35:29+00:00\",\"breadcrumb\":{\"@id\":\"https:\\\/\\\/energizer.com\\\/eu\\\/switzerland_de\\\/product\\\/energizer-battery-genius-lantern-rechargeable-led-lantern\\\/#breadcrumb\"},\"inLanguage\":\"en-US\",\"potentialAction\":[{\"@type\":\"ReadAction\",\"target\":[\"https:\\\/\\\/energizer.com\\\/eu\\\/switzerland_de\\\/product\\\/energizer-battery-genius-lantern-rechargeable-led-lantern\\\/\"]}]},{\"@type\":\"BreadcrumbList\",\"@id\":\"https:\\\/\\\/energizer.com\\\/eu\\\/switzerland_de\\\/product\\\/energizer-battery-genius-lantern-rechargeable-led-lantern\\\/#breadcrumb\",\"itemListElement\":[{\"@type\":\"ListItem\",\"position\":1,\"name\":\"Home\",\"item\":\"https:\\\/\\\/energizer.com\\\/eu\\\/switzerland_de\\\/\"},{\"@type\":\"ListItem\",\"position\":2,\"name\":\"Energizer Battery Genius Lantern, Rechargeable LED Lantern\"}]},{\"@type\":\"WebSite\",\"@id\":\"https:\\\/\\\/energizer.com\\\/eu\\\/switzerland_de\\\/#website\",\"url\":\"https:\\\/\\\/energizer.com\\\/eu\\\/switzerland_de\\\/\",\"name\":\"Energizer Switzerland (DE)\",\"description\":\"\",\"publisher\":{\"@id\":\"https:\\\/\\\/energizer.com\\\/eu\\\/switzerland_de\\\/#organization\"},\"potentialAction\":[{\"@type\":\"SearchAction\",\"target\":{\"@type\":\"EntryPoint\",\"urlTemplate\":\"https:\\\/\\\/energizer.com\\\/eu\\\/switzerland_de\\\/?s={search_term_string}\"},\"query-input\":{\"@type\":\"PropertyValueSpecification\",\"valueRequired\":true,\"valueName\":\"search_term_string\"}}],\"inLanguage\":\"en-US\"},{\"@type\":\"Organization\",\"@id\":\"https:\\\/\\\/energizer.com\\\/eu\\\/switzerland_de\\\/#organization\",\"name\":\"Energizer Switzerland (DE)\",\"url\":\"https:\\\/\\\/energizer.com\\\/eu\\\/switzerland_de\\\/\",\"logo\":{\"@type\":\"ImageObject\",\"inLanguage\":\"en-US\",\"@id\":\"https:\\\/\\\/energizer.com\\\/eu\\\/switzerland_de\\\/#\\\/schema\\\/logo\\\/image\\\/\",\"url\":\"https:\\\/\\\/energizer.com\\\/eu\\\/switzerland_de\\\/wp-content\\\/uploads\\\/sites\\\/55\\\/2024\\\/04\\\/Energizer_brand.png\",\"contentUrl\":\"https:\\\/\\\/energizer.com\\\/eu\\\/switzerland_de\\\/wp-content\\\/uploads\\\/sites\\\/55\\\/2024\\\/04\\\/Energizer_brand.png\",\"width\":267,\"height\":100,\"caption\":\"Energizer Switzerland (DE)\"},\"image\":{\"@id\":\"https:\\\/\\\/energizer.com\\\/eu\\\/switzerland_de\\\/#\\\/schema\\\/logo\\\/image\\\/\"}}]}<\/script>\n<!-- \/ Yoast SEO plugin. -->","yoast_head_json":{"title":"Energizer Battery Genius Lantern, Rechargeable LED Lantern - Switzerland German","robots":{"index":"index","follow":"follow","max-snippet":"max-snippet:-1","max-image-preview":"max-image-preview:large","max-video-preview":"max-video-preview:-1"},"canonical":"https:\/\/energizer.com\/eu\/switzerland_de\/product\/energizer-battery-genius-lantern-rechargeable-led-lantern\/","og_locale":"en_US","og_type":"article","og_title":"Energizer Battery Genius Lantern, Rechargeable LED Lantern - Switzerland German","og_description":"Mit der Energizer Battery Genius Lantern, einer wiederaufladbaren LED-Laterne mit digitaler Energieanzeige und integrierter USB-Powerbank, stehen Sie nie wieder im Dunkeln. Die einfach zu bedienende Energieanzeige zeigt Ihnen deutlich an, wie viele Stunden Licht Sie noch haben, und erm\u00f6glicht es Ihnen, die Helligkeit einzustellen, um die Laufzeit zu maximieren, was Ihnen Komfort, Vertrauen und Flexibilit\u00e4t bietet. Diese wiederaufladbare Laterne ist bis zu 12 Mal heller als herk\u00f6mmliche LED-Technologie und verf\u00fcgt \u00fcber drei LED-Lichtmodi: Hoch, Dimmen und Nachtlicht. Im Modus \u201eHoch\u201c gibt diese wiederaufladbare Lampe bis zu 1.200 Lumen zuverl\u00e4ssiges 360-Grad-Licht ab.","og_url":"https:\/\/energizer.com\/eu\/switzerland_de\/product\/energizer-battery-genius-lantern-rechargeable-led-lantern\/","og_site_name":"Switzerland German","article_modified_time":"2024-08-23T09:35:29+00:00","twitter_card":"summary_large_image","schema":{"@context":"https:\/\/schema.org","@graph":[{"@type":"WebPage","@id":"https:\/\/energizer.com\/eu\/switzerland_de\/product\/energizer-battery-genius-lantern-rechargeable-led-lantern\/","url":"https:\/\/energizer.com\/eu\/switzerland_de\/product\/energizer-battery-genius-lantern-rechargeable-led-lantern\/","name":"Energizer Battery Genius Lantern, Rechargeable LED Lantern - Switzerland German","isPartOf":{"@id":"https:\/\/energizer.com\/eu\/switzerland_de\/#website"},"datePublished":"2024-05-22T11:50:00+00:00","dateModified":"2024-08-23T09:35:29+00:00","breadcrumb":{"@id":"https:\/\/energizer.com\/eu\/switzerland_de\/product\/energizer-battery-genius-lantern-rechargeable-led-lantern\/#breadcrumb"},"inLanguage":"en-US","potentialAction":[{"@type":"ReadAction","target":["https:\/\/energizer.com\/eu\/switzerland_de\/product\/energizer-battery-genius-lantern-rechargeable-led-lantern\/"]}]},{"@type":"BreadcrumbList","@id":"https:\/\/energizer.com\/eu\/switzerland_de\/product\/energizer-battery-genius-lantern-rechargeable-led-lantern\/#breadcrumb","itemListElement":[{"@type":"ListItem","position":1,"name":"Home","item":"https:\/\/energizer.com\/eu\/switzerland_de\/"},{"@type":"ListItem","position":2,"name":"Energizer Battery Genius Lantern, Rechargeable LED Lantern"}]},{"@type":"WebSite","@id":"https:\/\/energizer.com\/eu\/switzerland_de\/#website","url":"https:\/\/energizer.com\/eu\/switzerland_de\/","name":"Energizer Switzerland (DE)","description":"","publisher":{"@id":"https:\/\/energizer.com\/eu\/switzerland_de\/#organization"},"potentialAction":[{"@type":"SearchAction","target":{"@type":"EntryPoint","urlTemplate":"https:\/\/energizer.com\/eu\/switzerland_de\/?s={search_term_string}"},"query-input":{"@type":"PropertyValueSpecification","valueRequired":true,"valueName":"search_term_string"}}],"inLanguage":"en-US"},{"@type":"Organization","@id":"https:\/\/energizer.com\/eu\/switzerland_de\/#organization","name":"Energizer Switzerland (DE)","url":"https:\/\/energizer.com\/eu\/switzerland_de\/","logo":{"@type":"ImageObject","inLanguage":"en-US","@id":"https:\/\/energizer.com\/eu\/switzerland_de\/#\/schema\/logo\/image\/","url":"https:\/\/energizer.com\/eu\/switzerland_de\/wp-content\/uploads\/sites\/55\/2024\/04\/Energizer_brand.png","contentUrl":"https:\/\/energizer.com\/eu\/switzerland_de\/wp-content\/uploads\/sites\/55\/2024\/04\/Energizer_brand.png","width":267,"height":100,"caption":"Energizer Switzerland (DE)"},"image":{"@id":"https:\/\/energizer.com\/eu\/switzerland_de\/#\/schema\/logo\/image\/"}}]}},"_links":{"self":[{"href":"https:\/\/energizer.com\/eu\/switzerland_de\/wp-json\/wp\/v2\/product\/5486","targetHints":{"allow":["GET"]}}],"collection":[{"href":"https:\/\/energizer.com\/eu\/switzerland_de\/wp-json\/wp\/v2\/product"}],"about":[{"href":"https:\/\/energizer.com\/eu\/switzerland_de\/wp-json\/wp\/v2\/types\/product"}],"replies":[{"embeddable":true,"href":"https:\/\/energizer.com\/eu\/switzerland_de\/wp-json\/wp\/v2\/comments?post=5486"}],"version-history":[{"count":3,"href":"https:\/\/energizer.com\/eu\/switzerland_de\/wp-json\/wp\/v2\/product\/5486\/revisions"}],"predecessor-version":[{"id":9100,"href":"https:\/\/energizer.com\/eu\/switzerland_de\/wp-json\/wp\/v2\/product\/5486\/revisions\/9100"}],"wp:attachment":[{"href":"https:\/\/energizer.com\/eu\/switzerland_de\/wp-json\/wp\/v2\/media?parent=5486"}],"wp:term":[{"taxonomy":"product_brand","embeddable":true,"href":"https:\/\/energizer.com\/eu\/switzerland_de\/wp-json\/wp\/v2\/product_brand?post=5486"},{"taxonomy":"product_cat","embeddable":true,"href":"https:\/\/energizer.com\/eu\/switzerland_de\/wp-json\/wp\/v2\/product_cat?post=5486"},{"taxonomy":"product_tag","embeddable":true,"href":"https:\/\/energizer.com\/eu\/switzerland_de\/wp-json\/wp\/v2\/product_tag?post=5486"}],"curies":[{"name":"wp","href":"https:\/\/api.w.org\/{rel}","templated":true}]}}