{"id":5518,"date":"2024-05-22T12:24:22","date_gmt":"2024-05-22T12:24:22","guid":{"rendered":"https:\/\/23b13e8ab3.nxcli.io\/switzerland-german\/?post_type=product&#038;p=5518"},"modified":"2024-08-23T09:35:17","modified_gmt":"2024-08-23T09:35:17","slug":"energizer-head-torch-vision-hd-headlight","status":"publish","type":"product","link":"https:\/\/energizer.com\/eu\/switzerland_de\/product\/energizer-head-torch-vision-hd-headlight\/","title":{"rendered":"Energizer Head Torch, Vision HD Headlight"},"content":{"rendered":"<ul>\n<li>Energizer Vision HD Scheinwerfer mit 3 wei\u00dfen LEDs, inkl. 3 AAA-Alkalibatterien<\/li>\n<li>LED-Technologie: Diese leistungsstarke Kopflampe mit 300 Lumen hat eine beeindruckende Reichweite von 55 Metern<\/li>\n<li>Intelligente Dimm-Technologie: Die Intensit\u00e4t kann in allen Modi von 10 % bis 100 % eingestellt werden, einschlie\u00dflich Hoch, Spot und Weit<\/li>\n<li>Langlebige Konstruktion: Diese robuste Stirnlampe ist ideal f\u00fcr den dauerhaften Einsatz und \u00fcbersteht den 1-Meter-Falltest. Sie verf\u00fcgt \u00fcber eine bruchsichere Linse und ein wasserdichtes Geh\u00e4use nach IPX4<\/li>\n<li>Vielseitiges Hands-Free-Licht: Die einfach zu bedienende, kompakte Taschenlampe ist ideal f\u00fcr Stromausf\u00e4lle, Heimwerker und vieles mehr<\/li>\n<li>Schnelles Ein-Aus: Schalten Sie Ihre Outdoor-Stirnlampe einfach aus, ohne sich durch alle Modi klicken zu m\u00fcssen<\/li>\n<li>Zuverl\u00e4ssige Leistung: Vertrauen Sie darauf, dass Energizer die Leistung liefert, die wir versprechen &#8211; alle Energizer-Lampen werden getestet und erf\u00fcllen die strengen, zuverl\u00e4ssigen ANSI-Standards<\/li>\n<\/ul>\n","protected":false},"excerpt":{"rendered":"<p>Mit dieser leichten und vielseitigen Kopflampe haben Sie die H\u00e4nde frei und k\u00f6nnen jedes Abenteuer in vollen Z\u00fcgen genie\u00dfen. Die Energizer Vision HD Stirnlampe ist sowohl kompakt als auch freih\u00e4ndig &#8211; ideal f\u00fcr Heimwerker und Aktivit\u00e4ten, die beide H\u00e4nde erfordern. Sie leuchtet Ihnen bei allen Unternehmungen in der Dunkelheit den Weg, egal ob Sie campen, wandern oder laufen gehen. Diese LED-Kopflampe mit 300 Lumen leuchtet selbst die dunkelsten R\u00e4ume aus und leuchtet im hohen Modus bis zu 55 Meter weit, sodass Sie genau dort ausreichend Licht haben, wo Sie es brauchen.<\/p>\n","protected":false},"featured_media":0,"comment_status":"open","ping_status":"closed","template":"","meta":{"_acf_changed":false},"product_brand":[],"product_cat":[43],"product_tag":[],"class_list":{"0":"post-5518","1":"product","2":"type-product","3":"status-publish","5":"product_cat-hands-free","6":"pa_uses-work","8":"first","9":"instock","10":"shipping-taxable","11":"product-type-simple"},"acf":[],"yoast_head":"<!-- This site is optimized with the Yoast SEO plugin v27.4 - https:\/\/yoast.com\/product\/yoast-seo-wordpress\/ -->\n<title>Energizer Head Torch, Vision HD Headlight - Switzerland German<\/title>\n<meta name=\"robots\" content=\"index, follow, max-snippet:-1, max-image-preview:large, max-video-preview:-1\" \/>\n<link rel=\"canonical\" href=\"https:\/\/energizer.com\/eu\/switzerland_de\/product\/energizer-head-torch-vision-hd-headlight\/\" \/>\n<meta property=\"og:locale\" content=\"en_US\" \/>\n<meta property=\"og:type\" content=\"article\" \/>\n<meta property=\"og:title\" content=\"Energizer Head Torch, Vision HD Headlight - Switzerland German\" \/>\n<meta property=\"og:description\" content=\"Mit dieser leichten und vielseitigen Kopflampe haben Sie die H\u00e4nde frei und k\u00f6nnen jedes Abenteuer in vollen Z\u00fcgen genie\u00dfen. Die Energizer Vision HD Stirnlampe ist sowohl kompakt als auch freih\u00e4ndig - ideal f\u00fcr Heimwerker und Aktivit\u00e4ten, die beide H\u00e4nde erfordern. Sie leuchtet Ihnen bei allen Unternehmungen in der Dunkelheit den Weg, egal ob Sie campen, wandern oder laufen gehen. Diese LED-Kopflampe mit 300 Lumen leuchtet selbst die dunkelsten R\u00e4ume aus und leuchtet im hohen Modus bis zu 55 Meter weit, sodass Sie genau dort ausreichend Licht haben, wo Sie es brauchen.\" \/>\n<meta property=\"og:url\" content=\"https:\/\/energizer.com\/eu\/switzerland_de\/product\/energizer-head-torch-vision-hd-headlight\/\" \/>\n<meta property=\"og:site_name\" content=\"Switzerland German\" \/>\n<meta property=\"article:modified_time\" content=\"2024-08-23T09:35:17+00:00\" \/>\n<meta name=\"twitter:card\" content=\"summary_large_image\" \/>\n<script type=\"application\/ld+json\" class=\"yoast-schema-graph\">{\"@context\":\"https:\\\/\\\/schema.org\",\"@graph\":[{\"@type\":\"WebPage\",\"@id\":\"https:\\\/\\\/energizer.com\\\/eu\\\/switzerland_de\\\/product\\\/energizer-head-torch-vision-hd-headlight\\\/\",\"url\":\"https:\\\/\\\/energizer.com\\\/eu\\\/switzerland_de\\\/product\\\/energizer-head-torch-vision-hd-headlight\\\/\",\"name\":\"Energizer Head Torch, Vision HD Headlight - Switzerland German\",\"isPartOf\":{\"@id\":\"https:\\\/\\\/energizer.com\\\/eu\\\/switzerland_de\\\/#website\"},\"datePublished\":\"2024-05-22T12:24:22+00:00\",\"dateModified\":\"2024-08-23T09:35:17+00:00\",\"breadcrumb\":{\"@id\":\"https:\\\/\\\/energizer.com\\\/eu\\\/switzerland_de\\\/product\\\/energizer-head-torch-vision-hd-headlight\\\/#breadcrumb\"},\"inLanguage\":\"en-US\",\"potentialAction\":[{\"@type\":\"ReadAction\",\"target\":[\"https:\\\/\\\/energizer.com\\\/eu\\\/switzerland_de\\\/product\\\/energizer-head-torch-vision-hd-headlight\\\/\"]}]},{\"@type\":\"BreadcrumbList\",\"@id\":\"https:\\\/\\\/energizer.com\\\/eu\\\/switzerland_de\\\/product\\\/energizer-head-torch-vision-hd-headlight\\\/#breadcrumb\",\"itemListElement\":[{\"@type\":\"ListItem\",\"position\":1,\"name\":\"Home\",\"item\":\"https:\\\/\\\/energizer.com\\\/eu\\\/switzerland_de\\\/\"},{\"@type\":\"ListItem\",\"position\":2,\"name\":\"Energizer Head Torch, Vision HD Headlight\"}]},{\"@type\":\"WebSite\",\"@id\":\"https:\\\/\\\/energizer.com\\\/eu\\\/switzerland_de\\\/#website\",\"url\":\"https:\\\/\\\/energizer.com\\\/eu\\\/switzerland_de\\\/\",\"name\":\"Energizer Switzerland (DE)\",\"description\":\"\",\"publisher\":{\"@id\":\"https:\\\/\\\/energizer.com\\\/eu\\\/switzerland_de\\\/#organization\"},\"potentialAction\":[{\"@type\":\"SearchAction\",\"target\":{\"@type\":\"EntryPoint\",\"urlTemplate\":\"https:\\\/\\\/energizer.com\\\/eu\\\/switzerland_de\\\/?s={search_term_string}\"},\"query-input\":{\"@type\":\"PropertyValueSpecification\",\"valueRequired\":true,\"valueName\":\"search_term_string\"}}],\"inLanguage\":\"en-US\"},{\"@type\":\"Organization\",\"@id\":\"https:\\\/\\\/energizer.com\\\/eu\\\/switzerland_de\\\/#organization\",\"name\":\"Energizer Switzerland (DE)\",\"url\":\"https:\\\/\\\/energizer.com\\\/eu\\\/switzerland_de\\\/\",\"logo\":{\"@type\":\"ImageObject\",\"inLanguage\":\"en-US\",\"@id\":\"https:\\\/\\\/energizer.com\\\/eu\\\/switzerland_de\\\/#\\\/schema\\\/logo\\\/image\\\/\",\"url\":\"https:\\\/\\\/energizer.com\\\/eu\\\/switzerland_de\\\/wp-content\\\/uploads\\\/sites\\\/55\\\/2024\\\/04\\\/Energizer_brand.png\",\"contentUrl\":\"https:\\\/\\\/energizer.com\\\/eu\\\/switzerland_de\\\/wp-content\\\/uploads\\\/sites\\\/55\\\/2024\\\/04\\\/Energizer_brand.png\",\"width\":267,\"height\":100,\"caption\":\"Energizer Switzerland (DE)\"},\"image\":{\"@id\":\"https:\\\/\\\/energizer.com\\\/eu\\\/switzerland_de\\\/#\\\/schema\\\/logo\\\/image\\\/\"}}]}<\/script>\n<!-- \/ Yoast SEO plugin. -->","yoast_head_json":{"title":"Energizer Head Torch, Vision HD Headlight - Switzerland German","robots":{"index":"index","follow":"follow","max-snippet":"max-snippet:-1","max-image-preview":"max-image-preview:large","max-video-preview":"max-video-preview:-1"},"canonical":"https:\/\/energizer.com\/eu\/switzerland_de\/product\/energizer-head-torch-vision-hd-headlight\/","og_locale":"en_US","og_type":"article","og_title":"Energizer Head Torch, Vision HD Headlight - Switzerland German","og_description":"Mit dieser leichten und vielseitigen Kopflampe haben Sie die H\u00e4nde frei und k\u00f6nnen jedes Abenteuer in vollen Z\u00fcgen genie\u00dfen. Die Energizer Vision HD Stirnlampe ist sowohl kompakt als auch freih\u00e4ndig - ideal f\u00fcr Heimwerker und Aktivit\u00e4ten, die beide H\u00e4nde erfordern. Sie leuchtet Ihnen bei allen Unternehmungen in der Dunkelheit den Weg, egal ob Sie campen, wandern oder laufen gehen. Diese LED-Kopflampe mit 300 Lumen leuchtet selbst die dunkelsten R\u00e4ume aus und leuchtet im hohen Modus bis zu 55 Meter weit, sodass Sie genau dort ausreichend Licht haben, wo Sie es brauchen.","og_url":"https:\/\/energizer.com\/eu\/switzerland_de\/product\/energizer-head-torch-vision-hd-headlight\/","og_site_name":"Switzerland German","article_modified_time":"2024-08-23T09:35:17+00:00","twitter_card":"summary_large_image","schema":{"@context":"https:\/\/schema.org","@graph":[{"@type":"WebPage","@id":"https:\/\/energizer.com\/eu\/switzerland_de\/product\/energizer-head-torch-vision-hd-headlight\/","url":"https:\/\/energizer.com\/eu\/switzerland_de\/product\/energizer-head-torch-vision-hd-headlight\/","name":"Energizer Head Torch, Vision HD Headlight - Switzerland German","isPartOf":{"@id":"https:\/\/energizer.com\/eu\/switzerland_de\/#website"},"datePublished":"2024-05-22T12:24:22+00:00","dateModified":"2024-08-23T09:35:17+00:00","breadcrumb":{"@id":"https:\/\/energizer.com\/eu\/switzerland_de\/product\/energizer-head-torch-vision-hd-headlight\/#breadcrumb"},"inLanguage":"en-US","potentialAction":[{"@type":"ReadAction","target":["https:\/\/energizer.com\/eu\/switzerland_de\/product\/energizer-head-torch-vision-hd-headlight\/"]}]},{"@type":"BreadcrumbList","@id":"https:\/\/energizer.com\/eu\/switzerland_de\/product\/energizer-head-torch-vision-hd-headlight\/#breadcrumb","itemListElement":[{"@type":"ListItem","position":1,"name":"Home","item":"https:\/\/energizer.com\/eu\/switzerland_de\/"},{"@type":"ListItem","position":2,"name":"Energizer Head Torch, Vision HD Headlight"}]},{"@type":"WebSite","@id":"https:\/\/energizer.com\/eu\/switzerland_de\/#website","url":"https:\/\/energizer.com\/eu\/switzerland_de\/","name":"Energizer Switzerland (DE)","description":"","publisher":{"@id":"https:\/\/energizer.com\/eu\/switzerland_de\/#organization"},"potentialAction":[{"@type":"SearchAction","target":{"@type":"EntryPoint","urlTemplate":"https:\/\/energizer.com\/eu\/switzerland_de\/?s={search_term_string}"},"query-input":{"@type":"PropertyValueSpecification","valueRequired":true,"valueName":"search_term_string"}}],"inLanguage":"en-US"},{"@type":"Organization","@id":"https:\/\/energizer.com\/eu\/switzerland_de\/#organization","name":"Energizer Switzerland (DE)","url":"https:\/\/energizer.com\/eu\/switzerland_de\/","logo":{"@type":"ImageObject","inLanguage":"en-US","@id":"https:\/\/energizer.com\/eu\/switzerland_de\/#\/schema\/logo\/image\/","url":"https:\/\/energizer.com\/eu\/switzerland_de\/wp-content\/uploads\/sites\/55\/2024\/04\/Energizer_brand.png","contentUrl":"https:\/\/energizer.com\/eu\/switzerland_de\/wp-content\/uploads\/sites\/55\/2024\/04\/Energizer_brand.png","width":267,"height":100,"caption":"Energizer Switzerland (DE)"},"image":{"@id":"https:\/\/energizer.com\/eu\/switzerland_de\/#\/schema\/logo\/image\/"}}]}},"_links":{"self":[{"href":"https:\/\/energizer.com\/eu\/switzerland_de\/wp-json\/wp\/v2\/product\/5518","targetHints":{"allow":["GET"]}}],"collection":[{"href":"https:\/\/energizer.com\/eu\/switzerland_de\/wp-json\/wp\/v2\/product"}],"about":[{"href":"https:\/\/energizer.com\/eu\/switzerland_de\/wp-json\/wp\/v2\/types\/product"}],"replies":[{"embeddable":true,"href":"https:\/\/energizer.com\/eu\/switzerland_de\/wp-json\/wp\/v2\/comments?post=5518"}],"version-history":[{"count":4,"href":"https:\/\/energizer.com\/eu\/switzerland_de\/wp-json\/wp\/v2\/product\/5518\/revisions"}],"predecessor-version":[{"id":9091,"href":"https:\/\/energizer.com\/eu\/switzerland_de\/wp-json\/wp\/v2\/product\/5518\/revisions\/9091"}],"wp:attachment":[{"href":"https:\/\/energizer.com\/eu\/switzerland_de\/wp-json\/wp\/v2\/media?parent=5518"}],"wp:term":[{"taxonomy":"product_brand","embeddable":true,"href":"https:\/\/energizer.com\/eu\/switzerland_de\/wp-json\/wp\/v2\/product_brand?post=5518"},{"taxonomy":"product_cat","embeddable":true,"href":"https:\/\/energizer.com\/eu\/switzerland_de\/wp-json\/wp\/v2\/product_cat?post=5518"},{"taxonomy":"product_tag","embeddable":true,"href":"https:\/\/energizer.com\/eu\/switzerland_de\/wp-json\/wp\/v2\/product_tag?post=5518"}],"curies":[{"name":"wp","href":"https:\/\/api.w.org\/{rel}","templated":true}]}}