{"id":5520,"date":"2024-05-22T12:28:24","date_gmt":"2024-05-22T12:28:24","guid":{"rendered":"https:\/\/23b13e8ab3.nxcli.io\/switzerland-german\/?post_type=product&#038;p=5520"},"modified":"2024-08-23T09:35:14","modified_gmt":"2024-08-23T09:35:14","slug":"energizer-hard-case-led-headlamp","status":"publish","type":"product","link":"https:\/\/energizer.com\/eu\/switzerland_de\/product\/energizer-hard-case-led-headlamp\/","title":{"rendered":"Energizer Hard Case LED Headlamp"},"content":{"rendered":"<ul>\n<li>Diese langlebige, robuste Stirnlampe wird mit 3 Energizer MAX AA-Batterien betrieben (im Lieferumfang enthalten)<\/li>\n<li>Die Hochleistungs-LED-Technologie liefert einen starken Lichtstrahl von bis zu 325 Lumen, der im hohen Modus bis zu 100 Meter weit reicht<\/li>\n<li>Rutschfester Kopfriemen und verstellbares Band passen auf Standardhelme und Schutzhelme<\/li>\n<li>Robuste Konstruktion, die St\u00fcrze aus bis zu 7 Metern H\u00f6he \u00fcbersteht<\/li>\n<li>Mit praktischem, schwenkbarem Kopf, der einen starken Lichtstrahl abgibt<\/li>\n<li>Einfaches Umschalten zwischen Flut- und\/oder Spotlichtmodus<\/li>\n<li>Bereit f\u00fcr jedes Wetter: Wasserdicht nach IPX4-Standard<\/li>\n<\/ul>\n","protected":false},"excerpt":{"rendered":"<p>Mit der Energizer Hard Case Professional Rugged LED Headlamp haben Sie die H\u00e4nde frei. Schwenken Sie die Stirnlampe und richten Sie ihren leistungsstarken LED-Lichtstrahl bis zu 100 Meter weit (bei hoher Einstellung). Mit den Betriebsmodi Full Power, Spot oder Flood k\u00f6nnen Sie 6,5 Stunden lang (im High-Modus) oder 22 Stunden lang (im Low-Modus) mit voller Leistung leuchten. Diese Stirnlampe ist selbst f\u00fcr die anspruchsvollsten Aufgaben geeignet: Das robuste Geh\u00e4use ist witterungsbest\u00e4ndig und \u00fcbersteht selbst St\u00fcrze aus bis zu 7 Metern H\u00f6he. Das bequeme, verstellbare Stirnband dieser Stirnlampe ist leicht zu tragen und passt wie angegossen. Tragen Sie einen Schutzhelm oder einen Helm? Kein Problem &#8211; das rutschfeste Band dieser Energizer-Stirnlampe h\u00e4lt, wenn Sie es f\u00fcr stabiles Licht brauchen.<\/p>\n","protected":false},"featured_media":0,"comment_status":"open","ping_status":"closed","template":"","meta":{"_acf_changed":false},"product_brand":[],"product_cat":[43],"product_tag":[],"class_list":{"0":"post-5520","1":"product","2":"type-product","3":"status-publish","5":"product_cat-hands-free","6":"pa_uses-work","8":"first","9":"instock","10":"shipping-taxable","11":"product-type-simple"},"acf":[],"yoast_head":"<!-- This site is optimized with the Yoast SEO plugin v27.4 - https:\/\/yoast.com\/product\/yoast-seo-wordpress\/ -->\n<title>Energizer Hard Case LED Headlamp - Switzerland German<\/title>\n<meta name=\"robots\" content=\"index, follow, max-snippet:-1, max-image-preview:large, max-video-preview:-1\" \/>\n<link rel=\"canonical\" href=\"https:\/\/energizer.com\/eu\/switzerland_de\/product\/energizer-hard-case-led-headlamp\/\" \/>\n<meta property=\"og:locale\" content=\"en_US\" \/>\n<meta property=\"og:type\" content=\"article\" \/>\n<meta property=\"og:title\" content=\"Energizer Hard Case LED Headlamp - Switzerland German\" \/>\n<meta property=\"og:description\" content=\"Mit der Energizer Hard Case Professional Rugged LED Headlamp haben Sie die H\u00e4nde frei. Schwenken Sie die Stirnlampe und richten Sie ihren leistungsstarken LED-Lichtstrahl bis zu 100 Meter weit (bei hoher Einstellung). Mit den Betriebsmodi Full Power, Spot oder Flood k\u00f6nnen Sie 6,5 Stunden lang (im High-Modus) oder 22 Stunden lang (im Low-Modus) mit voller Leistung leuchten. Diese Stirnlampe ist selbst f\u00fcr die anspruchsvollsten Aufgaben geeignet: Das robuste Geh\u00e4use ist witterungsbest\u00e4ndig und \u00fcbersteht selbst St\u00fcrze aus bis zu 7 Metern H\u00f6he. Das bequeme, verstellbare Stirnband dieser Stirnlampe ist leicht zu tragen und passt wie angegossen. Tragen Sie einen Schutzhelm oder einen Helm? Kein Problem - das rutschfeste Band dieser Energizer-Stirnlampe h\u00e4lt, wenn Sie es f\u00fcr stabiles Licht brauchen.\" \/>\n<meta property=\"og:url\" content=\"https:\/\/energizer.com\/eu\/switzerland_de\/product\/energizer-hard-case-led-headlamp\/\" \/>\n<meta property=\"og:site_name\" content=\"Switzerland German\" \/>\n<meta property=\"article:modified_time\" content=\"2024-08-23T09:35:14+00:00\" \/>\n<meta name=\"twitter:card\" content=\"summary_large_image\" \/>\n<script type=\"application\/ld+json\" class=\"yoast-schema-graph\">{\"@context\":\"https:\\\/\\\/schema.org\",\"@graph\":[{\"@type\":\"WebPage\",\"@id\":\"https:\\\/\\\/energizer.com\\\/eu\\\/switzerland_de\\\/product\\\/energizer-hard-case-led-headlamp\\\/\",\"url\":\"https:\\\/\\\/energizer.com\\\/eu\\\/switzerland_de\\\/product\\\/energizer-hard-case-led-headlamp\\\/\",\"name\":\"Energizer Hard Case LED Headlamp - Switzerland German\",\"isPartOf\":{\"@id\":\"https:\\\/\\\/energizer.com\\\/eu\\\/switzerland_de\\\/#website\"},\"datePublished\":\"2024-05-22T12:28:24+00:00\",\"dateModified\":\"2024-08-23T09:35:14+00:00\",\"breadcrumb\":{\"@id\":\"https:\\\/\\\/energizer.com\\\/eu\\\/switzerland_de\\\/product\\\/energizer-hard-case-led-headlamp\\\/#breadcrumb\"},\"inLanguage\":\"en-US\",\"potentialAction\":[{\"@type\":\"ReadAction\",\"target\":[\"https:\\\/\\\/energizer.com\\\/eu\\\/switzerland_de\\\/product\\\/energizer-hard-case-led-headlamp\\\/\"]}]},{\"@type\":\"BreadcrumbList\",\"@id\":\"https:\\\/\\\/energizer.com\\\/eu\\\/switzerland_de\\\/product\\\/energizer-hard-case-led-headlamp\\\/#breadcrumb\",\"itemListElement\":[{\"@type\":\"ListItem\",\"position\":1,\"name\":\"Home\",\"item\":\"https:\\\/\\\/energizer.com\\\/eu\\\/switzerland_de\\\/\"},{\"@type\":\"ListItem\",\"position\":2,\"name\":\"Energizer Hard Case LED Headlamp\"}]},{\"@type\":\"WebSite\",\"@id\":\"https:\\\/\\\/energizer.com\\\/eu\\\/switzerland_de\\\/#website\",\"url\":\"https:\\\/\\\/energizer.com\\\/eu\\\/switzerland_de\\\/\",\"name\":\"Energizer Switzerland (DE)\",\"description\":\"\",\"publisher\":{\"@id\":\"https:\\\/\\\/energizer.com\\\/eu\\\/switzerland_de\\\/#organization\"},\"potentialAction\":[{\"@type\":\"SearchAction\",\"target\":{\"@type\":\"EntryPoint\",\"urlTemplate\":\"https:\\\/\\\/energizer.com\\\/eu\\\/switzerland_de\\\/?s={search_term_string}\"},\"query-input\":{\"@type\":\"PropertyValueSpecification\",\"valueRequired\":true,\"valueName\":\"search_term_string\"}}],\"inLanguage\":\"en-US\"},{\"@type\":\"Organization\",\"@id\":\"https:\\\/\\\/energizer.com\\\/eu\\\/switzerland_de\\\/#organization\",\"name\":\"Energizer Switzerland (DE)\",\"url\":\"https:\\\/\\\/energizer.com\\\/eu\\\/switzerland_de\\\/\",\"logo\":{\"@type\":\"ImageObject\",\"inLanguage\":\"en-US\",\"@id\":\"https:\\\/\\\/energizer.com\\\/eu\\\/switzerland_de\\\/#\\\/schema\\\/logo\\\/image\\\/\",\"url\":\"https:\\\/\\\/energizer.com\\\/eu\\\/switzerland_de\\\/wp-content\\\/uploads\\\/sites\\\/55\\\/2024\\\/04\\\/Energizer_brand.png\",\"contentUrl\":\"https:\\\/\\\/energizer.com\\\/eu\\\/switzerland_de\\\/wp-content\\\/uploads\\\/sites\\\/55\\\/2024\\\/04\\\/Energizer_brand.png\",\"width\":267,\"height\":100,\"caption\":\"Energizer Switzerland (DE)\"},\"image\":{\"@id\":\"https:\\\/\\\/energizer.com\\\/eu\\\/switzerland_de\\\/#\\\/schema\\\/logo\\\/image\\\/\"}}]}<\/script>\n<!-- \/ Yoast SEO plugin. -->","yoast_head_json":{"title":"Energizer Hard Case LED Headlamp - Switzerland German","robots":{"index":"index","follow":"follow","max-snippet":"max-snippet:-1","max-image-preview":"max-image-preview:large","max-video-preview":"max-video-preview:-1"},"canonical":"https:\/\/energizer.com\/eu\/switzerland_de\/product\/energizer-hard-case-led-headlamp\/","og_locale":"en_US","og_type":"article","og_title":"Energizer Hard Case LED Headlamp - Switzerland German","og_description":"Mit der Energizer Hard Case Professional Rugged LED Headlamp haben Sie die H\u00e4nde frei. Schwenken Sie die Stirnlampe und richten Sie ihren leistungsstarken LED-Lichtstrahl bis zu 100 Meter weit (bei hoher Einstellung). Mit den Betriebsmodi Full Power, Spot oder Flood k\u00f6nnen Sie 6,5 Stunden lang (im High-Modus) oder 22 Stunden lang (im Low-Modus) mit voller Leistung leuchten. Diese Stirnlampe ist selbst f\u00fcr die anspruchsvollsten Aufgaben geeignet: Das robuste Geh\u00e4use ist witterungsbest\u00e4ndig und \u00fcbersteht selbst St\u00fcrze aus bis zu 7 Metern H\u00f6he. Das bequeme, verstellbare Stirnband dieser Stirnlampe ist leicht zu tragen und passt wie angegossen. Tragen Sie einen Schutzhelm oder einen Helm? Kein Problem - das rutschfeste Band dieser Energizer-Stirnlampe h\u00e4lt, wenn Sie es f\u00fcr stabiles Licht brauchen.","og_url":"https:\/\/energizer.com\/eu\/switzerland_de\/product\/energizer-hard-case-led-headlamp\/","og_site_name":"Switzerland German","article_modified_time":"2024-08-23T09:35:14+00:00","twitter_card":"summary_large_image","schema":{"@context":"https:\/\/schema.org","@graph":[{"@type":"WebPage","@id":"https:\/\/energizer.com\/eu\/switzerland_de\/product\/energizer-hard-case-led-headlamp\/","url":"https:\/\/energizer.com\/eu\/switzerland_de\/product\/energizer-hard-case-led-headlamp\/","name":"Energizer Hard Case LED Headlamp - Switzerland German","isPartOf":{"@id":"https:\/\/energizer.com\/eu\/switzerland_de\/#website"},"datePublished":"2024-05-22T12:28:24+00:00","dateModified":"2024-08-23T09:35:14+00:00","breadcrumb":{"@id":"https:\/\/energizer.com\/eu\/switzerland_de\/product\/energizer-hard-case-led-headlamp\/#breadcrumb"},"inLanguage":"en-US","potentialAction":[{"@type":"ReadAction","target":["https:\/\/energizer.com\/eu\/switzerland_de\/product\/energizer-hard-case-led-headlamp\/"]}]},{"@type":"BreadcrumbList","@id":"https:\/\/energizer.com\/eu\/switzerland_de\/product\/energizer-hard-case-led-headlamp\/#breadcrumb","itemListElement":[{"@type":"ListItem","position":1,"name":"Home","item":"https:\/\/energizer.com\/eu\/switzerland_de\/"},{"@type":"ListItem","position":2,"name":"Energizer Hard Case LED Headlamp"}]},{"@type":"WebSite","@id":"https:\/\/energizer.com\/eu\/switzerland_de\/#website","url":"https:\/\/energizer.com\/eu\/switzerland_de\/","name":"Energizer Switzerland (DE)","description":"","publisher":{"@id":"https:\/\/energizer.com\/eu\/switzerland_de\/#organization"},"potentialAction":[{"@type":"SearchAction","target":{"@type":"EntryPoint","urlTemplate":"https:\/\/energizer.com\/eu\/switzerland_de\/?s={search_term_string}"},"query-input":{"@type":"PropertyValueSpecification","valueRequired":true,"valueName":"search_term_string"}}],"inLanguage":"en-US"},{"@type":"Organization","@id":"https:\/\/energizer.com\/eu\/switzerland_de\/#organization","name":"Energizer Switzerland (DE)","url":"https:\/\/energizer.com\/eu\/switzerland_de\/","logo":{"@type":"ImageObject","inLanguage":"en-US","@id":"https:\/\/energizer.com\/eu\/switzerland_de\/#\/schema\/logo\/image\/","url":"https:\/\/energizer.com\/eu\/switzerland_de\/wp-content\/uploads\/sites\/55\/2024\/04\/Energizer_brand.png","contentUrl":"https:\/\/energizer.com\/eu\/switzerland_de\/wp-content\/uploads\/sites\/55\/2024\/04\/Energizer_brand.png","width":267,"height":100,"caption":"Energizer Switzerland (DE)"},"image":{"@id":"https:\/\/energizer.com\/eu\/switzerland_de\/#\/schema\/logo\/image\/"}}]}},"_links":{"self":[{"href":"https:\/\/energizer.com\/eu\/switzerland_de\/wp-json\/wp\/v2\/product\/5520","targetHints":{"allow":["GET"]}}],"collection":[{"href":"https:\/\/energizer.com\/eu\/switzerland_de\/wp-json\/wp\/v2\/product"}],"about":[{"href":"https:\/\/energizer.com\/eu\/switzerland_de\/wp-json\/wp\/v2\/types\/product"}],"replies":[{"embeddable":true,"href":"https:\/\/energizer.com\/eu\/switzerland_de\/wp-json\/wp\/v2\/comments?post=5520"}],"version-history":[{"count":3,"href":"https:\/\/energizer.com\/eu\/switzerland_de\/wp-json\/wp\/v2\/product\/5520\/revisions"}],"predecessor-version":[{"id":7931,"href":"https:\/\/energizer.com\/eu\/switzerland_de\/wp-json\/wp\/v2\/product\/5520\/revisions\/7931"}],"wp:attachment":[{"href":"https:\/\/energizer.com\/eu\/switzerland_de\/wp-json\/wp\/v2\/media?parent=5520"}],"wp:term":[{"taxonomy":"product_brand","embeddable":true,"href":"https:\/\/energizer.com\/eu\/switzerland_de\/wp-json\/wp\/v2\/product_brand?post=5520"},{"taxonomy":"product_cat","embeddable":true,"href":"https:\/\/energizer.com\/eu\/switzerland_de\/wp-json\/wp\/v2\/product_cat?post=5520"},{"taxonomy":"product_tag","embeddable":true,"href":"https:\/\/energizer.com\/eu\/switzerland_de\/wp-json\/wp\/v2\/product_tag?post=5520"}],"curies":[{"name":"wp","href":"https:\/\/api.w.org\/{rel}","templated":true}]}}