{"id":5522,"date":"2024-05-22T12:29:45","date_gmt":"2024-05-22T12:29:45","guid":{"rendered":"https:\/\/23b13e8ab3.nxcli.io\/switzerland-german\/?post_type=product&#038;p=5522"},"modified":"2024-08-23T09:31:11","modified_gmt":"2024-08-23T09:31:11","slug":"energizer-hardcase-magnet-400-headlight","status":"publish","type":"product","link":"https:\/\/energizer.com\/eu\/switzerland_de\/product\/energizer-hardcase-magnet-400-headlight\/","title":{"rendered":"Energizer Hardcase MAGNET 400 Headlight"},"content":{"rendered":"<ul>\n<li>Diese langlebige, vielseitige magnetische Stirnlampe funktioniert mit 3 Energizer MAX AAA-Batterien (im Lieferumfang enthalten)<\/li>\n<li>Als Stirnlampe zu tragen oder die Leuchteinheit abzunehmen und an magnetischen Oberfl\u00e4chen zu befestigen<\/li>\n<li>Liefert bis zu 400 Lumen Licht, das 5-mal heller ist als herk\u00f6mmliche LED-Technologie, mit einer Leuchtweite von bis zu 60 Metern<\/li>\n<li>Rutschfester Kopfriemen und verstellbares Band passen auf Standardhelme und Schutzhelme<\/li>\n<li>Robustes Geh\u00e4use, das St\u00fcrze aus bis zu 7 Metern H\u00f6he \u00fcbersteht<\/li>\n<li>Umschalten zwischen 2 Lichtmodi: Spot f\u00fcr gezielte Aufgabenbeleuchtung oder Flood f\u00fcr breites, gleichm\u00e4\u00dfiges Licht<\/li>\n<li>Bereit f\u00fcr jedes Wetter: Wasserdicht nach IPX4-Standard<\/li>\n<\/ul>\n","protected":false},"excerpt":{"rendered":"<p>Lernen Sie die multifunktionale und vielseitige Lichtleistung der Energizer Hard Case Professional Magnetic Headlamp kennen. Mit einer Lichtleistung von bis zu 400 Lumen (5-mal heller als herk\u00f6mmliche LED-Technologie) und einer Leuchtweite von bis zu 60 Metern ist diese Stirnlampe f\u00fcr jede Aufgabe geeignet &#8211; von der Arbeit unter Tage bis zur Arbeit unter der Motorhaube eines Autos. Tragen Sie sie als freih\u00e4ndige Arbeitsleuchte oder nehmen Sie die magnetische Stirnlampe ab, um sie \u00fcberall dort anzubringen, wo mehr Licht ben\u00f6tigt wird. Mit ihrer IPX4-Wetterfestigkeit ist diese strapazierf\u00e4hige Stirnlampe f\u00fcr den Einsatz bei Wind und Wetter ausgelegt. Und dank ihrer Sto\u00dffestigkeit \u00fcbersteht sie St\u00fcrze aus bis zu 7 Metern H\u00f6he, sodass Sie auch unter den h\u00e4rtesten Arbeitsbedingungen das ben\u00f6tigte Licht erhalten.<\/p>\n","protected":false},"featured_media":0,"comment_status":"open","ping_status":"closed","template":"","meta":{"_acf_changed":false},"product_brand":[],"product_cat":[43],"product_tag":[],"class_list":{"0":"post-5522","1":"product","2":"type-product","3":"status-publish","5":"product_cat-hands-free","6":"pa_uses-work","8":"first","9":"instock","10":"shipping-taxable","11":"product-type-simple"},"acf":[],"yoast_head":"<!-- This site is optimized with the Yoast SEO plugin v27.4 - https:\/\/yoast.com\/product\/yoast-seo-wordpress\/ -->\n<title>Energizer Hardcase MAGNET 400 Headlight - Switzerland German<\/title>\n<meta name=\"robots\" content=\"index, follow, max-snippet:-1, max-image-preview:large, max-video-preview:-1\" \/>\n<link rel=\"canonical\" href=\"https:\/\/energizer.com\/eu\/switzerland_de\/product\/energizer-hardcase-magnet-400-headlight\/\" \/>\n<meta property=\"og:locale\" content=\"en_US\" \/>\n<meta property=\"og:type\" content=\"article\" \/>\n<meta property=\"og:title\" content=\"Energizer Hardcase MAGNET 400 Headlight - Switzerland German\" \/>\n<meta property=\"og:description\" content=\"Lernen Sie die multifunktionale und vielseitige Lichtleistung der Energizer Hard Case Professional Magnetic Headlamp kennen. Mit einer Lichtleistung von bis zu 400 Lumen (5-mal heller als herk\u00f6mmliche LED-Technologie) und einer Leuchtweite von bis zu 60 Metern ist diese Stirnlampe f\u00fcr jede Aufgabe geeignet - von der Arbeit unter Tage bis zur Arbeit unter der Motorhaube eines Autos. Tragen Sie sie als freih\u00e4ndige Arbeitsleuchte oder nehmen Sie die magnetische Stirnlampe ab, um sie \u00fcberall dort anzubringen, wo mehr Licht ben\u00f6tigt wird. Mit ihrer IPX4-Wetterfestigkeit ist diese strapazierf\u00e4hige Stirnlampe f\u00fcr den Einsatz bei Wind und Wetter ausgelegt. Und dank ihrer Sto\u00dffestigkeit \u00fcbersteht sie St\u00fcrze aus bis zu 7 Metern H\u00f6he, sodass Sie auch unter den h\u00e4rtesten Arbeitsbedingungen das ben\u00f6tigte Licht erhalten.\" \/>\n<meta property=\"og:url\" content=\"https:\/\/energizer.com\/eu\/switzerland_de\/product\/energizer-hardcase-magnet-400-headlight\/\" \/>\n<meta property=\"og:site_name\" content=\"Switzerland German\" \/>\n<meta property=\"article:modified_time\" content=\"2024-08-23T09:31:11+00:00\" \/>\n<meta name=\"twitter:card\" content=\"summary_large_image\" \/>\n<script type=\"application\/ld+json\" class=\"yoast-schema-graph\">{\"@context\":\"https:\\\/\\\/schema.org\",\"@graph\":[{\"@type\":\"WebPage\",\"@id\":\"https:\\\/\\\/energizer.com\\\/eu\\\/switzerland_de\\\/product\\\/energizer-hardcase-magnet-400-headlight\\\/\",\"url\":\"https:\\\/\\\/energizer.com\\\/eu\\\/switzerland_de\\\/product\\\/energizer-hardcase-magnet-400-headlight\\\/\",\"name\":\"Energizer Hardcase MAGNET 400 Headlight - Switzerland German\",\"isPartOf\":{\"@id\":\"https:\\\/\\\/energizer.com\\\/eu\\\/switzerland_de\\\/#website\"},\"datePublished\":\"2024-05-22T12:29:45+00:00\",\"dateModified\":\"2024-08-23T09:31:11+00:00\",\"breadcrumb\":{\"@id\":\"https:\\\/\\\/energizer.com\\\/eu\\\/switzerland_de\\\/product\\\/energizer-hardcase-magnet-400-headlight\\\/#breadcrumb\"},\"inLanguage\":\"en-US\",\"potentialAction\":[{\"@type\":\"ReadAction\",\"target\":[\"https:\\\/\\\/energizer.com\\\/eu\\\/switzerland_de\\\/product\\\/energizer-hardcase-magnet-400-headlight\\\/\"]}]},{\"@type\":\"BreadcrumbList\",\"@id\":\"https:\\\/\\\/energizer.com\\\/eu\\\/switzerland_de\\\/product\\\/energizer-hardcase-magnet-400-headlight\\\/#breadcrumb\",\"itemListElement\":[{\"@type\":\"ListItem\",\"position\":1,\"name\":\"Home\",\"item\":\"https:\\\/\\\/energizer.com\\\/eu\\\/switzerland_de\\\/\"},{\"@type\":\"ListItem\",\"position\":2,\"name\":\"Energizer Hardcase MAGNET 400 Headlight\"}]},{\"@type\":\"WebSite\",\"@id\":\"https:\\\/\\\/energizer.com\\\/eu\\\/switzerland_de\\\/#website\",\"url\":\"https:\\\/\\\/energizer.com\\\/eu\\\/switzerland_de\\\/\",\"name\":\"Energizer Switzerland (DE)\",\"description\":\"\",\"publisher\":{\"@id\":\"https:\\\/\\\/energizer.com\\\/eu\\\/switzerland_de\\\/#organization\"},\"potentialAction\":[{\"@type\":\"SearchAction\",\"target\":{\"@type\":\"EntryPoint\",\"urlTemplate\":\"https:\\\/\\\/energizer.com\\\/eu\\\/switzerland_de\\\/?s={search_term_string}\"},\"query-input\":{\"@type\":\"PropertyValueSpecification\",\"valueRequired\":true,\"valueName\":\"search_term_string\"}}],\"inLanguage\":\"en-US\"},{\"@type\":\"Organization\",\"@id\":\"https:\\\/\\\/energizer.com\\\/eu\\\/switzerland_de\\\/#organization\",\"name\":\"Energizer Switzerland (DE)\",\"url\":\"https:\\\/\\\/energizer.com\\\/eu\\\/switzerland_de\\\/\",\"logo\":{\"@type\":\"ImageObject\",\"inLanguage\":\"en-US\",\"@id\":\"https:\\\/\\\/energizer.com\\\/eu\\\/switzerland_de\\\/#\\\/schema\\\/logo\\\/image\\\/\",\"url\":\"https:\\\/\\\/energizer.com\\\/eu\\\/switzerland_de\\\/wp-content\\\/uploads\\\/sites\\\/55\\\/2024\\\/04\\\/Energizer_brand.png\",\"contentUrl\":\"https:\\\/\\\/energizer.com\\\/eu\\\/switzerland_de\\\/wp-content\\\/uploads\\\/sites\\\/55\\\/2024\\\/04\\\/Energizer_brand.png\",\"width\":267,\"height\":100,\"caption\":\"Energizer Switzerland (DE)\"},\"image\":{\"@id\":\"https:\\\/\\\/energizer.com\\\/eu\\\/switzerland_de\\\/#\\\/schema\\\/logo\\\/image\\\/\"}}]}<\/script>\n<!-- \/ Yoast SEO plugin. -->","yoast_head_json":{"title":"Energizer Hardcase MAGNET 400 Headlight - Switzerland German","robots":{"index":"index","follow":"follow","max-snippet":"max-snippet:-1","max-image-preview":"max-image-preview:large","max-video-preview":"max-video-preview:-1"},"canonical":"https:\/\/energizer.com\/eu\/switzerland_de\/product\/energizer-hardcase-magnet-400-headlight\/","og_locale":"en_US","og_type":"article","og_title":"Energizer Hardcase MAGNET 400 Headlight - Switzerland German","og_description":"Lernen Sie die multifunktionale und vielseitige Lichtleistung der Energizer Hard Case Professional Magnetic Headlamp kennen. Mit einer Lichtleistung von bis zu 400 Lumen (5-mal heller als herk\u00f6mmliche LED-Technologie) und einer Leuchtweite von bis zu 60 Metern ist diese Stirnlampe f\u00fcr jede Aufgabe geeignet - von der Arbeit unter Tage bis zur Arbeit unter der Motorhaube eines Autos. Tragen Sie sie als freih\u00e4ndige Arbeitsleuchte oder nehmen Sie die magnetische Stirnlampe ab, um sie \u00fcberall dort anzubringen, wo mehr Licht ben\u00f6tigt wird. Mit ihrer IPX4-Wetterfestigkeit ist diese strapazierf\u00e4hige Stirnlampe f\u00fcr den Einsatz bei Wind und Wetter ausgelegt. Und dank ihrer Sto\u00dffestigkeit \u00fcbersteht sie St\u00fcrze aus bis zu 7 Metern H\u00f6he, sodass Sie auch unter den h\u00e4rtesten Arbeitsbedingungen das ben\u00f6tigte Licht erhalten.","og_url":"https:\/\/energizer.com\/eu\/switzerland_de\/product\/energizer-hardcase-magnet-400-headlight\/","og_site_name":"Switzerland German","article_modified_time":"2024-08-23T09:31:11+00:00","twitter_card":"summary_large_image","schema":{"@context":"https:\/\/schema.org","@graph":[{"@type":"WebPage","@id":"https:\/\/energizer.com\/eu\/switzerland_de\/product\/energizer-hardcase-magnet-400-headlight\/","url":"https:\/\/energizer.com\/eu\/switzerland_de\/product\/energizer-hardcase-magnet-400-headlight\/","name":"Energizer Hardcase MAGNET 400 Headlight - Switzerland German","isPartOf":{"@id":"https:\/\/energizer.com\/eu\/switzerland_de\/#website"},"datePublished":"2024-05-22T12:29:45+00:00","dateModified":"2024-08-23T09:31:11+00:00","breadcrumb":{"@id":"https:\/\/energizer.com\/eu\/switzerland_de\/product\/energizer-hardcase-magnet-400-headlight\/#breadcrumb"},"inLanguage":"en-US","potentialAction":[{"@type":"ReadAction","target":["https:\/\/energizer.com\/eu\/switzerland_de\/product\/energizer-hardcase-magnet-400-headlight\/"]}]},{"@type":"BreadcrumbList","@id":"https:\/\/energizer.com\/eu\/switzerland_de\/product\/energizer-hardcase-magnet-400-headlight\/#breadcrumb","itemListElement":[{"@type":"ListItem","position":1,"name":"Home","item":"https:\/\/energizer.com\/eu\/switzerland_de\/"},{"@type":"ListItem","position":2,"name":"Energizer Hardcase MAGNET 400 Headlight"}]},{"@type":"WebSite","@id":"https:\/\/energizer.com\/eu\/switzerland_de\/#website","url":"https:\/\/energizer.com\/eu\/switzerland_de\/","name":"Energizer Switzerland (DE)","description":"","publisher":{"@id":"https:\/\/energizer.com\/eu\/switzerland_de\/#organization"},"potentialAction":[{"@type":"SearchAction","target":{"@type":"EntryPoint","urlTemplate":"https:\/\/energizer.com\/eu\/switzerland_de\/?s={search_term_string}"},"query-input":{"@type":"PropertyValueSpecification","valueRequired":true,"valueName":"search_term_string"}}],"inLanguage":"en-US"},{"@type":"Organization","@id":"https:\/\/energizer.com\/eu\/switzerland_de\/#organization","name":"Energizer Switzerland (DE)","url":"https:\/\/energizer.com\/eu\/switzerland_de\/","logo":{"@type":"ImageObject","inLanguage":"en-US","@id":"https:\/\/energizer.com\/eu\/switzerland_de\/#\/schema\/logo\/image\/","url":"https:\/\/energizer.com\/eu\/switzerland_de\/wp-content\/uploads\/sites\/55\/2024\/04\/Energizer_brand.png","contentUrl":"https:\/\/energizer.com\/eu\/switzerland_de\/wp-content\/uploads\/sites\/55\/2024\/04\/Energizer_brand.png","width":267,"height":100,"caption":"Energizer Switzerland (DE)"},"image":{"@id":"https:\/\/energizer.com\/eu\/switzerland_de\/#\/schema\/logo\/image\/"}}]}},"_links":{"self":[{"href":"https:\/\/energizer.com\/eu\/switzerland_de\/wp-json\/wp\/v2\/product\/5522","targetHints":{"allow":["GET"]}}],"collection":[{"href":"https:\/\/energizer.com\/eu\/switzerland_de\/wp-json\/wp\/v2\/product"}],"about":[{"href":"https:\/\/energizer.com\/eu\/switzerland_de\/wp-json\/wp\/v2\/types\/product"}],"replies":[{"embeddable":true,"href":"https:\/\/energizer.com\/eu\/switzerland_de\/wp-json\/wp\/v2\/comments?post=5522"}],"version-history":[{"count":3,"href":"https:\/\/energizer.com\/eu\/switzerland_de\/wp-json\/wp\/v2\/product\/5522\/revisions"}],"predecessor-version":[{"id":7937,"href":"https:\/\/energizer.com\/eu\/switzerland_de\/wp-json\/wp\/v2\/product\/5522\/revisions\/7937"}],"wp:attachment":[{"href":"https:\/\/energizer.com\/eu\/switzerland_de\/wp-json\/wp\/v2\/media?parent=5522"}],"wp:term":[{"taxonomy":"product_brand","embeddable":true,"href":"https:\/\/energizer.com\/eu\/switzerland_de\/wp-json\/wp\/v2\/product_brand?post=5522"},{"taxonomy":"product_cat","embeddable":true,"href":"https:\/\/energizer.com\/eu\/switzerland_de\/wp-json\/wp\/v2\/product_cat?post=5522"},{"taxonomy":"product_tag","embeddable":true,"href":"https:\/\/energizer.com\/eu\/switzerland_de\/wp-json\/wp\/v2\/product_tag?post=5522"}],"curies":[{"name":"wp","href":"https:\/\/api.w.org\/{rel}","templated":true}]}}