{"id":5530,"date":"2024-05-22T12:41:24","date_gmt":"2024-05-22T12:41:24","guid":{"rendered":"https:\/\/23b13e8ab3.nxcli.io\/switzerland-german\/?post_type=product&#038;p=5530"},"modified":"2024-08-23T09:31:02","modified_gmt":"2024-08-23T09:31:02","slug":"energizer-atex-3aaa-120-headlight","status":"publish","type":"product","link":"https:\/\/energizer.com\/eu\/switzerland_de\/product\/energizer-atex-3aaa-120-headlight\/","title":{"rendered":"Energizer ATEX 3AAA  120  Headlight"},"content":{"rendered":"<ul>\n<li>Eigensicheres (ATEX) Handger\u00e4t<\/li>\n<li>Betriebsbereich -20\u00b0C bis 40\u00b0C Umgebungstemperatur<\/li>\n<li>Division I, Klasse I, II und III<\/li>\n<li>IECEx IA Eigensicherheit<\/li>\n<li>EN60529 Eindringschutzgrad IP67<\/li>\n<\/ul>\n","protected":false},"excerpt":{"rendered":"<p>Die Energizer Intrinsically Safe Atex LED-Stirnlampe ist von den weltweiten Sicherheitsbeh\u00f6rden zugelassen und kann auch unter den h\u00e4rtesten Bedingungen eingesetzt werden. Diese Hochleistungslampe wurde speziell f\u00fcr industrielle Berufe entwickelt und ist nach IP67 wasserdicht und \u00fcbersteht St\u00fcrze aus bis zu 1 Meter H\u00f6he. Sie ist f\u00fcr die harten Bedingungen auf der Baustelle ausgelegt und bietet eine zuverl\u00e4ssige, freih\u00e4ndige Beleuchtungsl\u00f6sung. Die Leuchte l\u00e4sst sich leichtg\u00e4ngig schwenken, um den Lichtstrahl genau dorthin zu lenken, wo er ben\u00f6tigt wird. Das verstellbare Kopfband sorgt f\u00fcr eine sichere Befestigung an der Sicherheitsausr\u00fcstung. Die LED-Technologie liefert eine gleichm\u00e4\u00dfige Beleuchtung von bis zu 150 Lumen bei einer Betriebsdauer von 5 Stunden, damit Sie l\u00e4nger aktiv bleiben k\u00f6nnen.<\/p>\n","protected":false},"featured_media":0,"comment_status":"open","ping_status":"closed","template":"","meta":{"_acf_changed":false},"product_brand":[],"product_cat":[43],"product_tag":[],"class_list":{"0":"post-5530","1":"product","2":"type-product","3":"status-publish","5":"product_cat-hands-free","6":"pa_uses-work","8":"first","9":"instock","10":"shipping-taxable","11":"product-type-simple"},"acf":[],"yoast_head":"<!-- This site is optimized with the Yoast SEO plugin v27.4 - https:\/\/yoast.com\/product\/yoast-seo-wordpress\/ -->\n<title>Energizer ATEX 3AAA 120 Headlight - Switzerland German<\/title>\n<meta name=\"robots\" content=\"index, follow, max-snippet:-1, max-image-preview:large, max-video-preview:-1\" \/>\n<link rel=\"canonical\" href=\"https:\/\/energizer.com\/eu\/switzerland_de\/product\/energizer-atex-3aaa-120-headlight\/\" \/>\n<meta property=\"og:locale\" content=\"en_US\" \/>\n<meta property=\"og:type\" content=\"article\" \/>\n<meta property=\"og:title\" content=\"Energizer ATEX 3AAA 120 Headlight - Switzerland German\" \/>\n<meta property=\"og:description\" content=\"Die Energizer Intrinsically Safe Atex LED-Stirnlampe ist von den weltweiten Sicherheitsbeh\u00f6rden zugelassen und kann auch unter den h\u00e4rtesten Bedingungen eingesetzt werden. Diese Hochleistungslampe wurde speziell f\u00fcr industrielle Berufe entwickelt und ist nach IP67 wasserdicht und \u00fcbersteht St\u00fcrze aus bis zu 1 Meter H\u00f6he. Sie ist f\u00fcr die harten Bedingungen auf der Baustelle ausgelegt und bietet eine zuverl\u00e4ssige, freih\u00e4ndige Beleuchtungsl\u00f6sung. Die Leuchte l\u00e4sst sich leichtg\u00e4ngig schwenken, um den Lichtstrahl genau dorthin zu lenken, wo er ben\u00f6tigt wird. Das verstellbare Kopfband sorgt f\u00fcr eine sichere Befestigung an der Sicherheitsausr\u00fcstung. Die LED-Technologie liefert eine gleichm\u00e4\u00dfige Beleuchtung von bis zu 150 Lumen bei einer Betriebsdauer von 5 Stunden, damit Sie l\u00e4nger aktiv bleiben k\u00f6nnen.\" \/>\n<meta property=\"og:url\" content=\"https:\/\/energizer.com\/eu\/switzerland_de\/product\/energizer-atex-3aaa-120-headlight\/\" \/>\n<meta property=\"og:site_name\" content=\"Switzerland German\" \/>\n<meta property=\"article:modified_time\" content=\"2024-08-23T09:31:02+00:00\" \/>\n<meta name=\"twitter:card\" content=\"summary_large_image\" \/>\n<script type=\"application\/ld+json\" class=\"yoast-schema-graph\">{\"@context\":\"https:\\\/\\\/schema.org\",\"@graph\":[{\"@type\":\"WebPage\",\"@id\":\"https:\\\/\\\/energizer.com\\\/eu\\\/switzerland_de\\\/product\\\/energizer-atex-3aaa-120-headlight\\\/\",\"url\":\"https:\\\/\\\/energizer.com\\\/eu\\\/switzerland_de\\\/product\\\/energizer-atex-3aaa-120-headlight\\\/\",\"name\":\"Energizer ATEX 3AAA 120 Headlight - Switzerland German\",\"isPartOf\":{\"@id\":\"https:\\\/\\\/energizer.com\\\/eu\\\/switzerland_de\\\/#website\"},\"datePublished\":\"2024-05-22T12:41:24+00:00\",\"dateModified\":\"2024-08-23T09:31:02+00:00\",\"breadcrumb\":{\"@id\":\"https:\\\/\\\/energizer.com\\\/eu\\\/switzerland_de\\\/product\\\/energizer-atex-3aaa-120-headlight\\\/#breadcrumb\"},\"inLanguage\":\"en-US\",\"potentialAction\":[{\"@type\":\"ReadAction\",\"target\":[\"https:\\\/\\\/energizer.com\\\/eu\\\/switzerland_de\\\/product\\\/energizer-atex-3aaa-120-headlight\\\/\"]}]},{\"@type\":\"BreadcrumbList\",\"@id\":\"https:\\\/\\\/energizer.com\\\/eu\\\/switzerland_de\\\/product\\\/energizer-atex-3aaa-120-headlight\\\/#breadcrumb\",\"itemListElement\":[{\"@type\":\"ListItem\",\"position\":1,\"name\":\"Home\",\"item\":\"https:\\\/\\\/energizer.com\\\/eu\\\/switzerland_de\\\/\"},{\"@type\":\"ListItem\",\"position\":2,\"name\":\"Energizer ATEX 3AAA 120 Headlight\"}]},{\"@type\":\"WebSite\",\"@id\":\"https:\\\/\\\/energizer.com\\\/eu\\\/switzerland_de\\\/#website\",\"url\":\"https:\\\/\\\/energizer.com\\\/eu\\\/switzerland_de\\\/\",\"name\":\"Energizer Switzerland (DE)\",\"description\":\"\",\"publisher\":{\"@id\":\"https:\\\/\\\/energizer.com\\\/eu\\\/switzerland_de\\\/#organization\"},\"potentialAction\":[{\"@type\":\"SearchAction\",\"target\":{\"@type\":\"EntryPoint\",\"urlTemplate\":\"https:\\\/\\\/energizer.com\\\/eu\\\/switzerland_de\\\/?s={search_term_string}\"},\"query-input\":{\"@type\":\"PropertyValueSpecification\",\"valueRequired\":true,\"valueName\":\"search_term_string\"}}],\"inLanguage\":\"en-US\"},{\"@type\":\"Organization\",\"@id\":\"https:\\\/\\\/energizer.com\\\/eu\\\/switzerland_de\\\/#organization\",\"name\":\"Energizer Switzerland (DE)\",\"url\":\"https:\\\/\\\/energizer.com\\\/eu\\\/switzerland_de\\\/\",\"logo\":{\"@type\":\"ImageObject\",\"inLanguage\":\"en-US\",\"@id\":\"https:\\\/\\\/energizer.com\\\/eu\\\/switzerland_de\\\/#\\\/schema\\\/logo\\\/image\\\/\",\"url\":\"https:\\\/\\\/energizer.com\\\/eu\\\/switzerland_de\\\/wp-content\\\/uploads\\\/sites\\\/55\\\/2024\\\/04\\\/Energizer_brand.png\",\"contentUrl\":\"https:\\\/\\\/energizer.com\\\/eu\\\/switzerland_de\\\/wp-content\\\/uploads\\\/sites\\\/55\\\/2024\\\/04\\\/Energizer_brand.png\",\"width\":267,\"height\":100,\"caption\":\"Energizer Switzerland (DE)\"},\"image\":{\"@id\":\"https:\\\/\\\/energizer.com\\\/eu\\\/switzerland_de\\\/#\\\/schema\\\/logo\\\/image\\\/\"}}]}<\/script>\n<!-- \/ Yoast SEO plugin. -->","yoast_head_json":{"title":"Energizer ATEX 3AAA 120 Headlight - Switzerland German","robots":{"index":"index","follow":"follow","max-snippet":"max-snippet:-1","max-image-preview":"max-image-preview:large","max-video-preview":"max-video-preview:-1"},"canonical":"https:\/\/energizer.com\/eu\/switzerland_de\/product\/energizer-atex-3aaa-120-headlight\/","og_locale":"en_US","og_type":"article","og_title":"Energizer ATEX 3AAA 120 Headlight - Switzerland German","og_description":"Die Energizer Intrinsically Safe Atex LED-Stirnlampe ist von den weltweiten Sicherheitsbeh\u00f6rden zugelassen und kann auch unter den h\u00e4rtesten Bedingungen eingesetzt werden. Diese Hochleistungslampe wurde speziell f\u00fcr industrielle Berufe entwickelt und ist nach IP67 wasserdicht und \u00fcbersteht St\u00fcrze aus bis zu 1 Meter H\u00f6he. Sie ist f\u00fcr die harten Bedingungen auf der Baustelle ausgelegt und bietet eine zuverl\u00e4ssige, freih\u00e4ndige Beleuchtungsl\u00f6sung. Die Leuchte l\u00e4sst sich leichtg\u00e4ngig schwenken, um den Lichtstrahl genau dorthin zu lenken, wo er ben\u00f6tigt wird. Das verstellbare Kopfband sorgt f\u00fcr eine sichere Befestigung an der Sicherheitsausr\u00fcstung. Die LED-Technologie liefert eine gleichm\u00e4\u00dfige Beleuchtung von bis zu 150 Lumen bei einer Betriebsdauer von 5 Stunden, damit Sie l\u00e4nger aktiv bleiben k\u00f6nnen.","og_url":"https:\/\/energizer.com\/eu\/switzerland_de\/product\/energizer-atex-3aaa-120-headlight\/","og_site_name":"Switzerland German","article_modified_time":"2024-08-23T09:31:02+00:00","twitter_card":"summary_large_image","schema":{"@context":"https:\/\/schema.org","@graph":[{"@type":"WebPage","@id":"https:\/\/energizer.com\/eu\/switzerland_de\/product\/energizer-atex-3aaa-120-headlight\/","url":"https:\/\/energizer.com\/eu\/switzerland_de\/product\/energizer-atex-3aaa-120-headlight\/","name":"Energizer ATEX 3AAA 120 Headlight - Switzerland German","isPartOf":{"@id":"https:\/\/energizer.com\/eu\/switzerland_de\/#website"},"datePublished":"2024-05-22T12:41:24+00:00","dateModified":"2024-08-23T09:31:02+00:00","breadcrumb":{"@id":"https:\/\/energizer.com\/eu\/switzerland_de\/product\/energizer-atex-3aaa-120-headlight\/#breadcrumb"},"inLanguage":"en-US","potentialAction":[{"@type":"ReadAction","target":["https:\/\/energizer.com\/eu\/switzerland_de\/product\/energizer-atex-3aaa-120-headlight\/"]}]},{"@type":"BreadcrumbList","@id":"https:\/\/energizer.com\/eu\/switzerland_de\/product\/energizer-atex-3aaa-120-headlight\/#breadcrumb","itemListElement":[{"@type":"ListItem","position":1,"name":"Home","item":"https:\/\/energizer.com\/eu\/switzerland_de\/"},{"@type":"ListItem","position":2,"name":"Energizer ATEX 3AAA 120 Headlight"}]},{"@type":"WebSite","@id":"https:\/\/energizer.com\/eu\/switzerland_de\/#website","url":"https:\/\/energizer.com\/eu\/switzerland_de\/","name":"Energizer Switzerland (DE)","description":"","publisher":{"@id":"https:\/\/energizer.com\/eu\/switzerland_de\/#organization"},"potentialAction":[{"@type":"SearchAction","target":{"@type":"EntryPoint","urlTemplate":"https:\/\/energizer.com\/eu\/switzerland_de\/?s={search_term_string}"},"query-input":{"@type":"PropertyValueSpecification","valueRequired":true,"valueName":"search_term_string"}}],"inLanguage":"en-US"},{"@type":"Organization","@id":"https:\/\/energizer.com\/eu\/switzerland_de\/#organization","name":"Energizer Switzerland (DE)","url":"https:\/\/energizer.com\/eu\/switzerland_de\/","logo":{"@type":"ImageObject","inLanguage":"en-US","@id":"https:\/\/energizer.com\/eu\/switzerland_de\/#\/schema\/logo\/image\/","url":"https:\/\/energizer.com\/eu\/switzerland_de\/wp-content\/uploads\/sites\/55\/2024\/04\/Energizer_brand.png","contentUrl":"https:\/\/energizer.com\/eu\/switzerland_de\/wp-content\/uploads\/sites\/55\/2024\/04\/Energizer_brand.png","width":267,"height":100,"caption":"Energizer Switzerland (DE)"},"image":{"@id":"https:\/\/energizer.com\/eu\/switzerland_de\/#\/schema\/logo\/image\/"}}]}},"_links":{"self":[{"href":"https:\/\/energizer.com\/eu\/switzerland_de\/wp-json\/wp\/v2\/product\/5530","targetHints":{"allow":["GET"]}}],"collection":[{"href":"https:\/\/energizer.com\/eu\/switzerland_de\/wp-json\/wp\/v2\/product"}],"about":[{"href":"https:\/\/energizer.com\/eu\/switzerland_de\/wp-json\/wp\/v2\/types\/product"}],"replies":[{"embeddable":true,"href":"https:\/\/energizer.com\/eu\/switzerland_de\/wp-json\/wp\/v2\/comments?post=5530"}],"version-history":[{"count":4,"href":"https:\/\/energizer.com\/eu\/switzerland_de\/wp-json\/wp\/v2\/product\/5530\/revisions"}],"predecessor-version":[{"id":9089,"href":"https:\/\/energizer.com\/eu\/switzerland_de\/wp-json\/wp\/v2\/product\/5530\/revisions\/9089"}],"wp:attachment":[{"href":"https:\/\/energizer.com\/eu\/switzerland_de\/wp-json\/wp\/v2\/media?parent=5530"}],"wp:term":[{"taxonomy":"product_brand","embeddable":true,"href":"https:\/\/energizer.com\/eu\/switzerland_de\/wp-json\/wp\/v2\/product_brand?post=5530"},{"taxonomy":"product_cat","embeddable":true,"href":"https:\/\/energizer.com\/eu\/switzerland_de\/wp-json\/wp\/v2\/product_cat?post=5530"},{"taxonomy":"product_tag","embeddable":true,"href":"https:\/\/energizer.com\/eu\/switzerland_de\/wp-json\/wp\/v2\/product_tag?post=5530"}],"curies":[{"name":"wp","href":"https:\/\/api.w.org\/{rel}","templated":true}]}}