{"id":5532,"date":"2024-05-22T12:43:57","date_gmt":"2024-05-22T12:43:57","guid":{"rendered":"https:\/\/23b13e8ab3.nxcli.io\/switzerland-german\/?post_type=product&#038;p=5532"},"modified":"2024-08-23T09:31:00","modified_gmt":"2024-08-23T09:31:00","slug":"energizer-fusion-3in1-work-tripod-torch","status":"publish","type":"product","link":"https:\/\/energizer.com\/eu\/switzerland_de\/product\/energizer-fusion-3in1-work-tripod-torch\/","title":{"rendered":"Energizer Fusion 3in1 Work Tripod Torch"},"content":{"rendered":"<ul>\n<li>Schwenkbarer Kopf richtet das Spotlicht dorthin, wo es ben\u00f6tigt wird<\/li>\n<li>Ausklappbare Beine f\u00fcr freih\u00e4ndige Richtungs- oder Fl\u00e4chenbeleuchtung<\/li>\n<li>Integrierter Aufh\u00e4ngehaken f\u00fcr maximale Vielseitigkeit<\/li>\n<\/ul>\n","protected":false},"excerpt":{"rendered":"<p>Die Energizer Multi-Funktions-Taschenlampe mit Light Fusion Technology ist eine wirklich vielseitige L\u00f6sung f\u00fcr jede Aufgabe. W\u00e4hlen Sie zwischen einer hellen Spot-Anwendung oder einem beeindruckend hellen Fl\u00e4chenlicht. Dank des stabilen Dreifu\u00dfes und des schwenkbaren Kopfes l\u00e4sst sich die Lampe flexibel und freih\u00e4ndig einsetzen. F\u00fcr die Verwendung als Handlampe klappen Sie einfach die kompakten Beine ein. Mit so vielen Beleuchtungsoptionen bietet diese L\u00f6sung die ben\u00f6tigte Fl\u00e4chen- und Spotbeleuchtung f\u00fcr jeden Zweck.<\/p>\n","protected":false},"featured_media":0,"comment_status":"open","ping_status":"closed","template":"","meta":{"_acf_changed":false},"product_brand":[],"product_cat":[97],"product_tag":[],"class_list":{"0":"post-5532","1":"product","2":"type-product","3":"status-publish","5":"product_cat-handheld","6":"pa_uses-work","8":"first","9":"instock","10":"shipping-taxable","11":"product-type-simple"},"acf":[],"yoast_head":"<!-- This site is optimized with the Yoast SEO plugin v27.4 - https:\/\/yoast.com\/product\/yoast-seo-wordpress\/ -->\n<title>Energizer Fusion 3in1 Work Tripod Torch - Switzerland German<\/title>\n<meta name=\"robots\" content=\"index, follow, max-snippet:-1, max-image-preview:large, max-video-preview:-1\" \/>\n<link rel=\"canonical\" href=\"https:\/\/energizer.com\/eu\/switzerland_de\/product\/energizer-fusion-3in1-work-tripod-torch\/\" \/>\n<meta property=\"og:locale\" content=\"en_US\" \/>\n<meta property=\"og:type\" content=\"article\" \/>\n<meta property=\"og:title\" content=\"Energizer Fusion 3in1 Work Tripod Torch - Switzerland German\" \/>\n<meta property=\"og:description\" content=\"Die Energizer Multi-Funktions-Taschenlampe mit Light Fusion Technology ist eine wirklich vielseitige L\u00f6sung f\u00fcr jede Aufgabe. W\u00e4hlen Sie zwischen einer hellen Spot-Anwendung oder einem beeindruckend hellen Fl\u00e4chenlicht. Dank des stabilen Dreifu\u00dfes und des schwenkbaren Kopfes l\u00e4sst sich die Lampe flexibel und freih\u00e4ndig einsetzen. F\u00fcr die Verwendung als Handlampe klappen Sie einfach die kompakten Beine ein. Mit so vielen Beleuchtungsoptionen bietet diese L\u00f6sung die ben\u00f6tigte Fl\u00e4chen- und Spotbeleuchtung f\u00fcr jeden Zweck.\" \/>\n<meta property=\"og:url\" content=\"https:\/\/energizer.com\/eu\/switzerland_de\/product\/energizer-fusion-3in1-work-tripod-torch\/\" \/>\n<meta property=\"og:site_name\" content=\"Switzerland German\" \/>\n<meta property=\"article:modified_time\" content=\"2024-08-23T09:31:00+00:00\" \/>\n<meta name=\"twitter:card\" content=\"summary_large_image\" \/>\n<script type=\"application\/ld+json\" class=\"yoast-schema-graph\">{\"@context\":\"https:\\\/\\\/schema.org\",\"@graph\":[{\"@type\":\"WebPage\",\"@id\":\"https:\\\/\\\/energizer.com\\\/eu\\\/switzerland_de\\\/product\\\/energizer-fusion-3in1-work-tripod-torch\\\/\",\"url\":\"https:\\\/\\\/energizer.com\\\/eu\\\/switzerland_de\\\/product\\\/energizer-fusion-3in1-work-tripod-torch\\\/\",\"name\":\"Energizer Fusion 3in1 Work Tripod Torch - Switzerland German\",\"isPartOf\":{\"@id\":\"https:\\\/\\\/energizer.com\\\/eu\\\/switzerland_de\\\/#website\"},\"datePublished\":\"2024-05-22T12:43:57+00:00\",\"dateModified\":\"2024-08-23T09:31:00+00:00\",\"breadcrumb\":{\"@id\":\"https:\\\/\\\/energizer.com\\\/eu\\\/switzerland_de\\\/product\\\/energizer-fusion-3in1-work-tripod-torch\\\/#breadcrumb\"},\"inLanguage\":\"en-US\",\"potentialAction\":[{\"@type\":\"ReadAction\",\"target\":[\"https:\\\/\\\/energizer.com\\\/eu\\\/switzerland_de\\\/product\\\/energizer-fusion-3in1-work-tripod-torch\\\/\"]}]},{\"@type\":\"BreadcrumbList\",\"@id\":\"https:\\\/\\\/energizer.com\\\/eu\\\/switzerland_de\\\/product\\\/energizer-fusion-3in1-work-tripod-torch\\\/#breadcrumb\",\"itemListElement\":[{\"@type\":\"ListItem\",\"position\":1,\"name\":\"Home\",\"item\":\"https:\\\/\\\/energizer.com\\\/eu\\\/switzerland_de\\\/\"},{\"@type\":\"ListItem\",\"position\":2,\"name\":\"Energizer Fusion 3in1 Work Tripod Torch\"}]},{\"@type\":\"WebSite\",\"@id\":\"https:\\\/\\\/energizer.com\\\/eu\\\/switzerland_de\\\/#website\",\"url\":\"https:\\\/\\\/energizer.com\\\/eu\\\/switzerland_de\\\/\",\"name\":\"Energizer Switzerland (DE)\",\"description\":\"\",\"publisher\":{\"@id\":\"https:\\\/\\\/energizer.com\\\/eu\\\/switzerland_de\\\/#organization\"},\"potentialAction\":[{\"@type\":\"SearchAction\",\"target\":{\"@type\":\"EntryPoint\",\"urlTemplate\":\"https:\\\/\\\/energizer.com\\\/eu\\\/switzerland_de\\\/?s={search_term_string}\"},\"query-input\":{\"@type\":\"PropertyValueSpecification\",\"valueRequired\":true,\"valueName\":\"search_term_string\"}}],\"inLanguage\":\"en-US\"},{\"@type\":\"Organization\",\"@id\":\"https:\\\/\\\/energizer.com\\\/eu\\\/switzerland_de\\\/#organization\",\"name\":\"Energizer Switzerland (DE)\",\"url\":\"https:\\\/\\\/energizer.com\\\/eu\\\/switzerland_de\\\/\",\"logo\":{\"@type\":\"ImageObject\",\"inLanguage\":\"en-US\",\"@id\":\"https:\\\/\\\/energizer.com\\\/eu\\\/switzerland_de\\\/#\\\/schema\\\/logo\\\/image\\\/\",\"url\":\"https:\\\/\\\/energizer.com\\\/eu\\\/switzerland_de\\\/wp-content\\\/uploads\\\/sites\\\/55\\\/2024\\\/04\\\/Energizer_brand.png\",\"contentUrl\":\"https:\\\/\\\/energizer.com\\\/eu\\\/switzerland_de\\\/wp-content\\\/uploads\\\/sites\\\/55\\\/2024\\\/04\\\/Energizer_brand.png\",\"width\":267,\"height\":100,\"caption\":\"Energizer Switzerland (DE)\"},\"image\":{\"@id\":\"https:\\\/\\\/energizer.com\\\/eu\\\/switzerland_de\\\/#\\\/schema\\\/logo\\\/image\\\/\"}}]}<\/script>\n<!-- \/ Yoast SEO plugin. -->","yoast_head_json":{"title":"Energizer Fusion 3in1 Work Tripod Torch - Switzerland German","robots":{"index":"index","follow":"follow","max-snippet":"max-snippet:-1","max-image-preview":"max-image-preview:large","max-video-preview":"max-video-preview:-1"},"canonical":"https:\/\/energizer.com\/eu\/switzerland_de\/product\/energizer-fusion-3in1-work-tripod-torch\/","og_locale":"en_US","og_type":"article","og_title":"Energizer Fusion 3in1 Work Tripod Torch - Switzerland German","og_description":"Die Energizer Multi-Funktions-Taschenlampe mit Light Fusion Technology ist eine wirklich vielseitige L\u00f6sung f\u00fcr jede Aufgabe. W\u00e4hlen Sie zwischen einer hellen Spot-Anwendung oder einem beeindruckend hellen Fl\u00e4chenlicht. Dank des stabilen Dreifu\u00dfes und des schwenkbaren Kopfes l\u00e4sst sich die Lampe flexibel und freih\u00e4ndig einsetzen. F\u00fcr die Verwendung als Handlampe klappen Sie einfach die kompakten Beine ein. Mit so vielen Beleuchtungsoptionen bietet diese L\u00f6sung die ben\u00f6tigte Fl\u00e4chen- und Spotbeleuchtung f\u00fcr jeden Zweck.","og_url":"https:\/\/energizer.com\/eu\/switzerland_de\/product\/energizer-fusion-3in1-work-tripod-torch\/","og_site_name":"Switzerland German","article_modified_time":"2024-08-23T09:31:00+00:00","twitter_card":"summary_large_image","schema":{"@context":"https:\/\/schema.org","@graph":[{"@type":"WebPage","@id":"https:\/\/energizer.com\/eu\/switzerland_de\/product\/energizer-fusion-3in1-work-tripod-torch\/","url":"https:\/\/energizer.com\/eu\/switzerland_de\/product\/energizer-fusion-3in1-work-tripod-torch\/","name":"Energizer Fusion 3in1 Work Tripod Torch - Switzerland German","isPartOf":{"@id":"https:\/\/energizer.com\/eu\/switzerland_de\/#website"},"datePublished":"2024-05-22T12:43:57+00:00","dateModified":"2024-08-23T09:31:00+00:00","breadcrumb":{"@id":"https:\/\/energizer.com\/eu\/switzerland_de\/product\/energizer-fusion-3in1-work-tripod-torch\/#breadcrumb"},"inLanguage":"en-US","potentialAction":[{"@type":"ReadAction","target":["https:\/\/energizer.com\/eu\/switzerland_de\/product\/energizer-fusion-3in1-work-tripod-torch\/"]}]},{"@type":"BreadcrumbList","@id":"https:\/\/energizer.com\/eu\/switzerland_de\/product\/energizer-fusion-3in1-work-tripod-torch\/#breadcrumb","itemListElement":[{"@type":"ListItem","position":1,"name":"Home","item":"https:\/\/energizer.com\/eu\/switzerland_de\/"},{"@type":"ListItem","position":2,"name":"Energizer Fusion 3in1 Work Tripod Torch"}]},{"@type":"WebSite","@id":"https:\/\/energizer.com\/eu\/switzerland_de\/#website","url":"https:\/\/energizer.com\/eu\/switzerland_de\/","name":"Energizer Switzerland (DE)","description":"","publisher":{"@id":"https:\/\/energizer.com\/eu\/switzerland_de\/#organization"},"potentialAction":[{"@type":"SearchAction","target":{"@type":"EntryPoint","urlTemplate":"https:\/\/energizer.com\/eu\/switzerland_de\/?s={search_term_string}"},"query-input":{"@type":"PropertyValueSpecification","valueRequired":true,"valueName":"search_term_string"}}],"inLanguage":"en-US"},{"@type":"Organization","@id":"https:\/\/energizer.com\/eu\/switzerland_de\/#organization","name":"Energizer Switzerland (DE)","url":"https:\/\/energizer.com\/eu\/switzerland_de\/","logo":{"@type":"ImageObject","inLanguage":"en-US","@id":"https:\/\/energizer.com\/eu\/switzerland_de\/#\/schema\/logo\/image\/","url":"https:\/\/energizer.com\/eu\/switzerland_de\/wp-content\/uploads\/sites\/55\/2024\/04\/Energizer_brand.png","contentUrl":"https:\/\/energizer.com\/eu\/switzerland_de\/wp-content\/uploads\/sites\/55\/2024\/04\/Energizer_brand.png","width":267,"height":100,"caption":"Energizer Switzerland (DE)"},"image":{"@id":"https:\/\/energizer.com\/eu\/switzerland_de\/#\/schema\/logo\/image\/"}}]}},"_links":{"self":[{"href":"https:\/\/energizer.com\/eu\/switzerland_de\/wp-json\/wp\/v2\/product\/5532","targetHints":{"allow":["GET"]}}],"collection":[{"href":"https:\/\/energizer.com\/eu\/switzerland_de\/wp-json\/wp\/v2\/product"}],"about":[{"href":"https:\/\/energizer.com\/eu\/switzerland_de\/wp-json\/wp\/v2\/types\/product"}],"replies":[{"embeddable":true,"href":"https:\/\/energizer.com\/eu\/switzerland_de\/wp-json\/wp\/v2\/comments?post=5532"}],"version-history":[{"count":2,"href":"https:\/\/energizer.com\/eu\/switzerland_de\/wp-json\/wp\/v2\/product\/5532\/revisions"}],"predecessor-version":[{"id":7850,"href":"https:\/\/energizer.com\/eu\/switzerland_de\/wp-json\/wp\/v2\/product\/5532\/revisions\/7850"}],"wp:attachment":[{"href":"https:\/\/energizer.com\/eu\/switzerland_de\/wp-json\/wp\/v2\/media?parent=5532"}],"wp:term":[{"taxonomy":"product_brand","embeddable":true,"href":"https:\/\/energizer.com\/eu\/switzerland_de\/wp-json\/wp\/v2\/product_brand?post=5532"},{"taxonomy":"product_cat","embeddable":true,"href":"https:\/\/energizer.com\/eu\/switzerland_de\/wp-json\/wp\/v2\/product_cat?post=5532"},{"taxonomy":"product_tag","embeddable":true,"href":"https:\/\/energizer.com\/eu\/switzerland_de\/wp-json\/wp\/v2\/product_tag?post=5532"}],"curies":[{"name":"wp","href":"https:\/\/api.w.org\/{rel}","templated":true}]}}