{"id":5553,"date":"2024-05-22T14:13:22","date_gmt":"2024-05-22T14:13:22","guid":{"rendered":"https:\/\/23b13e8ab3.nxcli.io\/switzerland-german\/?post_type=product&#038;p=5553"},"modified":"2024-08-23T09:30:40","modified_gmt":"2024-08-23T09:30:40","slug":"energizer-pro-series-focusing-hybrid-headlamp","status":"publish","type":"product","link":"https:\/\/energizer.com\/eu\/switzerland_de\/product\/energizer-pro-series-focusing-hybrid-headlamp\/","title":{"rendered":"Energizer Pro Series Focusing Hybrid Headlamp"},"content":{"rendered":"<ul>\n<li>Energizer Pro Series fokussierende Hybrid-Stirnlampe mit bruchsicherer Linse<\/li>\n<li>LED-Technologie: Diese leistungsstarke 500-Lumen-Freisprecheinrichtung bietet 12-mal helleres Licht als herk\u00f6mmliche LED-Technologie<\/li>\n<li>5 Lichtmodi: W\u00e4hlen Sie einen Modus, der Ihren unterschiedlichen Lichtbed\u00fcrfnissen entspricht: hoch, mittel, niedrig, gr\u00fcn und gr\u00fcn blinkend<\/li>\n<li>Energizer Digital Fokus Technologie: Erm\u00f6glicht es Ihnen, den Lichtstrahl mit einem einfachen Tastendruck zu verbreitern oder zu verengen<\/li>\n<li>Langlebige Konstruktion: Diese Freisprechleuchte ist wasserdicht und verf\u00fcgt \u00fcber eine bruchsichere Linse und kann einen Fall aus 2 Metern H\u00f6he \u00fcberstehen<\/li>\n<li>Vielseitiges Freihandlicht: Die einfach zu bedienende, kompakte, wasserdichte Kopftaschenlampe verf\u00fcgt \u00fcber ein verstellbares Kopfband mit schwenkbarem Kopf und blendfreiem Design<\/li>\n<li>Hybride Stromversorgung: Die leichte und benutzerfreundliche Taschenlampe ist hybrid, d. h. sie kann sowohl mit wiederaufladbaren als auch mit 3xAAA-Batterien betrieben werden<\/li>\n<\/ul>\n","protected":false},"excerpt":{"rendered":"<p>Mit dieser leichten und vielseitigen Stirnlampe haben Sie die H\u00e4nde frei &#8211; egal, ob es sich um ein professionelles oder ein Heimwerkerprojekt handelt. Die Energizer Pro Series Focusing Hybrid Headlamp ist sowohl kompakt als auch freih\u00e4ndig und bietet einen hohen CRI-Wert f\u00fcr eine klare Farbdefinition. Sie leuchtet Ihnen bei jeder Aktivit\u00e4t den Weg, egal ob Sie an einem Projekt arbeiten, campen, wandern oder nach Sonnenuntergang joggen gehen. Diese leistungsstarke Kopflampe mit 500 Lumen verf\u00fcgt \u00fcber einen verstellbaren Gurt und einen schwenkbaren Kopf mit Blendschutz, der selbst die dunkelsten Bereiche ausleuchtet und Ihnen genau dort Licht spendet, wo Sie es brauchen. Au\u00dferdem ist sie mit langlebiger und energieeffizienter LED-Technologie ausgestattet, die ein 12-mal helleres Licht als herk\u00f6mmliche LEDs bietet.<\/p>\n","protected":false},"featured_media":0,"comment_status":"open","ping_status":"closed","template":"","meta":{"_acf_changed":false},"product_brand":[],"product_cat":[43],"product_tag":[],"class_list":{"0":"post-5553","1":"product","2":"type-product","3":"status-publish","5":"product_cat-hands-free","6":"pa_uses-work","8":"first","9":"instock","10":"shipping-taxable","11":"product-type-simple"},"acf":[],"yoast_head":"<!-- This site is optimized with the Yoast SEO plugin v27.4 - https:\/\/yoast.com\/product\/yoast-seo-wordpress\/ -->\n<title>Energizer Pro Series Focusing Hybrid Headlamp - Switzerland German<\/title>\n<meta name=\"robots\" content=\"index, follow, max-snippet:-1, max-image-preview:large, max-video-preview:-1\" \/>\n<link rel=\"canonical\" href=\"https:\/\/energizer.com\/eu\/switzerland_de\/product\/energizer-pro-series-focusing-hybrid-headlamp\/\" \/>\n<meta property=\"og:locale\" content=\"en_US\" \/>\n<meta property=\"og:type\" content=\"article\" \/>\n<meta property=\"og:title\" content=\"Energizer Pro Series Focusing Hybrid Headlamp - Switzerland German\" \/>\n<meta property=\"og:description\" content=\"Mit dieser leichten und vielseitigen Stirnlampe haben Sie die H\u00e4nde frei - egal, ob es sich um ein professionelles oder ein Heimwerkerprojekt handelt. Die Energizer Pro Series Focusing Hybrid Headlamp ist sowohl kompakt als auch freih\u00e4ndig und bietet einen hohen CRI-Wert f\u00fcr eine klare Farbdefinition. Sie leuchtet Ihnen bei jeder Aktivit\u00e4t den Weg, egal ob Sie an einem Projekt arbeiten, campen, wandern oder nach Sonnenuntergang joggen gehen. Diese leistungsstarke Kopflampe mit 500 Lumen verf\u00fcgt \u00fcber einen verstellbaren Gurt und einen schwenkbaren Kopf mit Blendschutz, der selbst die dunkelsten Bereiche ausleuchtet und Ihnen genau dort Licht spendet, wo Sie es brauchen. Au\u00dferdem ist sie mit langlebiger und energieeffizienter LED-Technologie ausgestattet, die ein 12-mal helleres Licht als herk\u00f6mmliche LEDs bietet.\" \/>\n<meta property=\"og:url\" content=\"https:\/\/energizer.com\/eu\/switzerland_de\/product\/energizer-pro-series-focusing-hybrid-headlamp\/\" \/>\n<meta property=\"og:site_name\" content=\"Switzerland German\" \/>\n<meta property=\"article:modified_time\" content=\"2024-08-23T09:30:40+00:00\" \/>\n<meta name=\"twitter:card\" content=\"summary_large_image\" \/>\n<script type=\"application\/ld+json\" class=\"yoast-schema-graph\">{\"@context\":\"https:\\\/\\\/schema.org\",\"@graph\":[{\"@type\":\"WebPage\",\"@id\":\"https:\\\/\\\/energizer.com\\\/eu\\\/switzerland_de\\\/product\\\/energizer-pro-series-focusing-hybrid-headlamp\\\/\",\"url\":\"https:\\\/\\\/energizer.com\\\/eu\\\/switzerland_de\\\/product\\\/energizer-pro-series-focusing-hybrid-headlamp\\\/\",\"name\":\"Energizer Pro Series Focusing Hybrid Headlamp - Switzerland German\",\"isPartOf\":{\"@id\":\"https:\\\/\\\/energizer.com\\\/eu\\\/switzerland_de\\\/#website\"},\"datePublished\":\"2024-05-22T14:13:22+00:00\",\"dateModified\":\"2024-08-23T09:30:40+00:00\",\"breadcrumb\":{\"@id\":\"https:\\\/\\\/energizer.com\\\/eu\\\/switzerland_de\\\/product\\\/energizer-pro-series-focusing-hybrid-headlamp\\\/#breadcrumb\"},\"inLanguage\":\"en-US\",\"potentialAction\":[{\"@type\":\"ReadAction\",\"target\":[\"https:\\\/\\\/energizer.com\\\/eu\\\/switzerland_de\\\/product\\\/energizer-pro-series-focusing-hybrid-headlamp\\\/\"]}]},{\"@type\":\"BreadcrumbList\",\"@id\":\"https:\\\/\\\/energizer.com\\\/eu\\\/switzerland_de\\\/product\\\/energizer-pro-series-focusing-hybrid-headlamp\\\/#breadcrumb\",\"itemListElement\":[{\"@type\":\"ListItem\",\"position\":1,\"name\":\"Home\",\"item\":\"https:\\\/\\\/energizer.com\\\/eu\\\/switzerland_de\\\/\"},{\"@type\":\"ListItem\",\"position\":2,\"name\":\"Energizer Pro Series Focusing Hybrid Headlamp\"}]},{\"@type\":\"WebSite\",\"@id\":\"https:\\\/\\\/energizer.com\\\/eu\\\/switzerland_de\\\/#website\",\"url\":\"https:\\\/\\\/energizer.com\\\/eu\\\/switzerland_de\\\/\",\"name\":\"Energizer Switzerland (DE)\",\"description\":\"\",\"publisher\":{\"@id\":\"https:\\\/\\\/energizer.com\\\/eu\\\/switzerland_de\\\/#organization\"},\"potentialAction\":[{\"@type\":\"SearchAction\",\"target\":{\"@type\":\"EntryPoint\",\"urlTemplate\":\"https:\\\/\\\/energizer.com\\\/eu\\\/switzerland_de\\\/?s={search_term_string}\"},\"query-input\":{\"@type\":\"PropertyValueSpecification\",\"valueRequired\":true,\"valueName\":\"search_term_string\"}}],\"inLanguage\":\"en-US\"},{\"@type\":\"Organization\",\"@id\":\"https:\\\/\\\/energizer.com\\\/eu\\\/switzerland_de\\\/#organization\",\"name\":\"Energizer Switzerland (DE)\",\"url\":\"https:\\\/\\\/energizer.com\\\/eu\\\/switzerland_de\\\/\",\"logo\":{\"@type\":\"ImageObject\",\"inLanguage\":\"en-US\",\"@id\":\"https:\\\/\\\/energizer.com\\\/eu\\\/switzerland_de\\\/#\\\/schema\\\/logo\\\/image\\\/\",\"url\":\"https:\\\/\\\/energizer.com\\\/eu\\\/switzerland_de\\\/wp-content\\\/uploads\\\/sites\\\/55\\\/2024\\\/04\\\/Energizer_brand.png\",\"contentUrl\":\"https:\\\/\\\/energizer.com\\\/eu\\\/switzerland_de\\\/wp-content\\\/uploads\\\/sites\\\/55\\\/2024\\\/04\\\/Energizer_brand.png\",\"width\":267,\"height\":100,\"caption\":\"Energizer Switzerland (DE)\"},\"image\":{\"@id\":\"https:\\\/\\\/energizer.com\\\/eu\\\/switzerland_de\\\/#\\\/schema\\\/logo\\\/image\\\/\"}}]}<\/script>\n<!-- \/ Yoast SEO plugin. -->","yoast_head_json":{"title":"Energizer Pro Series Focusing Hybrid Headlamp - Switzerland German","robots":{"index":"index","follow":"follow","max-snippet":"max-snippet:-1","max-image-preview":"max-image-preview:large","max-video-preview":"max-video-preview:-1"},"canonical":"https:\/\/energizer.com\/eu\/switzerland_de\/product\/energizer-pro-series-focusing-hybrid-headlamp\/","og_locale":"en_US","og_type":"article","og_title":"Energizer Pro Series Focusing Hybrid Headlamp - Switzerland German","og_description":"Mit dieser leichten und vielseitigen Stirnlampe haben Sie die H\u00e4nde frei - egal, ob es sich um ein professionelles oder ein Heimwerkerprojekt handelt. Die Energizer Pro Series Focusing Hybrid Headlamp ist sowohl kompakt als auch freih\u00e4ndig und bietet einen hohen CRI-Wert f\u00fcr eine klare Farbdefinition. Sie leuchtet Ihnen bei jeder Aktivit\u00e4t den Weg, egal ob Sie an einem Projekt arbeiten, campen, wandern oder nach Sonnenuntergang joggen gehen. Diese leistungsstarke Kopflampe mit 500 Lumen verf\u00fcgt \u00fcber einen verstellbaren Gurt und einen schwenkbaren Kopf mit Blendschutz, der selbst die dunkelsten Bereiche ausleuchtet und Ihnen genau dort Licht spendet, wo Sie es brauchen. Au\u00dferdem ist sie mit langlebiger und energieeffizienter LED-Technologie ausgestattet, die ein 12-mal helleres Licht als herk\u00f6mmliche LEDs bietet.","og_url":"https:\/\/energizer.com\/eu\/switzerland_de\/product\/energizer-pro-series-focusing-hybrid-headlamp\/","og_site_name":"Switzerland German","article_modified_time":"2024-08-23T09:30:40+00:00","twitter_card":"summary_large_image","schema":{"@context":"https:\/\/schema.org","@graph":[{"@type":"WebPage","@id":"https:\/\/energizer.com\/eu\/switzerland_de\/product\/energizer-pro-series-focusing-hybrid-headlamp\/","url":"https:\/\/energizer.com\/eu\/switzerland_de\/product\/energizer-pro-series-focusing-hybrid-headlamp\/","name":"Energizer Pro Series Focusing Hybrid Headlamp - Switzerland German","isPartOf":{"@id":"https:\/\/energizer.com\/eu\/switzerland_de\/#website"},"datePublished":"2024-05-22T14:13:22+00:00","dateModified":"2024-08-23T09:30:40+00:00","breadcrumb":{"@id":"https:\/\/energizer.com\/eu\/switzerland_de\/product\/energizer-pro-series-focusing-hybrid-headlamp\/#breadcrumb"},"inLanguage":"en-US","potentialAction":[{"@type":"ReadAction","target":["https:\/\/energizer.com\/eu\/switzerland_de\/product\/energizer-pro-series-focusing-hybrid-headlamp\/"]}]},{"@type":"BreadcrumbList","@id":"https:\/\/energizer.com\/eu\/switzerland_de\/product\/energizer-pro-series-focusing-hybrid-headlamp\/#breadcrumb","itemListElement":[{"@type":"ListItem","position":1,"name":"Home","item":"https:\/\/energizer.com\/eu\/switzerland_de\/"},{"@type":"ListItem","position":2,"name":"Energizer Pro Series Focusing Hybrid Headlamp"}]},{"@type":"WebSite","@id":"https:\/\/energizer.com\/eu\/switzerland_de\/#website","url":"https:\/\/energizer.com\/eu\/switzerland_de\/","name":"Energizer Switzerland (DE)","description":"","publisher":{"@id":"https:\/\/energizer.com\/eu\/switzerland_de\/#organization"},"potentialAction":[{"@type":"SearchAction","target":{"@type":"EntryPoint","urlTemplate":"https:\/\/energizer.com\/eu\/switzerland_de\/?s={search_term_string}"},"query-input":{"@type":"PropertyValueSpecification","valueRequired":true,"valueName":"search_term_string"}}],"inLanguage":"en-US"},{"@type":"Organization","@id":"https:\/\/energizer.com\/eu\/switzerland_de\/#organization","name":"Energizer Switzerland (DE)","url":"https:\/\/energizer.com\/eu\/switzerland_de\/","logo":{"@type":"ImageObject","inLanguage":"en-US","@id":"https:\/\/energizer.com\/eu\/switzerland_de\/#\/schema\/logo\/image\/","url":"https:\/\/energizer.com\/eu\/switzerland_de\/wp-content\/uploads\/sites\/55\/2024\/04\/Energizer_brand.png","contentUrl":"https:\/\/energizer.com\/eu\/switzerland_de\/wp-content\/uploads\/sites\/55\/2024\/04\/Energizer_brand.png","width":267,"height":100,"caption":"Energizer Switzerland (DE)"},"image":{"@id":"https:\/\/energizer.com\/eu\/switzerland_de\/#\/schema\/logo\/image\/"}}]}},"_links":{"self":[{"href":"https:\/\/energizer.com\/eu\/switzerland_de\/wp-json\/wp\/v2\/product\/5553","targetHints":{"allow":["GET"]}}],"collection":[{"href":"https:\/\/energizer.com\/eu\/switzerland_de\/wp-json\/wp\/v2\/product"}],"about":[{"href":"https:\/\/energizer.com\/eu\/switzerland_de\/wp-json\/wp\/v2\/types\/product"}],"replies":[{"embeddable":true,"href":"https:\/\/energizer.com\/eu\/switzerland_de\/wp-json\/wp\/v2\/comments?post=5553"}],"version-history":[{"count":4,"href":"https:\/\/energizer.com\/eu\/switzerland_de\/wp-json\/wp\/v2\/product\/5553\/revisions"}],"predecessor-version":[{"id":9093,"href":"https:\/\/energizer.com\/eu\/switzerland_de\/wp-json\/wp\/v2\/product\/5553\/revisions\/9093"}],"wp:attachment":[{"href":"https:\/\/energizer.com\/eu\/switzerland_de\/wp-json\/wp\/v2\/media?parent=5553"}],"wp:term":[{"taxonomy":"product_brand","embeddable":true,"href":"https:\/\/energizer.com\/eu\/switzerland_de\/wp-json\/wp\/v2\/product_brand?post=5553"},{"taxonomy":"product_cat","embeddable":true,"href":"https:\/\/energizer.com\/eu\/switzerland_de\/wp-json\/wp\/v2\/product_cat?post=5553"},{"taxonomy":"product_tag","embeddable":true,"href":"https:\/\/energizer.com\/eu\/switzerland_de\/wp-json\/wp\/v2\/product_tag?post=5553"}],"curies":[{"name":"wp","href":"https:\/\/api.w.org\/{rel}","templated":true}]}}