{"id":5576,"date":"2024-05-22T14:41:12","date_gmt":"2024-05-22T14:41:12","guid":{"rendered":"https:\/\/23b13e8ab3.nxcli.io\/switzerland-german\/?post_type=product&#038;p=5576"},"modified":"2024-08-23T09:30:19","modified_gmt":"2024-08-23T09:30:19","slug":"energizer-vision-hybrid-lantern","status":"publish","type":"product","link":"https:\/\/energizer.com\/eu\/switzerland_de\/product\/energizer-vision-hybrid-lantern\/","title":{"rendered":"Energizer Vision Hybrid Lantern"},"content":{"rendered":"<ul>\n<li>Eine Energizer Vision Hybrid-Laterne<\/li>\n<li>Energizer-Laterne bietet lang anhaltendes 360-Grad-Licht &#8211; perfekt f\u00fcr Outdoor-Aktivit\u00e4ten und Notsituationen<\/li>\n<li>Die flexible Hybridtechnologie erm\u00f6glicht die Verwendung als Akku- oder Batterielampe<\/li>\n<li>LED-Laterne mit USB-Anschluss zum Aufladen Ihrer Ger\u00e4te<\/li>\n<li>IPX4-Wasserbest\u00e4ndigkeit und Sto\u00dffestigkeit bis zu 1 Meter garantieren Langlebigkeit<\/li>\n<li>Bietet bis zu 70 Stunden Licht auf niedriger Stufe mit wiederaufladbaren Batterien bzw. 30 Stunden auf niedriger Stufe mit AA-Batterien<\/li>\n<\/ul>\n","protected":false},"excerpt":{"rendered":"<p>F\u00fcr leistungsstarkes, helles Licht, das sich perfekt f\u00fcr jede Aufgabe eignet, w\u00e4hlen Sie die Energizer Vision Hybrid Laterne. Diese LED-Fl\u00e4chenleuchte ist bis zu 10x heller als herk\u00f6mmliche LED-Technologie und bietet ein 360-Grad-Licht, das ideal f\u00fcr Outdoor-Abenteuer ist. Diese LED-Lampe ist mit einem USB-Anschluss ausgestattet, so dass Sie Ihre Ger\u00e4te auch in Notsituationen aufladen k\u00f6nnen. Diese Energizer-Lampe verf\u00fcgt au\u00dferdem \u00fcber die Flexible Hybrid Powered-Technologie &#8211; laden Sie sie einfach auf, um sie als wiederaufladbare Laterne zu verwenden, oder legen Sie 4 AA-Batterien ein, um sie als batteriebetriebene Laterne zu verwenden. Passen Sie die Lichtleistung mit der Dimmfunktion an, oder verwenden Sie den Nachtlichtmodus f\u00fcr ein diffuses, lang anhaltendes Licht.<\/p>\n","protected":false},"featured_media":0,"comment_status":"open","ping_status":"closed","template":"","meta":{"_acf_changed":false},"product_brand":[],"product_cat":[44],"product_tag":[],"class_list":{"0":"post-5576","1":"product","2":"type-product","3":"status-publish","5":"product_cat-area","6":"pa_uses-work","8":"first","9":"instock","10":"shipping-taxable","11":"product-type-simple"},"acf":[],"yoast_head":"<!-- This site is optimized with the Yoast SEO plugin v27.4 - https:\/\/yoast.com\/product\/yoast-seo-wordpress\/ -->\n<title>Energizer Vision Hybrid Lantern - Switzerland German<\/title>\n<meta name=\"robots\" content=\"index, follow, max-snippet:-1, max-image-preview:large, max-video-preview:-1\" \/>\n<link rel=\"canonical\" href=\"https:\/\/energizer.com\/eu\/switzerland_de\/product\/energizer-vision-hybrid-lantern\/\" \/>\n<meta property=\"og:locale\" content=\"en_US\" \/>\n<meta property=\"og:type\" content=\"article\" \/>\n<meta property=\"og:title\" content=\"Energizer Vision Hybrid Lantern - Switzerland German\" \/>\n<meta property=\"og:description\" content=\"F\u00fcr leistungsstarkes, helles Licht, das sich perfekt f\u00fcr jede Aufgabe eignet, w\u00e4hlen Sie die Energizer Vision Hybrid Laterne. Diese LED-Fl\u00e4chenleuchte ist bis zu 10x heller als herk\u00f6mmliche LED-Technologie und bietet ein 360-Grad-Licht, das ideal f\u00fcr Outdoor-Abenteuer ist. Diese LED-Lampe ist mit einem USB-Anschluss ausgestattet, so dass Sie Ihre Ger\u00e4te auch in Notsituationen aufladen k\u00f6nnen. Diese Energizer-Lampe verf\u00fcgt au\u00dferdem \u00fcber die Flexible Hybrid Powered-Technologie - laden Sie sie einfach auf, um sie als wiederaufladbare Laterne zu verwenden, oder legen Sie 4 AA-Batterien ein, um sie als batteriebetriebene Laterne zu verwenden. Passen Sie die Lichtleistung mit der Dimmfunktion an, oder verwenden Sie den Nachtlichtmodus f\u00fcr ein diffuses, lang anhaltendes Licht.\" \/>\n<meta property=\"og:url\" content=\"https:\/\/energizer.com\/eu\/switzerland_de\/product\/energizer-vision-hybrid-lantern\/\" \/>\n<meta property=\"og:site_name\" content=\"Switzerland German\" \/>\n<meta property=\"article:modified_time\" content=\"2024-08-23T09:30:19+00:00\" \/>\n<meta name=\"twitter:card\" content=\"summary_large_image\" \/>\n<script type=\"application\/ld+json\" class=\"yoast-schema-graph\">{\"@context\":\"https:\\\/\\\/schema.org\",\"@graph\":[{\"@type\":\"WebPage\",\"@id\":\"https:\\\/\\\/energizer.com\\\/eu\\\/switzerland_de\\\/product\\\/energizer-vision-hybrid-lantern\\\/\",\"url\":\"https:\\\/\\\/energizer.com\\\/eu\\\/switzerland_de\\\/product\\\/energizer-vision-hybrid-lantern\\\/\",\"name\":\"Energizer Vision Hybrid Lantern - Switzerland German\",\"isPartOf\":{\"@id\":\"https:\\\/\\\/energizer.com\\\/eu\\\/switzerland_de\\\/#website\"},\"datePublished\":\"2024-05-22T14:41:12+00:00\",\"dateModified\":\"2024-08-23T09:30:19+00:00\",\"breadcrumb\":{\"@id\":\"https:\\\/\\\/energizer.com\\\/eu\\\/switzerland_de\\\/product\\\/energizer-vision-hybrid-lantern\\\/#breadcrumb\"},\"inLanguage\":\"en-US\",\"potentialAction\":[{\"@type\":\"ReadAction\",\"target\":[\"https:\\\/\\\/energizer.com\\\/eu\\\/switzerland_de\\\/product\\\/energizer-vision-hybrid-lantern\\\/\"]}]},{\"@type\":\"BreadcrumbList\",\"@id\":\"https:\\\/\\\/energizer.com\\\/eu\\\/switzerland_de\\\/product\\\/energizer-vision-hybrid-lantern\\\/#breadcrumb\",\"itemListElement\":[{\"@type\":\"ListItem\",\"position\":1,\"name\":\"Home\",\"item\":\"https:\\\/\\\/energizer.com\\\/eu\\\/switzerland_de\\\/\"},{\"@type\":\"ListItem\",\"position\":2,\"name\":\"Energizer Vision Hybrid Lantern\"}]},{\"@type\":\"WebSite\",\"@id\":\"https:\\\/\\\/energizer.com\\\/eu\\\/switzerland_de\\\/#website\",\"url\":\"https:\\\/\\\/energizer.com\\\/eu\\\/switzerland_de\\\/\",\"name\":\"Energizer Switzerland (DE)\",\"description\":\"\",\"publisher\":{\"@id\":\"https:\\\/\\\/energizer.com\\\/eu\\\/switzerland_de\\\/#organization\"},\"potentialAction\":[{\"@type\":\"SearchAction\",\"target\":{\"@type\":\"EntryPoint\",\"urlTemplate\":\"https:\\\/\\\/energizer.com\\\/eu\\\/switzerland_de\\\/?s={search_term_string}\"},\"query-input\":{\"@type\":\"PropertyValueSpecification\",\"valueRequired\":true,\"valueName\":\"search_term_string\"}}],\"inLanguage\":\"en-US\"},{\"@type\":\"Organization\",\"@id\":\"https:\\\/\\\/energizer.com\\\/eu\\\/switzerland_de\\\/#organization\",\"name\":\"Energizer Switzerland (DE)\",\"url\":\"https:\\\/\\\/energizer.com\\\/eu\\\/switzerland_de\\\/\",\"logo\":{\"@type\":\"ImageObject\",\"inLanguage\":\"en-US\",\"@id\":\"https:\\\/\\\/energizer.com\\\/eu\\\/switzerland_de\\\/#\\\/schema\\\/logo\\\/image\\\/\",\"url\":\"https:\\\/\\\/energizer.com\\\/eu\\\/switzerland_de\\\/wp-content\\\/uploads\\\/sites\\\/55\\\/2024\\\/04\\\/Energizer_brand.png\",\"contentUrl\":\"https:\\\/\\\/energizer.com\\\/eu\\\/switzerland_de\\\/wp-content\\\/uploads\\\/sites\\\/55\\\/2024\\\/04\\\/Energizer_brand.png\",\"width\":267,\"height\":100,\"caption\":\"Energizer Switzerland (DE)\"},\"image\":{\"@id\":\"https:\\\/\\\/energizer.com\\\/eu\\\/switzerland_de\\\/#\\\/schema\\\/logo\\\/image\\\/\"}}]}<\/script>\n<!-- \/ Yoast SEO plugin. -->","yoast_head_json":{"title":"Energizer Vision Hybrid Lantern - Switzerland German","robots":{"index":"index","follow":"follow","max-snippet":"max-snippet:-1","max-image-preview":"max-image-preview:large","max-video-preview":"max-video-preview:-1"},"canonical":"https:\/\/energizer.com\/eu\/switzerland_de\/product\/energizer-vision-hybrid-lantern\/","og_locale":"en_US","og_type":"article","og_title":"Energizer Vision Hybrid Lantern - Switzerland German","og_description":"F\u00fcr leistungsstarkes, helles Licht, das sich perfekt f\u00fcr jede Aufgabe eignet, w\u00e4hlen Sie die Energizer Vision Hybrid Laterne. Diese LED-Fl\u00e4chenleuchte ist bis zu 10x heller als herk\u00f6mmliche LED-Technologie und bietet ein 360-Grad-Licht, das ideal f\u00fcr Outdoor-Abenteuer ist. Diese LED-Lampe ist mit einem USB-Anschluss ausgestattet, so dass Sie Ihre Ger\u00e4te auch in Notsituationen aufladen k\u00f6nnen. Diese Energizer-Lampe verf\u00fcgt au\u00dferdem \u00fcber die Flexible Hybrid Powered-Technologie - laden Sie sie einfach auf, um sie als wiederaufladbare Laterne zu verwenden, oder legen Sie 4 AA-Batterien ein, um sie als batteriebetriebene Laterne zu verwenden. Passen Sie die Lichtleistung mit der Dimmfunktion an, oder verwenden Sie den Nachtlichtmodus f\u00fcr ein diffuses, lang anhaltendes Licht.","og_url":"https:\/\/energizer.com\/eu\/switzerland_de\/product\/energizer-vision-hybrid-lantern\/","og_site_name":"Switzerland German","article_modified_time":"2024-08-23T09:30:19+00:00","twitter_card":"summary_large_image","schema":{"@context":"https:\/\/schema.org","@graph":[{"@type":"WebPage","@id":"https:\/\/energizer.com\/eu\/switzerland_de\/product\/energizer-vision-hybrid-lantern\/","url":"https:\/\/energizer.com\/eu\/switzerland_de\/product\/energizer-vision-hybrid-lantern\/","name":"Energizer Vision Hybrid Lantern - Switzerland German","isPartOf":{"@id":"https:\/\/energizer.com\/eu\/switzerland_de\/#website"},"datePublished":"2024-05-22T14:41:12+00:00","dateModified":"2024-08-23T09:30:19+00:00","breadcrumb":{"@id":"https:\/\/energizer.com\/eu\/switzerland_de\/product\/energizer-vision-hybrid-lantern\/#breadcrumb"},"inLanguage":"en-US","potentialAction":[{"@type":"ReadAction","target":["https:\/\/energizer.com\/eu\/switzerland_de\/product\/energizer-vision-hybrid-lantern\/"]}]},{"@type":"BreadcrumbList","@id":"https:\/\/energizer.com\/eu\/switzerland_de\/product\/energizer-vision-hybrid-lantern\/#breadcrumb","itemListElement":[{"@type":"ListItem","position":1,"name":"Home","item":"https:\/\/energizer.com\/eu\/switzerland_de\/"},{"@type":"ListItem","position":2,"name":"Energizer Vision Hybrid Lantern"}]},{"@type":"WebSite","@id":"https:\/\/energizer.com\/eu\/switzerland_de\/#website","url":"https:\/\/energizer.com\/eu\/switzerland_de\/","name":"Energizer Switzerland (DE)","description":"","publisher":{"@id":"https:\/\/energizer.com\/eu\/switzerland_de\/#organization"},"potentialAction":[{"@type":"SearchAction","target":{"@type":"EntryPoint","urlTemplate":"https:\/\/energizer.com\/eu\/switzerland_de\/?s={search_term_string}"},"query-input":{"@type":"PropertyValueSpecification","valueRequired":true,"valueName":"search_term_string"}}],"inLanguage":"en-US"},{"@type":"Organization","@id":"https:\/\/energizer.com\/eu\/switzerland_de\/#organization","name":"Energizer Switzerland (DE)","url":"https:\/\/energizer.com\/eu\/switzerland_de\/","logo":{"@type":"ImageObject","inLanguage":"en-US","@id":"https:\/\/energizer.com\/eu\/switzerland_de\/#\/schema\/logo\/image\/","url":"https:\/\/energizer.com\/eu\/switzerland_de\/wp-content\/uploads\/sites\/55\/2024\/04\/Energizer_brand.png","contentUrl":"https:\/\/energizer.com\/eu\/switzerland_de\/wp-content\/uploads\/sites\/55\/2024\/04\/Energizer_brand.png","width":267,"height":100,"caption":"Energizer Switzerland (DE)"},"image":{"@id":"https:\/\/energizer.com\/eu\/switzerland_de\/#\/schema\/logo\/image\/"}}]}},"_links":{"self":[{"href":"https:\/\/energizer.com\/eu\/switzerland_de\/wp-json\/wp\/v2\/product\/5576","targetHints":{"allow":["GET"]}}],"collection":[{"href":"https:\/\/energizer.com\/eu\/switzerland_de\/wp-json\/wp\/v2\/product"}],"about":[{"href":"https:\/\/energizer.com\/eu\/switzerland_de\/wp-json\/wp\/v2\/types\/product"}],"replies":[{"embeddable":true,"href":"https:\/\/energizer.com\/eu\/switzerland_de\/wp-json\/wp\/v2\/comments?post=5576"}],"version-history":[{"count":4,"href":"https:\/\/energizer.com\/eu\/switzerland_de\/wp-json\/wp\/v2\/product\/5576\/revisions"}],"predecessor-version":[{"id":7978,"href":"https:\/\/energizer.com\/eu\/switzerland_de\/wp-json\/wp\/v2\/product\/5576\/revisions\/7978"}],"wp:attachment":[{"href":"https:\/\/energizer.com\/eu\/switzerland_de\/wp-json\/wp\/v2\/media?parent=5576"}],"wp:term":[{"taxonomy":"product_brand","embeddable":true,"href":"https:\/\/energizer.com\/eu\/switzerland_de\/wp-json\/wp\/v2\/product_brand?post=5576"},{"taxonomy":"product_cat","embeddable":true,"href":"https:\/\/energizer.com\/eu\/switzerland_de\/wp-json\/wp\/v2\/product_cat?post=5576"},{"taxonomy":"product_tag","embeddable":true,"href":"https:\/\/energizer.com\/eu\/switzerland_de\/wp-json\/wp\/v2\/product_tag?post=5576"}],"curies":[{"name":"wp","href":"https:\/\/api.w.org\/{rel}","templated":true}]}}