{"id":5976,"date":"2024-05-21T05:10:43","date_gmt":"2024-05-21T05:10:43","guid":{"rendered":"https:\/\/23b13e8ab3.nxcli.io\/switzerland-german\/?post_type=product&#038;p=5976"},"modified":"2024-12-27T14:00:58","modified_gmt":"2024-12-27T14:00:58","slug":"energizer-recharge-universal-aaa","status":"publish","type":"product","link":"https:\/\/energizer.com\/eu\/switzerland_de\/product\/energizer-recharge-universal-aaa\/","title":{"rendered":"ENERGIZER\u00ae RECHARGE UNIVERSAL \u2013 AAA"},"content":{"rendered":"<ul>\n<li>Energizer Recharge Universal AAA-Batterien<\/li>\n<li>Langlebig: Wiederaufladbare AAA-Batterien von Energizer halten bis zu 2x l\u00e4nger als einfache Alkalibatterien von Energizer in Digitalkameras \u2013 Ergebnisse variieren je nach Ger\u00e4t<\/li>\n<li>Zuverl\u00e4ssige Leistung: AAA-Batterien f\u00fcr High-Tech-Alltagsger\u00e4te wie Spielzeug, Fernbedienungen, Taschenlampen und Uhren geeignet<\/li>\n<li>Auslaufschutz: Die wiederaufladbaren AAA-Batterien von Energizer wurden dazu entwickelt, Ihre wichtigen Ger\u00e4te unter normalen Nutzungsbedingungen vor sch\u00e4dlichem Auslaufen zu sch\u00fctzen<\/li>\n<li>Wiederaufladbar: Jede AAA-Batterie kann hunderte Male geladen werden, wobei eine Ladung bis zu 12 Monate lang gelagert werden kann<\/li>\n<li>Kundenfavorit: Energizer ist die weltweit f\u00fchrende wiederaufladbare Marke im Einzelhandel<\/li>\n<li>Energizer-Innovation: Die weltweit erste wiederaufladbare AAA-Batterie aus 7 % recycelten Materialien<\/li>\n<li>100 % recycelbare Verpackung: Energizer-Verpackungen sind zu 100 % recycelbar, unterst\u00fctzen verantwortungsvolle Forstwirtschaft und sind plastikfrei, ausgenommen Siegel auf ausgew\u00e4hlten Verpackungen<\/li>\n<\/ul>\n","protected":false},"excerpt":{"rendered":"<p>Holen Sie das Beste aus Ihren Alltags- und High-Tech-Ger\u00e4ten heraus: mit der zuverl\u00e4ssigen Leistung der wiederaufladbaren Energizer Recharge Universal AAA-Batterien. Netzten Sie diese wiederaufladbare Energizer-Batterien f\u00fcr Lampen und Uhren sowie f\u00fcr T\u00fcrklingeln, Fernbedienungen, Audioger\u00e4te und andere drahtlose Elektronik. Diese AAA-Batterien sind ebenfalls eine gute Wahl, wenn Sie langlebige, wiederaufladbare AAA-Batterien f\u00fcr Kameras brauchen &#8211; mit nur einer Ladung k\u00f6nnen Sie bis zu 349 Fotos schie\u00dfen. Die wiederaufladbaren Energizer Recharge Universal AAA-Batterien sind immer bereit, wenn Sie es sind. Sie sind beim Kauf bereits vollst\u00e4ndig geladen und halten die Leistung bei der Lagerung bis zu 12 Monate lang.<\/p>\n","protected":false},"featured_media":0,"comment_status":"open","ping_status":"closed","template":"","meta":{"_acf_changed":false},"product_brand":[],"product_cat":[31],"product_tag":[],"class_list":{"0":"post-5976","1":"product","2":"type-product","3":"status-publish","5":"product_cat-energizer-recharge","7":"first","8":"instock","9":"shipping-taxable","10":"product-type-simple"},"acf":[],"yoast_head":"<!-- This site is optimized with the Yoast SEO plugin v27.4 - https:\/\/yoast.com\/product\/yoast-seo-wordpress\/ -->\n<title>ENERGIZER\u00ae RECHARGE UNIVERSAL \u2013 AAA - Switzerland German<\/title>\n<meta name=\"robots\" content=\"index, follow, max-snippet:-1, max-image-preview:large, max-video-preview:-1\" \/>\n<link rel=\"canonical\" href=\"https:\/\/energizer.com\/eu\/switzerland_de\/product\/energizer-recharge-universal-aaa\/\" \/>\n<meta property=\"og:locale\" content=\"en_US\" \/>\n<meta property=\"og:type\" content=\"article\" \/>\n<meta property=\"og:title\" content=\"ENERGIZER\u00ae RECHARGE UNIVERSAL \u2013 AAA - Switzerland German\" \/>\n<meta property=\"og:description\" content=\"Holen Sie das Beste aus Ihren Alltags- und High-Tech-Ger\u00e4ten heraus: mit der zuverl\u00e4ssigen Leistung der wiederaufladbaren Energizer Recharge Universal AAA-Batterien. Netzten Sie diese wiederaufladbare Energizer-Batterien f\u00fcr Lampen und Uhren sowie f\u00fcr T\u00fcrklingeln, Fernbedienungen, Audioger\u00e4te und andere drahtlose Elektronik. Diese AAA-Batterien sind ebenfalls eine gute Wahl, wenn Sie langlebige, wiederaufladbare AAA-Batterien f\u00fcr Kameras brauchen - mit nur einer Ladung k\u00f6nnen Sie bis zu 349 Fotos schie\u00dfen. Die wiederaufladbaren Energizer Recharge Universal AAA-Batterien sind immer bereit, wenn Sie es sind. Sie sind beim Kauf bereits vollst\u00e4ndig geladen und halten die Leistung bei der Lagerung bis zu 12 Monate lang.\" \/>\n<meta property=\"og:url\" content=\"https:\/\/energizer.com\/eu\/switzerland_de\/product\/energizer-recharge-universal-aaa\/\" \/>\n<meta property=\"og:site_name\" content=\"Switzerland German\" \/>\n<meta property=\"article:modified_time\" content=\"2024-12-27T14:00:58+00:00\" \/>\n<meta name=\"twitter:card\" content=\"summary_large_image\" \/>\n<script type=\"application\/ld+json\" class=\"yoast-schema-graph\">{\"@context\":\"https:\\\/\\\/schema.org\",\"@graph\":[{\"@type\":\"WebPage\",\"@id\":\"https:\\\/\\\/energizer.com\\\/eu\\\/switzerland_de\\\/product\\\/energizer-recharge-universal-aaa\\\/\",\"url\":\"https:\\\/\\\/energizer.com\\\/eu\\\/switzerland_de\\\/product\\\/energizer-recharge-universal-aaa\\\/\",\"name\":\"ENERGIZER\u00ae RECHARGE UNIVERSAL \u2013 AAA - Switzerland German\",\"isPartOf\":{\"@id\":\"https:\\\/\\\/energizer.com\\\/eu\\\/switzerland_de\\\/#website\"},\"datePublished\":\"2024-05-21T05:10:43+00:00\",\"dateModified\":\"2024-12-27T14:00:58+00:00\",\"breadcrumb\":{\"@id\":\"https:\\\/\\\/energizer.com\\\/eu\\\/switzerland_de\\\/product\\\/energizer-recharge-universal-aaa\\\/#breadcrumb\"},\"inLanguage\":\"en-US\",\"potentialAction\":[{\"@type\":\"ReadAction\",\"target\":[\"https:\\\/\\\/energizer.com\\\/eu\\\/switzerland_de\\\/product\\\/energizer-recharge-universal-aaa\\\/\"]}]},{\"@type\":\"BreadcrumbList\",\"@id\":\"https:\\\/\\\/energizer.com\\\/eu\\\/switzerland_de\\\/product\\\/energizer-recharge-universal-aaa\\\/#breadcrumb\",\"itemListElement\":[{\"@type\":\"ListItem\",\"position\":1,\"name\":\"Home\",\"item\":\"https:\\\/\\\/energizer.com\\\/eu\\\/switzerland_de\\\/\"},{\"@type\":\"ListItem\",\"position\":2,\"name\":\"ENERGIZER\u00ae RECHARGE UNIVERSAL \u2013 AAA\"}]},{\"@type\":\"WebSite\",\"@id\":\"https:\\\/\\\/energizer.com\\\/eu\\\/switzerland_de\\\/#website\",\"url\":\"https:\\\/\\\/energizer.com\\\/eu\\\/switzerland_de\\\/\",\"name\":\"Energizer Switzerland (DE)\",\"description\":\"\",\"publisher\":{\"@id\":\"https:\\\/\\\/energizer.com\\\/eu\\\/switzerland_de\\\/#organization\"},\"potentialAction\":[{\"@type\":\"SearchAction\",\"target\":{\"@type\":\"EntryPoint\",\"urlTemplate\":\"https:\\\/\\\/energizer.com\\\/eu\\\/switzerland_de\\\/?s={search_term_string}\"},\"query-input\":{\"@type\":\"PropertyValueSpecification\",\"valueRequired\":true,\"valueName\":\"search_term_string\"}}],\"inLanguage\":\"en-US\"},{\"@type\":\"Organization\",\"@id\":\"https:\\\/\\\/energizer.com\\\/eu\\\/switzerland_de\\\/#organization\",\"name\":\"Energizer Switzerland (DE)\",\"url\":\"https:\\\/\\\/energizer.com\\\/eu\\\/switzerland_de\\\/\",\"logo\":{\"@type\":\"ImageObject\",\"inLanguage\":\"en-US\",\"@id\":\"https:\\\/\\\/energizer.com\\\/eu\\\/switzerland_de\\\/#\\\/schema\\\/logo\\\/image\\\/\",\"url\":\"https:\\\/\\\/energizer.com\\\/eu\\\/switzerland_de\\\/wp-content\\\/uploads\\\/sites\\\/55\\\/2024\\\/04\\\/Energizer_brand.png\",\"contentUrl\":\"https:\\\/\\\/energizer.com\\\/eu\\\/switzerland_de\\\/wp-content\\\/uploads\\\/sites\\\/55\\\/2024\\\/04\\\/Energizer_brand.png\",\"width\":267,\"height\":100,\"caption\":\"Energizer Switzerland (DE)\"},\"image\":{\"@id\":\"https:\\\/\\\/energizer.com\\\/eu\\\/switzerland_de\\\/#\\\/schema\\\/logo\\\/image\\\/\"}}]}<\/script>\n<!-- \/ Yoast SEO plugin. -->","yoast_head_json":{"title":"ENERGIZER\u00ae RECHARGE UNIVERSAL \u2013 AAA - Switzerland German","robots":{"index":"index","follow":"follow","max-snippet":"max-snippet:-1","max-image-preview":"max-image-preview:large","max-video-preview":"max-video-preview:-1"},"canonical":"https:\/\/energizer.com\/eu\/switzerland_de\/product\/energizer-recharge-universal-aaa\/","og_locale":"en_US","og_type":"article","og_title":"ENERGIZER\u00ae RECHARGE UNIVERSAL \u2013 AAA - Switzerland German","og_description":"Holen Sie das Beste aus Ihren Alltags- und High-Tech-Ger\u00e4ten heraus: mit der zuverl\u00e4ssigen Leistung der wiederaufladbaren Energizer Recharge Universal AAA-Batterien. Netzten Sie diese wiederaufladbare Energizer-Batterien f\u00fcr Lampen und Uhren sowie f\u00fcr T\u00fcrklingeln, Fernbedienungen, Audioger\u00e4te und andere drahtlose Elektronik. Diese AAA-Batterien sind ebenfalls eine gute Wahl, wenn Sie langlebige, wiederaufladbare AAA-Batterien f\u00fcr Kameras brauchen - mit nur einer Ladung k\u00f6nnen Sie bis zu 349 Fotos schie\u00dfen. Die wiederaufladbaren Energizer Recharge Universal AAA-Batterien sind immer bereit, wenn Sie es sind. Sie sind beim Kauf bereits vollst\u00e4ndig geladen und halten die Leistung bei der Lagerung bis zu 12 Monate lang.","og_url":"https:\/\/energizer.com\/eu\/switzerland_de\/product\/energizer-recharge-universal-aaa\/","og_site_name":"Switzerland German","article_modified_time":"2024-12-27T14:00:58+00:00","twitter_card":"summary_large_image","schema":{"@context":"https:\/\/schema.org","@graph":[{"@type":"WebPage","@id":"https:\/\/energizer.com\/eu\/switzerland_de\/product\/energizer-recharge-universal-aaa\/","url":"https:\/\/energizer.com\/eu\/switzerland_de\/product\/energizer-recharge-universal-aaa\/","name":"ENERGIZER\u00ae RECHARGE UNIVERSAL \u2013 AAA - Switzerland German","isPartOf":{"@id":"https:\/\/energizer.com\/eu\/switzerland_de\/#website"},"datePublished":"2024-05-21T05:10:43+00:00","dateModified":"2024-12-27T14:00:58+00:00","breadcrumb":{"@id":"https:\/\/energizer.com\/eu\/switzerland_de\/product\/energizer-recharge-universal-aaa\/#breadcrumb"},"inLanguage":"en-US","potentialAction":[{"@type":"ReadAction","target":["https:\/\/energizer.com\/eu\/switzerland_de\/product\/energizer-recharge-universal-aaa\/"]}]},{"@type":"BreadcrumbList","@id":"https:\/\/energizer.com\/eu\/switzerland_de\/product\/energizer-recharge-universal-aaa\/#breadcrumb","itemListElement":[{"@type":"ListItem","position":1,"name":"Home","item":"https:\/\/energizer.com\/eu\/switzerland_de\/"},{"@type":"ListItem","position":2,"name":"ENERGIZER\u00ae RECHARGE UNIVERSAL \u2013 AAA"}]},{"@type":"WebSite","@id":"https:\/\/energizer.com\/eu\/switzerland_de\/#website","url":"https:\/\/energizer.com\/eu\/switzerland_de\/","name":"Energizer Switzerland (DE)","description":"","publisher":{"@id":"https:\/\/energizer.com\/eu\/switzerland_de\/#organization"},"potentialAction":[{"@type":"SearchAction","target":{"@type":"EntryPoint","urlTemplate":"https:\/\/energizer.com\/eu\/switzerland_de\/?s={search_term_string}"},"query-input":{"@type":"PropertyValueSpecification","valueRequired":true,"valueName":"search_term_string"}}],"inLanguage":"en-US"},{"@type":"Organization","@id":"https:\/\/energizer.com\/eu\/switzerland_de\/#organization","name":"Energizer Switzerland (DE)","url":"https:\/\/energizer.com\/eu\/switzerland_de\/","logo":{"@type":"ImageObject","inLanguage":"en-US","@id":"https:\/\/energizer.com\/eu\/switzerland_de\/#\/schema\/logo\/image\/","url":"https:\/\/energizer.com\/eu\/switzerland_de\/wp-content\/uploads\/sites\/55\/2024\/04\/Energizer_brand.png","contentUrl":"https:\/\/energizer.com\/eu\/switzerland_de\/wp-content\/uploads\/sites\/55\/2024\/04\/Energizer_brand.png","width":267,"height":100,"caption":"Energizer Switzerland (DE)"},"image":{"@id":"https:\/\/energizer.com\/eu\/switzerland_de\/#\/schema\/logo\/image\/"}}]}},"_links":{"self":[{"href":"https:\/\/energizer.com\/eu\/switzerland_de\/wp-json\/wp\/v2\/product\/5976","targetHints":{"allow":["GET"]}}],"collection":[{"href":"https:\/\/energizer.com\/eu\/switzerland_de\/wp-json\/wp\/v2\/product"}],"about":[{"href":"https:\/\/energizer.com\/eu\/switzerland_de\/wp-json\/wp\/v2\/types\/product"}],"replies":[{"embeddable":true,"href":"https:\/\/energizer.com\/eu\/switzerland_de\/wp-json\/wp\/v2\/comments?post=5976"}],"version-history":[{"count":8,"href":"https:\/\/energizer.com\/eu\/switzerland_de\/wp-json\/wp\/v2\/product\/5976\/revisions"}],"predecessor-version":[{"id":9955,"href":"https:\/\/energizer.com\/eu\/switzerland_de\/wp-json\/wp\/v2\/product\/5976\/revisions\/9955"}],"wp:attachment":[{"href":"https:\/\/energizer.com\/eu\/switzerland_de\/wp-json\/wp\/v2\/media?parent=5976"}],"wp:term":[{"taxonomy":"product_brand","embeddable":true,"href":"https:\/\/energizer.com\/eu\/switzerland_de\/wp-json\/wp\/v2\/product_brand?post=5976"},{"taxonomy":"product_cat","embeddable":true,"href":"https:\/\/energizer.com\/eu\/switzerland_de\/wp-json\/wp\/v2\/product_cat?post=5976"},{"taxonomy":"product_tag","embeddable":true,"href":"https:\/\/energizer.com\/eu\/switzerland_de\/wp-json\/wp\/v2\/product_tag?post=5976"}],"curies":[{"name":"wp","href":"https:\/\/api.w.org\/{rel}","templated":true}]}}