{"id":6688,"date":"2024-05-27T11:09:22","date_gmt":"2024-05-27T11:09:22","guid":{"rendered":"https:\/\/23b13e8ab3.nxcli.io\/switzerland-german\/?post_type=product&#038;p=6688"},"modified":"2024-12-27T14:00:59","modified_gmt":"2024-12-27T14:00:59","slug":"energizer-ultimate-lithium-coin-cr2032-2","status":"publish","type":"product","link":"https:\/\/energizer.com\/eu\/switzerland_de\/product\/energizer-ultimate-lithium-coin-cr2032-2\/","title":{"rendered":"ENERGIZER\u00ae ULTIMATE LITHIUM COIN \u2013 CR2032"},"content":{"rendered":"<ul>\n<li>Energizer CR2032 Lithium-M\u00fcnzbatterien<\/li>\n<li>Unsere langlebigsten 2032-Knopfzellenbatterien k\u00f6nnen bis zu 12 Jahre gelagert werden und gew\u00e4hrleisten Leistung, wenn Sie sie am dringendsten ben\u00f6tigen<\/li>\n<li>Mit dem weltweit ersten 3-in-1-Kinderschutz mit drei Schutzvorrichtungen: Farbalarm, bittere Beschichtung und sichere Verpackung<\/li>\n<li>Die Farbalarm-Technologie f\u00e4rbt den Mund Sekunden nach Kontakt mit Speichel blau, um eine m\u00f6gliche Einnahme anzuzeigen<\/li>\n<li>Eine ungiftige, bittere Beschichtung h\u00e4lt davon ab, das Produkt herunterzuschlucken<\/li>\n<li>Die sichere Verpackung ist besonders schwer zu \u00f6ffnen<\/li>\n<li>Funktioniert bei extremen Temperaturen von -30 bis 60 Grad Celsius zuverl\u00e4ssig, auch unter h\u00e4rtesten Bedingungen<\/li>\n<li>Ideal f\u00fcr den Einsatz in Fernbedienungen und medizinischen Ger\u00e4te; auch eine ideale Stromquelle f\u00fcr Ihr schl\u00fcsselloses T\u00fcrsystem, Spielzeug und Spiele<\/li>\n<\/ul>\n","protected":false},"excerpt":{"rendered":"<p>Holen Sie das Beste aus Ihren wichtigen Ger\u00e4ten heraus: mit der zuverl\u00e4ssigen, langlebigen Leistung, die Sie von Energizer gewohnt sind. Nutzen Sie diese CR2032-Batterien von Energizer f\u00fcr Uhren und Wearables sowie f\u00fcr Schl\u00fcsselanh\u00e4nger, Fernbedienungen, Alarmsensoren und Waagen. Diese Batterien sind ebenfalls eine gute Wahl, wenn Sie eine neue Batterie f\u00fcr Ihren Autoschl\u00fcssel ben\u00f6tigen. Jede CR2032-Lithiumbatterie von Energizer kann die Leistung w\u00e4hrend der Lagerung bis zu 10 Jahre halten und Temperaturen von -30 \u00b0C bis 60 \u00b0C standhalten \u2013 sie ist jederzeit einsatzbereit. Abgesehen von der Gr\u00f6\u00dfe 20 (oder KECR20) umfasst das Sortiment von Energizer auch Batterien der Gr\u00f6\u00dfen 20, 20 und LR44\/A76, so dass Sie ganz leicht die Power finden, die Sie brauchen.<\/p>\n","protected":false},"featured_media":0,"comment_status":"open","ping_status":"closed","template":"","meta":{"_acf_changed":false},"product_brand":[],"product_cat":[58],"product_tag":[],"class_list":{"0":"post-6688","1":"product","2":"type-product","3":"status-publish","5":"product_cat-speciality","7":"first","8":"instock","9":"shipping-taxable","10":"product-type-simple"},"acf":[],"yoast_head":"<!-- This site is optimized with the Yoast SEO plugin v27.4 - https:\/\/yoast.com\/product\/yoast-seo-wordpress\/ -->\n<title>ENERGIZER\u00ae ULTIMATE LITHIUM COIN \u2013 CR2032 - Switzerland German<\/title>\n<meta name=\"robots\" content=\"index, follow, max-snippet:-1, max-image-preview:large, max-video-preview:-1\" \/>\n<link rel=\"canonical\" href=\"https:\/\/energizer.com\/eu\/switzerland_de\/product\/energizer-ultimate-lithium-coin-cr2032-2\/\" \/>\n<meta property=\"og:locale\" content=\"en_US\" \/>\n<meta property=\"og:type\" content=\"article\" \/>\n<meta property=\"og:title\" content=\"ENERGIZER\u00ae ULTIMATE LITHIUM COIN \u2013 CR2032 - Switzerland German\" \/>\n<meta property=\"og:description\" content=\"Holen Sie das Beste aus Ihren wichtigen Ger\u00e4ten heraus: mit der zuverl\u00e4ssigen, langlebigen Leistung, die Sie von Energizer gewohnt sind. Nutzen Sie diese CR2032-Batterien von Energizer f\u00fcr Uhren und Wearables sowie f\u00fcr Schl\u00fcsselanh\u00e4nger, Fernbedienungen, Alarmsensoren und Waagen. Diese Batterien sind ebenfalls eine gute Wahl, wenn Sie eine neue Batterie f\u00fcr Ihren Autoschl\u00fcssel ben\u00f6tigen. Jede CR2032-Lithiumbatterie von Energizer kann die Leistung w\u00e4hrend der Lagerung bis zu 10 Jahre halten und Temperaturen von -30 \u00b0C bis 60 \u00b0C standhalten \u2013 sie ist jederzeit einsatzbereit. Abgesehen von der Gr\u00f6\u00dfe 20 (oder KECR20) umfasst das Sortiment von Energizer auch Batterien der Gr\u00f6\u00dfen 20, 20 und LR44\/A76, so dass Sie ganz leicht die Power finden, die Sie brauchen.\" \/>\n<meta property=\"og:url\" content=\"https:\/\/energizer.com\/eu\/switzerland_de\/product\/energizer-ultimate-lithium-coin-cr2032-2\/\" \/>\n<meta property=\"og:site_name\" content=\"Switzerland German\" \/>\n<meta property=\"article:modified_time\" content=\"2024-12-27T14:00:59+00:00\" \/>\n<meta name=\"twitter:card\" content=\"summary_large_image\" \/>\n<script type=\"application\/ld+json\" class=\"yoast-schema-graph\">{\"@context\":\"https:\\\/\\\/schema.org\",\"@graph\":[{\"@type\":\"WebPage\",\"@id\":\"https:\\\/\\\/energizer.com\\\/eu\\\/switzerland_de\\\/product\\\/energizer-ultimate-lithium-coin-cr2032-2\\\/\",\"url\":\"https:\\\/\\\/energizer.com\\\/eu\\\/switzerland_de\\\/product\\\/energizer-ultimate-lithium-coin-cr2032-2\\\/\",\"name\":\"ENERGIZER\u00ae ULTIMATE LITHIUM COIN \u2013 CR2032 - Switzerland German\",\"isPartOf\":{\"@id\":\"https:\\\/\\\/energizer.com\\\/eu\\\/switzerland_de\\\/#website\"},\"datePublished\":\"2024-05-27T11:09:22+00:00\",\"dateModified\":\"2024-12-27T14:00:59+00:00\",\"breadcrumb\":{\"@id\":\"https:\\\/\\\/energizer.com\\\/eu\\\/switzerland_de\\\/product\\\/energizer-ultimate-lithium-coin-cr2032-2\\\/#breadcrumb\"},\"inLanguage\":\"en-US\",\"potentialAction\":[{\"@type\":\"ReadAction\",\"target\":[\"https:\\\/\\\/energizer.com\\\/eu\\\/switzerland_de\\\/product\\\/energizer-ultimate-lithium-coin-cr2032-2\\\/\"]}]},{\"@type\":\"BreadcrumbList\",\"@id\":\"https:\\\/\\\/energizer.com\\\/eu\\\/switzerland_de\\\/product\\\/energizer-ultimate-lithium-coin-cr2032-2\\\/#breadcrumb\",\"itemListElement\":[{\"@type\":\"ListItem\",\"position\":1,\"name\":\"Home\",\"item\":\"https:\\\/\\\/energizer.com\\\/eu\\\/switzerland_de\\\/\"},{\"@type\":\"ListItem\",\"position\":2,\"name\":\"ENERGIZER\u00ae ULTIMATE LITHIUM COIN \u2013 CR2032\"}]},{\"@type\":\"WebSite\",\"@id\":\"https:\\\/\\\/energizer.com\\\/eu\\\/switzerland_de\\\/#website\",\"url\":\"https:\\\/\\\/energizer.com\\\/eu\\\/switzerland_de\\\/\",\"name\":\"Energizer Switzerland (DE)\",\"description\":\"\",\"publisher\":{\"@id\":\"https:\\\/\\\/energizer.com\\\/eu\\\/switzerland_de\\\/#organization\"},\"potentialAction\":[{\"@type\":\"SearchAction\",\"target\":{\"@type\":\"EntryPoint\",\"urlTemplate\":\"https:\\\/\\\/energizer.com\\\/eu\\\/switzerland_de\\\/?s={search_term_string}\"},\"query-input\":{\"@type\":\"PropertyValueSpecification\",\"valueRequired\":true,\"valueName\":\"search_term_string\"}}],\"inLanguage\":\"en-US\"},{\"@type\":\"Organization\",\"@id\":\"https:\\\/\\\/energizer.com\\\/eu\\\/switzerland_de\\\/#organization\",\"name\":\"Energizer Switzerland (DE)\",\"url\":\"https:\\\/\\\/energizer.com\\\/eu\\\/switzerland_de\\\/\",\"logo\":{\"@type\":\"ImageObject\",\"inLanguage\":\"en-US\",\"@id\":\"https:\\\/\\\/energizer.com\\\/eu\\\/switzerland_de\\\/#\\\/schema\\\/logo\\\/image\\\/\",\"url\":\"https:\\\/\\\/energizer.com\\\/eu\\\/switzerland_de\\\/wp-content\\\/uploads\\\/sites\\\/55\\\/2024\\\/04\\\/Energizer_brand.png\",\"contentUrl\":\"https:\\\/\\\/energizer.com\\\/eu\\\/switzerland_de\\\/wp-content\\\/uploads\\\/sites\\\/55\\\/2024\\\/04\\\/Energizer_brand.png\",\"width\":267,\"height\":100,\"caption\":\"Energizer Switzerland (DE)\"},\"image\":{\"@id\":\"https:\\\/\\\/energizer.com\\\/eu\\\/switzerland_de\\\/#\\\/schema\\\/logo\\\/image\\\/\"}}]}<\/script>\n<!-- \/ Yoast SEO plugin. -->","yoast_head_json":{"title":"ENERGIZER\u00ae ULTIMATE LITHIUM COIN \u2013 CR2032 - Switzerland German","robots":{"index":"index","follow":"follow","max-snippet":"max-snippet:-1","max-image-preview":"max-image-preview:large","max-video-preview":"max-video-preview:-1"},"canonical":"https:\/\/energizer.com\/eu\/switzerland_de\/product\/energizer-ultimate-lithium-coin-cr2032-2\/","og_locale":"en_US","og_type":"article","og_title":"ENERGIZER\u00ae ULTIMATE LITHIUM COIN \u2013 CR2032 - Switzerland German","og_description":"Holen Sie das Beste aus Ihren wichtigen Ger\u00e4ten heraus: mit der zuverl\u00e4ssigen, langlebigen Leistung, die Sie von Energizer gewohnt sind. Nutzen Sie diese CR2032-Batterien von Energizer f\u00fcr Uhren und Wearables sowie f\u00fcr Schl\u00fcsselanh\u00e4nger, Fernbedienungen, Alarmsensoren und Waagen. Diese Batterien sind ebenfalls eine gute Wahl, wenn Sie eine neue Batterie f\u00fcr Ihren Autoschl\u00fcssel ben\u00f6tigen. Jede CR2032-Lithiumbatterie von Energizer kann die Leistung w\u00e4hrend der Lagerung bis zu 10 Jahre halten und Temperaturen von -30 \u00b0C bis 60 \u00b0C standhalten \u2013 sie ist jederzeit einsatzbereit. Abgesehen von der Gr\u00f6\u00dfe 20 (oder KECR20) umfasst das Sortiment von Energizer auch Batterien der Gr\u00f6\u00dfen 20, 20 und LR44\/A76, so dass Sie ganz leicht die Power finden, die Sie brauchen.","og_url":"https:\/\/energizer.com\/eu\/switzerland_de\/product\/energizer-ultimate-lithium-coin-cr2032-2\/","og_site_name":"Switzerland German","article_modified_time":"2024-12-27T14:00:59+00:00","twitter_card":"summary_large_image","schema":{"@context":"https:\/\/schema.org","@graph":[{"@type":"WebPage","@id":"https:\/\/energizer.com\/eu\/switzerland_de\/product\/energizer-ultimate-lithium-coin-cr2032-2\/","url":"https:\/\/energizer.com\/eu\/switzerland_de\/product\/energizer-ultimate-lithium-coin-cr2032-2\/","name":"ENERGIZER\u00ae ULTIMATE LITHIUM COIN \u2013 CR2032 - Switzerland German","isPartOf":{"@id":"https:\/\/energizer.com\/eu\/switzerland_de\/#website"},"datePublished":"2024-05-27T11:09:22+00:00","dateModified":"2024-12-27T14:00:59+00:00","breadcrumb":{"@id":"https:\/\/energizer.com\/eu\/switzerland_de\/product\/energizer-ultimate-lithium-coin-cr2032-2\/#breadcrumb"},"inLanguage":"en-US","potentialAction":[{"@type":"ReadAction","target":["https:\/\/energizer.com\/eu\/switzerland_de\/product\/energizer-ultimate-lithium-coin-cr2032-2\/"]}]},{"@type":"BreadcrumbList","@id":"https:\/\/energizer.com\/eu\/switzerland_de\/product\/energizer-ultimate-lithium-coin-cr2032-2\/#breadcrumb","itemListElement":[{"@type":"ListItem","position":1,"name":"Home","item":"https:\/\/energizer.com\/eu\/switzerland_de\/"},{"@type":"ListItem","position":2,"name":"ENERGIZER\u00ae ULTIMATE LITHIUM COIN \u2013 CR2032"}]},{"@type":"WebSite","@id":"https:\/\/energizer.com\/eu\/switzerland_de\/#website","url":"https:\/\/energizer.com\/eu\/switzerland_de\/","name":"Energizer Switzerland (DE)","description":"","publisher":{"@id":"https:\/\/energizer.com\/eu\/switzerland_de\/#organization"},"potentialAction":[{"@type":"SearchAction","target":{"@type":"EntryPoint","urlTemplate":"https:\/\/energizer.com\/eu\/switzerland_de\/?s={search_term_string}"},"query-input":{"@type":"PropertyValueSpecification","valueRequired":true,"valueName":"search_term_string"}}],"inLanguage":"en-US"},{"@type":"Organization","@id":"https:\/\/energizer.com\/eu\/switzerland_de\/#organization","name":"Energizer Switzerland (DE)","url":"https:\/\/energizer.com\/eu\/switzerland_de\/","logo":{"@type":"ImageObject","inLanguage":"en-US","@id":"https:\/\/energizer.com\/eu\/switzerland_de\/#\/schema\/logo\/image\/","url":"https:\/\/energizer.com\/eu\/switzerland_de\/wp-content\/uploads\/sites\/55\/2024\/04\/Energizer_brand.png","contentUrl":"https:\/\/energizer.com\/eu\/switzerland_de\/wp-content\/uploads\/sites\/55\/2024\/04\/Energizer_brand.png","width":267,"height":100,"caption":"Energizer Switzerland (DE)"},"image":{"@id":"https:\/\/energizer.com\/eu\/switzerland_de\/#\/schema\/logo\/image\/"}}]}},"_links":{"self":[{"href":"https:\/\/energizer.com\/eu\/switzerland_de\/wp-json\/wp\/v2\/product\/6688","targetHints":{"allow":["GET"]}}],"collection":[{"href":"https:\/\/energizer.com\/eu\/switzerland_de\/wp-json\/wp\/v2\/product"}],"about":[{"href":"https:\/\/energizer.com\/eu\/switzerland_de\/wp-json\/wp\/v2\/types\/product"}],"replies":[{"embeddable":true,"href":"https:\/\/energizer.com\/eu\/switzerland_de\/wp-json\/wp\/v2\/comments?post=6688"}],"version-history":[{"count":14,"href":"https:\/\/energizer.com\/eu\/switzerland_de\/wp-json\/wp\/v2\/product\/6688\/revisions"}],"predecessor-version":[{"id":9959,"href":"https:\/\/energizer.com\/eu\/switzerland_de\/wp-json\/wp\/v2\/product\/6688\/revisions\/9959"}],"wp:attachment":[{"href":"https:\/\/energizer.com\/eu\/switzerland_de\/wp-json\/wp\/v2\/media?parent=6688"}],"wp:term":[{"taxonomy":"product_brand","embeddable":true,"href":"https:\/\/energizer.com\/eu\/switzerland_de\/wp-json\/wp\/v2\/product_brand?post=6688"},{"taxonomy":"product_cat","embeddable":true,"href":"https:\/\/energizer.com\/eu\/switzerland_de\/wp-json\/wp\/v2\/product_cat?post=6688"},{"taxonomy":"product_tag","embeddable":true,"href":"https:\/\/energizer.com\/eu\/switzerland_de\/wp-json\/wp\/v2\/product_tag?post=6688"}],"curies":[{"name":"wp","href":"https:\/\/api.w.org\/{rel}","templated":true}]}}