{"id":7072,"date":"2024-05-31T06:32:04","date_gmt":"2024-05-31T06:32:04","guid":{"rendered":"https:\/\/23b13e8ab3.nxcli.io\/switzerland-german\/?post_type=product&#038;p=7072"},"modified":"2024-08-23T12:14:35","modified_gmt":"2024-08-23T12:14:35","slug":"energizer-hearing-aid-batteries-10","status":"publish","type":"product","link":"https:\/\/energizer.com\/eu\/switzerland_de\/product\/energizer-hearing-aid-batteries-10\/","title":{"rendered":"ENERGIZER\u00ae HEARING AID BATTERIES \u2013 10"},"content":{"rendered":"<ul>\n<li>Zink-Luft-H\u00f6rger\u00e4tebatterien der Gr\u00f6\u00dfe 10 im EZ Turn &amp; Lock-Drehpack<\/li>\n<li>Unsere langlebigste H\u00f6rger\u00e4tebatterie aller Zeiten bietet dauerhafte Leistung f\u00fcr Ihre Ger\u00e4te<\/li>\n<li>Unsere PowerSeal-Technologie sch\u00fctzt Ihre Ger\u00e4te vor dem Auslaufen der Batterien*<\/li>\n<li>Extra lange farbige Laschen f\u00fcr ein einfaches Einsetzen<\/li>\n<li>Behalten ihre Energie bis zu 4\u00a0Jahre w\u00e4hrend der Lagerung<\/li>\n<li>EZ Turn &amp; Lock-Drehpack f\u00fcr eine benutzerfreundliche Entnahme und Aufbewahrung der Batterien<\/li>\n<li>Liefert gleichbleibende Klangqualit\u00e4t<\/li>\n<\/ul>\n","protected":false},"excerpt":{"rendered":"<p>Es wird Sie freuen, das zu h\u00f6ren: Energizer bietet jetzt die langlebigsten H\u00f6rger\u00e4tebatterien aller Zeiten an. Unsere PowerSeal-Technologie sch\u00fctzt Ihre Ger\u00e4te vor dem Auslaufen von Batterien.* Diese Batterien liefern gleichbleibende Klangqualit\u00e4t \u00fcber ihre gesamte Lebensdauer\u00a0\u2013 f\u00fcr ein besseres H\u00f6rerlebnis. Benutzerfreundliches EZ Turn &amp; Lock-Drehpack: Die Batterien lassen sich einfach herausnehmen und dank extra langer Laschen bequem in Ihre Ger\u00e4te einsetzen. Nicht benutzte Batterien werden sicher aufbewahrt. Vertrauen Sie auf unsere beste Leistung und genie\u00dfen Sie es, all das zu h\u00f6ren, was die Welt zu bieten hat. *\u00a0Bei vollst\u00e4ndig verbrauchten Batterien bis zu 1 Woche bei Raumtemperatur<\/p>\n","protected":false},"featured_media":0,"comment_status":"open","ping_status":"closed","template":"","meta":{"_acf_changed":false},"product_brand":[],"product_cat":[32],"product_tag":[],"class_list":{"0":"post-7072","1":"product","2":"type-product","3":"status-publish","5":"product_cat-hearing-aid","7":"first","8":"instock","9":"shipping-taxable","10":"product-type-simple"},"acf":[],"yoast_head":"<!-- This site is optimized with the Yoast SEO plugin v27.4 - https:\/\/yoast.com\/product\/yoast-seo-wordpress\/ -->\n<title>ENERGIZER\u00ae HEARING AID BATTERIES \u2013 10 - Switzerland German<\/title>\n<meta name=\"robots\" content=\"index, follow, max-snippet:-1, max-image-preview:large, max-video-preview:-1\" \/>\n<link rel=\"canonical\" href=\"https:\/\/energizer.com\/eu\/switzerland_de\/product\/energizer-hearing-aid-batteries-10\/\" \/>\n<meta property=\"og:locale\" content=\"en_US\" \/>\n<meta property=\"og:type\" content=\"article\" \/>\n<meta property=\"og:title\" content=\"ENERGIZER\u00ae HEARING AID BATTERIES \u2013 10 - Switzerland German\" \/>\n<meta property=\"og:description\" content=\"Es wird Sie freuen, das zu h\u00f6ren: Energizer bietet jetzt die langlebigsten H\u00f6rger\u00e4tebatterien aller Zeiten an. Unsere PowerSeal-Technologie sch\u00fctzt Ihre Ger\u00e4te vor dem Auslaufen von Batterien.* Diese Batterien liefern gleichbleibende Klangqualit\u00e4t \u00fcber ihre gesamte Lebensdauer\u00a0\u2013 f\u00fcr ein besseres H\u00f6rerlebnis. Benutzerfreundliches EZ Turn &amp; Lock-Drehpack: Die Batterien lassen sich einfach herausnehmen und dank extra langer Laschen bequem in Ihre Ger\u00e4te einsetzen. Nicht benutzte Batterien werden sicher aufbewahrt. Vertrauen Sie auf unsere beste Leistung und genie\u00dfen Sie es, all das zu h\u00f6ren, was die Welt zu bieten hat. *\u00a0Bei vollst\u00e4ndig verbrauchten Batterien bis zu 1 Woche bei Raumtemperatur\" \/>\n<meta property=\"og:url\" content=\"https:\/\/energizer.com\/eu\/switzerland_de\/product\/energizer-hearing-aid-batteries-10\/\" \/>\n<meta property=\"og:site_name\" content=\"Switzerland German\" \/>\n<meta property=\"article:modified_time\" content=\"2024-08-23T12:14:35+00:00\" \/>\n<meta name=\"twitter:card\" content=\"summary_large_image\" \/>\n<script type=\"application\/ld+json\" class=\"yoast-schema-graph\">{\"@context\":\"https:\\\/\\\/schema.org\",\"@graph\":[{\"@type\":\"WebPage\",\"@id\":\"https:\\\/\\\/energizer.com\\\/eu\\\/switzerland_de\\\/product\\\/energizer-hearing-aid-batteries-10\\\/\",\"url\":\"https:\\\/\\\/energizer.com\\\/eu\\\/switzerland_de\\\/product\\\/energizer-hearing-aid-batteries-10\\\/\",\"name\":\"ENERGIZER\u00ae HEARING AID BATTERIES \u2013 10 - Switzerland German\",\"isPartOf\":{\"@id\":\"https:\\\/\\\/energizer.com\\\/eu\\\/switzerland_de\\\/#website\"},\"datePublished\":\"2024-05-31T06:32:04+00:00\",\"dateModified\":\"2024-08-23T12:14:35+00:00\",\"breadcrumb\":{\"@id\":\"https:\\\/\\\/energizer.com\\\/eu\\\/switzerland_de\\\/product\\\/energizer-hearing-aid-batteries-10\\\/#breadcrumb\"},\"inLanguage\":\"en-US\",\"potentialAction\":[{\"@type\":\"ReadAction\",\"target\":[\"https:\\\/\\\/energizer.com\\\/eu\\\/switzerland_de\\\/product\\\/energizer-hearing-aid-batteries-10\\\/\"]}]},{\"@type\":\"BreadcrumbList\",\"@id\":\"https:\\\/\\\/energizer.com\\\/eu\\\/switzerland_de\\\/product\\\/energizer-hearing-aid-batteries-10\\\/#breadcrumb\",\"itemListElement\":[{\"@type\":\"ListItem\",\"position\":1,\"name\":\"Home\",\"item\":\"https:\\\/\\\/energizer.com\\\/eu\\\/switzerland_de\\\/\"},{\"@type\":\"ListItem\",\"position\":2,\"name\":\"ENERGIZER\u00ae HEARING AID BATTERIES \u2013 10\"}]},{\"@type\":\"WebSite\",\"@id\":\"https:\\\/\\\/energizer.com\\\/eu\\\/switzerland_de\\\/#website\",\"url\":\"https:\\\/\\\/energizer.com\\\/eu\\\/switzerland_de\\\/\",\"name\":\"Energizer Switzerland (DE)\",\"description\":\"\",\"publisher\":{\"@id\":\"https:\\\/\\\/energizer.com\\\/eu\\\/switzerland_de\\\/#organization\"},\"potentialAction\":[{\"@type\":\"SearchAction\",\"target\":{\"@type\":\"EntryPoint\",\"urlTemplate\":\"https:\\\/\\\/energizer.com\\\/eu\\\/switzerland_de\\\/?s={search_term_string}\"},\"query-input\":{\"@type\":\"PropertyValueSpecification\",\"valueRequired\":true,\"valueName\":\"search_term_string\"}}],\"inLanguage\":\"en-US\"},{\"@type\":\"Organization\",\"@id\":\"https:\\\/\\\/energizer.com\\\/eu\\\/switzerland_de\\\/#organization\",\"name\":\"Energizer Switzerland (DE)\",\"url\":\"https:\\\/\\\/energizer.com\\\/eu\\\/switzerland_de\\\/\",\"logo\":{\"@type\":\"ImageObject\",\"inLanguage\":\"en-US\",\"@id\":\"https:\\\/\\\/energizer.com\\\/eu\\\/switzerland_de\\\/#\\\/schema\\\/logo\\\/image\\\/\",\"url\":\"https:\\\/\\\/energizer.com\\\/eu\\\/switzerland_de\\\/wp-content\\\/uploads\\\/sites\\\/55\\\/2024\\\/04\\\/Energizer_brand.png\",\"contentUrl\":\"https:\\\/\\\/energizer.com\\\/eu\\\/switzerland_de\\\/wp-content\\\/uploads\\\/sites\\\/55\\\/2024\\\/04\\\/Energizer_brand.png\",\"width\":267,\"height\":100,\"caption\":\"Energizer Switzerland (DE)\"},\"image\":{\"@id\":\"https:\\\/\\\/energizer.com\\\/eu\\\/switzerland_de\\\/#\\\/schema\\\/logo\\\/image\\\/\"}}]}<\/script>\n<!-- \/ Yoast SEO plugin. -->","yoast_head_json":{"title":"ENERGIZER\u00ae HEARING AID BATTERIES \u2013 10 - Switzerland German","robots":{"index":"index","follow":"follow","max-snippet":"max-snippet:-1","max-image-preview":"max-image-preview:large","max-video-preview":"max-video-preview:-1"},"canonical":"https:\/\/energizer.com\/eu\/switzerland_de\/product\/energizer-hearing-aid-batteries-10\/","og_locale":"en_US","og_type":"article","og_title":"ENERGIZER\u00ae HEARING AID BATTERIES \u2013 10 - Switzerland German","og_description":"Es wird Sie freuen, das zu h\u00f6ren: Energizer bietet jetzt die langlebigsten H\u00f6rger\u00e4tebatterien aller Zeiten an. Unsere PowerSeal-Technologie sch\u00fctzt Ihre Ger\u00e4te vor dem Auslaufen von Batterien.* Diese Batterien liefern gleichbleibende Klangqualit\u00e4t \u00fcber ihre gesamte Lebensdauer\u00a0\u2013 f\u00fcr ein besseres H\u00f6rerlebnis. Benutzerfreundliches EZ Turn &amp; Lock-Drehpack: Die Batterien lassen sich einfach herausnehmen und dank extra langer Laschen bequem in Ihre Ger\u00e4te einsetzen. Nicht benutzte Batterien werden sicher aufbewahrt. Vertrauen Sie auf unsere beste Leistung und genie\u00dfen Sie es, all das zu h\u00f6ren, was die Welt zu bieten hat. *\u00a0Bei vollst\u00e4ndig verbrauchten Batterien bis zu 1 Woche bei Raumtemperatur","og_url":"https:\/\/energizer.com\/eu\/switzerland_de\/product\/energizer-hearing-aid-batteries-10\/","og_site_name":"Switzerland German","article_modified_time":"2024-08-23T12:14:35+00:00","twitter_card":"summary_large_image","schema":{"@context":"https:\/\/schema.org","@graph":[{"@type":"WebPage","@id":"https:\/\/energizer.com\/eu\/switzerland_de\/product\/energizer-hearing-aid-batteries-10\/","url":"https:\/\/energizer.com\/eu\/switzerland_de\/product\/energizer-hearing-aid-batteries-10\/","name":"ENERGIZER\u00ae HEARING AID BATTERIES \u2013 10 - Switzerland German","isPartOf":{"@id":"https:\/\/energizer.com\/eu\/switzerland_de\/#website"},"datePublished":"2024-05-31T06:32:04+00:00","dateModified":"2024-08-23T12:14:35+00:00","breadcrumb":{"@id":"https:\/\/energizer.com\/eu\/switzerland_de\/product\/energizer-hearing-aid-batteries-10\/#breadcrumb"},"inLanguage":"en-US","potentialAction":[{"@type":"ReadAction","target":["https:\/\/energizer.com\/eu\/switzerland_de\/product\/energizer-hearing-aid-batteries-10\/"]}]},{"@type":"BreadcrumbList","@id":"https:\/\/energizer.com\/eu\/switzerland_de\/product\/energizer-hearing-aid-batteries-10\/#breadcrumb","itemListElement":[{"@type":"ListItem","position":1,"name":"Home","item":"https:\/\/energizer.com\/eu\/switzerland_de\/"},{"@type":"ListItem","position":2,"name":"ENERGIZER\u00ae HEARING AID BATTERIES \u2013 10"}]},{"@type":"WebSite","@id":"https:\/\/energizer.com\/eu\/switzerland_de\/#website","url":"https:\/\/energizer.com\/eu\/switzerland_de\/","name":"Energizer Switzerland (DE)","description":"","publisher":{"@id":"https:\/\/energizer.com\/eu\/switzerland_de\/#organization"},"potentialAction":[{"@type":"SearchAction","target":{"@type":"EntryPoint","urlTemplate":"https:\/\/energizer.com\/eu\/switzerland_de\/?s={search_term_string}"},"query-input":{"@type":"PropertyValueSpecification","valueRequired":true,"valueName":"search_term_string"}}],"inLanguage":"en-US"},{"@type":"Organization","@id":"https:\/\/energizer.com\/eu\/switzerland_de\/#organization","name":"Energizer Switzerland (DE)","url":"https:\/\/energizer.com\/eu\/switzerland_de\/","logo":{"@type":"ImageObject","inLanguage":"en-US","@id":"https:\/\/energizer.com\/eu\/switzerland_de\/#\/schema\/logo\/image\/","url":"https:\/\/energizer.com\/eu\/switzerland_de\/wp-content\/uploads\/sites\/55\/2024\/04\/Energizer_brand.png","contentUrl":"https:\/\/energizer.com\/eu\/switzerland_de\/wp-content\/uploads\/sites\/55\/2024\/04\/Energizer_brand.png","width":267,"height":100,"caption":"Energizer Switzerland (DE)"},"image":{"@id":"https:\/\/energizer.com\/eu\/switzerland_de\/#\/schema\/logo\/image\/"}}]}},"_links":{"self":[{"href":"https:\/\/energizer.com\/eu\/switzerland_de\/wp-json\/wp\/v2\/product\/7072","targetHints":{"allow":["GET"]}}],"collection":[{"href":"https:\/\/energizer.com\/eu\/switzerland_de\/wp-json\/wp\/v2\/product"}],"about":[{"href":"https:\/\/energizer.com\/eu\/switzerland_de\/wp-json\/wp\/v2\/types\/product"}],"replies":[{"embeddable":true,"href":"https:\/\/energizer.com\/eu\/switzerland_de\/wp-json\/wp\/v2\/comments?post=7072"}],"version-history":[{"count":5,"href":"https:\/\/energizer.com\/eu\/switzerland_de\/wp-json\/wp\/v2\/product\/7072\/revisions"}],"predecessor-version":[{"id":9624,"href":"https:\/\/energizer.com\/eu\/switzerland_de\/wp-json\/wp\/v2\/product\/7072\/revisions\/9624"}],"wp:attachment":[{"href":"https:\/\/energizer.com\/eu\/switzerland_de\/wp-json\/wp\/v2\/media?parent=7072"}],"wp:term":[{"taxonomy":"product_brand","embeddable":true,"href":"https:\/\/energizer.com\/eu\/switzerland_de\/wp-json\/wp\/v2\/product_brand?post=7072"},{"taxonomy":"product_cat","embeddable":true,"href":"https:\/\/energizer.com\/eu\/switzerland_de\/wp-json\/wp\/v2\/product_cat?post=7072"},{"taxonomy":"product_tag","embeddable":true,"href":"https:\/\/energizer.com\/eu\/switzerland_de\/wp-json\/wp\/v2\/product_tag?post=7072"}],"curies":[{"name":"wp","href":"https:\/\/api.w.org\/{rel}","templated":true}]}}