{"id":9019,"date":"2024-08-02T05:08:25","date_gmt":"2024-08-02T05:08:25","guid":{"rendered":"https:\/\/23b13e8ab3.nxcli.io\/switzerland-german\/?post_type=product&#038;p=9019"},"modified":"2024-12-27T14:00:53","modified_gmt":"2024-12-27T14:00:53","slug":"energizer-electronics-batteries-cr2025","status":"publish","type":"product","link":"https:\/\/energizer.com\/eu\/switzerland_de\/product\/energizer-electronics-batteries-cr2025\/","title":{"rendered":"ENERGIZER\u00ae ELECTRONICS BATTERIES \u2013 CR2025"},"content":{"rendered":"<ul>\n<li>2er-Pack Energizer CR2025 Lithium-M\u00fcnzbatterien<\/li>\n<li>Langlebig: Jede Lithium-Batterie kann bis zu 10 Jahre gelagert werden, sodass sie jederzeit einsatzbereit ist<\/li>\n<li>Zuverl\u00e4ssige Leistung: Liefert langfristig zuverl\u00e4ssige Leistung in Spezialger\u00e4ten wie Herzfrequenzmonitoren, Fernbedienungen, schl\u00fcssellosen T\u00fcrsystemen, Taschenrechnern und Spielzeug<\/li>\n<li>Sicher: Lithium-M\u00fcnzbatterien von Energizer werden in einer kindersicheren Verpackung geliefert<\/li>\n<li>Zuverl\u00e4ssig: Diese CR2025-Lithiumbatterien von Energizer halten extremen Temperaturen von -30 \u00b0 bis 60 \u00b0 C stand<\/li>\n<li>Energizer-Innovation: Von den Herstellern der weltweit langlebigsten AA-Batterie, Energizer Ultimate Lithium<\/li>\n<\/ul>\n","protected":false},"excerpt":{"rendered":"<p>Holen Sie das Beste aus Ihren Ger\u00e4ten heraus: mit der zuverl\u00e4ssigen, langlebigen Leistung, die Sie von Energizer-Batterien gewohnt sind. Kaufen Sie CR2025-Batterien von Energizer f\u00fcr Uhren und Wearables sowie f\u00fcr Schl\u00fcsselanh\u00e4nger, Fernbedienungen und Alarmsensoren. Diese Batterien sind auch eine gute Wahl, wenn Sie eine neue Batterie f\u00fcr Ihren Autoschl\u00fcssel ben\u00f6tigen. Jede CR2025-Batterie von Energizer halten ihre Leistung w\u00e4hrend der Lagerung bis zu 10 Jahre lang und k\u00f6nnen Temperaturen von -30 \u00b0C bis 60 \u00b0C standhalten. Au\u00dferdem enthalten sie kein Quecksilber und werden in einer Sicherheitsverpackung mit Kindersicherung geliefert. Abgesehen von der Gr\u00f6\u00dfe 2025 (oder KECR2025) umfasst das Sortiment von Energizer auch Batterien der Gr\u00f6\u00dfen 2032, 2016 und LR44\/A76, so dass Sie ganz leicht die Power finden, die Sie brauchen. Wiederaufladbare Batterien finden Sie bei Energizer Recharge \u2013 ideal f\u00fcr High-Tech-Ger\u00e4te. Seit der Entwicklung der weltweit ersten Verbraucherbatterie im Jahr 1896 ist Energizer der Pionier in der Branche und blickt auf eine stolze Geschichte voller Innovationen zur\u00fcck, zu denen auch der erste Batterietester der Welt geh\u00f6rt. Die Marke setzt diese Philosophie auch in Umweltinitiativen um \u2013 zum Beispiel durch die Entwicklung des ersten wiederaufladbaren Batteriesystems 1958 oder der Einf\u00fchrung der ersten Batterie ohne Quecksilberzusatz 1989. Energizer Recharge-Batterien waren auch die ersten wiederaufladbaren Batterien, die recycelt werden konnten. Das Unternehmen arbeitet mit Organisationen zusammen, die Verbraucher ermutigen, informieren und bef\u00e4higen, nicht wiederaufladbare Batterien sowie Batterieverpackungen fachgerecht zu recyceln. Vertrauen Sie auf die Leistung der CR2025-Batterien von Energizer.<\/p>\n","protected":false},"featured_media":0,"comment_status":"open","ping_status":"closed","template":"","meta":{"_acf_changed":false},"product_brand":[],"product_cat":[58],"product_tag":[],"class_list":{"0":"post-9019","1":"product","2":"type-product","3":"status-publish","5":"product_cat-speciality","7":"first","8":"instock","9":"shipping-taxable","10":"product-type-simple"},"acf":[],"yoast_head":"<!-- This site is optimized with the Yoast SEO plugin v27.4 - https:\/\/yoast.com\/product\/yoast-seo-wordpress\/ -->\n<title>ENERGIZER\u00ae ELECTRONICS BATTERIES \u2013 CR2025 - Switzerland German<\/title>\n<meta name=\"robots\" content=\"index, follow, max-snippet:-1, max-image-preview:large, max-video-preview:-1\" \/>\n<link rel=\"canonical\" href=\"https:\/\/energizer.com\/eu\/switzerland_de\/product\/energizer-electronics-batteries-cr2025\/\" \/>\n<meta property=\"og:locale\" content=\"en_US\" \/>\n<meta property=\"og:type\" content=\"article\" \/>\n<meta property=\"og:title\" content=\"ENERGIZER\u00ae ELECTRONICS BATTERIES \u2013 CR2025 - Switzerland German\" \/>\n<meta property=\"og:description\" content=\"Holen Sie das Beste aus Ihren Ger\u00e4ten heraus: mit der zuverl\u00e4ssigen, langlebigen Leistung, die Sie von Energizer-Batterien gewohnt sind. Kaufen Sie CR2025-Batterien von Energizer f\u00fcr Uhren und Wearables sowie f\u00fcr Schl\u00fcsselanh\u00e4nger, Fernbedienungen und Alarmsensoren. Diese Batterien sind auch eine gute Wahl, wenn Sie eine neue Batterie f\u00fcr Ihren Autoschl\u00fcssel ben\u00f6tigen. Jede CR2025-Batterie von Energizer halten ihre Leistung w\u00e4hrend der Lagerung bis zu 10 Jahre lang und k\u00f6nnen Temperaturen von -30 \u00b0C bis 60 \u00b0C standhalten. Au\u00dferdem enthalten sie kein Quecksilber und werden in einer Sicherheitsverpackung mit Kindersicherung geliefert. Abgesehen von der Gr\u00f6\u00dfe 2025 (oder KECR2025) umfasst das Sortiment von Energizer auch Batterien der Gr\u00f6\u00dfen 2032, 2016 und LR44\/A76, so dass Sie ganz leicht die Power finden, die Sie brauchen. Wiederaufladbare Batterien finden Sie bei Energizer Recharge \u2013 ideal f\u00fcr High-Tech-Ger\u00e4te. Seit der Entwicklung der weltweit ersten Verbraucherbatterie im Jahr 1896 ist Energizer der Pionier in der Branche und blickt auf eine stolze Geschichte voller Innovationen zur\u00fcck, zu denen auch der erste Batterietester der Welt geh\u00f6rt. Die Marke setzt diese Philosophie auch in Umweltinitiativen um \u2013 zum Beispiel durch die Entwicklung des ersten wiederaufladbaren Batteriesystems 1958 oder der Einf\u00fchrung der ersten Batterie ohne Quecksilberzusatz 1989. Energizer Recharge-Batterien waren auch die ersten wiederaufladbaren Batterien, die recycelt werden konnten. Das Unternehmen arbeitet mit Organisationen zusammen, die Verbraucher ermutigen, informieren und bef\u00e4higen, nicht wiederaufladbare Batterien sowie Batterieverpackungen fachgerecht zu recyceln. Vertrauen Sie auf die Leistung der CR2025-Batterien von Energizer.\" \/>\n<meta property=\"og:url\" content=\"https:\/\/energizer.com\/eu\/switzerland_de\/product\/energizer-electronics-batteries-cr2025\/\" \/>\n<meta property=\"og:site_name\" content=\"Switzerland German\" \/>\n<meta property=\"article:modified_time\" content=\"2024-12-27T14:00:53+00:00\" \/>\n<meta name=\"twitter:card\" content=\"summary_large_image\" \/>\n<script type=\"application\/ld+json\" class=\"yoast-schema-graph\">{\"@context\":\"https:\\\/\\\/schema.org\",\"@graph\":[{\"@type\":\"WebPage\",\"@id\":\"https:\\\/\\\/energizer.com\\\/eu\\\/switzerland_de\\\/product\\\/energizer-electronics-batteries-cr2025\\\/\",\"url\":\"https:\\\/\\\/energizer.com\\\/eu\\\/switzerland_de\\\/product\\\/energizer-electronics-batteries-cr2025\\\/\",\"name\":\"ENERGIZER\u00ae ELECTRONICS BATTERIES \u2013 CR2025 - Switzerland German\",\"isPartOf\":{\"@id\":\"https:\\\/\\\/energizer.com\\\/eu\\\/switzerland_de\\\/#website\"},\"datePublished\":\"2024-08-02T05:08:25+00:00\",\"dateModified\":\"2024-12-27T14:00:53+00:00\",\"breadcrumb\":{\"@id\":\"https:\\\/\\\/energizer.com\\\/eu\\\/switzerland_de\\\/product\\\/energizer-electronics-batteries-cr2025\\\/#breadcrumb\"},\"inLanguage\":\"en-US\",\"potentialAction\":[{\"@type\":\"ReadAction\",\"target\":[\"https:\\\/\\\/energizer.com\\\/eu\\\/switzerland_de\\\/product\\\/energizer-electronics-batteries-cr2025\\\/\"]}]},{\"@type\":\"BreadcrumbList\",\"@id\":\"https:\\\/\\\/energizer.com\\\/eu\\\/switzerland_de\\\/product\\\/energizer-electronics-batteries-cr2025\\\/#breadcrumb\",\"itemListElement\":[{\"@type\":\"ListItem\",\"position\":1,\"name\":\"Home\",\"item\":\"https:\\\/\\\/energizer.com\\\/eu\\\/switzerland_de\\\/\"},{\"@type\":\"ListItem\",\"position\":2,\"name\":\"ENERGIZER\u00ae ELECTRONICS BATTERIES \u2013 CR2025\"}]},{\"@type\":\"WebSite\",\"@id\":\"https:\\\/\\\/energizer.com\\\/eu\\\/switzerland_de\\\/#website\",\"url\":\"https:\\\/\\\/energizer.com\\\/eu\\\/switzerland_de\\\/\",\"name\":\"Energizer Switzerland (DE)\",\"description\":\"\",\"publisher\":{\"@id\":\"https:\\\/\\\/energizer.com\\\/eu\\\/switzerland_de\\\/#organization\"},\"potentialAction\":[{\"@type\":\"SearchAction\",\"target\":{\"@type\":\"EntryPoint\",\"urlTemplate\":\"https:\\\/\\\/energizer.com\\\/eu\\\/switzerland_de\\\/?s={search_term_string}\"},\"query-input\":{\"@type\":\"PropertyValueSpecification\",\"valueRequired\":true,\"valueName\":\"search_term_string\"}}],\"inLanguage\":\"en-US\"},{\"@type\":\"Organization\",\"@id\":\"https:\\\/\\\/energizer.com\\\/eu\\\/switzerland_de\\\/#organization\",\"name\":\"Energizer Switzerland (DE)\",\"url\":\"https:\\\/\\\/energizer.com\\\/eu\\\/switzerland_de\\\/\",\"logo\":{\"@type\":\"ImageObject\",\"inLanguage\":\"en-US\",\"@id\":\"https:\\\/\\\/energizer.com\\\/eu\\\/switzerland_de\\\/#\\\/schema\\\/logo\\\/image\\\/\",\"url\":\"https:\\\/\\\/energizer.com\\\/eu\\\/switzerland_de\\\/wp-content\\\/uploads\\\/sites\\\/55\\\/2024\\\/04\\\/Energizer_brand.png\",\"contentUrl\":\"https:\\\/\\\/energizer.com\\\/eu\\\/switzerland_de\\\/wp-content\\\/uploads\\\/sites\\\/55\\\/2024\\\/04\\\/Energizer_brand.png\",\"width\":267,\"height\":100,\"caption\":\"Energizer Switzerland (DE)\"},\"image\":{\"@id\":\"https:\\\/\\\/energizer.com\\\/eu\\\/switzerland_de\\\/#\\\/schema\\\/logo\\\/image\\\/\"}}]}<\/script>\n<!-- \/ Yoast SEO plugin. -->","yoast_head_json":{"title":"ENERGIZER\u00ae ELECTRONICS BATTERIES \u2013 CR2025 - Switzerland German","robots":{"index":"index","follow":"follow","max-snippet":"max-snippet:-1","max-image-preview":"max-image-preview:large","max-video-preview":"max-video-preview:-1"},"canonical":"https:\/\/energizer.com\/eu\/switzerland_de\/product\/energizer-electronics-batteries-cr2025\/","og_locale":"en_US","og_type":"article","og_title":"ENERGIZER\u00ae ELECTRONICS BATTERIES \u2013 CR2025 - Switzerland German","og_description":"Holen Sie das Beste aus Ihren Ger\u00e4ten heraus: mit der zuverl\u00e4ssigen, langlebigen Leistung, die Sie von Energizer-Batterien gewohnt sind. Kaufen Sie CR2025-Batterien von Energizer f\u00fcr Uhren und Wearables sowie f\u00fcr Schl\u00fcsselanh\u00e4nger, Fernbedienungen und Alarmsensoren. Diese Batterien sind auch eine gute Wahl, wenn Sie eine neue Batterie f\u00fcr Ihren Autoschl\u00fcssel ben\u00f6tigen. Jede CR2025-Batterie von Energizer halten ihre Leistung w\u00e4hrend der Lagerung bis zu 10 Jahre lang und k\u00f6nnen Temperaturen von -30 \u00b0C bis 60 \u00b0C standhalten. Au\u00dferdem enthalten sie kein Quecksilber und werden in einer Sicherheitsverpackung mit Kindersicherung geliefert. Abgesehen von der Gr\u00f6\u00dfe 2025 (oder KECR2025) umfasst das Sortiment von Energizer auch Batterien der Gr\u00f6\u00dfen 2032, 2016 und LR44\/A76, so dass Sie ganz leicht die Power finden, die Sie brauchen. Wiederaufladbare Batterien finden Sie bei Energizer Recharge \u2013 ideal f\u00fcr High-Tech-Ger\u00e4te. Seit der Entwicklung der weltweit ersten Verbraucherbatterie im Jahr 1896 ist Energizer der Pionier in der Branche und blickt auf eine stolze Geschichte voller Innovationen zur\u00fcck, zu denen auch der erste Batterietester der Welt geh\u00f6rt. Die Marke setzt diese Philosophie auch in Umweltinitiativen um \u2013 zum Beispiel durch die Entwicklung des ersten wiederaufladbaren Batteriesystems 1958 oder der Einf\u00fchrung der ersten Batterie ohne Quecksilberzusatz 1989. Energizer Recharge-Batterien waren auch die ersten wiederaufladbaren Batterien, die recycelt werden konnten. Das Unternehmen arbeitet mit Organisationen zusammen, die Verbraucher ermutigen, informieren und bef\u00e4higen, nicht wiederaufladbare Batterien sowie Batterieverpackungen fachgerecht zu recyceln. Vertrauen Sie auf die Leistung der CR2025-Batterien von Energizer.","og_url":"https:\/\/energizer.com\/eu\/switzerland_de\/product\/energizer-electronics-batteries-cr2025\/","og_site_name":"Switzerland German","article_modified_time":"2024-12-27T14:00:53+00:00","twitter_card":"summary_large_image","schema":{"@context":"https:\/\/schema.org","@graph":[{"@type":"WebPage","@id":"https:\/\/energizer.com\/eu\/switzerland_de\/product\/energizer-electronics-batteries-cr2025\/","url":"https:\/\/energizer.com\/eu\/switzerland_de\/product\/energizer-electronics-batteries-cr2025\/","name":"ENERGIZER\u00ae ELECTRONICS BATTERIES \u2013 CR2025 - Switzerland German","isPartOf":{"@id":"https:\/\/energizer.com\/eu\/switzerland_de\/#website"},"datePublished":"2024-08-02T05:08:25+00:00","dateModified":"2024-12-27T14:00:53+00:00","breadcrumb":{"@id":"https:\/\/energizer.com\/eu\/switzerland_de\/product\/energizer-electronics-batteries-cr2025\/#breadcrumb"},"inLanguage":"en-US","potentialAction":[{"@type":"ReadAction","target":["https:\/\/energizer.com\/eu\/switzerland_de\/product\/energizer-electronics-batteries-cr2025\/"]}]},{"@type":"BreadcrumbList","@id":"https:\/\/energizer.com\/eu\/switzerland_de\/product\/energizer-electronics-batteries-cr2025\/#breadcrumb","itemListElement":[{"@type":"ListItem","position":1,"name":"Home","item":"https:\/\/energizer.com\/eu\/switzerland_de\/"},{"@type":"ListItem","position":2,"name":"ENERGIZER\u00ae ELECTRONICS BATTERIES \u2013 CR2025"}]},{"@type":"WebSite","@id":"https:\/\/energizer.com\/eu\/switzerland_de\/#website","url":"https:\/\/energizer.com\/eu\/switzerland_de\/","name":"Energizer Switzerland (DE)","description":"","publisher":{"@id":"https:\/\/energizer.com\/eu\/switzerland_de\/#organization"},"potentialAction":[{"@type":"SearchAction","target":{"@type":"EntryPoint","urlTemplate":"https:\/\/energizer.com\/eu\/switzerland_de\/?s={search_term_string}"},"query-input":{"@type":"PropertyValueSpecification","valueRequired":true,"valueName":"search_term_string"}}],"inLanguage":"en-US"},{"@type":"Organization","@id":"https:\/\/energizer.com\/eu\/switzerland_de\/#organization","name":"Energizer Switzerland (DE)","url":"https:\/\/energizer.com\/eu\/switzerland_de\/","logo":{"@type":"ImageObject","inLanguage":"en-US","@id":"https:\/\/energizer.com\/eu\/switzerland_de\/#\/schema\/logo\/image\/","url":"https:\/\/energizer.com\/eu\/switzerland_de\/wp-content\/uploads\/sites\/55\/2024\/04\/Energizer_brand.png","contentUrl":"https:\/\/energizer.com\/eu\/switzerland_de\/wp-content\/uploads\/sites\/55\/2024\/04\/Energizer_brand.png","width":267,"height":100,"caption":"Energizer Switzerland (DE)"},"image":{"@id":"https:\/\/energizer.com\/eu\/switzerland_de\/#\/schema\/logo\/image\/"}}]}},"_links":{"self":[{"href":"https:\/\/energizer.com\/eu\/switzerland_de\/wp-json\/wp\/v2\/product\/9019","targetHints":{"allow":["GET"]}}],"collection":[{"href":"https:\/\/energizer.com\/eu\/switzerland_de\/wp-json\/wp\/v2\/product"}],"about":[{"href":"https:\/\/energizer.com\/eu\/switzerland_de\/wp-json\/wp\/v2\/types\/product"}],"replies":[{"embeddable":true,"href":"https:\/\/energizer.com\/eu\/switzerland_de\/wp-json\/wp\/v2\/comments?post=9019"}],"version-history":[{"count":5,"href":"https:\/\/energizer.com\/eu\/switzerland_de\/wp-json\/wp\/v2\/product\/9019\/revisions"}],"predecessor-version":[{"id":9935,"href":"https:\/\/energizer.com\/eu\/switzerland_de\/wp-json\/wp\/v2\/product\/9019\/revisions\/9935"}],"wp:attachment":[{"href":"https:\/\/energizer.com\/eu\/switzerland_de\/wp-json\/wp\/v2\/media?parent=9019"}],"wp:term":[{"taxonomy":"product_brand","embeddable":true,"href":"https:\/\/energizer.com\/eu\/switzerland_de\/wp-json\/wp\/v2\/product_brand?post=9019"},{"taxonomy":"product_cat","embeddable":true,"href":"https:\/\/energizer.com\/eu\/switzerland_de\/wp-json\/wp\/v2\/product_cat?post=9019"},{"taxonomy":"product_tag","embeddable":true,"href":"https:\/\/energizer.com\/eu\/switzerland_de\/wp-json\/wp\/v2\/product_tag?post=9019"}],"curies":[{"name":"wp","href":"https:\/\/api.w.org\/{rel}","templated":true}]}}