{"id":4236,"date":"2024-05-16T07:41:21","date_gmt":"2024-05-16T07:41:21","guid":{"rendered":"https:\/\/c487eefeea.nxcli.io\/argentina\/?post_type=product&#038;p=4236"},"modified":"2024-09-04T09:37:06","modified_gmt":"2024-09-04T09:37:06","slug":"energizer-electronic-batteries-a544-4lr44","status":"publish","type":"product","link":"https:\/\/energizer.com\/lat\/argentina\/product\/energizer-electronic-batteries-a544-4lr44\/","title":{"rendered":"ENERGIZER\u00ae ELECTRONIC BATTERIES \u2013 A544\/4LR44"},"content":{"rendered":"<ul>\n<li>Lectores de libros electr\u00f3nicos<\/li>\n<li>Consolas de juegos port\u00e1tiles<\/li>\n<li>Organizadores personales<\/li>\n<li>Juegos electr\u00f3nicos y juguetes<\/li>\n<li>Computadoras<\/li>\n<li>Controles remotos<\/li>\n<li>Cuidado personal<\/li>\n<li>Calculadoras<\/li>\n<li>Cerraduras sin llave y el\u00e9ctricas<\/li>\n<li>Abridores de garaje<\/li>\n<li>Term\u00f3metros digitales<\/li>\n<li>Tensi\u00f3metros<\/li>\n<li>Salud en el hogar<\/li>\n<\/ul>\n","protected":false},"excerpt":{"rendered":"<p>Energizer<sup>\u00ae<\/sup>\u00a0ha sido l\u00edder mundial en peque\u00f1as bater\u00edas electr\u00f3nicas durante d\u00e9cadas. Puede confiar en la ingenier\u00eda de precisi\u00f3n de las bater\u00edas para alimentar todos sus peque\u00f1os dispositivos electr\u00f3nicos, desde monitores de glucosa y rastreadores de actividad f\u00edsica hasta los \u00faltimos juegos y juguetes.<\/p>\n","protected":false},"featured_media":0,"comment_status":"open","ping_status":"closed","template":"","meta":{"_acf_changed":false},"product_brand":[],"product_cat":[58],"product_tag":[],"class_list":{"0":"post-4236","1":"product","2":"type-product","3":"status-publish","5":"product_cat-specialty","7":"first","8":"instock","9":"shipping-taxable","10":"product-type-simple"},"acf":[],"_links":{"self":[{"href":"https:\/\/energizer.com\/lat\/argentina\/wp-json\/wp\/v2\/product\/4236","targetHints":{"allow":["GET"]}}],"collection":[{"href":"https:\/\/energizer.com\/lat\/argentina\/wp-json\/wp\/v2\/product"}],"about":[{"href":"https:\/\/energizer.com\/lat\/argentina\/wp-json\/wp\/v2\/types\/product"}],"replies":[{"embeddable":true,"href":"https:\/\/energizer.com\/lat\/argentina\/wp-json\/wp\/v2\/comments?post=4236"}],"version-history":[{"count":13,"href":"https:\/\/energizer.com\/lat\/argentina\/wp-json\/wp\/v2\/product\/4236\/revisions"}],"predecessor-version":[{"id":10091,"href":"https:\/\/energizer.com\/lat\/argentina\/wp-json\/wp\/v2\/product\/4236\/revisions\/10091"}],"wp:attachment":[{"href":"https:\/\/energizer.com\/lat\/argentina\/wp-json\/wp\/v2\/media?parent=4236"}],"wp:term":[{"taxonomy":"product_brand","embeddable":true,"href":"https:\/\/energizer.com\/lat\/argentina\/wp-json\/wp\/v2\/product_brand?post=4236"},{"taxonomy":"product_cat","embeddable":true,"href":"https:\/\/energizer.com\/lat\/argentina\/wp-json\/wp\/v2\/product_cat?post=4236"},{"taxonomy":"product_tag","embeddable":true,"href":"https:\/\/energizer.com\/lat\/argentina\/wp-json\/wp\/v2\/product_tag?post=4236"}],"curies":[{"name":"wp","href":"https:\/\/api.w.org\/{rel}","templated":true}]}}