{"id":5235,"date":"2024-05-21T19:15:56","date_gmt":"2024-05-21T19:15:56","guid":{"rendered":"https:\/\/c487eefeea.nxcli.io\/argentina\/?post_type=product&#038;p=5235"},"modified":"2024-08-05T07:11:51","modified_gmt":"2024-08-05T07:11:51","slug":"energizer-metal-pen-light","status":"publish","type":"product","link":"https:\/\/energizer.com\/lat\/argentina\/product\/energizer-metal-pen-light\/","title":{"rendered":"Energizer Metal Pen Light"},"content":{"rendered":"<ul>\n<li>Ofrece hasta 20 horas de tiempo de ejecuci\u00f3n y hasta 35 l\u00famenes<\/li>\n<li>luz 4 veces m\u00e1s brillante en comparaci\u00f3n con la tecnolog\u00eda LED est\u00e1ndar<\/li>\n<li>Brilla luz brillante hasta 9 metros, lo que la convierte en la antorcha personal ideal para todo, desde proyectos de bricolaje hasta situaciones de emergencia<\/li>\n<\/ul>\n","protected":false},"excerpt":{"rendered":"<p>Ofrece hasta 20 horas de tiempo de ejecuci\u00f3n y hasta 35 l\u00famenes luz 4 veces m\u00e1s brillante en comparaci\u00f3n con la tecnolog\u00eda LED est\u00e1ndar Brilla luz brillante hasta 9 metros, lo que la convierte en la antorcha personal ideal para todo, desde proyectos de bricolaje hasta situaciones de emergencia<\/p>\n","protected":false},"featured_media":0,"comment_status":"open","ping_status":"closed","template":"","meta":{"_acf_changed":false},"product_brand":[],"product_cat":[97],"product_tag":[],"class_list":{"0":"post-5235","1":"product","2":"type-product","3":"status-publish","5":"product_cat-handheld","7":"first","8":"instock","9":"shipping-taxable","10":"product-type-simple"},"acf":[],"_links":{"self":[{"href":"https:\/\/energizer.com\/lat\/argentina\/wp-json\/wp\/v2\/product\/5235","targetHints":{"allow":["GET"]}}],"collection":[{"href":"https:\/\/energizer.com\/lat\/argentina\/wp-json\/wp\/v2\/product"}],"about":[{"href":"https:\/\/energizer.com\/lat\/argentina\/wp-json\/wp\/v2\/types\/product"}],"replies":[{"embeddable":true,"href":"https:\/\/energizer.com\/lat\/argentina\/wp-json\/wp\/v2\/comments?post=5235"}],"version-history":[{"count":5,"href":"https:\/\/energizer.com\/lat\/argentina\/wp-json\/wp\/v2\/product\/5235\/revisions"}],"predecessor-version":[{"id":9721,"href":"https:\/\/energizer.com\/lat\/argentina\/wp-json\/wp\/v2\/product\/5235\/revisions\/9721"}],"wp:attachment":[{"href":"https:\/\/energizer.com\/lat\/argentina\/wp-json\/wp\/v2\/media?parent=5235"}],"wp:term":[{"taxonomy":"product_brand","embeddable":true,"href":"https:\/\/energizer.com\/lat\/argentina\/wp-json\/wp\/v2\/product_brand?post=5235"},{"taxonomy":"product_cat","embeddable":true,"href":"https:\/\/energizer.com\/lat\/argentina\/wp-json\/wp\/v2\/product_cat?post=5235"},{"taxonomy":"product_tag","embeddable":true,"href":"https:\/\/energizer.com\/lat\/argentina\/wp-json\/wp\/v2\/product_tag?post=5235"}],"curies":[{"name":"wp","href":"https:\/\/api.w.org\/{rel}","templated":true}]}}