{"id":9718,"date":"2024-08-05T07:09:26","date_gmt":"2024-08-05T07:09:26","guid":{"rendered":"https:\/\/c487eefeea.nxcli.io\/argentina\/?post_type=product&#038;p=9718"},"modified":"2024-08-05T07:09:26","modified_gmt":"2024-08-05T07:09:26","slug":"energizer-metal-light-160","status":"publish","type":"product","link":"https:\/\/energizer.com\/lat\/argentina\/product\/energizer-metal-light-160\/","title":{"rendered":"Energizer Metal Light 160"},"content":{"rendered":"<ul>\n<li>Construcci\u00f3n de aluminio duradero<\/li>\n<li>Dise\u00f1ada para durar 10 a\u00f1os basado en patrones de uso t\u00edpicos de los consumidores<\/li>\n<li>Pulsador de f\u00e1cil manejo<\/li>\n<li>Hasta 4 veces m\u00e1s brillante que la tecnolog\u00eda LED est\u00e1ndar<\/li>\n<\/ul>\n","protected":false},"excerpt":{"rendered":"<p>Construcci\u00f3n de aluminio duradero Dise\u00f1ada para durar 10 a\u00f1os basado en patrones de uso t\u00edpicos de los consumidores Pulsador de f\u00e1cil manejo Hasta 4 veces m\u00e1s brillante que la tecnolog\u00eda LED est\u00e1ndar<\/p>\n","protected":false},"featured_media":0,"comment_status":"open","ping_status":"closed","template":"","meta":{"_acf_changed":false},"product_brand":[],"product_cat":[97],"product_tag":[],"class_list":{"0":"post-9718","1":"product","2":"type-product","3":"status-publish","5":"product_cat-handheld","7":"first","8":"instock","9":"shipping-taxable","10":"product-type-simple"},"acf":[],"_links":{"self":[{"href":"https:\/\/energizer.com\/lat\/argentina\/wp-json\/wp\/v2\/product\/9718","targetHints":{"allow":["GET"]}}],"collection":[{"href":"https:\/\/energizer.com\/lat\/argentina\/wp-json\/wp\/v2\/product"}],"about":[{"href":"https:\/\/energizer.com\/lat\/argentina\/wp-json\/wp\/v2\/types\/product"}],"replies":[{"embeddable":true,"href":"https:\/\/energizer.com\/lat\/argentina\/wp-json\/wp\/v2\/comments?post=9718"}],"version-history":[{"count":1,"href":"https:\/\/energizer.com\/lat\/argentina\/wp-json\/wp\/v2\/product\/9718\/revisions"}],"predecessor-version":[{"id":9719,"href":"https:\/\/energizer.com\/lat\/argentina\/wp-json\/wp\/v2\/product\/9718\/revisions\/9719"}],"wp:attachment":[{"href":"https:\/\/energizer.com\/lat\/argentina\/wp-json\/wp\/v2\/media?parent=9718"}],"wp:term":[{"taxonomy":"product_brand","embeddable":true,"href":"https:\/\/energizer.com\/lat\/argentina\/wp-json\/wp\/v2\/product_brand?post=9718"},{"taxonomy":"product_cat","embeddable":true,"href":"https:\/\/energizer.com\/lat\/argentina\/wp-json\/wp\/v2\/product_cat?post=9718"},{"taxonomy":"product_tag","embeddable":true,"href":"https:\/\/energizer.com\/lat\/argentina\/wp-json\/wp\/v2\/product_tag?post=9718"}],"curies":[{"name":"wp","href":"https:\/\/api.w.org\/{rel}","templated":true}]}}