{"id":9730,"date":"2024-08-05T07:26:46","date_gmt":"2024-08-05T07:26:46","guid":{"rendered":"https:\/\/c487eefeea.nxcli.io\/argentina\/?post_type=product&#038;p=9730"},"modified":"2024-08-05T07:26:46","modified_gmt":"2024-08-05T07:26:46","slug":"energizer-industrial-400","status":"publish","type":"product","link":"https:\/\/energizer.com\/lat\/argentina\/product\/energizer-industrial-400\/","title":{"rendered":"Energizer Industrial 400"},"content":{"rendered":"<ul>\n<li>Foco digital con 5 modos de luz para visi\u00f3n directa y perif\u00e9rica<\/li>\n<li>Lentes resistentes a impactos<\/li>\n<li>Manos libres con cabezal pivotante<\/li>\n<li>LED 4 veces mas brillante que el est\u00e1ndar<\/li>\n<li>Correa antideslizante<\/li>\n<\/ul>\n","protected":false},"excerpt":{"rendered":"<p>Foco digital con 5 modos de luz para visi\u00f3n directa y perif\u00e9rica Lentes resistentes a impactos Manos libres con cabezal pivotante LED 4 veces mas brillante que el est\u00e1ndar Correa antideslizante<\/p>\n","protected":false},"featured_media":0,"comment_status":"open","ping_status":"closed","template":"","meta":{"_acf_changed":false},"product_brand":[],"product_cat":[43],"product_tag":[],"class_list":{"0":"post-9730","1":"product","2":"type-product","3":"status-publish","5":"product_cat-hands-free","7":"first","8":"instock","9":"shipping-taxable","10":"product-type-simple"},"acf":[],"_links":{"self":[{"href":"https:\/\/energizer.com\/lat\/argentina\/wp-json\/wp\/v2\/product\/9730","targetHints":{"allow":["GET"]}}],"collection":[{"href":"https:\/\/energizer.com\/lat\/argentina\/wp-json\/wp\/v2\/product"}],"about":[{"href":"https:\/\/energizer.com\/lat\/argentina\/wp-json\/wp\/v2\/types\/product"}],"replies":[{"embeddable":true,"href":"https:\/\/energizer.com\/lat\/argentina\/wp-json\/wp\/v2\/comments?post=9730"}],"version-history":[{"count":1,"href":"https:\/\/energizer.com\/lat\/argentina\/wp-json\/wp\/v2\/product\/9730\/revisions"}],"predecessor-version":[{"id":9731,"href":"https:\/\/energizer.com\/lat\/argentina\/wp-json\/wp\/v2\/product\/9730\/revisions\/9731"}],"wp:attachment":[{"href":"https:\/\/energizer.com\/lat\/argentina\/wp-json\/wp\/v2\/media?parent=9730"}],"wp:term":[{"taxonomy":"product_brand","embeddable":true,"href":"https:\/\/energizer.com\/lat\/argentina\/wp-json\/wp\/v2\/product_brand?post=9730"},{"taxonomy":"product_cat","embeddable":true,"href":"https:\/\/energizer.com\/lat\/argentina\/wp-json\/wp\/v2\/product_cat?post=9730"},{"taxonomy":"product_tag","embeddable":true,"href":"https:\/\/energizer.com\/lat\/argentina\/wp-json\/wp\/v2\/product_tag?post=9730"}],"curies":[{"name":"wp","href":"https:\/\/api.w.org\/{rel}","templated":true}]}}