{"id":9732,"date":"2024-08-05T07:34:25","date_gmt":"2024-08-05T07:34:25","guid":{"rendered":"https:\/\/c487eefeea.nxcli.io\/argentina\/?post_type=product&#038;p=9732"},"modified":"2024-08-05T07:34:25","modified_gmt":"2024-08-05T07:34:25","slug":"energizer-hard-case-pivot-plus-300","status":"publish","type":"product","link":"https:\/\/energizer.com\/lat\/argentina\/product\/energizer-hard-case-pivot-plus-300\/","title":{"rendered":"Energizer Hard Case Pivot Plus 300"},"content":{"rendered":"<ul>\n<li>La linterna flexible Pivot Plus\u2122 funciona con 2 pilas AA (incluidas 2 pilas Energizer Max\u00ae)<\/li>\n<li>El cabezal giratorio de 175\u00b0 ofrece hasta 300 l\u00famenes brillantes de luz uniforme, con un haz que alcanza hasta 30 metros<\/li>\n<li>Su cuerpo de goma duradero soporta ca\u00edda tras ca\u00edda de hasta 2 pisos de altura (7 metros)<\/li>\n<li>La base magn\u00e9tica y el cord\u00f3n incorporado ofrecen luz para diversas tareas con manos libres, iluminando en cualquier \u00e1ngulo<\/li>\n<li>El bot\u00f3n extra grande y su mango ergon\u00f3mico hacen que la linterna sea f\u00e1cil de operar, incluso con guantes<\/li>\n<li>Lista para cualquier clima con su clasificaci\u00f3n IPX4 resistente al agua<\/li>\n<li>Dura todo el tiempo que lo necesite: funciona hasta 5 horas en modo alto y hasta 30 horas en modo bajo<\/li>\n<\/ul>\n","protected":false},"excerpt":{"rendered":"<p>Finalmente, una linterna de trabajo profesional que satisface sus demandas. El cabezal giratorio de la linterna LED Energizer Hard Case Professional\u00ae Pivot Plus\u2122 brinda brillo a pedido cuando y donde lo necesite. Su cabezal giratorio de 175\u00b0 puede dirigir hasta 300 l\u00famenes brillantes de luz n\u00edtida y uniforme, iluminando objetos a una distancia de hasta 30 metros. Permite funcionalidad manos libres por su base magn\u00e9tica y cord\u00f3n incorporado. Dise\u00f1ada con un molde exterior de goma resistente, esta linterna de alta resistencia soportar ca\u00eddas de hasta 7 metros de altura y resistir en condiciones clim\u00e1ticas extremas, gracias a su clasificaci\u00f3n IPX4. Cuando su trabajo se vuelva exigente, utilice la potente luz giratoria de la linterna Energizer Hard Case Professional\u00ae Pivot Plus\u2122.<\/p>\n","protected":false},"featured_media":0,"comment_status":"open","ping_status":"closed","template":"","meta":{"_acf_changed":false},"product_brand":[],"product_cat":[97],"product_tag":[],"class_list":{"0":"post-9732","1":"product","2":"type-product","3":"status-publish","5":"product_cat-handheld","7":"first","8":"instock","9":"shipping-taxable","10":"product-type-simple"},"acf":[],"_links":{"self":[{"href":"https:\/\/energizer.com\/lat\/argentina\/wp-json\/wp\/v2\/product\/9732","targetHints":{"allow":["GET"]}}],"collection":[{"href":"https:\/\/energizer.com\/lat\/argentina\/wp-json\/wp\/v2\/product"}],"about":[{"href":"https:\/\/energizer.com\/lat\/argentina\/wp-json\/wp\/v2\/types\/product"}],"replies":[{"embeddable":true,"href":"https:\/\/energizer.com\/lat\/argentina\/wp-json\/wp\/v2\/comments?post=9732"}],"version-history":[{"count":1,"href":"https:\/\/energizer.com\/lat\/argentina\/wp-json\/wp\/v2\/product\/9732\/revisions"}],"predecessor-version":[{"id":9733,"href":"https:\/\/energizer.com\/lat\/argentina\/wp-json\/wp\/v2\/product\/9732\/revisions\/9733"}],"wp:attachment":[{"href":"https:\/\/energizer.com\/lat\/argentina\/wp-json\/wp\/v2\/media?parent=9732"}],"wp:term":[{"taxonomy":"product_brand","embeddable":true,"href":"https:\/\/energizer.com\/lat\/argentina\/wp-json\/wp\/v2\/product_brand?post=9732"},{"taxonomy":"product_cat","embeddable":true,"href":"https:\/\/energizer.com\/lat\/argentina\/wp-json\/wp\/v2\/product_cat?post=9732"},{"taxonomy":"product_tag","embeddable":true,"href":"https:\/\/energizer.com\/lat\/argentina\/wp-json\/wp\/v2\/product_tag?post=9732"}],"curies":[{"name":"wp","href":"https:\/\/api.w.org\/{rel}","templated":true}]}}