{"id":5738,"date":"2024-05-23T12:21:40","date_gmt":"2024-05-23T12:21:40","guid":{"rendered":"https:\/\/c487eefeea.nxcli.io\/brazil\/?page_id=5738"},"modified":"2025-10-08T08:51:11","modified_gmt":"2025-10-08T08:51:11","slug":"preparedness","status":"publish","type":"page","link":"https:\/\/energizer.com\/lat\/brasil\/responsibility\/preparedness\/","title":{"rendered":"Preparedness"},"content":{"rendered":"\t\t<div data-elementor-type=\"wp-page\" data-elementor-id=\"5738\" class=\"elementor elementor-5738\" data-elementor-post-type=\"page\">\n\t\t\t\t<div class=\"elementor-element elementor-element-9b5c823 e-flex e-con-boxed e-con e-parent\" data-id=\"9b5c823\" data-element_type=\"container\" data-e-type=\"container\">\n\t\t\t\t\t<div class=\"e-con-inner\">\n\t\t\t\t<div class=\"elementor-element elementor-element-7fe5857 elementor-widget elementor-widget-heading\" data-id=\"7fe5857\" data-element_type=\"widget\" data-e-type=\"widget\" data-widget_type=\"heading.default\">\n\t\t\t\t<div class=\"elementor-widget-container\">\n\t\t\t\t\t<h1 class=\"elementor-heading-title elementor-size-default\">Prepara\u00e7\u00e3o<\/h1>\t\t\t\t<\/div>\n\t\t\t\t<\/div>\n\t\t\t\t<div class=\"elementor-element elementor-element-7d72013 elementor-widget-divider--view-line elementor-widget elementor-widget-divider\" data-id=\"7d72013\" data-element_type=\"widget\" data-e-type=\"widget\" data-widget_type=\"divider.default\">\n\t\t\t\t<div class=\"elementor-widget-container\">\n\t\t\t\t\t\t\t<div class=\"elementor-divider\">\n\t\t\t<span class=\"elementor-divider-separator\">\n\t\t\t\t\t\t<\/span>\n\t\t<\/div>\n\t\t\t\t\t\t<\/div>\n\t\t\t\t<\/div>\n\t\t\t\t\t<\/div>\n\t\t\t\t<\/div>\n\t\t<div class=\"elementor-element elementor-element-071971a e-flex e-con-boxed e-con e-parent\" data-id=\"071971a\" data-element_type=\"container\" data-e-type=\"container\">\n\t\t\t\t\t<div class=\"e-con-inner\">\n\t\t<div class=\"elementor-element elementor-element-679043e e-con-full e-flex e-con e-child\" data-id=\"679043e\" data-element_type=\"container\" data-e-type=\"container\">\n\t\t\t\t<div class=\"elementor-element elementor-element-58974ed elementor-widget elementor-widget-text-editor\" data-id=\"58974ed\" data-element_type=\"widget\" data-e-type=\"widget\" data-widget_type=\"text-editor.default\">\n\t\t\t\t<div class=\"elementor-widget-container\">\n\t\t\t\t\t\t\t\t\t<p>Esteja preparado para enfrentar qualquer tempestade com a ajuda da Energizer\u00ae. Com as pilhas de longa dura\u00e7\u00e3o Energizer\u00ae MAX\u00ae e Energizer\u00ae Ultimate Lithium\u2122, voc\u00ea tem tudo o que precisa para manter sua casa iluminada e segura. Seja por algumas horas ou por v\u00e1rios dias, a Energizer garante que voc\u00ea e sua fam\u00edlia nunca fiquem no escuro.<\/p>\t\t\t\t\t\t\t\t<\/div>\n\t\t\t\t<\/div>\n\t\t\t\t<div class=\"elementor-element elementor-element-281cf8b elementor-widget elementor-widget-text-editor\" data-id=\"281cf8b\" data-element_type=\"widget\" data-e-type=\"widget\" data-widget_type=\"text-editor.default\">\n\t\t\t\t<div class=\"elementor-widget-container\">\n\t\t\t\t\t\t\t\t\t<p>Para preparar melhor sua casa, siga estes quatro passos simples:<\/p>\t\t\t\t\t\t\t\t<\/div>\n\t\t\t\t<\/div>\n\t\t\t\t<\/div>\n\t\t<div class=\"elementor-element elementor-element-4aab1ee e-con-full e-flex e-con e-child\" data-id=\"4aab1ee\" data-element_type=\"container\" data-e-type=\"container\">\n\t\t<div class=\"elementor-element elementor-element-306f1b3 e-con-full e-flex e-con e-child\" data-id=\"306f1b3\" data-element_type=\"container\" data-e-type=\"container\" data-settings=\"{&quot;background_background&quot;:&quot;classic&quot;}\">\n\t\t\t\t<div class=\"elementor-element elementor-element-ecc5725 elementor-widget elementor-widget-image\" data-id=\"ecc5725\" data-element_type=\"widget\" data-e-type=\"widget\" data-widget_type=\"image.default\">\n\t\t\t\t<div class=\"elementor-widget-container\">\n\t\t\t\t\t\t\t\t\t\t\t\t\t\t\t<img fetchpriority=\"high\" decoding=\"async\" width=\"640\" height=\"477\" src=\"https:\/\/energizer.com\/lat\/brasil\/wp-content\/uploads\/sites\/16\/2025\/10\/1_HAVE-A-PLAN-1024x763.png\" class=\"attachment-large size-large wp-image-10947\" alt=\"\" srcset=\"https:\/\/energizer.com\/lat\/brasil\/wp-content\/uploads\/sites\/16\/2025\/10\/1_HAVE-A-PLAN-1024x763.png 1024w, https:\/\/energizer.com\/lat\/brasil\/wp-content\/uploads\/sites\/16\/2025\/10\/1_HAVE-A-PLAN-300x224.png 300w, https:\/\/energizer.com\/lat\/brasil\/wp-content\/uploads\/sites\/16\/2025\/10\/1_HAVE-A-PLAN-768x572.png 768w, https:\/\/energizer.com\/lat\/brasil\/wp-content\/uploads\/sites\/16\/2025\/10\/1_HAVE-A-PLAN-1536x1145.png 1536w, https:\/\/energizer.com\/lat\/brasil\/wp-content\/uploads\/sites\/16\/2025\/10\/1_HAVE-A-PLAN-600x447.png 600w, https:\/\/energizer.com\/lat\/brasil\/wp-content\/uploads\/sites\/16\/2025\/10\/1_HAVE-A-PLAN.png 1563w\" sizes=\"(max-width: 640px) 100vw, 640px\" \/>\t\t\t\t\t\t\t\t\t\t\t\t\t\t\t<\/div>\n\t\t\t\t<\/div>\n\t\t\t\t<\/div>\n\t\t<div class=\"elementor-element elementor-element-4cb33a4 e-con-full e-flex e-con e-child\" data-id=\"4cb33a4\" data-element_type=\"container\" data-e-type=\"container\" data-settings=\"{&quot;background_background&quot;:&quot;classic&quot;}\">\n\t\t\t\t<div class=\"elementor-element elementor-element-a79497b elementor-widget elementor-widget-image\" data-id=\"a79497b\" data-element_type=\"widget\" data-e-type=\"widget\" data-widget_type=\"image.default\">\n\t\t\t\t<div class=\"elementor-widget-container\">\n\t\t\t\t\t\t\t\t\t\t\t\t\t\t\t<img decoding=\"async\" width=\"640\" height=\"477\" src=\"https:\/\/energizer.com\/lat\/brasil\/wp-content\/uploads\/sites\/16\/2025\/10\/2_EMERGENCY-KIT-1024x763.png\" class=\"attachment-large size-large wp-image-10948\" alt=\"\" srcset=\"https:\/\/energizer.com\/lat\/brasil\/wp-content\/uploads\/sites\/16\/2025\/10\/2_EMERGENCY-KIT-1024x763.png 1024w, https:\/\/energizer.com\/lat\/brasil\/wp-content\/uploads\/sites\/16\/2025\/10\/2_EMERGENCY-KIT-300x224.png 300w, https:\/\/energizer.com\/lat\/brasil\/wp-content\/uploads\/sites\/16\/2025\/10\/2_EMERGENCY-KIT-768x572.png 768w, https:\/\/energizer.com\/lat\/brasil\/wp-content\/uploads\/sites\/16\/2025\/10\/2_EMERGENCY-KIT-1536x1145.png 1536w, https:\/\/energizer.com\/lat\/brasil\/wp-content\/uploads\/sites\/16\/2025\/10\/2_EMERGENCY-KIT-600x447.png 600w, https:\/\/energizer.com\/lat\/brasil\/wp-content\/uploads\/sites\/16\/2025\/10\/2_EMERGENCY-KIT.png 1563w\" sizes=\"(max-width: 640px) 100vw, 640px\" \/>\t\t\t\t\t\t\t\t\t\t\t\t\t\t\t<\/div>\n\t\t\t\t<\/div>\n\t\t\t\t<\/div>\n\t\t<div class=\"elementor-element elementor-element-45e3d63 e-con-full e-flex e-con e-child\" data-id=\"45e3d63\" data-element_type=\"container\" data-e-type=\"container\" data-settings=\"{&quot;background_background&quot;:&quot;classic&quot;}\">\n\t\t\t\t<div class=\"elementor-element elementor-element-2a5f8c0 elementor-widget elementor-widget-image\" data-id=\"2a5f8c0\" data-element_type=\"widget\" data-e-type=\"widget\" data-widget_type=\"image.default\">\n\t\t\t\t<div class=\"elementor-widget-container\">\n\t\t\t\t\t\t\t\t\t\t\t\t\t\t\t<img decoding=\"async\" width=\"640\" height=\"477\" src=\"https:\/\/energizer.com\/lat\/brasil\/wp-content\/uploads\/sites\/16\/2025\/10\/3_SOCIAL-MEDIA-1024x763.png\" class=\"attachment-large size-large wp-image-10944\" alt=\"\" srcset=\"https:\/\/energizer.com\/lat\/brasil\/wp-content\/uploads\/sites\/16\/2025\/10\/3_SOCIAL-MEDIA-1024x763.png 1024w, https:\/\/energizer.com\/lat\/brasil\/wp-content\/uploads\/sites\/16\/2025\/10\/3_SOCIAL-MEDIA-300x224.png 300w, https:\/\/energizer.com\/lat\/brasil\/wp-content\/uploads\/sites\/16\/2025\/10\/3_SOCIAL-MEDIA-768x572.png 768w, https:\/\/energizer.com\/lat\/brasil\/wp-content\/uploads\/sites\/16\/2025\/10\/3_SOCIAL-MEDIA-1536x1145.png 1536w, https:\/\/energizer.com\/lat\/brasil\/wp-content\/uploads\/sites\/16\/2025\/10\/3_SOCIAL-MEDIA-600x447.png 600w, https:\/\/energizer.com\/lat\/brasil\/wp-content\/uploads\/sites\/16\/2025\/10\/3_SOCIAL-MEDIA.png 1563w\" sizes=\"(max-width: 640px) 100vw, 640px\" \/>\t\t\t\t\t\t\t\t\t\t\t\t\t\t\t<\/div>\n\t\t\t\t<\/div>\n\t\t\t\t<\/div>\n\t\t<div class=\"elementor-element elementor-element-d80e744 e-con-full e-flex e-con e-child\" data-id=\"d80e744\" data-element_type=\"container\" data-e-type=\"container\" data-settings=\"{&quot;background_background&quot;:&quot;classic&quot;}\">\n\t\t\t\t<div class=\"elementor-element elementor-element-55fa91a elementor-widget elementor-widget-image\" data-id=\"55fa91a\" data-element_type=\"widget\" data-e-type=\"widget\" data-widget_type=\"image.default\">\n\t\t\t\t<div class=\"elementor-widget-container\">\n\t\t\t\t\t\t\t\t\t\t\t\t\t\t\t<img loading=\"lazy\" decoding=\"async\" width=\"640\" height=\"477\" src=\"https:\/\/energizer.com\/lat\/brasil\/wp-content\/uploads\/sites\/16\/2025\/10\/4_VEHICLE-SAFETY-1024x763.png\" class=\"attachment-large size-large wp-image-10945\" alt=\"\" srcset=\"https:\/\/energizer.com\/lat\/brasil\/wp-content\/uploads\/sites\/16\/2025\/10\/4_VEHICLE-SAFETY-1024x763.png 1024w, https:\/\/energizer.com\/lat\/brasil\/wp-content\/uploads\/sites\/16\/2025\/10\/4_VEHICLE-SAFETY-300x224.png 300w, https:\/\/energizer.com\/lat\/brasil\/wp-content\/uploads\/sites\/16\/2025\/10\/4_VEHICLE-SAFETY-768x572.png 768w, https:\/\/energizer.com\/lat\/brasil\/wp-content\/uploads\/sites\/16\/2025\/10\/4_VEHICLE-SAFETY-1536x1145.png 1536w, https:\/\/energizer.com\/lat\/brasil\/wp-content\/uploads\/sites\/16\/2025\/10\/4_VEHICLE-SAFETY-600x447.png 600w, https:\/\/energizer.com\/lat\/brasil\/wp-content\/uploads\/sites\/16\/2025\/10\/4_VEHICLE-SAFETY.png 1563w\" sizes=\"(max-width: 640px) 100vw, 640px\" \/>\t\t\t\t\t\t\t\t\t\t\t\t\t\t\t<\/div>\n\t\t\t\t<\/div>\n\t\t\t\t<\/div>\n\t\t\t\t<\/div>\n\t\t\t\t\t<\/div>\n\t\t\t\t<\/div>\n\t\t\t\t<\/div>\n\t\t","protected":false},"excerpt":{"rendered":"<p>Prepara\u00e7\u00e3o Esteja preparado para enfrentar qualquer tempestade com a ajuda da Energizer\u00ae. Com as pilhas de longa dura\u00e7\u00e3o Energizer\u00ae MAX\u00ae e Energizer\u00ae Ultimate Lithium\u2122, voc\u00ea tem tudo o que precisa para manter sua casa iluminada e segura. Seja por algumas horas ou por v\u00e1rios dias, a Energizer garante que voc\u00ea e sua fam\u00edlia nunca fiquem [&hellip;]<\/p>\n","protected":false},"author":2,"featured_media":0,"parent":4680,"menu_order":0,"comment_status":"closed","ping_status":"closed","template":"elementor_header_footer","meta":{"_acf_changed":false,"footnotes":""},"class_list":["post-5738","page","type-page","status-publish","hentry"],"acf":[],"_links":{"self":[{"href":"https:\/\/energizer.com\/lat\/brasil\/wp-json\/wp\/v2\/pages\/5738","targetHints":{"allow":["GET"]}}],"collection":[{"href":"https:\/\/energizer.com\/lat\/brasil\/wp-json\/wp\/v2\/pages"}],"about":[{"href":"https:\/\/energizer.com\/lat\/brasil\/wp-json\/wp\/v2\/types\/page"}],"author":[{"embeddable":true,"href":"https:\/\/energizer.com\/lat\/brasil\/wp-json\/wp\/v2\/users\/2"}],"replies":[{"embeddable":true,"href":"https:\/\/energizer.com\/lat\/brasil\/wp-json\/wp\/v2\/comments?post=5738"}],"version-history":[{"count":64,"href":"https:\/\/energizer.com\/lat\/brasil\/wp-json\/wp\/v2\/pages\/5738\/revisions"}],"predecessor-version":[{"id":10962,"href":"https:\/\/energizer.com\/lat\/brasil\/wp-json\/wp\/v2\/pages\/5738\/revisions\/10962"}],"up":[{"embeddable":true,"href":"https:\/\/energizer.com\/lat\/brasil\/wp-json\/wp\/v2\/pages\/4680"}],"wp:attachment":[{"href":"https:\/\/energizer.com\/lat\/brasil\/wp-json\/wp\/v2\/media?parent=5738"}],"curies":[{"name":"wp","href":"https:\/\/api.w.org\/{rel}","templated":true}]}}