{"id":5741,"date":"2024-05-23T12:22:04","date_gmt":"2024-05-23T12:22:04","guid":{"rendered":"https:\/\/c487eefeea.nxcli.io\/brazil\/?page_id=5741"},"modified":"2025-10-07T06:49:43","modified_gmt":"2025-10-07T06:49:43","slug":"top-5-ways-to-prepare-for-a-power-outage","status":"publish","type":"page","link":"https:\/\/energizer.com\/lat\/brasil\/responsibility\/top-5-ways-to-prepare-for-a-power-outage\/","title":{"rendered":"Top 5 Ways to Prepare for a Power Outage"},"content":{"rendered":"\t\t<div data-elementor-type=\"wp-page\" data-elementor-id=\"5741\" class=\"elementor elementor-5741\" data-elementor-post-type=\"page\">\n\t\t\t\t<div class=\"elementor-element elementor-element-9b5c823 e-flex e-con-boxed e-con e-parent\" data-id=\"9b5c823\" data-element_type=\"container\" data-e-type=\"container\">\n\t\t\t\t\t<div class=\"e-con-inner\">\n\t\t\t\t<div class=\"elementor-element elementor-element-7fe5857 elementor-widget elementor-widget-heading\" data-id=\"7fe5857\" data-element_type=\"widget\" data-e-type=\"widget\" data-widget_type=\"heading.default\">\n\t\t\t\t<div class=\"elementor-widget-container\">\n\t\t\t\t\t<h1 class=\"elementor-heading-title elementor-size-default\">Os cinco principais erros que as pessoas cometem durante uma falta de energia<\/h1>\t\t\t\t<\/div>\n\t\t\t\t<\/div>\n\t\t\t\t<div class=\"elementor-element elementor-element-7d72013 elementor-widget-divider--view-line elementor-widget elementor-widget-divider\" data-id=\"7d72013\" data-element_type=\"widget\" data-e-type=\"widget\" data-widget_type=\"divider.default\">\n\t\t\t\t<div class=\"elementor-widget-container\">\n\t\t\t\t\t\t\t<div class=\"elementor-divider\">\n\t\t\t<span class=\"elementor-divider-separator\">\n\t\t\t\t\t\t<\/span>\n\t\t<\/div>\n\t\t\t\t\t\t<\/div>\n\t\t\t\t<\/div>\n\t\t\t\t\t<\/div>\n\t\t\t\t<\/div>\n\t\t<div class=\"elementor-element elementor-element-071971a e-flex e-con-boxed e-con e-parent\" data-id=\"071971a\" data-element_type=\"container\" data-e-type=\"container\">\n\t\t\t\t\t<div class=\"e-con-inner\">\n\t\t<div class=\"elementor-element elementor-element-679043e e-con-full e-flex e-con e-child\" data-id=\"679043e\" data-element_type=\"container\" data-e-type=\"container\">\n\t\t\t\t<div class=\"elementor-element elementor-element-a5c88d5 elementor-widget elementor-widget-text-editor\" data-id=\"a5c88d5\" data-element_type=\"widget\" data-e-type=\"widget\" data-widget_type=\"text-editor.default\">\n\t\t\t\t<div class=\"elementor-widget-container\">\n\t\t\t\t\t\t\t\t\t<p>Tempestades, ventos fortes e inunda\u00e7\u00f5es causam cortes de energia. E parece que atualmente est\u00e1 acontencendo mais do que nunca. Esses s\u00e3o alguns dos erros mais comuns que as pessoas cometem antes do in\u00edcio da esta\u00e7\u00e3o, para que voc\u00ea possa evit\u00e1-los facilmente e estar preparado para os desastres:<\/p>\t\t\t\t\t\t\t\t<\/div>\n\t\t\t\t<\/div>\n\t\t\t\t<div class=\"elementor-element elementor-element-7739ae2 elementor-widget__width-inherit elementor-widget elementor-widget-text-editor\" data-id=\"7739ae2\" data-element_type=\"widget\" data-e-type=\"widget\" data-widget_type=\"text-editor.default\">\n\t\t\t\t<div class=\"elementor-widget-container\">\n\t\t\t\t\t\t\t\t\t<h2>1. N\u00e3o armazenar \u00e1gua suficiente<\/h2><p>Pense na quantidade de litros de \u00e1gua que voc\u00ea compraria para se preparar para uma inunda\u00e7\u00e3o. Agora, multiplique esse valor por 4! A \u00e1gua \u00e9 um recurso vital e \u00e9 facilmente subestimado. Embora a severidade das tempestades seja vari\u00e1vel e servi\u00e7os como \u00e1gua e energia el\u00e9trica possam, \u00e0s vezes, ser restabelecidos rapidamente, nunca \u00e9 demais se preparar para grandes interrup\u00e7\u00f5es. Desde necessidades b\u00e1sicas, como beber e cozinhar, at\u00e9 coisas menos \u00f3bvias, como tomar banho e lavar roupas, \u00e9 necess\u00e1rio abastecer um suprimento de \u00e1gua de emerg\u00eancia para se preparar para uma tempestade.<\/p>\t\t\t\t\t\t\t\t<\/div>\n\t\t\t\t<\/div>\n\t\t\t\t<div class=\"elementor-element elementor-element-0363891 elementor-widget__width-inherit elementor-widget elementor-widget-text-editor\" data-id=\"0363891\" data-element_type=\"widget\" data-e-type=\"widget\" data-widget_type=\"text-editor.default\">\n\t\t\t\t<div class=\"elementor-widget-container\">\n\t\t\t\t\t\t\t\t\t<h2>2. Esquecer alimentos de emerg\u00eancia<\/h2><p>Quando ocorre um corte de energia, \u00e9 f\u00e1cil esquecer que sua pizza habitual para micro-ondas requer, bem&#8230;, de um micro-ondas. \u00c9 por isso que \u00e9 importante ter sempre um estoque de alimentos n\u00e3o perec\u00edveis que mantenham voc\u00ea e sua fam\u00edlia bem nutridos. E mesmo que conservar produtos frescos seja um desafio, n\u00e3o significa que voc\u00ea precise abrir m\u00e3o de uma alimenta\u00e7\u00e3o saud\u00e1vel. Experimente variedades org\u00e2nicas de sopas embaladas, carne seca, frutas secas, oleaginosas e sementes.<\/p>\t\t\t\t\t\t\t\t<\/div>\n\t\t\t\t<\/div>\n\t\t\t\t<div class=\"elementor-element elementor-element-b2da0a8 elementor-widget__width-inherit elementor-widget elementor-widget-text-editor\" data-id=\"b2da0a8\" data-element_type=\"widget\" data-e-type=\"widget\" data-widget_type=\"text-editor.default\">\n\t\t\t\t<div class=\"elementor-widget-container\">\n\t\t\t\t\t\t\t\t\t<h2>3. Subestimar a necessidade de luz<\/h2><p>Em momentos inesperados, como quedas de energia ou emerg\u00eancias dom\u00e9sticas, ter uma lanterna \u00e0 m\u00e3o pode ser essencial, mas ela s\u00f3 ser\u00e1 \u00fatil se estiver com pilhas funcionando. Por isso, manter um estoque de pilhas em casa \u00e9 um cuidado simples que pode evitar grandes transtornos.<br \/>Dica: guarde pilhas de diferentes tamanhos em locais estrat\u00e9gicos da casa, como na cozinha, no quarto e na caixa de ferramentas. E lembre-se de verificar a validade regularmente.<\/p>\t\t\t\t\t\t\t\t<\/div>\n\t\t\t\t<\/div>\n\t\t\t\t<div class=\"elementor-element elementor-element-8b9b732 elementor-widget__width-inherit elementor-widget elementor-widget-text-editor\" data-id=\"8b9b732\" data-element_type=\"widget\" data-e-type=\"widget\" data-widget_type=\"text-editor.default\">\n\t\t\t\t<div class=\"elementor-widget-container\">\n\t\t\t\t\t\t\t\t\t<h2>4. N\u00e3o estar devidamente preparado para cortes de energia<\/h2><p>Alguns cortes de energia duram mais do que esperamos, por isso n\u00e3o economize nas pilhas de reserva. Opte por marcas de confian\u00e7a, como as pilhas Energizer\u00ae Ultimate Lithium\u2122, com uma vida \u00fatil de 20 anos*. S\u00e3o resistentes a vazamentos** e funcionam em condi\u00e7\u00f5es de temperaturas extremas, para que voc\u00ea esteja preparado para qualquer situa\u00e7\u00e3o. Compre embalagens de diferentes variedades para garantir que tem pilhas suficientes para todos os seus dispositivos em caso de cortes de energia prolongados.<\/p>\t\t\t\t\t\t\t\t<\/div>\n\t\t\t\t<\/div>\n\t\t\t\t<div class=\"elementor-element elementor-element-7e75c35 elementor-widget__width-inherit elementor-widget elementor-widget-text-editor\" data-id=\"7e75c35\" data-element_type=\"widget\" data-e-type=\"widget\" data-widget_type=\"text-editor.default\">\n\t\t\t\t<div class=\"elementor-widget-container\">\n\t\t\t\t\t\t\t\t\t<h2>5. Subestimar o valor do r\u00e1dio<\/h2><p>Estar preparado para emerg\u00eancias inclui manter-se conectado, mas uma bateria de celular descarregada e um sinal Wi-Fi fraco podem tornar isso um desafio. \u00c9 por isso que \u00e9 sensato ter um r\u00e1dio alimentado a pilhas como uma fonte adicional de informa\u00e7\u00e3o. E, claro, n\u00e3o esquecer de combin\u00e1-lo com pilhas Energizer\u00ae de longa dura\u00e7\u00e3o. Seja em caso de ventos fortes, tempestades ou at\u00e9 mesmo inunda\u00e7\u00f5es, essas recomenda\u00e7\u00f5es sobre o que deve e n\u00e3o deve ser feito \u2014 juntamente com a ajuda dos produtos Energizer\u00ae, confi\u00e1veis, duradouros e inovadores \u2014 garantem que voc\u00ea esteja preparado para qualquer imprevisto metereol\u00f3gico. Mantenha-se seguro, seco e iluminado!<\/p>\t\t\t\t\t\t\t\t<\/div>\n\t\t\t\t<\/div>\n\t\t\t\t<div class=\"elementor-element elementor-element-8273855 elementor-widget__width-inherit elementor-widget elementor-widget-text-editor\" data-id=\"8273855\" data-element_type=\"widget\" data-e-type=\"widget\" data-widget_type=\"text-editor.default\">\n\t\t\t\t<div class=\"elementor-widget-container\">\n\t\t\t\t\t\t\t\t\t<p>*A vida \u00fatil de 20 anos aplica-se apenas \u00e0s pilhas AA e AAA<br \/>**A constru\u00e7\u00e3o resistente a vazamentos aplica-se \u00e0s pilhas AA, AAA e 9V<br \/>Fontes: FEMA, CNN, Cruz Vermelha<\/p>\t\t\t\t\t\t\t\t<\/div>\n\t\t\t\t<\/div>\n\t\t\t\t<\/div>\n\t\t\t\t\t<\/div>\n\t\t\t\t<\/div>\n\t\t\t\t<\/div>\n\t\t","protected":false},"excerpt":{"rendered":"<p>Os cinco principais erros que as pessoas cometem durante uma falta de energia Tempestades, ventos fortes e inunda\u00e7\u00f5es causam cortes de energia. E parece que atualmente est\u00e1 acontencendo mais do que nunca. Esses s\u00e3o alguns dos erros mais comuns que as pessoas cometem antes do in\u00edcio da esta\u00e7\u00e3o, para que voc\u00ea possa evit\u00e1-los facilmente e [&hellip;]<\/p>\n","protected":false},"author":2,"featured_media":0,"parent":4680,"menu_order":0,"comment_status":"closed","ping_status":"closed","template":"elementor_header_footer","meta":{"_acf_changed":false,"footnotes":""},"class_list":["post-5741","page","type-page","status-publish","hentry"],"acf":[],"_links":{"self":[{"href":"https:\/\/energizer.com\/lat\/brasil\/wp-json\/wp\/v2\/pages\/5741","targetHints":{"allow":["GET"]}}],"collection":[{"href":"https:\/\/energizer.com\/lat\/brasil\/wp-json\/wp\/v2\/pages"}],"about":[{"href":"https:\/\/energizer.com\/lat\/brasil\/wp-json\/wp\/v2\/types\/page"}],"author":[{"embeddable":true,"href":"https:\/\/energizer.com\/lat\/brasil\/wp-json\/wp\/v2\/users\/2"}],"replies":[{"embeddable":true,"href":"https:\/\/energizer.com\/lat\/brasil\/wp-json\/wp\/v2\/comments?post=5741"}],"version-history":[{"count":55,"href":"https:\/\/energizer.com\/lat\/brasil\/wp-json\/wp\/v2\/pages\/5741\/revisions"}],"predecessor-version":[{"id":10611,"href":"https:\/\/energizer.com\/lat\/brasil\/wp-json\/wp\/v2\/pages\/5741\/revisions\/10611"}],"up":[{"embeddable":true,"href":"https:\/\/energizer.com\/lat\/brasil\/wp-json\/wp\/v2\/pages\/4680"}],"wp:attachment":[{"href":"https:\/\/energizer.com\/lat\/brasil\/wp-json\/wp\/v2\/media?parent=5741"}],"curies":[{"name":"wp","href":"https:\/\/api.w.org\/{rel}","templated":true}]}}